{"id":9717,"date":"2025-01-03T14:03:28","date_gmt":"2025-01-03T06:03:28","guid":{"rendered":"https:\/\/www.delirollforming.com\/?post_type=product&#038;p=9717"},"modified":"2025-01-03T14:20:21","modified_gmt":"2025-01-03T06:20:21","slug":"freezer-mullion-center-machine","status":"publish","type":"product","link":"https:\/\/www.delirollforming.com\/es\/product\/freezer-mullion-center-machine\/","title":{"rendered":"L\u00ednea de Perfilado de Parteluz Central de Puerta de Congelador Galvanizada Prepintada"},"content":{"rendered":"\n<figure class=\"wp-block-video\"><video height=\"720\" style=\"aspect-ratio: 1280 \/ 720;\" width=\"1280\" controls src=\"https:\/\/www.delirollforming.com\/wp-content\/uploads\/2025\/01\/\u51b0\u7bb1\u6846-\u5bf9\u79f0-720.mp4\"><\/video><\/figure>\n\n\n<h3 style=\"margin-top: 3rem; background-color: #eee; border: 1px #ddd solid; padding: 0.5rem 1rem;\"><strong><span style=\"font-family: arial, helvetica, sans-serif; font-size: 18pt;\">Caracter\u00edsticas<\/span><\/strong><\/h3>\n<p style=\"text-align: justify;\"><span style=\"font-family: arial, helvetica, sans-serif; font-size: 14pt;\">1. Alta Precisi\u00f3n: La l\u00ednea de producci\u00f3n de perfilado est\u00e1 dise\u00f1ada con tecnolog\u00eda avanzada para alta precisi\u00f3n. Puede crear una forma y tama\u00f1o precisos para una calidad consistente, lo cual es clave para asegurar un ajuste perfecto para los marcos de los refrigeradores. <\/span><\/p>\n<p style=\"text-align: justify;\"><span style=\"font-family: arial, helvetica, sans-serif; font-size: 14pt;\">2. Producci\u00f3n Eficiente: La m\u00e1quina es altamente eficiente, lo que permite una producci\u00f3n sin problemas y un tiempo de respuesta r\u00e1pido. Esto significa que los fabricantes pueden seguir el ritmo de la alta demanda manteniendo la calidad. <\/span><\/p>\n<p style=\"text-align: justify;\"><span style=\"font-family: arial, helvetica, sans-serif; font-size: 14pt;\">3. F\u00e1cil de manejar: La m\u00e1quina est\u00e1 dise\u00f1ada para ser f\u00e1cil de usar y de manejar, lo que permite mejorar la productividad y reducir los errores del operario. Traducci\u00f3n realizada con la versi\u00f3n gratuita del traductor DeepL.com<\/span><\/p>\n<h3 style=\"margin-top: 3rem; background-color: #eee; border: 1px #ddd solid; padding: 0.5rem 1rem;\"><strong><span style=\"font-size: 18pt;\"><span style=\"font-family: arial, helvetica, sans-serif;\">Proceso De Producci\u00f3n<\/span><\/span><\/strong><\/h3>\n<p><span style=\"color: #000000; font-family: arial, helvetica, sans-serif; font-size: 14pt;\">\u00a0 \u00a0Bobina de material &#8211; Desenrollado &#8211; Nivelado &#8211; Prepunzonado &#8211; Perfilado &#8211; Corte &#8211; Descarga<\/span><\/p>\n<h3 style=\"margin-top: 3rem; background-color: #eee; border: 1px #ddd solid; padding: 0.5rem 1rem;\"><strong><span style=\"font-family: arial, helvetica, sans-serif; font-size: 18pt;\">Product Detail<\/span><\/strong><\/h3>\n\n\n<div class=\"wp-block-columns is-layout-flex wp-container-core-columns-is-layout-9d6595d7 wp-block-columns-is-layout-flex\">\n<div class=\"wp-block-column is-layout-flow wp-block-column-is-layout-flow\">\n<figure class=\"wp-block-image size-full\"><img loading=\"lazy\" decoding=\"async\" width=\"1200\" height=\"675\" src=\"https:\/\/www.delirollforming.com\/wp-content\/uploads\/2025\/01\/\u51b0\u7bb1\u6846-\u5bf9\u79f02.jpg\" alt=\"L\u00ednea de Perfilado de Parteluz Central de Puerta de Congelador Galvanizada Prepintada\" class=\"wp-image-9703\" style=\"object-fit:cover\" srcset=\"https:\/\/www.delirollforming.com\/wp-content\/uploads\/2025\/01\/\u51b0\u7bb1\u6846-\u5bf9\u79f02.jpg 1200w, https:\/\/www.delirollforming.com\/wp-content\/uploads\/2025\/01\/\u51b0\u7bb1\u6846-\u5bf9\u79f02-300x169.jpg 300w, https:\/\/www.delirollforming.com\/wp-content\/uploads\/2025\/01\/\u51b0\u7bb1\u6846-\u5bf9\u79f02-1024x576.jpg 1024w, https:\/\/www.delirollforming.com\/wp-content\/uploads\/2025\/01\/\u51b0\u7bb1\u6846-\u5bf9\u79f02-768x432.jpg 768w\" sizes=\"auto, (max-width: 1200px) 100vw, 1200px\" \/><\/figure>\n<\/div>\n<\/div>\n","protected":false},"excerpt":{"rendered":"<p>Caracter\u00edsticas 1. Alta Precisi\u00f3n: La l\u00ednea de producci\u00f3n de perfilado est\u00e1 dise\u00f1ada con tecnolog\u00eda avanzada para alta precisi\u00f3n. Puede crear una forma y tama\u00f1o precisos para una calidad consistente, lo cual es clave para asegurar un ajuste perfecto para los marcos de los refrigeradores. 2. Producci\u00f3n Eficiente: La m\u00e1quina es altamente eficiente, lo que permite [&hellip;]<\/p>\n","protected":false},"featured_media":9688,"template":"","product-type":[124,102],"class_list":["post-9717","product","type-product","status-publish","has-post-thumbnail","hentry","product-type-locker-cabinet-furniture-es","product-type-constructions-roll-former"],"uagb_featured_image_src":{"full":["https:\/\/www.delirollforming.com\/wp-content\/uploads\/2025\/01\/\u51b0\u7bb1\u6846-\u5bf9\u79f0-\u5c01\u9762.jpg",1200,675,false],"thumbnail":["https:\/\/www.delirollforming.com\/wp-content\/uploads\/2025\/01\/\u51b0\u7bb1\u6846-\u5bf9\u79f0-\u5c01\u9762-150x150.jpg",150,150,true],"medium":["https:\/\/www.delirollforming.com\/wp-content\/uploads\/2025\/01\/\u51b0\u7bb1\u6846-\u5bf9\u79f0-\u5c01\u9762-300x169.jpg",300,169,true],"medium_large":["https:\/\/www.delirollforming.com\/wp-content\/uploads\/2025\/01\/\u51b0\u7bb1\u6846-\u5bf9\u79f0-\u5c01\u9762-768x432.jpg",768,432,true],"large":["https:\/\/www.delirollforming.com\/wp-content\/uploads\/2025\/01\/\u51b0\u7bb1\u6846-\u5bf9\u79f0-\u5c01\u9762-1024x576.jpg",1024,576,true],"1536x1536":["https:\/\/www.delirollforming.com\/wp-content\/uploads\/2025\/01\/\u51b0\u7bb1\u6846-\u5bf9\u79f0-\u5c01\u9762.jpg",1200,675,false],"2048x2048":["https:\/\/www.delirollforming.com\/wp-content\/uploads\/2025\/01\/\u51b0\u7bb1\u6846-\u5bf9\u79f0-\u5c01\u9762.jpg",1200,675,false],"book-image":["https:\/\/www.delirollforming.com\/wp-content\/uploads\/2025\/01\/\u51b0\u7bb1\u6846-\u5bf9\u79f0-\u5c01\u9762-480x640.jpg",480,640,true]},"uagb_author_info":{"display_name":"deli","author_link":"https:\/\/www.delirollforming.com\/es\/author\/"},"uagb_comment_info":0,"uagb_excerpt":"Caracter\u00edsticas 1. Alta Precisi\u00f3n: La l\u00ednea de producci\u00f3n de perfilado est\u00e1 dise\u00f1ada con tecnolog\u00eda avanzada para alta precisi\u00f3n. Puede crear una forma y tama\u00f1o precisos para una calidad consistente, lo cual es clave para asegurar un ajuste perfecto para los marcos de los refrigeradores. 2. Producci\u00f3n Eficiente: La m\u00e1quina es altamente eficiente, lo que permite&hellip;","meta_box":{"photos":[{"width":150,"height":150,"file":"2025\/01\/\u51b0\u7bb1\u6846-\u5bf9\u79f04.jpg","filesize":204001,"sizes":{"medium":{"file":"\u51b0\u7bb1\u6846-\u5bf9\u79f04-300x169.jpg","width":300,"height":169,"mime-type":"image\/jpeg","filesize":9996,"url":"https:\/\/www.delirollforming.com\/wp-content\/uploads\/2025\/01\/\u51b0\u7bb1\u6846-\u5bf9\u79f04-300x169.jpg"},"large":{"file":"\u51b0\u7bb1\u6846-\u5bf9\u79f04-1024x576.jpg","width":1024,"height":576,"mime-type":"image\/jpeg","filesize":58671,"url":"https:\/\/www.delirollforming.com\/wp-content\/uploads\/2025\/01\/\u51b0\u7bb1\u6846-\u5bf9\u79f04-1024x576.jpg"},"thumbnail":{"file":"\u51b0\u7bb1\u6846-\u5bf9\u79f04-150x150.jpg","width":150,"height":150,"mime-type":"image\/jpeg","filesize":6007,"url":"https:\/\/www.delirollforming.com\/wp-content\/uploads\/2025\/01\/\u51b0\u7bb1\u6846-\u5bf9\u79f04-150x150.jpg"},"medium_large":{"file":"\u51b0\u7bb1\u6846-\u5bf9\u79f04-768x432.jpg","width":768,"height":432,"mime-type":"image\/jpeg","filesize":38746,"url":"https:\/\/www.delirollforming.com\/wp-content\/uploads\/2025\/01\/\u51b0\u7bb1\u6846-\u5bf9\u79f04-768x432.jpg"},"book-image":{"file":"\u51b0\u7bb1\u6846-\u5bf9\u79f04-480x640.jpg","width":480,"height":640,"mime-type":"image\/jpeg","filesize":39643,"url":"https:\/\/www.delirollforming.com\/wp-content\/uploads\/2025\/01\/\u51b0\u7bb1\u6846-\u5bf9\u79f04-480x640.jpg"}},"image_meta":{"aperture":"0","credit":"","camera":"","caption":"","created_timestamp":"0","copyright":"","focal_length":"0","iso":"0","shutter_speed":"0","title":"","orientation":"0","keywords":[]},"ID":"9697","name":"\u51b0\u7bb1\u6846-\u5bf9\u79f04.jpg","path":"\/www\/wwwroot\/www.delirollforming.com\/wp-content\/uploads\/2025\/01\/\u51b0\u7bb1\u6846-\u5bf9\u79f04.jpg","url":"https:\/\/www.delirollforming.com\/wp-content\/uploads\/2025\/01\/\u51b0\u7bb1\u6846-\u5bf9\u79f04-150x150.jpg","full_url":"https:\/\/www.delirollforming.com\/wp-content\/uploads\/2025\/01\/\u51b0\u7bb1\u6846-\u5bf9\u79f04.jpg","title":"\u51b0\u7bb1\u6846 \u5bf9\u79f04","caption":"","description":"","alt":"Pre-Painted Galvanized Freezer Door Profile Mullion Center Roll Forming Line Profiling Machine","srcset":false},{"width":150,"height":150,"file":"2025\/01\/\u51b0\u7bb1\u6846-\u5bf9\u79f03.jpg","filesize":157322,"sizes":{"medium":{"file":"\u51b0\u7bb1\u6846-\u5bf9\u79f03-300x169.jpg","width":300,"height":169,"mime-type":"image\/jpeg","filesize":7934,"url":"https:\/\/www.delirollforming.com\/wp-content\/uploads\/2025\/01\/\u51b0\u7bb1\u6846-\u5bf9\u79f03-300x169.jpg"},"large":{"file":"\u51b0\u7bb1\u6846-\u5bf9\u79f03-1024x576.jpg","width":1024,"height":576,"mime-type":"image\/jpeg","filesize":46587,"url":"https:\/\/www.delirollforming.com\/wp-content\/uploads\/2025\/01\/\u51b0\u7bb1\u6846-\u5bf9\u79f03-1024x576.jpg"},"thumbnail":{"file":"\u51b0\u7bb1\u6846-\u5bf9\u79f03-150x150.jpg","width":150,"height":150,"mime-type":"image\/jpeg","filesize":4728,"url":"https:\/\/www.delirollforming.com\/wp-content\/uploads\/2025\/01\/\u51b0\u7bb1\u6846-\u5bf9\u79f03-150x150.jpg"},"medium_large":{"file":"\u51b0\u7bb1\u6846-\u5bf9\u79f03-768x432.jpg","width":768,"height":432,"mime-type":"image\/jpeg","filesize":30592,"url":"https:\/\/www.delirollforming.com\/wp-content\/uploads\/2025\/01\/\u51b0\u7bb1\u6846-\u5bf9\u79f03-768x432.jpg"},"book-image":{"file":"\u51b0\u7bb1\u6846-\u5bf9\u79f03-480x640.jpg","width":480,"height":640,"mime-type":"image\/jpeg","filesize":29242,"url":"https:\/\/www.delirollforming.com\/wp-content\/uploads\/2025\/01\/\u51b0\u7bb1\u6846-\u5bf9\u79f03-480x640.jpg"}},"image_meta":{"aperture":"0","credit":"","camera":"","caption":"","created_timestamp":"0","copyright":"","focal_length":"0","iso":"0","shutter_speed":"0","title":"","orientation":"0","keywords":[]},"ID":"9700","name":"\u51b0\u7bb1\u6846-\u5bf9\u79f03.jpg","path":"\/www\/wwwroot\/www.delirollforming.com\/wp-content\/uploads\/2025\/01\/\u51b0\u7bb1\u6846-\u5bf9\u79f03.jpg","url":"https:\/\/www.delirollforming.com\/wp-content\/uploads\/2025\/01\/\u51b0\u7bb1\u6846-\u5bf9\u79f03-150x150.jpg","full_url":"https:\/\/www.delirollforming.com\/wp-content\/uploads\/2025\/01\/\u51b0\u7bb1\u6846-\u5bf9\u79f03.jpg","title":"\u51b0\u7bb1\u6846 \u5bf9\u79f03","caption":"","description":"","alt":"Pre-Painted Galvanized Freezer Door Profile Mullion Center Roll Forming Line Profiling Machine","srcset":false},{"width":150,"height":150,"file":"2025\/01\/\u51b0\u7bb1\u6846-\u5bf9\u79f05.jpg","filesize":305923,"sizes":{"medium":{"file":"\u51b0\u7bb1\u6846-\u5bf9\u79f05-300x169.jpg","width":300,"height":169,"mime-type":"image\/jpeg","filesize":12906,"url":"https:\/\/www.delirollforming.com\/wp-content\/uploads\/2025\/01\/\u51b0\u7bb1\u6846-\u5bf9\u79f05-300x169.jpg"},"large":{"file":"\u51b0\u7bb1\u6846-\u5bf9\u79f05-1024x576.jpg","width":1024,"height":576,"mime-type":"image\/jpeg","filesize":82096,"url":"https:\/\/www.delirollforming.com\/wp-content\/uploads\/2025\/01\/\u51b0\u7bb1\u6846-\u5bf9\u79f05-1024x576.jpg"},"thumbnail":{"file":"\u51b0\u7bb1\u6846-\u5bf9\u79f05-150x150.jpg","width":150,"height":150,"mime-type":"image\/jpeg","filesize":7179,"url":"https:\/\/www.delirollforming.com\/wp-content\/uploads\/2025\/01\/\u51b0\u7bb1\u6846-\u5bf9\u79f05-150x150.jpg"},"medium_large":{"file":"\u51b0\u7bb1\u6846-\u5bf9\u79f05-768x432.jpg","width":768,"height":432,"mime-type":"image\/jpeg","filesize":53219,"url":"https:\/\/www.delirollforming.com\/wp-content\/uploads\/2025\/01\/\u51b0\u7bb1\u6846-\u5bf9\u79f05-768x432.jpg"},"book-image":{"file":"\u51b0\u7bb1\u6846-\u5bf9\u79f05-480x640.jpg","width":480,"height":640,"mime-type":"image\/jpeg","filesize":50872,"url":"https:\/\/www.delirollforming.com\/wp-content\/uploads\/2025\/01\/\u51b0\u7bb1\u6846-\u5bf9\u79f05-480x640.jpg"}},"image_meta":{"aperture":"0","credit":"","camera":"","caption":"","created_timestamp":"0","copyright":"","focal_length":"0","iso":"0","shutter_speed":"0","title":"","orientation":"0","keywords":[]},"ID":"9694","name":"\u51b0\u7bb1\u6846-\u5bf9\u79f05.jpg","path":"\/www\/wwwroot\/www.delirollforming.com\/wp-content\/uploads\/2025\/01\/\u51b0\u7bb1\u6846-\u5bf9\u79f05.jpg","url":"https:\/\/www.delirollforming.com\/wp-content\/uploads\/2025\/01\/\u51b0\u7bb1\u6846-\u5bf9\u79f05-150x150.jpg","full_url":"https:\/\/www.delirollforming.com\/wp-content\/uploads\/2025\/01\/\u51b0\u7bb1\u6846-\u5bf9\u79f05.jpg","title":"\u51b0\u7bb1\u6846 \u5bf9\u79f05","caption":"","description":"","alt":"","srcset":false},{"width":150,"height":150,"file":"2025\/01\/\u51b0\u7bb1\u6846-\u5bf9\u79f06.jpg","filesize":270488,"sizes":{"medium":{"file":"\u51b0\u7bb1\u6846-\u5bf9\u79f06-300x169.jpg","width":300,"height":169,"mime-type":"image\/jpeg","filesize":12142,"url":"https:\/\/www.delirollforming.com\/wp-content\/uploads\/2025\/01\/\u51b0\u7bb1\u6846-\u5bf9\u79f06-300x169.jpg"},"large":{"file":"\u51b0\u7bb1\u6846-\u5bf9\u79f06-1024x576.jpg","width":1024,"height":576,"mime-type":"image\/jpeg","filesize":71336,"url":"https:\/\/www.delirollforming.com\/wp-content\/uploads\/2025\/01\/\u51b0\u7bb1\u6846-\u5bf9\u79f06-1024x576.jpg"},"thumbnail":{"file":"\u51b0\u7bb1\u6846-\u5bf9\u79f06-150x150.jpg","width":150,"height":150,"mime-type":"image\/jpeg","filesize":6304,"url":"https:\/\/www.delirollforming.com\/wp-content\/uploads\/2025\/01\/\u51b0\u7bb1\u6846-\u5bf9\u79f06-150x150.jpg"},"medium_large":{"file":"\u51b0\u7bb1\u6846-\u5bf9\u79f06-768x432.jpg","width":768,"height":432,"mime-type":"image\/jpeg","filesize":46885,"url":"https:\/\/www.delirollforming.com\/wp-content\/uploads\/2025\/01\/\u51b0\u7bb1\u6846-\u5bf9\u79f06-768x432.jpg"},"book-image":{"file":"\u51b0\u7bb1\u6846-\u5bf9\u79f06-480x640.jpg","width":480,"height":640,"mime-type":"image\/jpeg","filesize":37964,"url":"https:\/\/www.delirollforming.com\/wp-content\/uploads\/2025\/01\/\u51b0\u7bb1\u6846-\u5bf9\u79f06-480x640.jpg"}},"image_meta":{"aperture":"0","credit":"","camera":"","caption":"","created_timestamp":"0","copyright":"","focal_length":"0","iso":"0","shutter_speed":"0","title":"","orientation":"0","keywords":[]},"ID":"9691","name":"\u51b0\u7bb1\u6846-\u5bf9\u79f06.jpg","path":"\/www\/wwwroot\/www.delirollforming.com\/wp-content\/uploads\/2025\/01\/\u51b0\u7bb1\u6846-\u5bf9\u79f06.jpg","url":"https:\/\/www.delirollforming.com\/wp-content\/uploads\/2025\/01\/\u51b0\u7bb1\u6846-\u5bf9\u79f06-150x150.jpg","full_url":"https:\/\/www.delirollforming.com\/wp-content\/uploads\/2025\/01\/\u51b0\u7bb1\u6846-\u5bf9\u79f06.jpg","title":"\u51b0\u7bb1\u6846 \u5bf9\u79f06","caption":"","description":"","alt":"Pre-Painted Galvanized Freezer Door Profile Mullion Center Roll Forming Line Profiling Machine","srcset":false},{"width":150,"height":150,"file":"2025\/01\/\u51b0\u7bb1\u6846-\u5bf9\u79f01.jpg","filesize":268226,"sizes":{"medium":{"file":"\u51b0\u7bb1\u6846-\u5bf9\u79f01-300x169.jpg","width":300,"height":169,"mime-type":"image\/jpeg","filesize":10784,"url":"https:\/\/www.delirollforming.com\/wp-content\/uploads\/2025\/01\/\u51b0\u7bb1\u6846-\u5bf9\u79f01-300x169.jpg"},"large":{"file":"\u51b0\u7bb1\u6846-\u5bf9\u79f01-1024x576.jpg","width":1024,"height":576,"mime-type":"image\/jpeg","filesize":68212,"url":"https:\/\/www.delirollforming.com\/wp-content\/uploads\/2025\/01\/\u51b0\u7bb1\u6846-\u5bf9\u79f01-1024x576.jpg"},"thumbnail":{"file":"\u51b0\u7bb1\u6846-\u5bf9\u79f01-150x150.jpg","width":150,"height":150,"mime-type":"image\/jpeg","filesize":5560,"url":"https:\/\/www.delirollforming.com\/wp-content\/uploads\/2025\/01\/\u51b0\u7bb1\u6846-\u5bf9\u79f01-150x150.jpg"},"medium_large":{"file":"\u51b0\u7bb1\u6846-\u5bf9\u79f01-768x432.jpg","width":768,"height":432,"mime-type":"image\/jpeg","filesize":43835,"url":"https:\/\/www.delirollforming.com\/wp-content\/uploads\/2025\/01\/\u51b0\u7bb1\u6846-\u5bf9\u79f01-768x432.jpg"},"book-image":{"file":"\u51b0\u7bb1\u6846-\u5bf9\u79f01-480x640.jpg","width":480,"height":640,"mime-type":"image\/jpeg","filesize":37503,"url":"https:\/\/www.delirollforming.com\/wp-content\/uploads\/2025\/01\/\u51b0\u7bb1\u6846-\u5bf9\u79f01-480x640.jpg"}},"image_meta":{"aperture":"0","credit":"","camera":"","caption":"","created_timestamp":"0","copyright":"","focal_length":"0","iso":"0","shutter_speed":"0","title":"","orientation":"0","keywords":[]},"ID":"9685","name":"\u51b0\u7bb1\u6846-\u5bf9\u79f01.jpg","path":"\/www\/wwwroot\/www.delirollforming.com\/wp-content\/uploads\/2025\/01\/\u51b0\u7bb1\u6846-\u5bf9\u79f01.jpg","url":"https:\/\/www.delirollforming.com\/wp-content\/uploads\/2025\/01\/\u51b0\u7bb1\u6846-\u5bf9\u79f01-150x150.jpg","full_url":"https:\/\/www.delirollforming.com\/wp-content\/uploads\/2025\/01\/\u51b0\u7bb1\u6846-\u5bf9\u79f01.jpg","title":"\u51b0\u7bb1\u6846 \u5bf9\u79f01","caption":"","description":"","alt":"Pre-Painted Galvanized Freezer Door Profile Mullion Center Roll Forming Line Profiling Machine","srcset":false}],"parameters":[{"propertyName":"Material","propertyValue":"Acero PPGI"},{"propertyName":"Profile Size","propertyValue":"59*18mm (Customizable)"},{"propertyName":"Material Thickness","propertyValue":"0.8mm"},{"propertyName":"Profile Accuracy","propertyValue":"\u00b10.3mm"},{"propertyName":"Forming Rollers","propertyValue":"40"},{"propertyName":"Width Adjustable","propertyValue":"No"},{"propertyName":"Running Speed","propertyValue":"6-8m\/min"},{"propertyName":"Height Adjustable","propertyValue":"No"}],"background":{"width":150,"height":150,"file":"2023\/04\/6978355.png","filesize":1643212,"sizes":{"medium":{"file":"6978355-300x156.png","width":300,"height":156,"mime-type":"image\/png","filesize":112561,"url":"https:\/\/www.delirollforming.com\/wp-content\/uploads\/2023\/04\/6978355-300x156.png"},"large":{"file":"6978355-1024x533.png","width":1024,"height":533,"mime-type":"image\/png","filesize":1259588,"url":"https:\/\/www.delirollforming.com\/wp-content\/uploads\/2023\/04\/6978355-1024x533.png"},"thumbnail":{"file":"6978355-150x150.png","width":150,"height":150,"mime-type":"image\/png","filesize":55589,"url":"https:\/\/www.delirollforming.com\/wp-content\/uploads\/2023\/04\/6978355-150x150.png"},"medium_large":{"file":"6978355-768x400.png","width":768,"height":400,"mime-type":"image\/png","filesize":723593,"url":"https:\/\/www.delirollforming.com\/wp-content\/uploads\/2023\/04\/6978355-768x400.png"},"1536x1536":{"file":"6978355-1536x800.png","width":1536,"height":800,"mime-type":"image\/png","filesize":2601526,"url":"https:\/\/www.delirollforming.com\/wp-content\/uploads\/2023\/04\/6978355-1536x800.png"},"book-image":{"file":"6978355-480x640.png","width":480,"height":640,"mime-type":"image\/png","filesize":725056,"url":"https:\/\/www.delirollforming.com\/wp-content\/uploads\/2023\/04\/6978355-480x640.png"}},"image_meta":{"aperture":"0","credit":"","camera":"","caption":"","created_timestamp":"0","copyright":"","focal_length":"0","iso":"0","shutter_speed":"0","title":"","orientation":"0","keywords":[]},"ID":"2605","name":"6978355.png","path":"\/www\/wwwroot\/www.delirollforming.com\/wp-content\/uploads\/2023\/04\/6978355.png","url":"https:\/\/www.delirollforming.com\/wp-content\/uploads\/2023\/04\/6978355-150x150.png","full_url":"https:\/\/www.delirollforming.com\/wp-content\/uploads\/2023\/04\/6978355.png","title":"6978355","caption":"","description":"","alt":"","srcset":false},"showInHome":"0"},"_links":{"self":[{"href":"https:\/\/www.delirollforming.com\/es\/wp-json\/wp\/v2\/product\/9717","targetHints":{"allow":["GET"]}}],"collection":[{"href":"https:\/\/www.delirollforming.com\/es\/wp-json\/wp\/v2\/product"}],"about":[{"href":"https:\/\/www.delirollforming.com\/es\/wp-json\/wp\/v2\/types\/product"}],"wp:featuredmedia":[{"embeddable":true,"href":"https:\/\/www.delirollforming.com\/es\/wp-json\/wp\/v2\/media\/9688"}],"wp:attachment":[{"href":"https:\/\/www.delirollforming.com\/es\/wp-json\/wp\/v2\/media?parent=9717"}],"wp:term":[{"taxonomy":"product-type","embeddable":true,"href":"https:\/\/www.delirollforming.com\/es\/wp-json\/wp\/v2\/product-type?post=9717"}],"curies":[{"name":"wp","href":"https:\/\/api.w.org\/{rel}","templated":true}]}}