{"id":9641,"date":"2024-11-22T10:53:02","date_gmt":"2024-11-22T02:53:02","guid":{"rendered":"https:\/\/www.delirollforming.com\/?post_type=product&#038;p=9641"},"modified":"2024-11-22T11:50:38","modified_gmt":"2024-11-22T03:50:38","slug":"shelf-side-panel-forming-line","status":"publish","type":"product","link":"https:\/\/www.delirollforming.com\/es\/product\/shelf-side-panel-forming-line\/","title":{"rendered":"L\u00ednea de perfilado de paneles laterales de estanter\u00edas de almacenamiento Soldadura a tope en l\u00ednea"},"content":{"rendered":"\n<figure class=\"wp-block-video\"><video height=\"720\" style=\"aspect-ratio: 1280 \/ 720;\" width=\"1280\" controls src=\"https:\/\/www.delirollforming.com\/wp-content\/uploads\/2024\/11\/\u8d27\u67b6\u4fa7\u677f-\u6a2a-\u7f51\u7ad9.mp4\"><\/video><\/figure>\n\n\n<h3 style=\"margin-top: 3rem; background-color: #eee; border: 1px #ddd solid; padding: 0.5rem 1rem;\"><span style=\"font-family: arial, helvetica, sans-serif; font-size: 18pt;\">Caracter\u00edsticas<\/span><\/h3>\n<p style=\"text-align: justify;\"><span style=\"font-family: arial, helvetica, sans-serif; font-size: 14pt;\">1. Alta eficiencia: Con la soldadura a tope en l\u00ednea, el proceso de soldadura se integra con el proceso de conformado, lo que reduce el tiempo de procesamiento y mejora enormemente la eficiencia. <\/span><\/p>\n<p style=\"text-align: justify;\"><span style=\"font-family: arial, helvetica, sans-serif; font-size: 14pt;\">2. Alta precisi\u00f3n: La l\u00ednea de producci\u00f3n utiliza una t\u00e9cnica precisa de perfilado para garantizar la producci\u00f3n precisa y consistente de productos de alta precisi\u00f3n. <\/span><\/p>\n<p style=\"text-align: justify;\"><span style=\"font-family: arial, helvetica, sans-serif; font-size: 14pt;\">3. F\u00e1cil de usar: La l\u00ednea de producci\u00f3n es f\u00e1cil de operar y mantener, amigable para todos los usuarios incluso sin calificaciones profesionales. <\/span><\/p>\n<p style=\"text-align: justify;\"><span style=\"font-family: arial, helvetica, sans-serif; font-size: 14pt;\">4. Rentable: El uso de tecnolog\u00eda avanzada y procesos de producci\u00f3n eficientes resultan en ahorro de costos, ahorro de energ\u00eda, haciendo de la l\u00ednea de producci\u00f3n una opci\u00f3n econ\u00f3mica para la fabricaci\u00f3n de paneles de estanter\u00eda.<\/span><\/p>\n<h3 style=\"margin-top: 3rem; background-color: #eee; border: 1px #ddd solid; padding: 0.5rem 1rem;\"><span style=\"font-family: arial, helvetica, sans-serif; font-size: 18pt;\">Proceso De Producci\u00f3n<\/span><\/h3>\n<p style=\"text-align: justify;\"><span style=\"color: #000000; font-family: arial, helvetica, sans-serif; font-size: 14pt;\">\u00a0 Desenrollado &#8211; Nivelado &#8211; Pre-Punzonado &#8211; Perfilado &#8211; Soldadura online &#8211; Corte con sierra &#8211; Descargar<\/span><\/p>\n<h3 style=\"margin-top: 3rem; background-color: #eee; border: 1px #ddd solid; padding: 0.5rem 1rem;\"><span style=\"font-family: arial, helvetica, sans-serif; font-size: 18pt;\">Detalle Del Producto<\/span><\/h3>\n\n\n<div class=\"wp-block-columns is-layout-flex wp-container-core-columns-is-layout-9d6595d7 wp-block-columns-is-layout-flex\">\n<div class=\"wp-block-column is-layout-flow wp-block-column-is-layout-flow\">\n<figure class=\"wp-block-image size-full\"><img loading=\"lazy\" decoding=\"async\" width=\"800\" height=\"533\" src=\"https:\/\/www.delirollforming.com\/wp-content\/uploads\/2024\/11\/DSC08517.jpg\" alt=\"L\u00ednea de perfilado de paneles laterales de estanter\u00edas de almacenamiento Soldadura a tope en l\u00ednea\" class=\"wp-image-9618\" srcset=\"https:\/\/www.delirollforming.com\/wp-content\/uploads\/2024\/11\/DSC08517.jpg 800w, https:\/\/www.delirollforming.com\/wp-content\/uploads\/2024\/11\/DSC08517-300x200.jpg 300w, https:\/\/www.delirollforming.com\/wp-content\/uploads\/2024\/11\/DSC08517-768x512.jpg 768w\" sizes=\"auto, (max-width: 800px) 100vw, 800px\" \/><\/figure>\n<\/div>\n<\/div>\n","protected":false},"excerpt":{"rendered":"<p>Caracter\u00edsticas 1. Alta eficiencia: Con la soldadura a tope en l\u00ednea, el proceso de soldadura se integra con el proceso de conformado, lo que reduce el tiempo de procesamiento y mejora enormemente la eficiencia. 2. Alta precisi\u00f3n: La l\u00ednea de producci\u00f3n utiliza una t\u00e9cnica precisa de perfilado para garantizar la producci\u00f3n precisa y consistente de [&hellip;]<\/p>\n","protected":false},"featured_media":9615,"template":"","product-type":[121,100],"class_list":["post-9641","product","type-product","status-publish","has-post-thumbnail","hentry","product-type-estanterias-y-anaqueles","product-type-racking-shelving-roll-former"],"uagb_featured_image_src":{"full":["https:\/\/www.delirollforming.com\/wp-content\/uploads\/2024\/11\/\u8d27\u67b6\u4fa7\u677f-\u5c01\u976201.jpg",800,450,false],"thumbnail":["https:\/\/www.delirollforming.com\/wp-content\/uploads\/2024\/11\/\u8d27\u67b6\u4fa7\u677f-\u5c01\u976201-150x150.jpg",150,150,true],"medium":["https:\/\/www.delirollforming.com\/wp-content\/uploads\/2024\/11\/\u8d27\u67b6\u4fa7\u677f-\u5c01\u976201-300x169.jpg",300,169,true],"medium_large":["https:\/\/www.delirollforming.com\/wp-content\/uploads\/2024\/11\/\u8d27\u67b6\u4fa7\u677f-\u5c01\u976201-768x432.jpg",768,432,true],"large":["https:\/\/www.delirollforming.com\/wp-content\/uploads\/2024\/11\/\u8d27\u67b6\u4fa7\u677f-\u5c01\u976201.jpg",800,450,false],"1536x1536":["https:\/\/www.delirollforming.com\/wp-content\/uploads\/2024\/11\/\u8d27\u67b6\u4fa7\u677f-\u5c01\u976201.jpg",800,450,false],"2048x2048":["https:\/\/www.delirollforming.com\/wp-content\/uploads\/2024\/11\/\u8d27\u67b6\u4fa7\u677f-\u5c01\u976201.jpg",800,450,false],"book-image":["https:\/\/www.delirollforming.com\/wp-content\/uploads\/2024\/11\/\u8d27\u67b6\u4fa7\u677f-\u5c01\u976201-480x450.jpg",480,450,true]},"uagb_author_info":{"display_name":"deli","author_link":"https:\/\/www.delirollforming.com\/es\/author\/"},"uagb_comment_info":0,"uagb_excerpt":"Caracter\u00edsticas 1. Alta eficiencia: Con la soldadura a tope en l\u00ednea, el proceso de soldadura se integra con el proceso de conformado, lo que reduce el tiempo de procesamiento y mejora enormemente la eficiencia. 2. Alta precisi\u00f3n: La l\u00ednea de producci\u00f3n utiliza una t\u00e9cnica precisa de perfilado para garantizar la producci\u00f3n precisa y consistente de&hellip;","meta_box":{"photos":[{"width":150,"height":150,"file":"2024\/11\/DSC08405.jpg","filesize":130754,"sizes":{"medium":{"file":"DSC08405-300x169.jpg","width":300,"height":169,"mime-type":"image\/jpeg","filesize":9343,"url":"https:\/\/www.delirollforming.com\/wp-content\/uploads\/2024\/11\/DSC08405-300x169.jpg"},"thumbnail":{"file":"DSC08405-150x150.jpg","width":150,"height":150,"mime-type":"image\/jpeg","filesize":4743,"url":"https:\/\/www.delirollforming.com\/wp-content\/uploads\/2024\/11\/DSC08405-150x150.jpg"},"medium_large":{"file":"DSC08405-768x432.jpg","width":768,"height":432,"mime-type":"image\/jpeg","filesize":34691,"url":"https:\/\/www.delirollforming.com\/wp-content\/uploads\/2024\/11\/DSC08405-768x432.jpg"},"book-image":{"file":"DSC08405-480x450.jpg","width":480,"height":450,"mime-type":"image\/jpeg","filesize":22947,"url":"https:\/\/www.delirollforming.com\/wp-content\/uploads\/2024\/11\/DSC08405-480x450.jpg"}},"image_meta":{"aperture":"0","credit":"","camera":"","caption":"","created_timestamp":"0","copyright":"","focal_length":"0","iso":"0","shutter_speed":"0","title":"","orientation":"0","keywords":[]},"ID":"9624","name":"DSC08405.jpg","path":"\/www\/wwwroot\/www.delirollforming.com\/wp-content\/uploads\/2024\/11\/DSC08405.jpg","url":"https:\/\/www.delirollforming.com\/wp-content\/uploads\/2024\/11\/DSC08405-150x150.jpg","full_url":"https:\/\/www.delirollforming.com\/wp-content\/uploads\/2024\/11\/DSC08405.jpg","title":"DSC08405","caption":"","description":"","alt":"","srcset":false},{"width":150,"height":150,"file":"2024\/11\/DSC08344.jpg","filesize":119469,"sizes":{"medium":{"file":"DSC08344-300x169.jpg","width":300,"height":169,"mime-type":"image\/jpeg","filesize":9097,"url":"https:\/\/www.delirollforming.com\/wp-content\/uploads\/2024\/11\/DSC08344-300x169.jpg"},"thumbnail":{"file":"DSC08344-150x150.jpg","width":150,"height":150,"mime-type":"image\/jpeg","filesize":4911,"url":"https:\/\/www.delirollforming.com\/wp-content\/uploads\/2024\/11\/DSC08344-150x150.jpg"},"medium_large":{"file":"DSC08344-768x432.jpg","width":768,"height":432,"mime-type":"image\/jpeg","filesize":36371,"url":"https:\/\/www.delirollforming.com\/wp-content\/uploads\/2024\/11\/DSC08344-768x432.jpg"},"book-image":{"file":"DSC08344-480x450.jpg","width":480,"height":450,"mime-type":"image\/jpeg","filesize":28331,"url":"https:\/\/www.delirollforming.com\/wp-content\/uploads\/2024\/11\/DSC08344-480x450.jpg"}},"image_meta":{"aperture":"0","credit":"","camera":"","caption":"","created_timestamp":"0","copyright":"","focal_length":"0","iso":"0","shutter_speed":"0","title":"","orientation":"0","keywords":[]},"ID":"9633","name":"DSC08344.jpg","path":"\/www\/wwwroot\/www.delirollforming.com\/wp-content\/uploads\/2024\/11\/DSC08344.jpg","url":"https:\/\/www.delirollforming.com\/wp-content\/uploads\/2024\/11\/DSC08344-150x150.jpg","full_url":"https:\/\/www.delirollforming.com\/wp-content\/uploads\/2024\/11\/DSC08344.jpg","title":"DSC08344","caption":"","description":"","alt":"","srcset":false},{"width":150,"height":150,"file":"2024\/11\/DSC08358.jpg","filesize":174511,"sizes":{"medium":{"file":"DSC08358-300x169.jpg","width":300,"height":169,"mime-type":"image\/jpeg","filesize":12415,"url":"https:\/\/www.delirollforming.com\/wp-content\/uploads\/2024\/11\/DSC08358-300x169.jpg"},"thumbnail":{"file":"DSC08358-150x150.jpg","width":150,"height":150,"mime-type":"image\/jpeg","filesize":6584,"url":"https:\/\/www.delirollforming.com\/wp-content\/uploads\/2024\/11\/DSC08358-150x150.jpg"},"medium_large":{"file":"DSC08358-768x432.jpg","width":768,"height":432,"mime-type":"image\/jpeg","filesize":50349,"url":"https:\/\/www.delirollforming.com\/wp-content\/uploads\/2024\/11\/DSC08358-768x432.jpg"},"book-image":{"file":"DSC08358-480x450.jpg","width":480,"height":450,"mime-type":"image\/jpeg","filesize":36881,"url":"https:\/\/www.delirollforming.com\/wp-content\/uploads\/2024\/11\/DSC08358-480x450.jpg"}},"image_meta":{"aperture":"0","credit":"","camera":"","caption":"","created_timestamp":"0","copyright":"","focal_length":"0","iso":"0","shutter_speed":"0","title":"","orientation":"0","keywords":[]},"ID":"9627","name":"DSC08358.jpg","path":"\/www\/wwwroot\/www.delirollforming.com\/wp-content\/uploads\/2024\/11\/DSC08358.jpg","url":"https:\/\/www.delirollforming.com\/wp-content\/uploads\/2024\/11\/DSC08358-150x150.jpg","full_url":"https:\/\/www.delirollforming.com\/wp-content\/uploads\/2024\/11\/DSC08358.jpg","title":"DSC08358","caption":"","description":"","alt":"","srcset":false},{"width":150,"height":150,"file":"2024\/11\/DSC08376.jpg","filesize":177616,"sizes":{"medium":{"file":"DSC08376-300x169.jpg","width":300,"height":169,"mime-type":"image\/jpeg","filesize":12810,"url":"https:\/\/www.delirollforming.com\/wp-content\/uploads\/2024\/11\/DSC08376-300x169.jpg"},"thumbnail":{"file":"DSC08376-150x150.jpg","width":150,"height":150,"mime-type":"image\/jpeg","filesize":7073,"url":"https:\/\/www.delirollforming.com\/wp-content\/uploads\/2024\/11\/DSC08376-150x150.jpg"},"medium_large":{"file":"DSC08376-768x432.jpg","width":768,"height":432,"mime-type":"image\/jpeg","filesize":52100,"url":"https:\/\/www.delirollforming.com\/wp-content\/uploads\/2024\/11\/DSC08376-768x432.jpg"},"book-image":{"file":"DSC08376-480x450.jpg","width":480,"height":450,"mime-type":"image\/jpeg","filesize":40546,"url":"https:\/\/www.delirollforming.com\/wp-content\/uploads\/2024\/11\/DSC08376-480x450.jpg"}},"image_meta":{"aperture":"0","credit":"","camera":"","caption":"","created_timestamp":"0","copyright":"","focal_length":"0","iso":"0","shutter_speed":"0","title":"","orientation":"0","keywords":[]},"ID":"9630","name":"DSC08376.jpg","path":"\/www\/wwwroot\/www.delirollforming.com\/wp-content\/uploads\/2024\/11\/DSC08376.jpg","url":"https:\/\/www.delirollforming.com\/wp-content\/uploads\/2024\/11\/DSC08376-150x150.jpg","full_url":"https:\/\/www.delirollforming.com\/wp-content\/uploads\/2024\/11\/DSC08376.jpg","title":"DSC08376","caption":"","description":"","alt":"","srcset":false},{"width":150,"height":150,"file":"2024\/11\/DSC08349_\u526f\u672c.jpg","filesize":186503,"sizes":{"medium":{"file":"DSC08349_\u526f\u672c-300x168.jpg","width":300,"height":168,"mime-type":"image\/jpeg","filesize":12343,"url":"https:\/\/www.delirollforming.com\/wp-content\/uploads\/2024\/11\/DSC08349_\u526f\u672c-300x168.jpg"},"thumbnail":{"file":"DSC08349_\u526f\u672c-150x150.jpg","width":150,"height":150,"mime-type":"image\/jpeg","filesize":6104,"url":"https:\/\/www.delirollforming.com\/wp-content\/uploads\/2024\/11\/DSC08349_\u526f\u672c-150x150.jpg"},"medium_large":{"file":"DSC08349_\u526f\u672c-768x431.jpg","width":768,"height":431,"mime-type":"image\/jpeg","filesize":52861,"url":"https:\/\/www.delirollforming.com\/wp-content\/uploads\/2024\/11\/DSC08349_\u526f\u672c-768x431.jpg"},"book-image":{"file":"DSC08349_\u526f\u672c-480x449.jpg","width":480,"height":449,"mime-type":"image\/jpeg","filesize":37985,"url":"https:\/\/www.delirollforming.com\/wp-content\/uploads\/2024\/11\/DSC08349_\u526f\u672c-480x449.jpg"}},"image_meta":{"aperture":"0","credit":"","camera":"","caption":"","created_timestamp":"0","copyright":"","focal_length":"0","iso":"0","shutter_speed":"0","title":"","orientation":"0","keywords":[]},"ID":"9621","name":"DSC08349_\u526f\u672c.jpg","path":"\/www\/wwwroot\/www.delirollforming.com\/wp-content\/uploads\/2024\/11\/DSC08349_\u526f\u672c.jpg","url":"https:\/\/www.delirollforming.com\/wp-content\/uploads\/2024\/11\/DSC08349_\u526f\u672c-150x150.jpg","full_url":"https:\/\/www.delirollforming.com\/wp-content\/uploads\/2024\/11\/DSC08349_\u526f\u672c.jpg","title":"DSC08349_\u526f\u672c","caption":"","description":"","alt":"","srcset":false}],"parameters":[{"propertyName":"Material","propertyValue":"Acero CR"},{"propertyName":"Profile Size","propertyValue":"323*44.5mm (Personalizable)"},{"propertyName":"Material Thickness","propertyValue":"0.9mm"},{"propertyName":"Profile Accuracy","propertyValue":"\u00b10.3mm"},{"propertyName":"Forming Rollers","propertyValue":"40"},{"propertyName":"Width Adjustable","propertyValue":"Sin"},{"propertyName":"Running Speed","propertyValue":"6-8m\/min"},{"propertyName":"Height Adjustable","propertyValue":"Sin"}],"background":{"width":150,"height":150,"file":"2023\/04\/6978355.png","filesize":1643212,"sizes":{"medium":{"file":"6978355-300x156.png","width":300,"height":156,"mime-type":"image\/png","filesize":112561,"url":"https:\/\/www.delirollforming.com\/wp-content\/uploads\/2023\/04\/6978355-300x156.png"},"large":{"file":"6978355-1024x533.png","width":1024,"height":533,"mime-type":"image\/png","filesize":1259588,"url":"https:\/\/www.delirollforming.com\/wp-content\/uploads\/2023\/04\/6978355-1024x533.png"},"thumbnail":{"file":"6978355-150x150.png","width":150,"height":150,"mime-type":"image\/png","filesize":55589,"url":"https:\/\/www.delirollforming.com\/wp-content\/uploads\/2023\/04\/6978355-150x150.png"},"medium_large":{"file":"6978355-768x400.png","width":768,"height":400,"mime-type":"image\/png","filesize":723593,"url":"https:\/\/www.delirollforming.com\/wp-content\/uploads\/2023\/04\/6978355-768x400.png"},"1536x1536":{"file":"6978355-1536x800.png","width":1536,"height":800,"mime-type":"image\/png","filesize":2601526,"url":"https:\/\/www.delirollforming.com\/wp-content\/uploads\/2023\/04\/6978355-1536x800.png"},"book-image":{"file":"6978355-480x640.png","width":480,"height":640,"mime-type":"image\/png","filesize":725056,"url":"https:\/\/www.delirollforming.com\/wp-content\/uploads\/2023\/04\/6978355-480x640.png"}},"image_meta":{"aperture":"0","credit":"","camera":"","caption":"","created_timestamp":"0","copyright":"","focal_length":"0","iso":"0","shutter_speed":"0","title":"","orientation":"0","keywords":[]},"ID":"2605","name":"6978355.png","path":"\/www\/wwwroot\/www.delirollforming.com\/wp-content\/uploads\/2023\/04\/6978355.png","url":"https:\/\/www.delirollforming.com\/wp-content\/uploads\/2023\/04\/6978355-150x150.png","full_url":"https:\/\/www.delirollforming.com\/wp-content\/uploads\/2023\/04\/6978355.png","title":"6978355","caption":"","description":"","alt":"","srcset":false},"showInHome":"0"},"_links":{"self":[{"href":"https:\/\/www.delirollforming.com\/es\/wp-json\/wp\/v2\/product\/9641","targetHints":{"allow":["GET"]}}],"collection":[{"href":"https:\/\/www.delirollforming.com\/es\/wp-json\/wp\/v2\/product"}],"about":[{"href":"https:\/\/www.delirollforming.com\/es\/wp-json\/wp\/v2\/types\/product"}],"wp:featuredmedia":[{"embeddable":true,"href":"https:\/\/www.delirollforming.com\/es\/wp-json\/wp\/v2\/media\/9615"}],"wp:attachment":[{"href":"https:\/\/www.delirollforming.com\/es\/wp-json\/wp\/v2\/media?parent=9641"}],"wp:term":[{"taxonomy":"product-type","embeddable":true,"href":"https:\/\/www.delirollforming.com\/es\/wp-json\/wp\/v2\/product-type?post=9641"}],"curies":[{"name":"wp","href":"https:\/\/api.w.org\/{rel}","templated":true}]}}