{"id":9448,"date":"2024-08-13T16:34:33","date_gmt":"2024-08-13T08:34:33","guid":{"rendered":"https:\/\/www.delirollforming.com\/?post_type=product&#038;p=9448"},"modified":"2024-08-13T16:57:06","modified_gmt":"2024-08-13T08:57:06","slug":"upright-c-channel-machine","status":"publish","type":"product","link":"https:\/\/www.delirollforming.com\/es\/product\/upright-c-channel-machine\/","title":{"rendered":"L\u00ednea de producci\u00f3n de perfilado de canal en C para armarios el\u00e9ctricos"},"content":{"rendered":"\n<figure class=\"wp-block-video\"><video height=\"720\" style=\"aspect-ratio: 1280 \/ 720;\" width=\"1280\" controls src=\"https:\/\/www.delirollforming.com\/wp-content\/uploads\/2024\/08\/\u7535\u67dc\u7acb\u67f1c\u69fd-\u6a2a.mp4\"><\/video><\/figure>\n\n\n<h3 style=\"margin-top: 3rem; background-color: #eee; border: 1px #ddd solid; padding: 0.5rem 1rem;\"><span style=\"font-family: arial, helvetica, sans-serif; font-size: 18pt;\">Caracter\u00edsticas<\/span><\/h3>\n<p><span style=\"font-family: arial, helvetica, sans-serif; font-size: 14pt;\">1. El manejo de la m\u00e1quina es f\u00e1cil y c\u00f3modo.<\/span><\/p>\n<p><span style=\"font-family: arial, helvetica, sans-serif; font-size: 14pt;\">2. Alta eficiencia de producci\u00f3n &#8211; punzonado, perfilado y corte se pueden completar a la vez.<\/span><\/p>\n<p><span style=\"font-family: arial, helvetica, sans-serif; font-size: 14pt;\">3. Muy utilizado para armarios el\u00e9ctricos, armarios de distribuci\u00f3n de energ\u00eda, etc.<\/span><\/p>\n<h3 style=\"margin-top: 3rem; background-color: #eee; border: 1px #ddd solid; padding: 0.5rem 1rem;\"><span style=\"font-family: arial, helvetica, sans-serif; font-size: 18pt;\">Proceso De Producci\u00f3n<\/span><\/h3>\n<p><span style=\"color: #000000; font-family: arial, helvetica, sans-serif; font-size: 14pt;\">\u00a0 \u00a0Desenrollado \u2014 Nivelado \u2014 Prepunzonado \u2014 Formando \u2014 Corte \u2014 Descarga<\/span><\/p>\n<h3 style=\"margin-top: 3rem; background-color: #eee; border: 1px #ddd solid; padding: 0.5rem 1rem;\"><span style=\"font-family: arial, helvetica, sans-serif; font-size: 18pt;\">Detalle Del Producto<\/span><\/h3>\n\n\n<div class=\"wp-block-columns is-layout-flex wp-container-core-columns-is-layout-9d6595d7 wp-block-columns-is-layout-flex\">\n<div class=\"wp-block-column is-layout-flow wp-block-column-is-layout-flow\">\n<figure class=\"wp-block-image size-full\"><img loading=\"lazy\" decoding=\"async\" width=\"800\" height=\"449\" src=\"https:\/\/www.delirollforming.com\/wp-content\/uploads\/2024\/08\/\u7535\u67dc\u7acb\u67f1C\u69fd-1.jpg\" alt=\"\" class=\"wp-image-9424\" srcset=\"https:\/\/www.delirollforming.com\/wp-content\/uploads\/2024\/08\/\u7535\u67dc\u7acb\u67f1C\u69fd-1.jpg 800w, https:\/\/www.delirollforming.com\/wp-content\/uploads\/2024\/08\/\u7535\u67dc\u7acb\u67f1C\u69fd-1-300x168.jpg 300w, https:\/\/www.delirollforming.com\/wp-content\/uploads\/2024\/08\/\u7535\u67dc\u7acb\u67f1C\u69fd-1-768x431.jpg 768w\" sizes=\"auto, (max-width: 800px) 100vw, 800px\" \/><\/figure>\n<\/div>\n\n\n\n<div class=\"wp-block-column is-layout-flow wp-block-column-is-layout-flow\">\n<figure class=\"wp-block-image size-full\"><img loading=\"lazy\" decoding=\"async\" width=\"800\" height=\"450\" src=\"https:\/\/www.delirollforming.com\/wp-content\/uploads\/2024\/08\/\u7535\u67dc\u7acb\u67f1C\u69fd-3.jpg\" alt=\"Electric Cabinet Upright C Channel Roll Forming Production Line\" class=\"wp-image-9445\" srcset=\"https:\/\/www.delirollforming.com\/wp-content\/uploads\/2024\/08\/\u7535\u67dc\u7acb\u67f1C\u69fd-3.jpg 800w, https:\/\/www.delirollforming.com\/wp-content\/uploads\/2024\/08\/\u7535\u67dc\u7acb\u67f1C\u69fd-3-300x169.jpg 300w, https:\/\/www.delirollforming.com\/wp-content\/uploads\/2024\/08\/\u7535\u67dc\u7acb\u67f1C\u69fd-3-768x432.jpg 768w\" sizes=\"auto, (max-width: 800px) 100vw, 800px\" \/><\/figure>\n<\/div>\n<\/div>\n\n\n\n<div class=\"wp-block-columns is-layout-flex wp-container-core-columns-is-layout-9d6595d7 wp-block-columns-is-layout-flex\">\n<div class=\"wp-block-column is-layout-flow wp-block-column-is-layout-flow\"><\/div>\n\n\n\n<div class=\"wp-block-column is-layout-flow wp-block-column-is-layout-flow\"><\/div>\n<\/div>\n","protected":false},"excerpt":{"rendered":"<p>Caracter\u00edsticas 1. El manejo de la m\u00e1quina es f\u00e1cil y c\u00f3modo. 2. Alta eficiencia de producci\u00f3n &#8211; punzonado, perfilado y corte se pueden completar a la vez. 3. Muy utilizado para armarios el\u00e9ctricos, armarios de distribuci\u00f3n de energ\u00eda, etc. Proceso De Producci\u00f3n \u00a0 \u00a0Desenrollado \u2014 Nivelado \u2014 Prepunzonado \u2014 Formando \u2014 Corte \u2014 Descarga Detalle [&hellip;]<\/p>\n","protected":false},"featured_media":9427,"template":"","product-type":[124,101],"class_list":["post-9448","product","type-product","status-publish","has-post-thumbnail","hentry","product-type-locker-cabinet-furniture-es","product-type-locker-cabinet-furniture"],"uagb_featured_image_src":{"full":["https:\/\/www.delirollforming.com\/wp-content\/uploads\/2024\/08\/\u7535\u67dc\u7acb\u67f1C\u69fd-2.jpg",800,450,false],"thumbnail":["https:\/\/www.delirollforming.com\/wp-content\/uploads\/2024\/08\/\u7535\u67dc\u7acb\u67f1C\u69fd-2-150x150.jpg",150,150,true],"medium":["https:\/\/www.delirollforming.com\/wp-content\/uploads\/2024\/08\/\u7535\u67dc\u7acb\u67f1C\u69fd-2-300x169.jpg",300,169,true],"medium_large":["https:\/\/www.delirollforming.com\/wp-content\/uploads\/2024\/08\/\u7535\u67dc\u7acb\u67f1C\u69fd-2-768x432.jpg",768,432,true],"large":["https:\/\/www.delirollforming.com\/wp-content\/uploads\/2024\/08\/\u7535\u67dc\u7acb\u67f1C\u69fd-2.jpg",800,450,false],"1536x1536":["https:\/\/www.delirollforming.com\/wp-content\/uploads\/2024\/08\/\u7535\u67dc\u7acb\u67f1C\u69fd-2.jpg",800,450,false],"2048x2048":["https:\/\/www.delirollforming.com\/wp-content\/uploads\/2024\/08\/\u7535\u67dc\u7acb\u67f1C\u69fd-2.jpg",800,450,false],"book-image":["https:\/\/www.delirollforming.com\/wp-content\/uploads\/2024\/08\/\u7535\u67dc\u7acb\u67f1C\u69fd-2-480x450.jpg",480,450,true]},"uagb_author_info":{"display_name":"deli","author_link":"https:\/\/www.delirollforming.com\/es\/author\/"},"uagb_comment_info":0,"uagb_excerpt":"Caracter\u00edsticas 1. El manejo de la m\u00e1quina es f\u00e1cil y c\u00f3modo. 2. Alta eficiencia de producci\u00f3n &#8211; punzonado, perfilado y corte se pueden completar a la vez. 3. Muy utilizado para armarios el\u00e9ctricos, armarios de distribuci\u00f3n de energ\u00eda, etc. Proceso De Producci\u00f3n \u00a0 \u00a0Desenrollado \u2014 Nivelado \u2014 Prepunzonado \u2014 Formando \u2014 Corte \u2014 Descarga Detalle&hellip;","meta_box":{"photos":[{"width":150,"height":150,"file":"2024\/08\/\u7535\u67dc\u7acb\u67f1C\u69fd01.jpg","filesize":213479,"sizes":{"medium":{"file":"\u7535\u67dc\u7acb\u67f1C\u69fd01-300x169.jpg","width":300,"height":169,"mime-type":"image\/jpeg","filesize":13526,"url":"https:\/\/www.delirollforming.com\/wp-content\/uploads\/2024\/08\/\u7535\u67dc\u7acb\u67f1C\u69fd01-300x169.jpg"},"thumbnail":{"file":"\u7535\u67dc\u7acb\u67f1C\u69fd01-150x150.jpg","width":150,"height":150,"mime-type":"image\/jpeg","filesize":6630,"url":"https:\/\/www.delirollforming.com\/wp-content\/uploads\/2024\/08\/\u7535\u67dc\u7acb\u67f1C\u69fd01-150x150.jpg"},"medium_large":{"file":"\u7535\u67dc\u7acb\u67f1C\u69fd01-768x432.jpg","width":768,"height":432,"mime-type":"image\/jpeg","filesize":59522,"url":"https:\/\/www.delirollforming.com\/wp-content\/uploads\/2024\/08\/\u7535\u67dc\u7acb\u67f1C\u69fd01-768x432.jpg"},"book-image":{"file":"\u7535\u67dc\u7acb\u67f1C\u69fd01-480x450.jpg","width":480,"height":450,"mime-type":"image\/jpeg","filesize":41721,"url":"https:\/\/www.delirollforming.com\/wp-content\/uploads\/2024\/08\/\u7535\u67dc\u7acb\u67f1C\u69fd01-480x450.jpg"}},"image_meta":{"aperture":"0","credit":"","camera":"","caption":"","created_timestamp":"0","copyright":"","focal_length":"0","iso":"0","shutter_speed":"0","title":"","orientation":"0","keywords":[]},"ID":"9442","name":"\u7535\u67dc\u7acb\u67f1C\u69fd01.jpg","path":"\/www\/wwwroot\/www.delirollforming.com\/wp-content\/uploads\/2024\/08\/\u7535\u67dc\u7acb\u67f1C\u69fd01.jpg","url":"https:\/\/www.delirollforming.com\/wp-content\/uploads\/2024\/08\/\u7535\u67dc\u7acb\u67f1C\u69fd01-150x150.jpg","full_url":"https:\/\/www.delirollforming.com\/wp-content\/uploads\/2024\/08\/\u7535\u67dc\u7acb\u67f1C\u69fd01.jpg","title":"\u7535\u67dc\u7acb\u67f1C\u69fd01","caption":"","description":"","alt":"","srcset":false},{"width":150,"height":150,"file":"2024\/08\/\u7535\u67dc\u7acb\u67f1C\u69fd06.jpg","filesize":177429,"sizes":{"medium":{"file":"\u7535\u67dc\u7acb\u67f1C\u69fd06-300x168.jpg","width":300,"height":168,"mime-type":"image\/jpeg","filesize":12254,"url":"https:\/\/www.delirollforming.com\/wp-content\/uploads\/2024\/08\/\u7535\u67dc\u7acb\u67f1C\u69fd06-300x168.jpg"},"thumbnail":{"file":"\u7535\u67dc\u7acb\u67f1C\u69fd06-150x150.jpg","width":150,"height":150,"mime-type":"image\/jpeg","filesize":6501,"url":"https:\/\/www.delirollforming.com\/wp-content\/uploads\/2024\/08\/\u7535\u67dc\u7acb\u67f1C\u69fd06-150x150.jpg"},"medium_large":{"file":"\u7535\u67dc\u7acb\u67f1C\u69fd06-768x431.jpg","width":768,"height":431,"mime-type":"image\/jpeg","filesize":49892,"url":"https:\/\/www.delirollforming.com\/wp-content\/uploads\/2024\/08\/\u7535\u67dc\u7acb\u67f1C\u69fd06-768x431.jpg"},"book-image":{"file":"\u7535\u67dc\u7acb\u67f1C\u69fd06-480x449.jpg","width":480,"height":449,"mime-type":"image\/jpeg","filesize":37757,"url":"https:\/\/www.delirollforming.com\/wp-content\/uploads\/2024\/08\/\u7535\u67dc\u7acb\u67f1C\u69fd06-480x449.jpg"}},"image_meta":{"aperture":"0","credit":"","camera":"","caption":"","created_timestamp":"0","copyright":"","focal_length":"0","iso":"0","shutter_speed":"0","title":"","orientation":"0","keywords":[]},"ID":"9451","name":"\u7535\u67dc\u7acb\u67f1C\u69fd06.jpg","path":"\/www\/wwwroot\/www.delirollforming.com\/wp-content\/uploads\/2024\/08\/\u7535\u67dc\u7acb\u67f1C\u69fd06.jpg","url":"https:\/\/www.delirollforming.com\/wp-content\/uploads\/2024\/08\/\u7535\u67dc\u7acb\u67f1C\u69fd06-150x150.jpg","full_url":"https:\/\/www.delirollforming.com\/wp-content\/uploads\/2024\/08\/\u7535\u67dc\u7acb\u67f1C\u69fd06.jpg","title":"\u7535\u67dc\u7acb\u67f1C\u69fd06","caption":"","description":"","alt":"","srcset":false},{"width":150,"height":150,"file":"2024\/08\/\u7535\u67dc\u7acb\u67f1C\u69fd04.jpg","filesize":158166,"sizes":{"medium":{"file":"\u7535\u67dc\u7acb\u67f1C\u69fd04-300x169.jpg","width":300,"height":169,"mime-type":"image\/jpeg","filesize":12075,"url":"https:\/\/www.delirollforming.com\/wp-content\/uploads\/2024\/08\/\u7535\u67dc\u7acb\u67f1C\u69fd04-300x169.jpg"},"thumbnail":{"file":"\u7535\u67dc\u7acb\u67f1C\u69fd04-150x150.jpg","width":150,"height":150,"mime-type":"image\/jpeg","filesize":6309,"url":"https:\/\/www.delirollforming.com\/wp-content\/uploads\/2024\/08\/\u7535\u67dc\u7acb\u67f1C\u69fd04-150x150.jpg"},"medium_large":{"file":"\u7535\u67dc\u7acb\u67f1C\u69fd04-768x432.jpg","width":768,"height":432,"mime-type":"image\/jpeg","filesize":45236,"url":"https:\/\/www.delirollforming.com\/wp-content\/uploads\/2024\/08\/\u7535\u67dc\u7acb\u67f1C\u69fd04-768x432.jpg"},"book-image":{"file":"\u7535\u67dc\u7acb\u67f1C\u69fd04-480x450.jpg","width":480,"height":450,"mime-type":"image\/jpeg","filesize":31550,"url":"https:\/\/www.delirollforming.com\/wp-content\/uploads\/2024\/08\/\u7535\u67dc\u7acb\u67f1C\u69fd04-480x450.jpg"}},"image_meta":{"aperture":"0","credit":"","camera":"","caption":"","created_timestamp":"0","copyright":"","focal_length":"0","iso":"0","shutter_speed":"0","title":"","orientation":"0","keywords":[]},"ID":"9439","name":"\u7535\u67dc\u7acb\u67f1C\u69fd04.jpg","path":"\/www\/wwwroot\/www.delirollforming.com\/wp-content\/uploads\/2024\/08\/\u7535\u67dc\u7acb\u67f1C\u69fd04.jpg","url":"https:\/\/www.delirollforming.com\/wp-content\/uploads\/2024\/08\/\u7535\u67dc\u7acb\u67f1C\u69fd04-150x150.jpg","full_url":"https:\/\/www.delirollforming.com\/wp-content\/uploads\/2024\/08\/\u7535\u67dc\u7acb\u67f1C\u69fd04.jpg","title":"\u7535\u67dc\u7acb\u67f1C\u69fd04","caption":"","description":"","alt":"","srcset":false},{"width":150,"height":150,"file":"2024\/08\/\u7535\u67dc\u7acb\u67f1C\u69fd05.jpg","filesize":205539,"sizes":{"medium":{"file":"\u7535\u67dc\u7acb\u67f1C\u69fd05-300x169.jpg","width":300,"height":169,"mime-type":"image\/jpeg","filesize":12758,"url":"https:\/\/www.delirollforming.com\/wp-content\/uploads\/2024\/08\/\u7535\u67dc\u7acb\u67f1C\u69fd05-300x169.jpg"},"thumbnail":{"file":"\u7535\u67dc\u7acb\u67f1C\u69fd05-150x150.jpg","width":150,"height":150,"mime-type":"image\/jpeg","filesize":6889,"url":"https:\/\/www.delirollforming.com\/wp-content\/uploads\/2024\/08\/\u7535\u67dc\u7acb\u67f1C\u69fd05-150x150.jpg"},"medium_large":{"file":"\u7535\u67dc\u7acb\u67f1C\u69fd05-768x432.jpg","width":768,"height":432,"mime-type":"image\/jpeg","filesize":56235,"url":"https:\/\/www.delirollforming.com\/wp-content\/uploads\/2024\/08\/\u7535\u67dc\u7acb\u67f1C\u69fd05-768x432.jpg"},"book-image":{"file":"\u7535\u67dc\u7acb\u67f1C\u69fd05-480x450.jpg","width":480,"height":450,"mime-type":"image\/jpeg","filesize":42883,"url":"https:\/\/www.delirollforming.com\/wp-content\/uploads\/2024\/08\/\u7535\u67dc\u7acb\u67f1C\u69fd05-480x450.jpg"}},"image_meta":{"aperture":"0","credit":"","camera":"","caption":"","created_timestamp":"0","copyright":"","focal_length":"0","iso":"0","shutter_speed":"0","title":"","orientation":"0","keywords":[]},"ID":"9430","name":"\u7535\u67dc\u7acb\u67f1C\u69fd05.jpg","path":"\/www\/wwwroot\/www.delirollforming.com\/wp-content\/uploads\/2024\/08\/\u7535\u67dc\u7acb\u67f1C\u69fd05.jpg","url":"https:\/\/www.delirollforming.com\/wp-content\/uploads\/2024\/08\/\u7535\u67dc\u7acb\u67f1C\u69fd05-150x150.jpg","full_url":"https:\/\/www.delirollforming.com\/wp-content\/uploads\/2024\/08\/\u7535\u67dc\u7acb\u67f1C\u69fd05.jpg","title":"\u7535\u67dc\u7acb\u67f1C\u69fd05","caption":"","description":"","alt":"","srcset":false},{"width":150,"height":150,"file":"2024\/08\/\u7535\u67dc\u7acb\u67f1C\u69fd03.jpg","filesize":188988,"sizes":{"medium":{"file":"\u7535\u67dc\u7acb\u67f1C\u69fd03-300x169.jpg","width":300,"height":169,"mime-type":"image\/jpeg","filesize":12141,"url":"https:\/\/www.delirollforming.com\/wp-content\/uploads\/2024\/08\/\u7535\u67dc\u7acb\u67f1C\u69fd03-300x169.jpg"},"thumbnail":{"file":"\u7535\u67dc\u7acb\u67f1C\u69fd03-150x150.jpg","width":150,"height":150,"mime-type":"image\/jpeg","filesize":6183,"url":"https:\/\/www.delirollforming.com\/wp-content\/uploads\/2024\/08\/\u7535\u67dc\u7acb\u67f1C\u69fd03-150x150.jpg"},"medium_large":{"file":"\u7535\u67dc\u7acb\u67f1C\u69fd03-768x432.jpg","width":768,"height":432,"mime-type":"image\/jpeg","filesize":52553,"url":"https:\/\/www.delirollforming.com\/wp-content\/uploads\/2024\/08\/\u7535\u67dc\u7acb\u67f1C\u69fd03-768x432.jpg"},"book-image":{"file":"\u7535\u67dc\u7acb\u67f1C\u69fd03-480x450.jpg","width":480,"height":450,"mime-type":"image\/jpeg","filesize":38329,"url":"https:\/\/www.delirollforming.com\/wp-content\/uploads\/2024\/08\/\u7535\u67dc\u7acb\u67f1C\u69fd03-480x450.jpg"}},"image_meta":{"aperture":"0","credit":"","camera":"","caption":"","created_timestamp":"0","copyright":"","focal_length":"0","iso":"0","shutter_speed":"0","title":"","orientation":"0","keywords":[]},"ID":"9436","name":"\u7535\u67dc\u7acb\u67f1C\u69fd03.jpg","path":"\/www\/wwwroot\/www.delirollforming.com\/wp-content\/uploads\/2024\/08\/\u7535\u67dc\u7acb\u67f1C\u69fd03.jpg","url":"https:\/\/www.delirollforming.com\/wp-content\/uploads\/2024\/08\/\u7535\u67dc\u7acb\u67f1C\u69fd03-150x150.jpg","full_url":"https:\/\/www.delirollforming.com\/wp-content\/uploads\/2024\/08\/\u7535\u67dc\u7acb\u67f1C\u69fd03.jpg","title":"\u7535\u67dc\u7acb\u67f1C\u69fd03","caption":"","description":"","alt":"","srcset":false}],"parameters":[{"propertyName":"Material","propertyValue":"Chapa revestida de zinc-aluminio"},{"propertyName":"Profile Size","propertyValue":"75*30mm (Personalizable)"},{"propertyName":"Material Thickness","propertyValue":"1.8-1.9mm"},{"propertyName":"Profile Accuracy","propertyValue":"\u00b10.3mm"},{"propertyName":"Forming Rollers","propertyValue":"28"},{"propertyName":"Width Adjustable","propertyValue":"No"},{"propertyName":"Running Speed","propertyValue":"4-6m\/min"},{"propertyName":"Height Adjustable","propertyValue":"No"}],"background":{"width":150,"height":150,"file":"2023\/04\/6978355.png","filesize":1643212,"sizes":{"medium":{"file":"6978355-300x156.png","width":300,"height":156,"mime-type":"image\/png","filesize":112561,"url":"https:\/\/www.delirollforming.com\/wp-content\/uploads\/2023\/04\/6978355-300x156.png"},"large":{"file":"6978355-1024x533.png","width":1024,"height":533,"mime-type":"image\/png","filesize":1259588,"url":"https:\/\/www.delirollforming.com\/wp-content\/uploads\/2023\/04\/6978355-1024x533.png"},"thumbnail":{"file":"6978355-150x150.png","width":150,"height":150,"mime-type":"image\/png","filesize":55589,"url":"https:\/\/www.delirollforming.com\/wp-content\/uploads\/2023\/04\/6978355-150x150.png"},"medium_large":{"file":"6978355-768x400.png","width":768,"height":400,"mime-type":"image\/png","filesize":723593,"url":"https:\/\/www.delirollforming.com\/wp-content\/uploads\/2023\/04\/6978355-768x400.png"},"1536x1536":{"file":"6978355-1536x800.png","width":1536,"height":800,"mime-type":"image\/png","filesize":2601526,"url":"https:\/\/www.delirollforming.com\/wp-content\/uploads\/2023\/04\/6978355-1536x800.png"},"book-image":{"file":"6978355-480x640.png","width":480,"height":640,"mime-type":"image\/png","filesize":725056,"url":"https:\/\/www.delirollforming.com\/wp-content\/uploads\/2023\/04\/6978355-480x640.png"}},"image_meta":{"aperture":"0","credit":"","camera":"","caption":"","created_timestamp":"0","copyright":"","focal_length":"0","iso":"0","shutter_speed":"0","title":"","orientation":"0","keywords":[]},"ID":"2605","name":"6978355.png","path":"\/www\/wwwroot\/www.delirollforming.com\/wp-content\/uploads\/2023\/04\/6978355.png","url":"https:\/\/www.delirollforming.com\/wp-content\/uploads\/2023\/04\/6978355-150x150.png","full_url":"https:\/\/www.delirollforming.com\/wp-content\/uploads\/2023\/04\/6978355.png","title":"6978355","caption":"","description":"","alt":"","srcset":false},"showInHome":"0"},"_links":{"self":[{"href":"https:\/\/www.delirollforming.com\/es\/wp-json\/wp\/v2\/product\/9448","targetHints":{"allow":["GET"]}}],"collection":[{"href":"https:\/\/www.delirollforming.com\/es\/wp-json\/wp\/v2\/product"}],"about":[{"href":"https:\/\/www.delirollforming.com\/es\/wp-json\/wp\/v2\/types\/product"}],"wp:featuredmedia":[{"embeddable":true,"href":"https:\/\/www.delirollforming.com\/es\/wp-json\/wp\/v2\/media\/9427"}],"wp:attachment":[{"href":"https:\/\/www.delirollforming.com\/es\/wp-json\/wp\/v2\/media?parent=9448"}],"wp:term":[{"taxonomy":"product-type","embeddable":true,"href":"https:\/\/www.delirollforming.com\/es\/wp-json\/wp\/v2\/product-type?post=9448"}],"curies":[{"name":"wp","href":"https:\/\/api.w.org\/{rel}","templated":true}]}}