{"id":9406,"date":"2024-08-12T17:08:16","date_gmt":"2024-08-12T09:08:16","guid":{"rendered":"https:\/\/www.delirollforming.com\/?post_type=product&#038;p=9406"},"modified":"2024-08-12T17:31:01","modified_gmt":"2024-08-12T09:31:01","slug":"c-channel-roll-forming-machine","status":"publish","type":"product","link":"https:\/\/www.delirollforming.com\/es\/product\/c-channel-roll-forming-machine\/","title":{"rendered":"M\u00e1quina perfiladora de canal C vertical para estanter\u00edas"},"content":{"rendered":"\n<figure class=\"wp-block-video\"><video height=\"720\" style=\"aspect-ratio: 1280 \/ 720;\" width=\"1280\" controls src=\"https:\/\/www.delirollforming.com\/wp-content\/uploads\/2024\/08\/C\u69fd\u7acb\u67f1-\u6a2a.mp4\"><\/video><\/figure>\n\n\n<h3 style=\"margin-top: 3rem; background-color: #eee; border: 1px #ddd solid; padding: 0.5rem 1rem;\"><span style=\"font-family: arial, helvetica, sans-serif; font-size: 18pt;\">Caracter\u00edsticas<\/span><\/h3>\n<p style=\"text-align: justify;\"><span style=\"font-family: arial, helvetica, sans-serif; font-size: 14pt;\">1. Alta eficiencia: La l\u00ednea de producci\u00f3n est\u00e1 equipada con tecnolog\u00eda avanzada, lo que garantiza una producci\u00f3n r\u00e1pida y eficiente de los canales c. <\/span><\/p>\n<p style=\"text-align: justify;\"><span style=\"font-family: arial, helvetica, sans-serif; font-size: 14pt;\">2. Alta precisi\u00f3n: La l\u00ednea de producci\u00f3n utiliza una t\u00e9cnica precisa de perfilado para asegurar la producci\u00f3n precisa y consistente de productos de alta calidad. <\/span><\/p>\n<p style=\"text-align: justify;\"><span style=\"font-family: arial, helvetica, sans-serif; font-size: 14pt;\">3. Bajo mantenimiento: La l\u00ednea de producci\u00f3n requiere un mantenimiento m\u00ednimo, reduciendo el tiempo de inactividad y aumentando la productividad. <\/span><\/p>\n<p style=\"text-align: justify;\"><span style=\"font-family: arial, helvetica, sans-serif; font-size: 14pt;\">4. Rentable: El uso de tecnolog\u00eda avanzada y procesos de producci\u00f3n eficientes se traduce en un ahorro de costes, lo que convierte a la l\u00ednea de producci\u00f3n en una opci\u00f3n econ\u00f3mica para la fabricaci\u00f3n de perfiles de canal c.<\/span><\/p>\n<h3 style=\"margin-top: 3rem; background-color: #eee; border: 1px #ddd solid; padding: 0.5rem 1rem;\"><span style=\"font-family: arial, helvetica, sans-serif; font-size: 18pt;\">Proceso De Producci\u00f3n<\/span><\/h3>\n<p style=\"text-align: justify;\"><span style=\"color: #000000; font-family: arial, helvetica, sans-serif; font-size: 14pt;\">\u00a0 \u00a0Desenrollado &#8211; Nivelado &#8211; Prepunzonado &#8211; Enrollado &#8211; Corte &#8211; Descarga<\/span><\/p>\n<h3 style=\"margin-top: 3rem; background-color: #eee; border: 1px #ddd solid; padding: 0.5rem 1rem;\"><span style=\"font-family: arial, helvetica, sans-serif; font-size: 18pt;\">Detalle Del Producto<\/span><\/h3>\n\n\n<div class=\"wp-block-columns is-layout-flex wp-container-core-columns-is-layout-9d6595d7 wp-block-columns-is-layout-flex\">\n<div class=\"wp-block-column is-layout-flow wp-block-column-is-layout-flow\">\n<figure class=\"wp-block-image size-full\"><img loading=\"lazy\" decoding=\"async\" width=\"800\" height=\"450\" src=\"https:\/\/www.delirollforming.com\/wp-content\/uploads\/2024\/08\/C\u69fd\u7acb\u67f104.jpg\" alt=\"C channel making machine\" class=\"wp-image-9400\" srcset=\"https:\/\/www.delirollforming.com\/wp-content\/uploads\/2024\/08\/C\u69fd\u7acb\u67f104.jpg 800w, https:\/\/www.delirollforming.com\/wp-content\/uploads\/2024\/08\/C\u69fd\u7acb\u67f104-300x169.jpg 300w, https:\/\/www.delirollforming.com\/wp-content\/uploads\/2024\/08\/C\u69fd\u7acb\u67f104-768x432.jpg 768w\" sizes=\"auto, (max-width: 800px) 100vw, 800px\" \/><\/figure>\n<\/div>\n<\/div>\n","protected":false},"excerpt":{"rendered":"<p>Caracter\u00edsticas 1. Alta eficiencia: La l\u00ednea de producci\u00f3n est\u00e1 equipada con tecnolog\u00eda avanzada, lo que garantiza una producci\u00f3n r\u00e1pida y eficiente de los canales c. 2. Alta precisi\u00f3n: La l\u00ednea de producci\u00f3n utiliza una t\u00e9cnica precisa de perfilado para asegurar la producci\u00f3n precisa y consistente de productos de alta calidad. 3. Bajo mantenimiento: La l\u00ednea [&hellip;]<\/p>\n","protected":false},"featured_media":9391,"template":"","product-type":[121,100],"class_list":["post-9406","product","type-product","status-publish","has-post-thumbnail","hentry","product-type-estanterias-y-anaqueles","product-type-racking-shelving-roll-former"],"uagb_featured_image_src":{"full":["https:\/\/www.delirollforming.com\/wp-content\/uploads\/2024\/08\/C\u69fd\u7acb\u67f1_\u526f\u672c.jpg",800,450,false],"thumbnail":["https:\/\/www.delirollforming.com\/wp-content\/uploads\/2024\/08\/C\u69fd\u7acb\u67f1_\u526f\u672c-150x150.jpg",150,150,true],"medium":["https:\/\/www.delirollforming.com\/wp-content\/uploads\/2024\/08\/C\u69fd\u7acb\u67f1_\u526f\u672c-300x169.jpg",300,169,true],"medium_large":["https:\/\/www.delirollforming.com\/wp-content\/uploads\/2024\/08\/C\u69fd\u7acb\u67f1_\u526f\u672c-768x432.jpg",768,432,true],"large":["https:\/\/www.delirollforming.com\/wp-content\/uploads\/2024\/08\/C\u69fd\u7acb\u67f1_\u526f\u672c.jpg",800,450,false],"1536x1536":["https:\/\/www.delirollforming.com\/wp-content\/uploads\/2024\/08\/C\u69fd\u7acb\u67f1_\u526f\u672c.jpg",800,450,false],"2048x2048":["https:\/\/www.delirollforming.com\/wp-content\/uploads\/2024\/08\/C\u69fd\u7acb\u67f1_\u526f\u672c.jpg",800,450,false],"book-image":["https:\/\/www.delirollforming.com\/wp-content\/uploads\/2024\/08\/C\u69fd\u7acb\u67f1_\u526f\u672c-480x450.jpg",480,450,true]},"uagb_author_info":{"display_name":"deli","author_link":"https:\/\/www.delirollforming.com\/es\/author\/"},"uagb_comment_info":0,"uagb_excerpt":"Caracter\u00edsticas 1. Alta eficiencia: La l\u00ednea de producci\u00f3n est\u00e1 equipada con tecnolog\u00eda avanzada, lo que garantiza una producci\u00f3n r\u00e1pida y eficiente de los canales c. 2. Alta precisi\u00f3n: La l\u00ednea de producci\u00f3n utiliza una t\u00e9cnica precisa de perfilado para asegurar la producci\u00f3n precisa y consistente de productos de alta calidad. 3. Bajo mantenimiento: La l\u00ednea&hellip;","meta_box":{"photos":[{"width":150,"height":150,"file":"2024\/08\/C\u69fd\u7acb\u67f103.jpg","filesize":235223,"sizes":{"medium":{"file":"C\u69fd\u7acb\u67f103-300x169.jpg","width":300,"height":169,"mime-type":"image\/jpeg","filesize":14385,"url":"https:\/\/www.delirollforming.com\/wp-content\/uploads\/2024\/08\/C\u69fd\u7acb\u67f103-300x169.jpg"},"thumbnail":{"file":"C\u69fd\u7acb\u67f103-150x150.jpg","width":150,"height":150,"mime-type":"image\/jpeg","filesize":7530,"url":"https:\/\/www.delirollforming.com\/wp-content\/uploads\/2024\/08\/C\u69fd\u7acb\u67f103-150x150.jpg"},"medium_large":{"file":"C\u69fd\u7acb\u67f103-768x432.jpg","width":768,"height":432,"mime-type":"image\/jpeg","filesize":62916,"url":"https:\/\/www.delirollforming.com\/wp-content\/uploads\/2024\/08\/C\u69fd\u7acb\u67f103-768x432.jpg"},"book-image":{"file":"C\u69fd\u7acb\u67f103-480x450.jpg","width":480,"height":450,"mime-type":"image\/jpeg","filesize":47313,"url":"https:\/\/www.delirollforming.com\/wp-content\/uploads\/2024\/08\/C\u69fd\u7acb\u67f103-480x450.jpg"}},"image_meta":{"aperture":"0","credit":"","camera":"","caption":"","created_timestamp":"0","copyright":"","focal_length":"0","iso":"0","shutter_speed":"0","title":"","orientation":"0","keywords":[]},"ID":"9403","name":"C\u69fd\u7acb\u67f103.jpg","path":"\/www\/wwwroot\/www.delirollforming.com\/wp-content\/uploads\/2024\/08\/C\u69fd\u7acb\u67f103.jpg","url":"https:\/\/www.delirollforming.com\/wp-content\/uploads\/2024\/08\/C\u69fd\u7acb\u67f103-150x150.jpg","full_url":"https:\/\/www.delirollforming.com\/wp-content\/uploads\/2024\/08\/C\u69fd\u7acb\u67f103.jpg","title":"C\u69fd\u7acb\u67f103","caption":"","description":"","alt":"","srcset":false},{"width":150,"height":150,"file":"2024\/08\/C\u69fd\u7acb\u67f102.jpg","filesize":225897,"sizes":{"medium":{"file":"C\u69fd\u7acb\u67f102-300x169.jpg","width":300,"height":169,"mime-type":"image\/jpeg","filesize":13930,"url":"https:\/\/www.delirollforming.com\/wp-content\/uploads\/2024\/08\/C\u69fd\u7acb\u67f102-300x169.jpg"},"thumbnail":{"file":"C\u69fd\u7acb\u67f102-150x150.jpg","width":150,"height":150,"mime-type":"image\/jpeg","filesize":6626,"url":"https:\/\/www.delirollforming.com\/wp-content\/uploads\/2024\/08\/C\u69fd\u7acb\u67f102-150x150.jpg"},"medium_large":{"file":"C\u69fd\u7acb\u67f102-768x432.jpg","width":768,"height":432,"mime-type":"image\/jpeg","filesize":58168,"url":"https:\/\/www.delirollforming.com\/wp-content\/uploads\/2024\/08\/C\u69fd\u7acb\u67f102-768x432.jpg"},"book-image":{"file":"C\u69fd\u7acb\u67f102-480x450.jpg","width":480,"height":450,"mime-type":"image\/jpeg","filesize":40790,"url":"https:\/\/www.delirollforming.com\/wp-content\/uploads\/2024\/08\/C\u69fd\u7acb\u67f102-480x450.jpg"}},"image_meta":{"aperture":"0","credit":"","camera":"","caption":"","created_timestamp":"0","copyright":"","focal_length":"0","iso":"0","shutter_speed":"0","title":"","orientation":"0","keywords":[]},"ID":"9415","name":"C\u69fd\u7acb\u67f102.jpg","path":"\/www\/wwwroot\/www.delirollforming.com\/wp-content\/uploads\/2024\/08\/C\u69fd\u7acb\u67f102.jpg","url":"https:\/\/www.delirollforming.com\/wp-content\/uploads\/2024\/08\/C\u69fd\u7acb\u67f102-150x150.jpg","full_url":"https:\/\/www.delirollforming.com\/wp-content\/uploads\/2024\/08\/C\u69fd\u7acb\u67f102.jpg","title":"C\u69fd\u7acb\u67f102","caption":"","description":"","alt":"","srcset":false},{"width":150,"height":150,"file":"2024\/08\/C\u69fd\u7acb\u67f105-1.jpg","filesize":178232,"sizes":{"medium":{"file":"C\u69fd\u7acb\u67f105-1-300x169.jpg","width":300,"height":169,"mime-type":"image\/jpeg","filesize":11702,"url":"https:\/\/www.delirollforming.com\/wp-content\/uploads\/2024\/08\/C\u69fd\u7acb\u67f105-1-300x169.jpg"},"thumbnail":{"file":"C\u69fd\u7acb\u67f105-1-150x150.jpg","width":150,"height":150,"mime-type":"image\/jpeg","filesize":5882,"url":"https:\/\/www.delirollforming.com\/wp-content\/uploads\/2024\/08\/C\u69fd\u7acb\u67f105-1-150x150.jpg"},"medium_large":{"file":"C\u69fd\u7acb\u67f105-1-768x432.jpg","width":768,"height":432,"mime-type":"image\/jpeg","filesize":48607,"url":"https:\/\/www.delirollforming.com\/wp-content\/uploads\/2024\/08\/C\u69fd\u7acb\u67f105-1-768x432.jpg"},"book-image":{"file":"C\u69fd\u7acb\u67f105-1-480x450.jpg","width":480,"height":450,"mime-type":"image\/jpeg","filesize":34149,"url":"https:\/\/www.delirollforming.com\/wp-content\/uploads\/2024\/08\/C\u69fd\u7acb\u67f105-1-480x450.jpg"}},"image_meta":{"aperture":"0","credit":"","camera":"","caption":"","created_timestamp":"0","copyright":"","focal_length":"0","iso":"0","shutter_speed":"0","title":"","orientation":"0","keywords":[]},"ID":"9412","name":"C\u69fd\u7acb\u67f105-1.jpg","path":"\/www\/wwwroot\/www.delirollforming.com\/wp-content\/uploads\/2024\/08\/C\u69fd\u7acb\u67f105-1.jpg","url":"https:\/\/www.delirollforming.com\/wp-content\/uploads\/2024\/08\/C\u69fd\u7acb\u67f105-1-150x150.jpg","full_url":"https:\/\/www.delirollforming.com\/wp-content\/uploads\/2024\/08\/C\u69fd\u7acb\u67f105-1.jpg","title":"C\u69fd\u7acb\u67f105","caption":"","description":"","alt":"Shelf Upright C Channel Roll Forming Machine","srcset":false},{"width":150,"height":150,"file":"2024\/08\/C\u69fd\u7acb\u67f105.jpg","filesize":178232,"sizes":{"medium":{"file":"C\u69fd\u7acb\u67f105-300x169.jpg","width":300,"height":169,"mime-type":"image\/jpeg","filesize":11702,"url":"https:\/\/www.delirollforming.com\/wp-content\/uploads\/2024\/08\/C\u69fd\u7acb\u67f105-300x169.jpg"},"thumbnail":{"file":"C\u69fd\u7acb\u67f105-150x150.jpg","width":150,"height":150,"mime-type":"image\/jpeg","filesize":5882,"url":"https:\/\/www.delirollforming.com\/wp-content\/uploads\/2024\/08\/C\u69fd\u7acb\u67f105-150x150.jpg"},"medium_large":{"file":"C\u69fd\u7acb\u67f105-768x432.jpg","width":768,"height":432,"mime-type":"image\/jpeg","filesize":48607,"url":"https:\/\/www.delirollforming.com\/wp-content\/uploads\/2024\/08\/C\u69fd\u7acb\u67f105-768x432.jpg"},"book-image":{"file":"C\u69fd\u7acb\u67f105-480x450.jpg","width":480,"height":450,"mime-type":"image\/jpeg","filesize":34149,"url":"https:\/\/www.delirollforming.com\/wp-content\/uploads\/2024\/08\/C\u69fd\u7acb\u67f105-480x450.jpg"}},"image_meta":{"aperture":"0","credit":"","camera":"","caption":"","created_timestamp":"0","copyright":"","focal_length":"0","iso":"0","shutter_speed":"0","title":"","orientation":"0","keywords":[]},"ID":"9397","name":"C\u69fd\u7acb\u67f105.jpg","path":"\/www\/wwwroot\/www.delirollforming.com\/wp-content\/uploads\/2024\/08\/C\u69fd\u7acb\u67f105.jpg","url":"https:\/\/www.delirollforming.com\/wp-content\/uploads\/2024\/08\/C\u69fd\u7acb\u67f105-150x150.jpg","full_url":"https:\/\/www.delirollforming.com\/wp-content\/uploads\/2024\/08\/C\u69fd\u7acb\u67f105.jpg","title":"C\u69fd\u7acb\u67f105","caption":"","description":"","alt":"","srcset":false},{"width":150,"height":150,"file":"2024\/08\/C\u69fd\u7acb\u67f101.jpg","filesize":241739,"sizes":{"medium":{"file":"C\u69fd\u7acb\u67f101-300x169.jpg","width":300,"height":169,"mime-type":"image\/jpeg","filesize":15204,"url":"https:\/\/www.delirollforming.com\/wp-content\/uploads\/2024\/08\/C\u69fd\u7acb\u67f101-300x169.jpg"},"thumbnail":{"file":"C\u69fd\u7acb\u67f101-150x150.jpg","width":150,"height":150,"mime-type":"image\/jpeg","filesize":7418,"url":"https:\/\/www.delirollforming.com\/wp-content\/uploads\/2024\/08\/C\u69fd\u7acb\u67f101-150x150.jpg"},"medium_large":{"file":"C\u69fd\u7acb\u67f101-768x432.jpg","width":768,"height":432,"mime-type":"image\/jpeg","filesize":66579,"url":"https:\/\/www.delirollforming.com\/wp-content\/uploads\/2024\/08\/C\u69fd\u7acb\u67f101-768x432.jpg"},"book-image":{"file":"C\u69fd\u7acb\u67f101-480x450.jpg","width":480,"height":450,"mime-type":"image\/jpeg","filesize":48900,"url":"https:\/\/www.delirollforming.com\/wp-content\/uploads\/2024\/08\/C\u69fd\u7acb\u67f101-480x450.jpg"}},"image_meta":{"aperture":"0","credit":"","camera":"","caption":"","created_timestamp":"0","copyright":"","focal_length":"0","iso":"0","shutter_speed":"0","title":"","orientation":"0","keywords":[]},"ID":"9409","name":"C\u69fd\u7acb\u67f101.jpg","path":"\/www\/wwwroot\/www.delirollforming.com\/wp-content\/uploads\/2024\/08\/C\u69fd\u7acb\u67f101.jpg","url":"https:\/\/www.delirollforming.com\/wp-content\/uploads\/2024\/08\/C\u69fd\u7acb\u67f101-150x150.jpg","full_url":"https:\/\/www.delirollforming.com\/wp-content\/uploads\/2024\/08\/C\u69fd\u7acb\u67f101.jpg","title":"C\u69fd\u7acb\u67f101","caption":"","description":"","alt":"M\u00e1quina perfiladora de canal C vertical para estanter\u00edas Shelf Upright C Channel Roll Forming Machine","srcset":false}],"parameters":[{"propertyName":"Material","propertyValue":"Acero CR"},{"propertyName":"Profile Size","propertyValue":"63.5*38mm (Personalizable)"},{"propertyName":"Material Thickness","propertyValue":"1.7-1.8mm"},{"propertyName":"Profile Accuracy","propertyValue":"\u00b10.3mm"},{"propertyName":"Forming Rollers","propertyValue":"20"},{"propertyName":"Width Adjustable","propertyValue":"No"},{"propertyName":"Running Speed","propertyValue":"6-8m\/min"},{"propertyName":"Height Adjustable","propertyValue":"No"}],"background":{"width":150,"height":150,"file":"2023\/04\/6978355.png","filesize":1643212,"sizes":{"medium":{"file":"6978355-300x156.png","width":300,"height":156,"mime-type":"image\/png","filesize":112561,"url":"https:\/\/www.delirollforming.com\/wp-content\/uploads\/2023\/04\/6978355-300x156.png"},"large":{"file":"6978355-1024x533.png","width":1024,"height":533,"mime-type":"image\/png","filesize":1259588,"url":"https:\/\/www.delirollforming.com\/wp-content\/uploads\/2023\/04\/6978355-1024x533.png"},"thumbnail":{"file":"6978355-150x150.png","width":150,"height":150,"mime-type":"image\/png","filesize":55589,"url":"https:\/\/www.delirollforming.com\/wp-content\/uploads\/2023\/04\/6978355-150x150.png"},"medium_large":{"file":"6978355-768x400.png","width":768,"height":400,"mime-type":"image\/png","filesize":723593,"url":"https:\/\/www.delirollforming.com\/wp-content\/uploads\/2023\/04\/6978355-768x400.png"},"1536x1536":{"file":"6978355-1536x800.png","width":1536,"height":800,"mime-type":"image\/png","filesize":2601526,"url":"https:\/\/www.delirollforming.com\/wp-content\/uploads\/2023\/04\/6978355-1536x800.png"},"book-image":{"file":"6978355-480x640.png","width":480,"height":640,"mime-type":"image\/png","filesize":725056,"url":"https:\/\/www.delirollforming.com\/wp-content\/uploads\/2023\/04\/6978355-480x640.png"}},"image_meta":{"aperture":"0","credit":"","camera":"","caption":"","created_timestamp":"0","copyright":"","focal_length":"0","iso":"0","shutter_speed":"0","title":"","orientation":"0","keywords":[]},"ID":"2605","name":"6978355.png","path":"\/www\/wwwroot\/www.delirollforming.com\/wp-content\/uploads\/2023\/04\/6978355.png","url":"https:\/\/www.delirollforming.com\/wp-content\/uploads\/2023\/04\/6978355-150x150.png","full_url":"https:\/\/www.delirollforming.com\/wp-content\/uploads\/2023\/04\/6978355.png","title":"6978355","caption":"","description":"","alt":"","srcset":false},"showInHome":"0"},"_links":{"self":[{"href":"https:\/\/www.delirollforming.com\/es\/wp-json\/wp\/v2\/product\/9406","targetHints":{"allow":["GET"]}}],"collection":[{"href":"https:\/\/www.delirollforming.com\/es\/wp-json\/wp\/v2\/product"}],"about":[{"href":"https:\/\/www.delirollforming.com\/es\/wp-json\/wp\/v2\/types\/product"}],"wp:featuredmedia":[{"embeddable":true,"href":"https:\/\/www.delirollforming.com\/es\/wp-json\/wp\/v2\/media\/9391"}],"wp:attachment":[{"href":"https:\/\/www.delirollforming.com\/es\/wp-json\/wp\/v2\/media?parent=9406"}],"wp:term":[{"taxonomy":"product-type","embeddable":true,"href":"https:\/\/www.delirollforming.com\/es\/wp-json\/wp\/v2\/product-type?post=9406"}],"curies":[{"name":"wp","href":"https:\/\/api.w.org\/{rel}","templated":true}]}}