{"id":9351,"date":"2024-08-08T11:25:57","date_gmt":"2024-08-08T03:25:57","guid":{"rendered":"https:\/\/www.delirollforming.com\/?post_type=product&#038;p=9351"},"modified":"2024-08-21T11:15:51","modified_gmt":"2024-08-21T03:15:51","slug":"bed-beam-upright-making-machine","status":"publish","type":"product","link":"https:\/\/www.delirollforming.com\/es\/product\/bed-beam-upright-making-machine\/","title":{"rendered":"L\u00ednea de producci\u00f3n de m\u00e1quina de soldadura l\u00e1ser de tuber\u00eda de cama de apartamentos y montante"},"content":{"rendered":"\n<figure class=\"wp-block-video\"><video height=\"720\" style=\"aspect-ratio: 1280 \/ 720;\" width=\"1280\" controls src=\"https:\/\/www.delirollforming.com\/wp-content\/uploads\/2024\/08\/\u5e8a\u67b6\u540c\u622a\u9762\u7acb\u67f1\u6a2a\u6881.mp4\"><\/video><\/figure>\n\n\n<h3 style=\"margin-top: 3rem; background-color: #eee; border: 1px #ddd solid; padding: 0.5rem 1rem;\"><span style=\"font-family: arial, helvetica, sans-serif; font-size: 18pt;\">Caracter\u00edsticas<\/span><\/h3>\n<p><span style=\"font-family: arial, helvetica, sans-serif; font-size: 14pt;\">1. El manejo de la m\u00e1quina es f\u00e1cil y c\u00f3modo.<\/span><\/p>\n<p><span style=\"font-family: arial, helvetica, sans-serif; font-size: 14pt;\">2. Alta eficiencia de producci\u00f3n &#8211; punzonado, perfilado y corte se pueden completar a la vez.<\/span><\/p>\n<p><span style=\"font-family: arial, helvetica, sans-serif; font-size: 14pt;\">3. El equipo es ampliamente utilizado en la industria de camas de acero.<\/span><\/p>\n<h3 style=\"margin-top: 3rem; background-color: #eee; border: 1px #ddd solid; padding: 0.5rem 1rem;\"><span style=\"font-family: arial, helvetica, sans-serif; font-size: 18pt;\">Proceso De Producci\u00f3n<\/span><\/h3>\n<p style=\"text-align: justify;\"><span style=\"color: #000000; font-family: arial, helvetica, sans-serif; font-size: 14pt;\">\u00a0 \u00a0Desenrollado \u2014 Nivelado \u2014 Prepunzonado \u2014 Formando \u2014 Soldadura l\u00e1ser \u2014 Serrado hidr\u00e1ulico \u2014 Descarga<\/span><\/p>\n<h3 style=\"margin-top: 3rem; background-color: #eee; border: 1px #ddd solid; padding: 0.5rem 1rem;\"><span style=\"font-family: arial, helvetica, sans-serif; font-size: 18pt;\">Dibujo De Perfil<\/span><\/h3>\n\n\n<div class=\"wp-block-columns is-layout-flex wp-container-core-columns-is-layout-9d6595d7 wp-block-columns-is-layout-flex\">\n<div class=\"wp-block-column is-layout-flow wp-block-column-is-layout-flow\">\n<figure class=\"wp-block-image size-full\"><img loading=\"lazy\" decoding=\"async\" width=\"900\" height=\"506\" src=\"https:\/\/www.delirollforming.com\/wp-content\/uploads\/2024\/08\/\u5e8a\u67b6\u89c6\u9891\u5c01\u9762-1.jpg\" alt=\"\" class=\"wp-image-9378\" srcset=\"https:\/\/www.delirollforming.com\/wp-content\/uploads\/2024\/08\/\u5e8a\u67b6\u89c6\u9891\u5c01\u9762-1.jpg 900w, https:\/\/www.delirollforming.com\/wp-content\/uploads\/2024\/08\/\u5e8a\u67b6\u89c6\u9891\u5c01\u9762-1-300x169.jpg 300w, https:\/\/www.delirollforming.com\/wp-content\/uploads\/2024\/08\/\u5e8a\u67b6\u89c6\u9891\u5c01\u9762-1-768x432.jpg 768w\" sizes=\"auto, (max-width: 900px) 100vw, 900px\" \/><\/figure>\n<\/div>\n<\/div>\n\n\n<h3 style=\"margin-top: 3rem; background-color: #eee; border: 1px #ddd solid; padding: 0.5rem 1rem;\"><span style=\"font-family: arial, helvetica, sans-serif; font-size: 18pt;\">Aplicaci\u00f3n Del Producto<\/span><\/h3>\n\n\n<figure class=\"wp-block-image size-large\"><img loading=\"lazy\" decoding=\"async\" width=\"1024\" height=\"768\" src=\"https:\/\/www.delirollforming.com\/wp-content\/uploads\/2023\/10\/\u5e8a\u67b6\u7acb\u67f1-2-1024x768.png\" alt=\"\" class=\"wp-image-3794\" srcset=\"https:\/\/www.delirollforming.com\/wp-content\/uploads\/2023\/10\/\u5e8a\u67b6\u7acb\u67f1-2-1024x768.png 1024w, https:\/\/www.delirollforming.com\/wp-content\/uploads\/2023\/10\/\u5e8a\u67b6\u7acb\u67f1-2-300x225.png 300w, https:\/\/www.delirollforming.com\/wp-content\/uploads\/2023\/10\/\u5e8a\u67b6\u7acb\u67f1-2-768x576.png 768w, https:\/\/www.delirollforming.com\/wp-content\/uploads\/2023\/10\/\u5e8a\u67b6\u7acb\u67f1-2.png 1200w\" sizes=\"auto, (max-width: 1024px) 100vw, 1024px\" \/><\/figure>\n","protected":false},"excerpt":{"rendered":"<p>Caracter\u00edsticas 1. El manejo de la m\u00e1quina es f\u00e1cil y c\u00f3modo. 2. Alta eficiencia de producci\u00f3n &#8211; punzonado, perfilado y corte se pueden completar a la vez. 3. El equipo es ampliamente utilizado en la industria de camas de acero. Proceso De Producci\u00f3n \u00a0 \u00a0Desenrollado \u2014 Nivelado \u2014 Prepunzonado \u2014 Formando \u2014 Soldadura l\u00e1ser \u2014 [&hellip;]<\/p>\n","protected":false},"featured_media":9526,"template":"","product-type":[127,102],"class_list":["post-9351","product","type-product","status-publish","has-post-thumbnail","hentry","product-type-construccion","product-type-constructions-roll-former"],"uagb_featured_image_src":{"full":["https:\/\/www.delirollforming.com\/wp-content\/uploads\/2024\/08\/\u5e8a\u67b6-\u5c01\u976201.jpg",800,450,false],"thumbnail":["https:\/\/www.delirollforming.com\/wp-content\/uploads\/2024\/08\/\u5e8a\u67b6-\u5c01\u976201-150x150.jpg",150,150,true],"medium":["https:\/\/www.delirollforming.com\/wp-content\/uploads\/2024\/08\/\u5e8a\u67b6-\u5c01\u976201-300x169.jpg",300,169,true],"medium_large":["https:\/\/www.delirollforming.com\/wp-content\/uploads\/2024\/08\/\u5e8a\u67b6-\u5c01\u976201-768x432.jpg",768,432,true],"large":["https:\/\/www.delirollforming.com\/wp-content\/uploads\/2024\/08\/\u5e8a\u67b6-\u5c01\u976201.jpg",800,450,false],"1536x1536":["https:\/\/www.delirollforming.com\/wp-content\/uploads\/2024\/08\/\u5e8a\u67b6-\u5c01\u976201.jpg",800,450,false],"2048x2048":["https:\/\/www.delirollforming.com\/wp-content\/uploads\/2024\/08\/\u5e8a\u67b6-\u5c01\u976201.jpg",800,450,false],"book-image":["https:\/\/www.delirollforming.com\/wp-content\/uploads\/2024\/08\/\u5e8a\u67b6-\u5c01\u976201-480x450.jpg",480,450,true]},"uagb_author_info":{"display_name":"deli","author_link":"https:\/\/www.delirollforming.com\/es\/author\/"},"uagb_comment_info":0,"uagb_excerpt":"Caracter\u00edsticas 1. El manejo de la m\u00e1quina es f\u00e1cil y c\u00f3modo. 2. Alta eficiencia de producci\u00f3n &#8211; punzonado, perfilado y corte se pueden completar a la vez. 3. El equipo es ampliamente utilizado en la industria de camas de acero. Proceso De Producci\u00f3n \u00a0 \u00a0Desenrollado \u2014 Nivelado \u2014 Prepunzonado \u2014 Formando \u2014 Soldadura l\u00e1ser \u2014&hellip;","meta_box":{"photos":[{"width":150,"height":150,"file":"2024\/08\/\u5e8a\u67b6\u6a2a\u6881\u7acb\u67f1-1.jpg","filesize":249996,"sizes":{"medium":{"file":"\u5e8a\u67b6\u6a2a\u6881\u7acb\u67f1-1-300x169.jpg","width":300,"height":169,"mime-type":"image\/jpeg","filesize":14157,"url":"https:\/\/www.delirollforming.com\/wp-content\/uploads\/2024\/08\/\u5e8a\u67b6\u6a2a\u6881\u7acb\u67f1-1-300x169.jpg"},"thumbnail":{"file":"\u5e8a\u67b6\u6a2a\u6881\u7acb\u67f1-1-150x150.jpg","width":150,"height":150,"mime-type":"image\/jpeg","filesize":7319,"url":"https:\/\/www.delirollforming.com\/wp-content\/uploads\/2024\/08\/\u5e8a\u67b6\u6a2a\u6881\u7acb\u67f1-1-150x150.jpg"},"medium_large":{"file":"\u5e8a\u67b6\u6a2a\u6881\u7acb\u67f1-1-768x432.jpg","width":768,"height":432,"mime-type":"image\/jpeg","filesize":68744,"url":"https:\/\/www.delirollforming.com\/wp-content\/uploads\/2024\/08\/\u5e8a\u67b6\u6a2a\u6881\u7acb\u67f1-1-768x432.jpg"},"book-image":{"file":"\u5e8a\u67b6\u6a2a\u6881\u7acb\u67f1-1-480x450.jpg","width":480,"height":450,"mime-type":"image\/jpeg","filesize":53364,"url":"https:\/\/www.delirollforming.com\/wp-content\/uploads\/2024\/08\/\u5e8a\u67b6\u6a2a\u6881\u7acb\u67f1-1-480x450.jpg"}},"image_meta":{"aperture":"0","credit":"","camera":"","caption":"","created_timestamp":"0","copyright":"","focal_length":"0","iso":"0","shutter_speed":"0","title":"","orientation":"0","keywords":[]},"ID":"9363","name":"\u5e8a\u67b6\u6a2a\u6881\u7acb\u67f1-1.jpg","path":"\/www\/wwwroot\/www.delirollforming.com\/wp-content\/uploads\/2024\/08\/\u5e8a\u67b6\u6a2a\u6881\u7acb\u67f1-1.jpg","url":"https:\/\/www.delirollforming.com\/wp-content\/uploads\/2024\/08\/\u5e8a\u67b6\u6a2a\u6881\u7acb\u67f1-1-150x150.jpg","full_url":"https:\/\/www.delirollforming.com\/wp-content\/uploads\/2024\/08\/\u5e8a\u67b6\u6a2a\u6881\u7acb\u67f1-1.jpg","title":"\u5e8a\u67b6\u6a2a\u6881\u7acb\u67f1 (1)","caption":"","description":"","alt":"","srcset":false},{"width":150,"height":150,"file":"2024\/08\/\u5e8a\u67b6\u6a2a\u6881\u7acb\u67f1-2.jpg","filesize":179357,"sizes":{"medium":{"file":"\u5e8a\u67b6\u6a2a\u6881\u7acb\u67f1-2-300x169.jpg","width":300,"height":169,"mime-type":"image\/jpeg","filesize":12029,"url":"https:\/\/www.delirollforming.com\/wp-content\/uploads\/2024\/08\/\u5e8a\u67b6\u6a2a\u6881\u7acb\u67f1-2-300x169.jpg"},"thumbnail":{"file":"\u5e8a\u67b6\u6a2a\u6881\u7acb\u67f1-2-150x150.jpg","width":150,"height":150,"mime-type":"image\/jpeg","filesize":6177,"url":"https:\/\/www.delirollforming.com\/wp-content\/uploads\/2024\/08\/\u5e8a\u67b6\u6a2a\u6881\u7acb\u67f1-2-150x150.jpg"},"medium_large":{"file":"\u5e8a\u67b6\u6a2a\u6881\u7acb\u67f1-2-768x432.jpg","width":768,"height":432,"mime-type":"image\/jpeg","filesize":50695,"url":"https:\/\/www.delirollforming.com\/wp-content\/uploads\/2024\/08\/\u5e8a\u67b6\u6a2a\u6881\u7acb\u67f1-2-768x432.jpg"},"book-image":{"file":"\u5e8a\u67b6\u6a2a\u6881\u7acb\u67f1-2-480x450.jpg","width":480,"height":450,"mime-type":"image\/jpeg","filesize":37164,"url":"https:\/\/www.delirollforming.com\/wp-content\/uploads\/2024\/08\/\u5e8a\u67b6\u6a2a\u6881\u7acb\u67f1-2-480x450.jpg"}},"image_meta":{"aperture":"0","credit":"","camera":"","caption":"","created_timestamp":"0","copyright":"","focal_length":"0","iso":"0","shutter_speed":"0","title":"","orientation":"0","keywords":[]},"ID":"9366","name":"\u5e8a\u67b6\u6a2a\u6881\u7acb\u67f1-2.jpg","path":"\/www\/wwwroot\/www.delirollforming.com\/wp-content\/uploads\/2024\/08\/\u5e8a\u67b6\u6a2a\u6881\u7acb\u67f1-2.jpg","url":"https:\/\/www.delirollforming.com\/wp-content\/uploads\/2024\/08\/\u5e8a\u67b6\u6a2a\u6881\u7acb\u67f1-2-150x150.jpg","full_url":"https:\/\/www.delirollforming.com\/wp-content\/uploads\/2024\/08\/\u5e8a\u67b6\u6a2a\u6881\u7acb\u67f1-2.jpg","title":"\u5e8a\u67b6\u6a2a\u6881\u7acb\u67f1 (2)","caption":"","description":"","alt":"","srcset":false},{"width":150,"height":150,"file":"2024\/08\/\u5e8a\u67b6\u6a2a\u6881\u7acb\u67f1-5.jpg","filesize":241212,"sizes":{"medium":{"file":"\u5e8a\u67b6\u6a2a\u6881\u7acb\u67f1-5-300x169.jpg","width":300,"height":169,"mime-type":"image\/jpeg","filesize":12941,"url":"https:\/\/www.delirollforming.com\/wp-content\/uploads\/2024\/08\/\u5e8a\u67b6\u6a2a\u6881\u7acb\u67f1-5-300x169.jpg"},"thumbnail":{"file":"\u5e8a\u67b6\u6a2a\u6881\u7acb\u67f1-5-150x150.jpg","width":150,"height":150,"mime-type":"image\/jpeg","filesize":6766,"url":"https:\/\/www.delirollforming.com\/wp-content\/uploads\/2024\/08\/\u5e8a\u67b6\u6a2a\u6881\u7acb\u67f1-5-150x150.jpg"},"medium_large":{"file":"\u5e8a\u67b6\u6a2a\u6881\u7acb\u67f1-5-768x432.jpg","width":768,"height":432,"mime-type":"image\/jpeg","filesize":61947,"url":"https:\/\/www.delirollforming.com\/wp-content\/uploads\/2024\/08\/\u5e8a\u67b6\u6a2a\u6881\u7acb\u67f1-5-768x432.jpg"},"book-image":{"file":"\u5e8a\u67b6\u6a2a\u6881\u7acb\u67f1-5-480x450.jpg","width":480,"height":450,"mime-type":"image\/jpeg","filesize":49390,"url":"https:\/\/www.delirollforming.com\/wp-content\/uploads\/2024\/08\/\u5e8a\u67b6\u6a2a\u6881\u7acb\u67f1-5-480x450.jpg"}},"image_meta":{"aperture":"0","credit":"","camera":"","caption":"","created_timestamp":"0","copyright":"","focal_length":"0","iso":"0","shutter_speed":"0","title":"","orientation":"0","keywords":[]},"ID":"9354","name":"\u5e8a\u67b6\u6a2a\u6881\u7acb\u67f1-5.jpg","path":"\/www\/wwwroot\/www.delirollforming.com\/wp-content\/uploads\/2024\/08\/\u5e8a\u67b6\u6a2a\u6881\u7acb\u67f1-5.jpg","url":"https:\/\/www.delirollforming.com\/wp-content\/uploads\/2024\/08\/\u5e8a\u67b6\u6a2a\u6881\u7acb\u67f1-5-150x150.jpg","full_url":"https:\/\/www.delirollforming.com\/wp-content\/uploads\/2024\/08\/\u5e8a\u67b6\u6a2a\u6881\u7acb\u67f1-5.jpg","title":"\u5e8a\u67b6\u6a2a\u6881\u7acb\u67f1 (5)","caption":"","description":"","alt":"","srcset":false},{"width":150,"height":150,"file":"2024\/08\/\u5e8a\u67b6\u6a2a\u6881\u7acb\u67f1-3.jpg","filesize":193920,"sizes":{"medium":{"file":"\u5e8a\u67b6\u6a2a\u6881\u7acb\u67f1-3-300x169.jpg","width":300,"height":169,"mime-type":"image\/jpeg","filesize":12076,"url":"https:\/\/www.delirollforming.com\/wp-content\/uploads\/2024\/08\/\u5e8a\u67b6\u6a2a\u6881\u7acb\u67f1-3-300x169.jpg"},"thumbnail":{"file":"\u5e8a\u67b6\u6a2a\u6881\u7acb\u67f1-3-150x150.jpg","width":150,"height":150,"mime-type":"image\/jpeg","filesize":5409,"url":"https:\/\/www.delirollforming.com\/wp-content\/uploads\/2024\/08\/\u5e8a\u67b6\u6a2a\u6881\u7acb\u67f1-3-150x150.jpg"},"medium_large":{"file":"\u5e8a\u67b6\u6a2a\u6881\u7acb\u67f1-3-768x432.jpg","width":768,"height":432,"mime-type":"image\/jpeg","filesize":52343,"url":"https:\/\/www.delirollforming.com\/wp-content\/uploads\/2024\/08\/\u5e8a\u67b6\u6a2a\u6881\u7acb\u67f1-3-768x432.jpg"},"book-image":{"file":"\u5e8a\u67b6\u6a2a\u6881\u7acb\u67f1-3-480x450.jpg","width":480,"height":450,"mime-type":"image\/jpeg","filesize":34070,"url":"https:\/\/www.delirollforming.com\/wp-content\/uploads\/2024\/08\/\u5e8a\u67b6\u6a2a\u6881\u7acb\u67f1-3-480x450.jpg"}},"image_meta":{"aperture":"0","credit":"","camera":"","caption":"","created_timestamp":"0","copyright":"","focal_length":"0","iso":"0","shutter_speed":"0","title":"","orientation":"0","keywords":[]},"ID":"9357","name":"\u5e8a\u67b6\u6a2a\u6881\u7acb\u67f1-3.jpg","path":"\/www\/wwwroot\/www.delirollforming.com\/wp-content\/uploads\/2024\/08\/\u5e8a\u67b6\u6a2a\u6881\u7acb\u67f1-3.jpg","url":"https:\/\/www.delirollforming.com\/wp-content\/uploads\/2024\/08\/\u5e8a\u67b6\u6a2a\u6881\u7acb\u67f1-3-150x150.jpg","full_url":"https:\/\/www.delirollforming.com\/wp-content\/uploads\/2024\/08\/\u5e8a\u67b6\u6a2a\u6881\u7acb\u67f1-3.jpg","title":"\u5e8a\u67b6\u6a2a\u6881\u7acb\u67f1 (3)","caption":"","description":"","alt":"","srcset":false},{"width":150,"height":150,"file":"2024\/08\/\u5e8a\u67b6\u6a2a\u6881\u7acb\u67f1-4.jpg","filesize":167868,"sizes":{"medium":{"file":"\u5e8a\u67b6\u6a2a\u6881\u7acb\u67f1-4-300x168.jpg","width":300,"height":168,"mime-type":"image\/jpeg","filesize":11381,"url":"https:\/\/www.delirollforming.com\/wp-content\/uploads\/2024\/08\/\u5e8a\u67b6\u6a2a\u6881\u7acb\u67f1-4-300x168.jpg"},"thumbnail":{"file":"\u5e8a\u67b6\u6a2a\u6881\u7acb\u67f1-4-150x150.jpg","width":150,"height":150,"mime-type":"image\/jpeg","filesize":5754,"url":"https:\/\/www.delirollforming.com\/wp-content\/uploads\/2024\/08\/\u5e8a\u67b6\u6a2a\u6881\u7acb\u67f1-4-150x150.jpg"},"medium_large":{"file":"\u5e8a\u67b6\u6a2a\u6881\u7acb\u67f1-4-768x431.jpg","width":768,"height":431,"mime-type":"image\/jpeg","filesize":46298,"url":"https:\/\/www.delirollforming.com\/wp-content\/uploads\/2024\/08\/\u5e8a\u67b6\u6a2a\u6881\u7acb\u67f1-4-768x431.jpg"},"book-image":{"file":"\u5e8a\u67b6\u6a2a\u6881\u7acb\u67f1-4-480x449.jpg","width":480,"height":449,"mime-type":"image\/jpeg","filesize":32344,"url":"https:\/\/www.delirollforming.com\/wp-content\/uploads\/2024\/08\/\u5e8a\u67b6\u6a2a\u6881\u7acb\u67f1-4-480x449.jpg"}},"image_meta":{"aperture":"0","credit":"","camera":"","caption":"","created_timestamp":"0","copyright":"","focal_length":"0","iso":"0","shutter_speed":"0","title":"","orientation":"0","keywords":[]},"ID":"9360","name":"\u5e8a\u67b6\u6a2a\u6881\u7acb\u67f1-4.jpg","path":"\/www\/wwwroot\/www.delirollforming.com\/wp-content\/uploads\/2024\/08\/\u5e8a\u67b6\u6a2a\u6881\u7acb\u67f1-4.jpg","url":"https:\/\/www.delirollforming.com\/wp-content\/uploads\/2024\/08\/\u5e8a\u67b6\u6a2a\u6881\u7acb\u67f1-4-150x150.jpg","full_url":"https:\/\/www.delirollforming.com\/wp-content\/uploads\/2024\/08\/\u5e8a\u67b6\u6a2a\u6881\u7acb\u67f1-4.jpg","title":"\u5e8a\u67b6\u6a2a\u6881\u7acb\u67f1 (4)","caption":"","description":"","alt":"","srcset":false}],"parameters":[{"propertyName":"Material","propertyValue":"Acero CR"},{"propertyName":"Profile Size","propertyValue":"90*42mm (Personalizable)"},{"propertyName":"Material Thickness","propertyValue":"1.2mm"},{"propertyName":"Profile Accuracy","propertyValue":"\u00b10.3mm"},{"propertyName":"Forming Rollers","propertyValue":"32"},{"propertyName":"Width Adjustable","propertyValue":"No"},{"propertyName":"Running Speed","propertyValue":"6-8m\/min"},{"propertyName":"Height Adjustable","propertyValue":"No"}],"background":{"width":150,"height":150,"file":"2023\/04\/6978355.png","filesize":1643212,"sizes":{"medium":{"file":"6978355-300x156.png","width":300,"height":156,"mime-type":"image\/png","filesize":112561,"url":"https:\/\/www.delirollforming.com\/wp-content\/uploads\/2023\/04\/6978355-300x156.png"},"large":{"file":"6978355-1024x533.png","width":1024,"height":533,"mime-type":"image\/png","filesize":1259588,"url":"https:\/\/www.delirollforming.com\/wp-content\/uploads\/2023\/04\/6978355-1024x533.png"},"thumbnail":{"file":"6978355-150x150.png","width":150,"height":150,"mime-type":"image\/png","filesize":55589,"url":"https:\/\/www.delirollforming.com\/wp-content\/uploads\/2023\/04\/6978355-150x150.png"},"medium_large":{"file":"6978355-768x400.png","width":768,"height":400,"mime-type":"image\/png","filesize":723593,"url":"https:\/\/www.delirollforming.com\/wp-content\/uploads\/2023\/04\/6978355-768x400.png"},"1536x1536":{"file":"6978355-1536x800.png","width":1536,"height":800,"mime-type":"image\/png","filesize":2601526,"url":"https:\/\/www.delirollforming.com\/wp-content\/uploads\/2023\/04\/6978355-1536x800.png"},"book-image":{"file":"6978355-480x640.png","width":480,"height":640,"mime-type":"image\/png","filesize":725056,"url":"https:\/\/www.delirollforming.com\/wp-content\/uploads\/2023\/04\/6978355-480x640.png"}},"image_meta":{"aperture":"0","credit":"","camera":"","caption":"","created_timestamp":"0","copyright":"","focal_length":"0","iso":"0","shutter_speed":"0","title":"","orientation":"0","keywords":[]},"ID":"2605","name":"6978355.png","path":"\/www\/wwwroot\/www.delirollforming.com\/wp-content\/uploads\/2023\/04\/6978355.png","url":"https:\/\/www.delirollforming.com\/wp-content\/uploads\/2023\/04\/6978355-150x150.png","full_url":"https:\/\/www.delirollforming.com\/wp-content\/uploads\/2023\/04\/6978355.png","title":"6978355","caption":"","description":"","alt":"","srcset":false},"showInHome":"1"},"_links":{"self":[{"href":"https:\/\/www.delirollforming.com\/es\/wp-json\/wp\/v2\/product\/9351","targetHints":{"allow":["GET"]}}],"collection":[{"href":"https:\/\/www.delirollforming.com\/es\/wp-json\/wp\/v2\/product"}],"about":[{"href":"https:\/\/www.delirollforming.com\/es\/wp-json\/wp\/v2\/types\/product"}],"wp:featuredmedia":[{"embeddable":true,"href":"https:\/\/www.delirollforming.com\/es\/wp-json\/wp\/v2\/media\/9526"}],"wp:attachment":[{"href":"https:\/\/www.delirollforming.com\/es\/wp-json\/wp\/v2\/media?parent=9351"}],"wp:term":[{"taxonomy":"product-type","embeddable":true,"href":"https:\/\/www.delirollforming.com\/es\/wp-json\/wp\/v2\/product-type?post=9351"}],"curies":[{"name":"wp","href":"https:\/\/api.w.org\/{rel}","templated":true}]}}