{"id":9098,"date":"2024-06-12T11:37:22","date_gmt":"2024-06-12T03:37:22","guid":{"rendered":"https:\/\/www.delirollforming.com\/?post_type=product&#038;p=9098"},"modified":"2024-06-17T12:04:06","modified_gmt":"2024-06-17T04:04:06","slug":"u-profile-roll-forming-machine","status":"publish","type":"product","link":"https:\/\/www.delirollforming.com\/es\/product\/u-profile-roll-forming-machine\/","title":{"rendered":"M\u00e1quina Perfiladora de Perfiles en U de Alta Velocidad"},"content":{"rendered":"\n<figure class=\"wp-block-video\"><video height=\"720\" style=\"aspect-ratio: 1280 \/ 720;\" width=\"1280\" controls src=\"https:\/\/www.delirollforming.com\/wp-content\/uploads\/2024\/06\/U\u69fd-\u52a0logo.mp4\"><\/video><\/figure>\n\n\n<h3 style=\"margin-top: 3rem; background-color: #eee; border: 1px #ddd solid; padding: 0.5rem 1rem;\"><span style=\"font-family: arial, helvetica, sans-serif; font-size: 18pt;\">Caracter\u00edsticas<\/span><\/h3>\n<p style=\"text-align: justify;\"><span style=\"font-family: arial, helvetica, sans-serif; font-size: 14pt;\">1. Dise\u00f1os personalizables: la m\u00e1quina puede dise\u00f1arse con separadores personalizables para admitir varias anchuras. Esto permite una mayor flexibilidad y adaptaci\u00f3n a las necesidades espec\u00edficas de producci\u00f3n.<\/span><\/p>\n<p style=\"text-align: justify;\"><span style=\"font-family: arial, helvetica, sans-serif; font-size: 14pt;\">2. Alta velocidad: la m\u00e1quina es capaz de procesar a alta velocidad 30-40m\/min, lo que se traduce en una mejora de la productividad y una reducci\u00f3n del tiempo de producci\u00f3n.<\/span><\/p>\n<p style=\"text-align: justify;\"><span style=\"font-family: arial, helvetica, sans-serif; font-size: 14pt;\">3. Aplicaciones vers\u00e1tiles: Las m\u00e1quinas de perfil en U pueden utilizarse en una gran variedad de industrias, incluyendo materiales de construcci\u00f3n, sistemas de bandejas portacables, etc.<\/span><\/p>\n<h3 style=\"margin-top: 3rem; background-color: #eee; border: 1px #ddd solid; padding: 0.5rem 1rem;\"><span style=\"font-family: arial, helvetica, sans-serif; font-size: 18pt;\">Proceso De Producci\u00f3n<\/span><\/h3>\n<p><span style=\"color: #000000; font-family: arial, helvetica, sans-serif; font-size: 14pt;\">\u00a0 \u00a0Bobina de material punzonado &#8211; Desenrollado &#8211; Nivelado &#8211; Perfilado &#8211; Corte &#8211; Descarga<\/span><\/p>\n<h3 style=\"margin-top: 3rem; background-color: #eee; border: 1px #ddd solid; padding: 0.5rem 1rem;\"><span style=\"font-family: arial, helvetica, sans-serif; font-size: 18pt;\">Detalle Del Producto<\/span><\/h3>\n\n\n<div class=\"wp-block-columns is-layout-flex wp-container-core-columns-is-layout-9d6595d7 wp-block-columns-is-layout-flex\">\n<div class=\"wp-block-column is-layout-flow wp-block-column-is-layout-flow\">\n<figure class=\"wp-block-image size-large\"><img loading=\"lazy\" decoding=\"async\" width=\"1024\" height=\"576\" src=\"https:\/\/www.delirollforming.com\/wp-content\/uploads\/2024\/06\/U\u69fd09-1024x576.jpg\" alt=\"\" class=\"wp-image-9083\" srcset=\"https:\/\/www.delirollforming.com\/wp-content\/uploads\/2024\/06\/U\u69fd09-1024x576.jpg 1024w, https:\/\/www.delirollforming.com\/wp-content\/uploads\/2024\/06\/U\u69fd09-300x169.jpg 300w, https:\/\/www.delirollforming.com\/wp-content\/uploads\/2024\/06\/U\u69fd09-768x432.jpg 768w, https:\/\/www.delirollforming.com\/wp-content\/uploads\/2024\/06\/U\u69fd09.jpg 1200w\" sizes=\"auto, (max-width: 1024px) 100vw, 1024px\" \/><\/figure>\n<\/div>\n\n\n\n<div class=\"wp-block-column is-layout-flow wp-block-column-is-layout-flow\">\n<figure class=\"wp-block-image size-large\"><img loading=\"lazy\" decoding=\"async\" width=\"1024\" height=\"576\" src=\"https:\/\/www.delirollforming.com\/wp-content\/uploads\/2024\/06\/U\u69fd10-1024x576.jpg\" alt=\"\" class=\"wp-image-9080\" srcset=\"https:\/\/www.delirollforming.com\/wp-content\/uploads\/2024\/06\/U\u69fd10-1024x576.jpg 1024w, https:\/\/www.delirollforming.com\/wp-content\/uploads\/2024\/06\/U\u69fd10-300x169.jpg 300w, https:\/\/www.delirollforming.com\/wp-content\/uploads\/2024\/06\/U\u69fd10-768x432.jpg 768w, https:\/\/www.delirollforming.com\/wp-content\/uploads\/2024\/06\/U\u69fd10.jpg 1200w\" sizes=\"auto, (max-width: 1024px) 100vw, 1024px\" \/><\/figure>\n<\/div>\n<\/div>\n","protected":false},"excerpt":{"rendered":"<p>Caracter\u00edsticas 1. Dise\u00f1os personalizables: la m\u00e1quina puede dise\u00f1arse con separadores personalizables para admitir varias anchuras. Esto permite una mayor flexibilidad y adaptaci\u00f3n a las necesidades espec\u00edficas de producci\u00f3n. 2. Alta velocidad: la m\u00e1quina es capaz de procesar a alta velocidad 30-40m\/min, lo que se traduce en una mejora de la productividad y una reducci\u00f3n del [&hellip;]<\/p>\n","protected":false},"featured_media":9095,"template":"","product-type":[128,103],"class_list":["post-9098","product","type-product","status-publish","has-post-thumbnail","hentry","product-type-otros","product-type-others"],"uagb_featured_image_src":{"full":["https:\/\/www.delirollforming.com\/wp-content\/uploads\/2024\/06\/U\u69fd-\u5c01\u9762.jpg",1200,675,false],"thumbnail":["https:\/\/www.delirollforming.com\/wp-content\/uploads\/2024\/06\/U\u69fd-\u5c01\u9762-150x150.jpg",150,150,true],"medium":["https:\/\/www.delirollforming.com\/wp-content\/uploads\/2024\/06\/U\u69fd-\u5c01\u9762-300x169.jpg",300,169,true],"medium_large":["https:\/\/www.delirollforming.com\/wp-content\/uploads\/2024\/06\/U\u69fd-\u5c01\u9762-768x432.jpg",768,432,true],"large":["https:\/\/www.delirollforming.com\/wp-content\/uploads\/2024\/06\/U\u69fd-\u5c01\u9762-1024x576.jpg",1024,576,true],"1536x1536":["https:\/\/www.delirollforming.com\/wp-content\/uploads\/2024\/06\/U\u69fd-\u5c01\u9762.jpg",1200,675,false],"2048x2048":["https:\/\/www.delirollforming.com\/wp-content\/uploads\/2024\/06\/U\u69fd-\u5c01\u9762.jpg",1200,675,false],"book-image":["https:\/\/www.delirollforming.com\/wp-content\/uploads\/2024\/06\/U\u69fd-\u5c01\u9762-480x640.jpg",480,640,true]},"uagb_author_info":{"display_name":"deli","author_link":"https:\/\/www.delirollforming.com\/es\/author\/"},"uagb_comment_info":0,"uagb_excerpt":"Caracter\u00edsticas 1. Dise\u00f1os personalizables: la m\u00e1quina puede dise\u00f1arse con separadores personalizables para admitir varias anchuras. Esto permite una mayor flexibilidad y adaptaci\u00f3n a las necesidades espec\u00edficas de producci\u00f3n. 2. Alta velocidad: la m\u00e1quina es capaz de procesar a alta velocidad 30-40m\/min, lo que se traduce en una mejora de la productividad y una reducci\u00f3n del&hellip;","meta_box":{"photos":[{"width":150,"height":150,"file":"2024\/06\/U\u69fd-4.jpg","filesize":162006,"sizes":{"medium":{"file":"U\u69fd-4-300x169.jpg","width":300,"height":169,"mime-type":"image\/jpeg","filesize":7004,"url":"https:\/\/www.delirollforming.com\/wp-content\/uploads\/2024\/06\/U\u69fd-4-300x169.jpg"},"large":{"file":"U\u69fd-4-1024x576.jpg","width":1024,"height":576,"mime-type":"image\/jpeg","filesize":40735,"url":"https:\/\/www.delirollforming.com\/wp-content\/uploads\/2024\/06\/U\u69fd-4-1024x576.jpg"},"thumbnail":{"file":"U\u69fd-4-150x150.jpg","width":150,"height":150,"mime-type":"image\/jpeg","filesize":4440,"url":"https:\/\/www.delirollforming.com\/wp-content\/uploads\/2024\/06\/U\u69fd-4-150x150.jpg"},"medium_large":{"file":"U\u69fd-4-768x432.jpg","width":768,"height":432,"mime-type":"image\/jpeg","filesize":26840,"url":"https:\/\/www.delirollforming.com\/wp-content\/uploads\/2024\/06\/U\u69fd-4-768x432.jpg"},"book-image":{"file":"U\u69fd-4-480x640.jpg","width":480,"height":640,"mime-type":"image\/jpeg","filesize":27334,"url":"https:\/\/www.delirollforming.com\/wp-content\/uploads\/2024\/06\/U\u69fd-4-480x640.jpg"}},"image_meta":{"aperture":"0","credit":"","camera":"","caption":"","created_timestamp":"0","copyright":"","focal_length":"0","iso":"0","shutter_speed":"0","title":"","orientation":"0","keywords":[]},"ID":"9086","name":"U\u69fd-4.jpg","path":"\/www\/wwwroot\/www.delirollforming.com\/wp-content\/uploads\/2024\/06\/U\u69fd-4.jpg","url":"https:\/\/www.delirollforming.com\/wp-content\/uploads\/2024\/06\/U\u69fd-4-150x150.jpg","full_url":"https:\/\/www.delirollforming.com\/wp-content\/uploads\/2024\/06\/U\u69fd-4.jpg","title":"U\u69fd (4)","caption":"","description":"","alt":"","srcset":false},{"width":150,"height":150,"file":"2024\/06\/U\u69fd-3_\u526f\u672c.jpg","filesize":231590,"sizes":{"medium":{"file":"U\u69fd-3_\u526f\u672c-300x169.jpg","width":300,"height":169,"mime-type":"image\/jpeg","filesize":7939,"url":"https:\/\/www.delirollforming.com\/wp-content\/uploads\/2024\/06\/U\u69fd-3_\u526f\u672c-300x169.jpg"},"large":{"file":"U\u69fd-3_\u526f\u672c-1024x576.jpg","width":1024,"height":576,"mime-type":"image\/jpeg","filesize":50583,"url":"https:\/\/www.delirollforming.com\/wp-content\/uploads\/2024\/06\/U\u69fd-3_\u526f\u672c-1024x576.jpg"},"thumbnail":{"file":"U\u69fd-3_\u526f\u672c-150x150.jpg","width":150,"height":150,"mime-type":"image\/jpeg","filesize":4419,"url":"https:\/\/www.delirollforming.com\/wp-content\/uploads\/2024\/06\/U\u69fd-3_\u526f\u672c-150x150.jpg"},"medium_large":{"file":"U\u69fd-3_\u526f\u672c-768x432.jpg","width":768,"height":432,"mime-type":"image\/jpeg","filesize":32477,"url":"https:\/\/www.delirollforming.com\/wp-content\/uploads\/2024\/06\/U\u69fd-3_\u526f\u672c-768x432.jpg"},"book-image":{"file":"U\u69fd-3_\u526f\u672c-480x640.jpg","width":480,"height":640,"mime-type":"image\/jpeg","filesize":28631,"url":"https:\/\/www.delirollforming.com\/wp-content\/uploads\/2024\/06\/U\u69fd-3_\u526f\u672c-480x640.jpg"}},"image_meta":{"aperture":"0","credit":"","camera":"","caption":"","created_timestamp":"0","copyright":"","focal_length":"0","iso":"0","shutter_speed":"0","title":"","orientation":"0","keywords":[]},"ID":"9089","name":"U\u69fd-3_\u526f\u672c.jpg","path":"\/www\/wwwroot\/www.delirollforming.com\/wp-content\/uploads\/2024\/06\/U\u69fd-3_\u526f\u672c.jpg","url":"https:\/\/www.delirollforming.com\/wp-content\/uploads\/2024\/06\/U\u69fd-3_\u526f\u672c-150x150.jpg","full_url":"https:\/\/www.delirollforming.com\/wp-content\/uploads\/2024\/06\/U\u69fd-3_\u526f\u672c.jpg","title":"U\u69fd (3)_\u526f\u672c","caption":"","description":"","alt":"","srcset":false},{"width":150,"height":150,"file":"2024\/06\/U\u69fd-1.jpg","filesize":342961,"sizes":{"medium":{"file":"U\u69fd-1-300x169.jpg","width":300,"height":169,"mime-type":"image\/jpeg","filesize":12059,"url":"https:\/\/www.delirollforming.com\/wp-content\/uploads\/2024\/06\/U\u69fd-1-300x169.jpg"},"large":{"file":"U\u69fd-1-1024x576.jpg","width":1024,"height":576,"mime-type":"image\/jpeg","filesize":75032,"url":"https:\/\/www.delirollforming.com\/wp-content\/uploads\/2024\/06\/U\u69fd-1-1024x576.jpg"},"thumbnail":{"file":"U\u69fd-1-150x150.jpg","width":150,"height":150,"mime-type":"image\/jpeg","filesize":6121,"url":"https:\/\/www.delirollforming.com\/wp-content\/uploads\/2024\/06\/U\u69fd-1-150x150.jpg"},"medium_large":{"file":"U\u69fd-1-768x432.jpg","width":768,"height":432,"mime-type":"image\/jpeg","filesize":48880,"url":"https:\/\/www.delirollforming.com\/wp-content\/uploads\/2024\/06\/U\u69fd-1-768x432.jpg"},"book-image":{"file":"U\u69fd-1-480x640.jpg","width":480,"height":640,"mime-type":"image\/jpeg","filesize":37866,"url":"https:\/\/www.delirollforming.com\/wp-content\/uploads\/2024\/06\/U\u69fd-1-480x640.jpg"}},"image_meta":{"aperture":"0","credit":"","camera":"","caption":"","created_timestamp":"0","copyright":"","focal_length":"0","iso":"0","shutter_speed":"0","title":"","orientation":"0","keywords":[]},"ID":"9071","name":"U\u69fd-1.jpg","path":"\/www\/wwwroot\/www.delirollforming.com\/wp-content\/uploads\/2024\/06\/U\u69fd-1.jpg","url":"https:\/\/www.delirollforming.com\/wp-content\/uploads\/2024\/06\/U\u69fd-1-150x150.jpg","full_url":"https:\/\/www.delirollforming.com\/wp-content\/uploads\/2024\/06\/U\u69fd-1.jpg","title":"U\u69fd (1)","caption":"","description":"","alt":"","srcset":false},{"width":150,"height":150,"file":"2024\/06\/U\u69fd-2.jpg","filesize":279555,"sizes":{"medium":{"file":"U\u69fd-2-300x169.jpg","width":300,"height":169,"mime-type":"image\/jpeg","filesize":8759,"url":"https:\/\/www.delirollforming.com\/wp-content\/uploads\/2024\/06\/U\u69fd-2-300x169.jpg"},"large":{"file":"U\u69fd-2-1024x576.jpg","width":1024,"height":576,"mime-type":"image\/jpeg","filesize":56560,"url":"https:\/\/www.delirollforming.com\/wp-content\/uploads\/2024\/06\/U\u69fd-2-1024x576.jpg"},"thumbnail":{"file":"U\u69fd-2-150x150.jpg","width":150,"height":150,"mime-type":"image\/jpeg","filesize":5304,"url":"https:\/\/www.delirollforming.com\/wp-content\/uploads\/2024\/06\/U\u69fd-2-150x150.jpg"},"medium_large":{"file":"U\u69fd-2-768x432.jpg","width":768,"height":432,"mime-type":"image\/jpeg","filesize":36130,"url":"https:\/\/www.delirollforming.com\/wp-content\/uploads\/2024\/06\/U\u69fd-2-768x432.jpg"},"book-image":{"file":"U\u69fd-2-480x640.jpg","width":480,"height":640,"mime-type":"image\/jpeg","filesize":38564,"url":"https:\/\/www.delirollforming.com\/wp-content\/uploads\/2024\/06\/U\u69fd-2-480x640.jpg"}},"image_meta":{"aperture":"0","credit":"","camera":"","caption":"","created_timestamp":"0","copyright":"","focal_length":"0","iso":"0","shutter_speed":"0","title":"","orientation":"0","keywords":[]},"ID":"9068","name":"U\u69fd-2.jpg","path":"\/www\/wwwroot\/www.delirollforming.com\/wp-content\/uploads\/2024\/06\/U\u69fd-2.jpg","url":"https:\/\/www.delirollforming.com\/wp-content\/uploads\/2024\/06\/U\u69fd-2-150x150.jpg","full_url":"https:\/\/www.delirollforming.com\/wp-content\/uploads\/2024\/06\/U\u69fd-2.jpg","title":"U\u69fd (2)","caption":"","description":"","alt":"","srcset":false},{"width":150,"height":150,"file":"2024\/06\/U\u69fd-3.jpg","filesize":300522,"sizes":{"medium":{"file":"U\u69fd-3-300x169.jpg","width":300,"height":169,"mime-type":"image\/jpeg","filesize":10235,"url":"https:\/\/www.delirollforming.com\/wp-content\/uploads\/2024\/06\/U\u69fd-3-300x169.jpg"},"large":{"file":"U\u69fd-3-1024x576.jpg","width":1024,"height":576,"mime-type":"image\/jpeg","filesize":67582,"url":"https:\/\/www.delirollforming.com\/wp-content\/uploads\/2024\/06\/U\u69fd-3-1024x576.jpg"},"thumbnail":{"file":"U\u69fd-3-150x150.jpg","width":150,"height":150,"mime-type":"image\/jpeg","filesize":5675,"url":"https:\/\/www.delirollforming.com\/wp-content\/uploads\/2024\/06\/U\u69fd-3-150x150.jpg"},"medium_large":{"file":"U\u69fd-3-768x432.jpg","width":768,"height":432,"mime-type":"image\/jpeg","filesize":42751,"url":"https:\/\/www.delirollforming.com\/wp-content\/uploads\/2024\/06\/U\u69fd-3-768x432.jpg"},"book-image":{"file":"U\u69fd-3-480x640.jpg","width":480,"height":640,"mime-type":"image\/jpeg","filesize":43463,"url":"https:\/\/www.delirollforming.com\/wp-content\/uploads\/2024\/06\/U\u69fd-3-480x640.jpg"}},"image_meta":{"aperture":"0","credit":"","camera":"","caption":"","created_timestamp":"0","copyright":"","focal_length":"0","iso":"0","shutter_speed":"0","title":"","orientation":"0","keywords":[]},"ID":"9092","name":"U\u69fd-3.jpg","path":"\/www\/wwwroot\/www.delirollforming.com\/wp-content\/uploads\/2024\/06\/U\u69fd-3.jpg","url":"https:\/\/www.delirollforming.com\/wp-content\/uploads\/2024\/06\/U\u69fd-3-150x150.jpg","full_url":"https:\/\/www.delirollforming.com\/wp-content\/uploads\/2024\/06\/U\u69fd-3.jpg","title":"U\u69fd (3)","caption":"","description":"","alt":"","srcset":false},{"width":150,"height":150,"file":"2024\/06\/U\u69fd11.jpg","filesize":285555,"sizes":{"medium":{"file":"U\u69fd11-300x169.jpg","width":300,"height":169,"mime-type":"image\/jpeg","filesize":9016,"url":"https:\/\/www.delirollforming.com\/wp-content\/uploads\/2024\/06\/U\u69fd11-300x169.jpg"},"large":{"file":"U\u69fd11-1024x576.jpg","width":1024,"height":576,"mime-type":"image\/jpeg","filesize":60221,"url":"https:\/\/www.delirollforming.com\/wp-content\/uploads\/2024\/06\/U\u69fd11-1024x576.jpg"},"thumbnail":{"file":"U\u69fd11-150x150.jpg","width":150,"height":150,"mime-type":"image\/jpeg","filesize":5401,"url":"https:\/\/www.delirollforming.com\/wp-content\/uploads\/2024\/06\/U\u69fd11-150x150.jpg"},"medium_large":{"file":"U\u69fd11-768x432.jpg","width":768,"height":432,"mime-type":"image\/jpeg","filesize":38261,"url":"https:\/\/www.delirollforming.com\/wp-content\/uploads\/2024\/06\/U\u69fd11-768x432.jpg"},"book-image":{"file":"U\u69fd11-480x640.jpg","width":480,"height":640,"mime-type":"image\/jpeg","filesize":39915,"url":"https:\/\/www.delirollforming.com\/wp-content\/uploads\/2024\/06\/U\u69fd11-480x640.jpg"}},"image_meta":{"aperture":"0","credit":"","camera":"","caption":"","created_timestamp":"0","copyright":"","focal_length":"0","iso":"0","shutter_speed":"0","title":"","orientation":"0","keywords":[]},"ID":"9077","name":"U\u69fd11.jpg","path":"\/www\/wwwroot\/www.delirollforming.com\/wp-content\/uploads\/2024\/06\/U\u69fd11.jpg","url":"https:\/\/www.delirollforming.com\/wp-content\/uploads\/2024\/06\/U\u69fd11-150x150.jpg","full_url":"https:\/\/www.delirollforming.com\/wp-content\/uploads\/2024\/06\/U\u69fd11.jpg","title":"U\u69fd11","caption":"","description":"","alt":"","srcset":false},{"width":150,"height":150,"file":"2024\/06\/U\u69fd-2_\u526f\u672c.jpg","filesize":262558,"sizes":{"medium":{"file":"U\u69fd-2_\u526f\u672c-300x169.jpg","width":300,"height":169,"mime-type":"image\/jpeg","filesize":9291,"url":"https:\/\/www.delirollforming.com\/wp-content\/uploads\/2024\/06\/U\u69fd-2_\u526f\u672c-300x169.jpg"},"large":{"file":"U\u69fd-2_\u526f\u672c-1024x576.jpg","width":1024,"height":576,"mime-type":"image\/jpeg","filesize":58814,"url":"https:\/\/www.delirollforming.com\/wp-content\/uploads\/2024\/06\/U\u69fd-2_\u526f\u672c-1024x576.jpg"},"thumbnail":{"file":"U\u69fd-2_\u526f\u672c-150x150.jpg","width":150,"height":150,"mime-type":"image\/jpeg","filesize":5728,"url":"https:\/\/www.delirollforming.com\/wp-content\/uploads\/2024\/06\/U\u69fd-2_\u526f\u672c-150x150.jpg"},"medium_large":{"file":"U\u69fd-2_\u526f\u672c-768x432.jpg","width":768,"height":432,"mime-type":"image\/jpeg","filesize":37941,"url":"https:\/\/www.delirollforming.com\/wp-content\/uploads\/2024\/06\/U\u69fd-2_\u526f\u672c-768x432.jpg"},"book-image":{"file":"U\u69fd-2_\u526f\u672c-480x640.jpg","width":480,"height":640,"mime-type":"image\/jpeg","filesize":40771,"url":"https:\/\/www.delirollforming.com\/wp-content\/uploads\/2024\/06\/U\u69fd-2_\u526f\u672c-480x640.jpg"}},"image_meta":{"aperture":"0","credit":"","camera":"","caption":"","created_timestamp":"0","copyright":"","focal_length":"0","iso":"0","shutter_speed":"0","title":"","orientation":"0","keywords":[]},"ID":"9065","name":"U\u69fd-2_\u526f\u672c.jpg","path":"\/www\/wwwroot\/www.delirollforming.com\/wp-content\/uploads\/2024\/06\/U\u69fd-2_\u526f\u672c.jpg","url":"https:\/\/www.delirollforming.com\/wp-content\/uploads\/2024\/06\/U\u69fd-2_\u526f\u672c-150x150.jpg","full_url":"https:\/\/www.delirollforming.com\/wp-content\/uploads\/2024\/06\/U\u69fd-2_\u526f\u672c.jpg","title":"U\u69fd (2)_\u526f\u672c","caption":"","description":"","alt":"","srcset":false}],"parameters":[{"propertyName":"Material","propertyValue":"Acero CR"},{"propertyName":"Profile Size","propertyValue":"48.8\/73.8\/9 8.8*40mm (Personalizable)"},{"propertyName":"Material Thickness","propertyValue":"1.9-2.0mm"},{"propertyName":"Profile Accuracy","propertyValue":"\u00b10.3mm"},{"propertyName":"Forming Rollers","propertyValue":"20"},{"propertyName":"Width Adjustable","propertyValue":"Yes"},{"propertyName":"Running Speed","propertyValue":"30-40m\/min"},{"propertyName":"Height Adjustable","propertyValue":"No"}],"background":{"width":150,"height":150,"file":"2023\/04\/6978355.png","filesize":1643212,"sizes":{"medium":{"file":"6978355-300x156.png","width":300,"height":156,"mime-type":"image\/png","filesize":112561,"url":"https:\/\/www.delirollforming.com\/wp-content\/uploads\/2023\/04\/6978355-300x156.png"},"large":{"file":"6978355-1024x533.png","width":1024,"height":533,"mime-type":"image\/png","filesize":1259588,"url":"https:\/\/www.delirollforming.com\/wp-content\/uploads\/2023\/04\/6978355-1024x533.png"},"thumbnail":{"file":"6978355-150x150.png","width":150,"height":150,"mime-type":"image\/png","filesize":55589,"url":"https:\/\/www.delirollforming.com\/wp-content\/uploads\/2023\/04\/6978355-150x150.png"},"medium_large":{"file":"6978355-768x400.png","width":768,"height":400,"mime-type":"image\/png","filesize":723593,"url":"https:\/\/www.delirollforming.com\/wp-content\/uploads\/2023\/04\/6978355-768x400.png"},"1536x1536":{"file":"6978355-1536x800.png","width":1536,"height":800,"mime-type":"image\/png","filesize":2601526,"url":"https:\/\/www.delirollforming.com\/wp-content\/uploads\/2023\/04\/6978355-1536x800.png"},"book-image":{"file":"6978355-480x640.png","width":480,"height":640,"mime-type":"image\/png","filesize":725056,"url":"https:\/\/www.delirollforming.com\/wp-content\/uploads\/2023\/04\/6978355-480x640.png"}},"image_meta":{"aperture":"0","credit":"","camera":"","caption":"","created_timestamp":"0","copyright":"","focal_length":"0","iso":"0","shutter_speed":"0","title":"","orientation":"0","keywords":[]},"ID":"2605","name":"6978355.png","path":"\/www\/wwwroot\/www.delirollforming.com\/wp-content\/uploads\/2023\/04\/6978355.png","url":"https:\/\/www.delirollforming.com\/wp-content\/uploads\/2023\/04\/6978355-150x150.png","full_url":"https:\/\/www.delirollforming.com\/wp-content\/uploads\/2023\/04\/6978355.png","title":"6978355","caption":"","description":"","alt":"","srcset":false},"showInHome":"0"},"_links":{"self":[{"href":"https:\/\/www.delirollforming.com\/es\/wp-json\/wp\/v2\/product\/9098","targetHints":{"allow":["GET"]}}],"collection":[{"href":"https:\/\/www.delirollforming.com\/es\/wp-json\/wp\/v2\/product"}],"about":[{"href":"https:\/\/www.delirollforming.com\/es\/wp-json\/wp\/v2\/types\/product"}],"wp:featuredmedia":[{"embeddable":true,"href":"https:\/\/www.delirollforming.com\/es\/wp-json\/wp\/v2\/media\/9095"}],"wp:attachment":[{"href":"https:\/\/www.delirollforming.com\/es\/wp-json\/wp\/v2\/media?parent=9098"}],"wp:term":[{"taxonomy":"product-type","embeddable":true,"href":"https:\/\/www.delirollforming.com\/es\/wp-json\/wp\/v2\/product-type?post=9098"}],"curies":[{"name":"wp","href":"https:\/\/api.w.org\/{rel}","templated":true}]}}