{"id":8960,"date":"2024-05-08T17:09:12","date_gmt":"2024-05-08T09:09:12","guid":{"rendered":"https:\/\/www.delirollforming.com\/?post_type=product&#038;p=8960"},"modified":"2024-08-12T11:11:42","modified_gmt":"2024-08-12T03:11:42","slug":"outdoor-shed-side-panel-machine","status":"publish","type":"product","link":"https:\/\/www.delirollforming.com\/es\/product\/outdoor-shed-side-panel-machine\/","title":{"rendered":"M\u00e1quina Perfiladora de Panel Lateral de Cobertizo Met\u00e1lico para Toldos de Exterior"},"content":{"rendered":"\n<figure class=\"wp-block-video\"><video height=\"720\" style=\"aspect-ratio: 1280 \/ 720;\" width=\"1280\" controls src=\"https:\/\/www.delirollforming.com\/wp-content\/uploads\/2024\/05\/\u4f11\u95f2\u76d2\u524d\u540e\u4fa7\u677f.mp4\"><\/video><\/figure>\n\n\n<h3 style=\"margin-top: 3rem; background-color: #eee; border: 1px #ddd solid; padding: 0.5rem 1rem;\"><span style=\"font-family: arial, helvetica, sans-serif; font-size: 18pt;\">Caracter\u00edsticas<\/span><\/h3>\n<p>A<span style=\"font-family: arial, helvetica, sans-serif; font-size: 14pt;\">lta precisi\u00f3n: mantiene la consistencia en la calidad y la precisi\u00f3n dentro de \u00b10,3 mm.<\/span><\/p>\n<p><span style=\"font-family: arial, helvetica, sans-serif; font-size: 14pt;\">Servo plegado en l\u00ednea: esta soluci\u00f3n \u00fanica es eficaz, precisa y flexible para m\u00faltiples tama\u00f1os, lo que la diferencia del proceso manual tradicional paso a paso.<\/span><\/p>\n<p><span style=\"font-family: arial, helvetica, sans-serif; font-size: 14pt;\">Mayor productividad: El proceso automatizado aumenta la velocidad y la eficiencia de la producci\u00f3n, reduciendo la necesidad de mano de obra y aumentando la productividad general.<\/span><\/p>\n<p><span style=\"font-family: arial, helvetica, sans-serif; font-size: 14pt;\">Tecnolog\u00eda avanzada: Con el uso de tecnolog\u00eda avanzada, la l\u00ednea de producci\u00f3n es capaz de producir productos finales de alta calidad con un m\u00ednimo de residuos, lo que reduce los costes y aumenta la eficiencia.<\/span><\/p>\n<p><span style=\"font-family: arial, helvetica, sans-serif; font-size: 14pt;\">Personalizaci\u00f3n: La l\u00ednea de producci\u00f3n puede personalizarse para satisfacer necesidades de producci\u00f3n espec\u00edficas, lo que permite flexibilidad y versatilidad en el proceso de fabricaci\u00f3n.<\/span><\/p>\n<h3 style=\"margin-top: 3rem; background-color: #eee; border: 1px #ddd solid; padding: 0.5rem 1rem;\"><span style=\"font-family: arial, helvetica, sans-serif; font-size: 18pt;\">Proceso De Producci\u00f3n<\/span><\/h3>\n<p style=\"text-align: justify;\"><span style=\"color: #000000; font-family: arial, helvetica, sans-serif; font-size: 14pt;\">\u00a0 \u00a0Desenrollado \u2014 Nivelado \u2014 Prepunzonado \u2014 Formando \u2014 Corte \u2014 Ambos extremos Servo Flexi\u00f3n \u2014 Descarga<\/span><\/p>\n<h3 style=\"margin-top: 3rem; background-color: #eee; border: 1px #ddd solid; padding: 0.5rem 1rem;\"><span style=\"font-family: arial, helvetica, sans-serif; font-size: 18pt;\">Detalle Del Producto<\/span><\/h3>\n\n\n<div class=\"wp-block-columns is-layout-flex wp-container-core-columns-is-layout-9d6595d7 wp-block-columns-is-layout-flex\">\n<div class=\"wp-block-column is-layout-flow wp-block-column-is-layout-flow\">\n<div class=\"wp-block-columns is-layout-flex wp-container-core-columns-is-layout-9d6595d7 wp-block-columns-is-layout-flex\">\n<div class=\"wp-block-column is-layout-flow wp-block-column-is-layout-flow\">\n<figure class=\"wp-block-image size-large\"><img loading=\"lazy\" decoding=\"async\" width=\"1024\" height=\"576\" src=\"https:\/\/www.delirollforming.com\/wp-content\/uploads\/2024\/05\/\u4f11\u95f2\u76d2\u524d\u540e\u4fa7\u677f-\u5c01\u9762-2-1024x576.jpg\" alt=\"\" class=\"wp-image-8927\" srcset=\"https:\/\/www.delirollforming.com\/wp-content\/uploads\/2024\/05\/\u4f11\u95f2\u76d2\u524d\u540e\u4fa7\u677f-\u5c01\u9762-2-1024x576.jpg 1024w, https:\/\/www.delirollforming.com\/wp-content\/uploads\/2024\/05\/\u4f11\u95f2\u76d2\u524d\u540e\u4fa7\u677f-\u5c01\u9762-2-300x169.jpg 300w, https:\/\/www.delirollforming.com\/wp-content\/uploads\/2024\/05\/\u4f11\u95f2\u76d2\u524d\u540e\u4fa7\u677f-\u5c01\u9762-2-768x432.jpg 768w, https:\/\/www.delirollforming.com\/wp-content\/uploads\/2024\/05\/\u4f11\u95f2\u76d2\u524d\u540e\u4fa7\u677f-\u5c01\u9762-2.jpg 1200w\" sizes=\"auto, (max-width: 1024px) 100vw, 1024px\" \/><\/figure>\n<\/div>\n<\/div>\n<\/div>\n<\/div>\n","protected":false},"excerpt":{"rendered":"<p>Caracter\u00edsticas Alta precisi\u00f3n: mantiene la consistencia en la calidad y la precisi\u00f3n dentro de \u00b10,3 mm. Servo plegado en l\u00ednea: esta soluci\u00f3n \u00fanica es eficaz, precisa y flexible para m\u00faltiples tama\u00f1os, lo que la diferencia del proceso manual tradicional paso a paso. Mayor productividad: El proceso automatizado aumenta la velocidad y la eficiencia de la [&hellip;]<\/p>\n","protected":false},"featured_media":8924,"template":"","product-type":[128],"class_list":["post-8960","product","type-product","status-publish","has-post-thumbnail","hentry","product-type-otros"],"uagb_featured_image_src":{"full":["https:\/\/www.delirollforming.com\/wp-content\/uploads\/2024\/05\/\u4f11\u95f2\u76d2\u524d\u540e\u4fa7\u677f-\u5c01\u9762-1_\u526f\u672c.jpg",1200,675,false],"thumbnail":["https:\/\/www.delirollforming.com\/wp-content\/uploads\/2024\/05\/\u4f11\u95f2\u76d2\u524d\u540e\u4fa7\u677f-\u5c01\u9762-1_\u526f\u672c-150x150.jpg",150,150,true],"medium":["https:\/\/www.delirollforming.com\/wp-content\/uploads\/2024\/05\/\u4f11\u95f2\u76d2\u524d\u540e\u4fa7\u677f-\u5c01\u9762-1_\u526f\u672c-300x169.jpg",300,169,true],"medium_large":["https:\/\/www.delirollforming.com\/wp-content\/uploads\/2024\/05\/\u4f11\u95f2\u76d2\u524d\u540e\u4fa7\u677f-\u5c01\u9762-1_\u526f\u672c-768x432.jpg",768,432,true],"large":["https:\/\/www.delirollforming.com\/wp-content\/uploads\/2024\/05\/\u4f11\u95f2\u76d2\u524d\u540e\u4fa7\u677f-\u5c01\u9762-1_\u526f\u672c-1024x576.jpg",1024,576,true],"1536x1536":["https:\/\/www.delirollforming.com\/wp-content\/uploads\/2024\/05\/\u4f11\u95f2\u76d2\u524d\u540e\u4fa7\u677f-\u5c01\u9762-1_\u526f\u672c.jpg",1200,675,false],"2048x2048":["https:\/\/www.delirollforming.com\/wp-content\/uploads\/2024\/05\/\u4f11\u95f2\u76d2\u524d\u540e\u4fa7\u677f-\u5c01\u9762-1_\u526f\u672c.jpg",1200,675,false],"book-image":["https:\/\/www.delirollforming.com\/wp-content\/uploads\/2024\/05\/\u4f11\u95f2\u76d2\u524d\u540e\u4fa7\u677f-\u5c01\u9762-1_\u526f\u672c-480x640.jpg",480,640,true]},"uagb_author_info":{"display_name":"deli","author_link":"https:\/\/www.delirollforming.com\/es\/author\/"},"uagb_comment_info":0,"uagb_excerpt":"Caracter\u00edsticas Alta precisi\u00f3n: mantiene la consistencia en la calidad y la precisi\u00f3n dentro de \u00b10,3 mm. Servo plegado en l\u00ednea: esta soluci\u00f3n \u00fanica es eficaz, precisa y flexible para m\u00faltiples tama\u00f1os, lo que la diferencia del proceso manual tradicional paso a paso. Mayor productividad: El proceso automatizado aumenta la velocidad y la eficiencia de la&hellip;","meta_box":{"photos":[{"width":150,"height":150,"file":"2024\/05\/\u4f11\u95f2\u76d2\u524d\u540e\u4fa7\u677f-3_\u526f\u672c.jpg","filesize":131583,"sizes":{"medium":{"file":"\u4f11\u95f2\u76d2\u524d\u540e\u4fa7\u677f-3_\u526f\u672c-300x169.jpg","width":300,"height":169,"mime-type":"image\/jpeg","filesize":6656,"url":"https:\/\/www.delirollforming.com\/wp-content\/uploads\/2024\/05\/\u4f11\u95f2\u76d2\u524d\u540e\u4fa7\u677f-3_\u526f\u672c-300x169.jpg"},"large":{"file":"\u4f11\u95f2\u76d2\u524d\u540e\u4fa7\u677f-3_\u526f\u672c-1024x575.jpg","width":1024,"height":575,"mime-type":"image\/jpeg","filesize":35920,"url":"https:\/\/www.delirollforming.com\/wp-content\/uploads\/2024\/05\/\u4f11\u95f2\u76d2\u524d\u540e\u4fa7\u677f-3_\u526f\u672c-1024x575.jpg"},"thumbnail":{"file":"\u4f11\u95f2\u76d2\u524d\u540e\u4fa7\u677f-3_\u526f\u672c-150x150.jpg","width":150,"height":150,"mime-type":"image\/jpeg","filesize":4407,"url":"https:\/\/www.delirollforming.com\/wp-content\/uploads\/2024\/05\/\u4f11\u95f2\u76d2\u524d\u540e\u4fa7\u677f-3_\u526f\u672c-150x150.jpg"},"medium_large":{"file":"\u4f11\u95f2\u76d2\u524d\u540e\u4fa7\u677f-3_\u526f\u672c-768x431.jpg","width":768,"height":431,"mime-type":"image\/jpeg","filesize":23995,"url":"https:\/\/www.delirollforming.com\/wp-content\/uploads\/2024\/05\/\u4f11\u95f2\u76d2\u524d\u540e\u4fa7\u677f-3_\u526f\u672c-768x431.jpg"},"book-image":{"file":"\u4f11\u95f2\u76d2\u524d\u540e\u4fa7\u677f-3_\u526f\u672c-480x640.jpg","width":480,"height":640,"mime-type":"image\/jpeg","filesize":21944,"url":"https:\/\/www.delirollforming.com\/wp-content\/uploads\/2024\/05\/\u4f11\u95f2\u76d2\u524d\u540e\u4fa7\u677f-3_\u526f\u672c-480x640.jpg"}},"image_meta":{"aperture":"0","credit":"","camera":"","caption":"","created_timestamp":"0","copyright":"","focal_length":"0","iso":"0","shutter_speed":"0","title":"","orientation":"0","keywords":[]},"ID":"8942","name":"\u4f11\u95f2\u76d2\u524d\u540e\u4fa7\u677f-3_\u526f\u672c.jpg","path":"\/www\/wwwroot\/www.delirollforming.com\/wp-content\/uploads\/2024\/05\/\u4f11\u95f2\u76d2\u524d\u540e\u4fa7\u677f-3_\u526f\u672c.jpg","url":"https:\/\/www.delirollforming.com\/wp-content\/uploads\/2024\/05\/\u4f11\u95f2\u76d2\u524d\u540e\u4fa7\u677f-3_\u526f\u672c-150x150.jpg","full_url":"https:\/\/www.delirollforming.com\/wp-content\/uploads\/2024\/05\/\u4f11\u95f2\u76d2\u524d\u540e\u4fa7\u677f-3_\u526f\u672c.jpg","title":"\u4f11\u95f2\u76d2\u524d\u540e\u4fa7\u677f (3)_\u526f\u672c","caption":"","description":"","alt":"","srcset":false},{"width":150,"height":150,"file":"2024\/05\/\u4f11\u95f2\u76d2\u524d\u540e\u4fa7\u677f-4_\u526f\u672c.jpg","filesize":162360,"sizes":{"medium":{"file":"\u4f11\u95f2\u76d2\u524d\u540e\u4fa7\u677f-4_\u526f\u672c-300x169.jpg","width":300,"height":169,"mime-type":"image\/jpeg","filesize":7084,"url":"https:\/\/www.delirollforming.com\/wp-content\/uploads\/2024\/05\/\u4f11\u95f2\u76d2\u524d\u540e\u4fa7\u677f-4_\u526f\u672c-300x169.jpg"},"large":{"file":"\u4f11\u95f2\u76d2\u524d\u540e\u4fa7\u677f-4_\u526f\u672c-1024x575.jpg","width":1024,"height":575,"mime-type":"image\/jpeg","filesize":42097,"url":"https:\/\/www.delirollforming.com\/wp-content\/uploads\/2024\/05\/\u4f11\u95f2\u76d2\u524d\u540e\u4fa7\u677f-4_\u526f\u672c-1024x575.jpg"},"thumbnail":{"file":"\u4f11\u95f2\u76d2\u524d\u540e\u4fa7\u677f-4_\u526f\u672c-150x150.jpg","width":150,"height":150,"mime-type":"image\/jpeg","filesize":4975,"url":"https:\/\/www.delirollforming.com\/wp-content\/uploads\/2024\/05\/\u4f11\u95f2\u76d2\u524d\u540e\u4fa7\u677f-4_\u526f\u672c-150x150.jpg"},"medium_large":{"file":"\u4f11\u95f2\u76d2\u524d\u540e\u4fa7\u677f-4_\u526f\u672c-768x431.jpg","width":768,"height":431,"mime-type":"image\/jpeg","filesize":27437,"url":"https:\/\/www.delirollforming.com\/wp-content\/uploads\/2024\/05\/\u4f11\u95f2\u76d2\u524d\u540e\u4fa7\u677f-4_\u526f\u672c-768x431.jpg"},"book-image":{"file":"\u4f11\u95f2\u76d2\u524d\u540e\u4fa7\u677f-4_\u526f\u672c-480x640.jpg","width":480,"height":640,"mime-type":"image\/jpeg","filesize":31020,"url":"https:\/\/www.delirollforming.com\/wp-content\/uploads\/2024\/05\/\u4f11\u95f2\u76d2\u524d\u540e\u4fa7\u677f-4_\u526f\u672c-480x640.jpg"}},"image_meta":{"aperture":"0","credit":"","camera":"","caption":"","created_timestamp":"0","copyright":"","focal_length":"0","iso":"0","shutter_speed":"0","title":"","orientation":"0","keywords":[]},"ID":"8948","name":"\u4f11\u95f2\u76d2\u524d\u540e\u4fa7\u677f-4_\u526f\u672c.jpg","path":"\/www\/wwwroot\/www.delirollforming.com\/wp-content\/uploads\/2024\/05\/\u4f11\u95f2\u76d2\u524d\u540e\u4fa7\u677f-4_\u526f\u672c.jpg","url":"https:\/\/www.delirollforming.com\/wp-content\/uploads\/2024\/05\/\u4f11\u95f2\u76d2\u524d\u540e\u4fa7\u677f-4_\u526f\u672c-150x150.jpg","full_url":"https:\/\/www.delirollforming.com\/wp-content\/uploads\/2024\/05\/\u4f11\u95f2\u76d2\u524d\u540e\u4fa7\u677f-4_\u526f\u672c.jpg","title":"\u4f11\u95f2\u76d2\u524d\u540e\u4fa7\u677f (4)_\u526f\u672c","caption":"","description":"","alt":"","srcset":false},{"width":150,"height":150,"file":"2024\/05\/\u4f11\u95f2\u76d2\u524d\u540e\u4fa7\u677f-5.jpg","filesize":212078,"sizes":{"medium":{"file":"\u4f11\u95f2\u76d2\u524d\u540e\u4fa7\u677f-5-300x169.jpg","width":300,"height":169,"mime-type":"image\/jpeg","filesize":7916,"url":"https:\/\/www.delirollforming.com\/wp-content\/uploads\/2024\/05\/\u4f11\u95f2\u76d2\u524d\u540e\u4fa7\u677f-5-300x169.jpg"},"large":{"file":"\u4f11\u95f2\u76d2\u524d\u540e\u4fa7\u677f-5-1024x576.jpg","width":1024,"height":576,"mime-type":"image\/jpeg","filesize":51041,"url":"https:\/\/www.delirollforming.com\/wp-content\/uploads\/2024\/05\/\u4f11\u95f2\u76d2\u524d\u540e\u4fa7\u677f-5-1024x576.jpg"},"thumbnail":{"file":"\u4f11\u95f2\u76d2\u524d\u540e\u4fa7\u677f-5-150x150.jpg","width":150,"height":150,"mime-type":"image\/jpeg","filesize":4358,"url":"https:\/\/www.delirollforming.com\/wp-content\/uploads\/2024\/05\/\u4f11\u95f2\u76d2\u524d\u540e\u4fa7\u677f-5-150x150.jpg"},"medium_large":{"file":"\u4f11\u95f2\u76d2\u524d\u540e\u4fa7\u677f-5-768x432.jpg","width":768,"height":432,"mime-type":"image\/jpeg","filesize":32866,"url":"https:\/\/www.delirollforming.com\/wp-content\/uploads\/2024\/05\/\u4f11\u95f2\u76d2\u524d\u540e\u4fa7\u677f-5-768x432.jpg"},"book-image":{"file":"\u4f11\u95f2\u76d2\u524d\u540e\u4fa7\u677f-5-480x640.jpg","width":480,"height":640,"mime-type":"image\/jpeg","filesize":27494,"url":"https:\/\/www.delirollforming.com\/wp-content\/uploads\/2024\/05\/\u4f11\u95f2\u76d2\u524d\u540e\u4fa7\u677f-5-480x640.jpg"}},"image_meta":{"aperture":"0","credit":"","camera":"","caption":"","created_timestamp":"0","copyright":"","focal_length":"0","iso":"0","shutter_speed":"0","title":"","orientation":"0","keywords":[]},"ID":"8951","name":"\u4f11\u95f2\u76d2\u524d\u540e\u4fa7\u677f-5.jpg","path":"\/www\/wwwroot\/www.delirollforming.com\/wp-content\/uploads\/2024\/05\/\u4f11\u95f2\u76d2\u524d\u540e\u4fa7\u677f-5.jpg","url":"https:\/\/www.delirollforming.com\/wp-content\/uploads\/2024\/05\/\u4f11\u95f2\u76d2\u524d\u540e\u4fa7\u677f-5-150x150.jpg","full_url":"https:\/\/www.delirollforming.com\/wp-content\/uploads\/2024\/05\/\u4f11\u95f2\u76d2\u524d\u540e\u4fa7\u677f-5.jpg","title":"\u4f11\u95f2\u76d2\u524d\u540e\u4fa7\u677f (5)","caption":"","description":"","alt":"","srcset":false},{"width":150,"height":150,"file":"2024\/05\/\u4f11\u95f2\u76d2\u524d\u540e\u4fa7\u677f-3.jpg","filesize":148401,"sizes":{"medium":{"file":"\u4f11\u95f2\u76d2\u524d\u540e\u4fa7\u677f-3-300x169.jpg","width":300,"height":169,"mime-type":"image\/jpeg","filesize":6751,"url":"https:\/\/www.delirollforming.com\/wp-content\/uploads\/2024\/05\/\u4f11\u95f2\u76d2\u524d\u540e\u4fa7\u677f-3-300x169.jpg"},"large":{"file":"\u4f11\u95f2\u76d2\u524d\u540e\u4fa7\u677f-3-1024x576.jpg","width":1024,"height":576,"mime-type":"image\/jpeg","filesize":40893,"url":"https:\/\/www.delirollforming.com\/wp-content\/uploads\/2024\/05\/\u4f11\u95f2\u76d2\u524d\u540e\u4fa7\u677f-3-1024x576.jpg"},"thumbnail":{"file":"\u4f11\u95f2\u76d2\u524d\u540e\u4fa7\u677f-3-150x150.jpg","width":150,"height":150,"mime-type":"image\/jpeg","filesize":3784,"url":"https:\/\/www.delirollforming.com\/wp-content\/uploads\/2024\/05\/\u4f11\u95f2\u76d2\u524d\u540e\u4fa7\u677f-3-150x150.jpg"},"medium_large":{"file":"\u4f11\u95f2\u76d2\u524d\u540e\u4fa7\u677f-3-768x432.jpg","width":768,"height":432,"mime-type":"image\/jpeg","filesize":26506,"url":"https:\/\/www.delirollforming.com\/wp-content\/uploads\/2024\/05\/\u4f11\u95f2\u76d2\u524d\u540e\u4fa7\u677f-3-768x432.jpg"},"book-image":{"file":"\u4f11\u95f2\u76d2\u524d\u540e\u4fa7\u677f-3-480x640.jpg","width":480,"height":640,"mime-type":"image\/jpeg","filesize":23622,"url":"https:\/\/www.delirollforming.com\/wp-content\/uploads\/2024\/05\/\u4f11\u95f2\u76d2\u524d\u540e\u4fa7\u677f-3-480x640.jpg"}},"image_meta":{"aperture":"0","credit":"","camera":"","caption":"","created_timestamp":"0","copyright":"","focal_length":"0","iso":"0","shutter_speed":"0","title":"","orientation":"0","keywords":[]},"ID":"8939","name":"\u4f11\u95f2\u76d2\u524d\u540e\u4fa7\u677f-3.jpg","path":"\/www\/wwwroot\/www.delirollforming.com\/wp-content\/uploads\/2024\/05\/\u4f11\u95f2\u76d2\u524d\u540e\u4fa7\u677f-3.jpg","url":"https:\/\/www.delirollforming.com\/wp-content\/uploads\/2024\/05\/\u4f11\u95f2\u76d2\u524d\u540e\u4fa7\u677f-3-150x150.jpg","full_url":"https:\/\/www.delirollforming.com\/wp-content\/uploads\/2024\/05\/\u4f11\u95f2\u76d2\u524d\u540e\u4fa7\u677f-3.jpg","title":"\u4f11\u95f2\u76d2\u524d\u540e\u4fa7\u677f (3)","caption":"","description":"","alt":"","srcset":false},{"width":150,"height":150,"file":"2024\/05\/\u4f11\u95f2\u76d2\u524d\u540e\u4fa7\u677f-6.jpg","filesize":179451,"sizes":{"medium":{"file":"\u4f11\u95f2\u76d2\u524d\u540e\u4fa7\u677f-6-300x169.jpg","width":300,"height":169,"mime-type":"image\/jpeg","filesize":7641,"url":"https:\/\/www.delirollforming.com\/wp-content\/uploads\/2024\/05\/\u4f11\u95f2\u76d2\u524d\u540e\u4fa7\u677f-6-300x169.jpg"},"large":{"file":"\u4f11\u95f2\u76d2\u524d\u540e\u4fa7\u677f-6-1024x576.jpg","width":1024,"height":576,"mime-type":"image\/jpeg","filesize":45349,"url":"https:\/\/www.delirollforming.com\/wp-content\/uploads\/2024\/05\/\u4f11\u95f2\u76d2\u524d\u540e\u4fa7\u677f-6-1024x576.jpg"},"thumbnail":{"file":"\u4f11\u95f2\u76d2\u524d\u540e\u4fa7\u677f-6-150x150.jpg","width":150,"height":150,"mime-type":"image\/jpeg","filesize":4211,"url":"https:\/\/www.delirollforming.com\/wp-content\/uploads\/2024\/05\/\u4f11\u95f2\u76d2\u524d\u540e\u4fa7\u677f-6-150x150.jpg"},"medium_large":{"file":"\u4f11\u95f2\u76d2\u524d\u540e\u4fa7\u677f-6-768x432.jpg","width":768,"height":432,"mime-type":"image\/jpeg","filesize":29295,"url":"https:\/\/www.delirollforming.com\/wp-content\/uploads\/2024\/05\/\u4f11\u95f2\u76d2\u524d\u540e\u4fa7\u677f-6-768x432.jpg"},"book-image":{"file":"\u4f11\u95f2\u76d2\u524d\u540e\u4fa7\u677f-6-480x640.jpg","width":480,"height":640,"mime-type":"image\/jpeg","filesize":27022,"url":"https:\/\/www.delirollforming.com\/wp-content\/uploads\/2024\/05\/\u4f11\u95f2\u76d2\u524d\u540e\u4fa7\u677f-6-480x640.jpg"}},"image_meta":{"aperture":"0","credit":"","camera":"","caption":"","created_timestamp":"0","copyright":"","focal_length":"0","iso":"0","shutter_speed":"0","title":"","orientation":"0","keywords":[]},"ID":"8921","name":"\u4f11\u95f2\u76d2\u524d\u540e\u4fa7\u677f-6.jpg","path":"\/www\/wwwroot\/www.delirollforming.com\/wp-content\/uploads\/2024\/05\/\u4f11\u95f2\u76d2\u524d\u540e\u4fa7\u677f-6.jpg","url":"https:\/\/www.delirollforming.com\/wp-content\/uploads\/2024\/05\/\u4f11\u95f2\u76d2\u524d\u540e\u4fa7\u677f-6-150x150.jpg","full_url":"https:\/\/www.delirollforming.com\/wp-content\/uploads\/2024\/05\/\u4f11\u95f2\u76d2\u524d\u540e\u4fa7\u677f-6.jpg","title":"\u4f11\u95f2\u76d2\u524d\u540e\u4fa7\u677f (6)","caption":"","description":"","alt":"","srcset":false},{"width":150,"height":150,"file":"2024\/05\/\u4f11\u95f2\u76d2\u524d\u540e\u4fa7\u677f-4.jpg","filesize":415037,"sizes":{"medium":{"file":"\u4f11\u95f2\u76d2\u524d\u540e\u4fa7\u677f-4-300x169.jpg","width":300,"height":169,"mime-type":"image\/jpeg","filesize":13716,"url":"https:\/\/www.delirollforming.com\/wp-content\/uploads\/2024\/05\/\u4f11\u95f2\u76d2\u524d\u540e\u4fa7\u677f-4-300x169.jpg"},"large":{"file":"\u4f11\u95f2\u76d2\u524d\u540e\u4fa7\u677f-4-1024x576.jpg","width":1024,"height":576,"mime-type":"image\/jpeg","filesize":94964,"url":"https:\/\/www.delirollforming.com\/wp-content\/uploads\/2024\/05\/\u4f11\u95f2\u76d2\u524d\u540e\u4fa7\u677f-4-1024x576.jpg"},"thumbnail":{"file":"\u4f11\u95f2\u76d2\u524d\u540e\u4fa7\u677f-4-150x150.jpg","width":150,"height":150,"mime-type":"image\/jpeg","filesize":6401,"url":"https:\/\/www.delirollforming.com\/wp-content\/uploads\/2024\/05\/\u4f11\u95f2\u76d2\u524d\u540e\u4fa7\u677f-4-150x150.jpg"},"medium_large":{"file":"\u4f11\u95f2\u76d2\u524d\u540e\u4fa7\u677f-4-768x432.jpg","width":768,"height":432,"mime-type":"image\/jpeg","filesize":60937,"url":"https:\/\/www.delirollforming.com\/wp-content\/uploads\/2024\/05\/\u4f11\u95f2\u76d2\u524d\u540e\u4fa7\u677f-4-768x432.jpg"},"book-image":{"file":"\u4f11\u95f2\u76d2\u524d\u540e\u4fa7\u677f-4-480x640.jpg","width":480,"height":640,"mime-type":"image\/jpeg","filesize":42644,"url":"https:\/\/www.delirollforming.com\/wp-content\/uploads\/2024\/05\/\u4f11\u95f2\u76d2\u524d\u540e\u4fa7\u677f-4-480x640.jpg"}},"image_meta":{"aperture":"0","credit":"","camera":"","caption":"","created_timestamp":"0","copyright":"","focal_length":"0","iso":"0","shutter_speed":"0","title":"","orientation":"0","keywords":[]},"ID":"8945","name":"\u4f11\u95f2\u76d2\u524d\u540e\u4fa7\u677f-4.jpg","path":"\/www\/wwwroot\/www.delirollforming.com\/wp-content\/uploads\/2024\/05\/\u4f11\u95f2\u76d2\u524d\u540e\u4fa7\u677f-4.jpg","url":"https:\/\/www.delirollforming.com\/wp-content\/uploads\/2024\/05\/\u4f11\u95f2\u76d2\u524d\u540e\u4fa7\u677f-4-150x150.jpg","full_url":"https:\/\/www.delirollforming.com\/wp-content\/uploads\/2024\/05\/\u4f11\u95f2\u76d2\u524d\u540e\u4fa7\u677f-4.jpg","title":"\u4f11\u95f2\u76d2\u524d\u540e\u4fa7\u677f (4)","caption":"","description":"","alt":"","srcset":false}],"parameters":[{"propertyName":"Material","propertyValue":"Acero laminado en fr\u00edo"},{"propertyName":"Profile Size","propertyValue":"653*21mm (Personalizable)"},{"propertyName":"Material Thickness","propertyValue":"0.7-0.8mm"},{"propertyName":"Profile Accuracy","propertyValue":"\u00b10.3mm"},{"propertyName":"Forming Rollers","propertyValue":"28"},{"propertyName":"Width Adjustable","propertyValue":"No"},{"propertyName":"Running Speed","propertyValue":"4-6m\/min"},{"propertyName":"Height Adjustable","propertyValue":"No"}],"background":{"width":150,"height":150,"file":"2023\/04\/6978355.png","filesize":1643212,"sizes":{"medium":{"file":"6978355-300x156.png","width":300,"height":156,"mime-type":"image\/png","filesize":112561,"url":"https:\/\/www.delirollforming.com\/wp-content\/uploads\/2023\/04\/6978355-300x156.png"},"large":{"file":"6978355-1024x533.png","width":1024,"height":533,"mime-type":"image\/png","filesize":1259588,"url":"https:\/\/www.delirollforming.com\/wp-content\/uploads\/2023\/04\/6978355-1024x533.png"},"thumbnail":{"file":"6978355-150x150.png","width":150,"height":150,"mime-type":"image\/png","filesize":55589,"url":"https:\/\/www.delirollforming.com\/wp-content\/uploads\/2023\/04\/6978355-150x150.png"},"medium_large":{"file":"6978355-768x400.png","width":768,"height":400,"mime-type":"image\/png","filesize":723593,"url":"https:\/\/www.delirollforming.com\/wp-content\/uploads\/2023\/04\/6978355-768x400.png"},"1536x1536":{"file":"6978355-1536x800.png","width":1536,"height":800,"mime-type":"image\/png","filesize":2601526,"url":"https:\/\/www.delirollforming.com\/wp-content\/uploads\/2023\/04\/6978355-1536x800.png"},"book-image":{"file":"6978355-480x640.png","width":480,"height":640,"mime-type":"image\/png","filesize":725056,"url":"https:\/\/www.delirollforming.com\/wp-content\/uploads\/2023\/04\/6978355-480x640.png"}},"image_meta":{"aperture":"0","credit":"","camera":"","caption":"","created_timestamp":"0","copyright":"","focal_length":"0","iso":"0","shutter_speed":"0","title":"","orientation":"0","keywords":[]},"ID":"2605","name":"6978355.png","path":"\/www\/wwwroot\/www.delirollforming.com\/wp-content\/uploads\/2023\/04\/6978355.png","url":"https:\/\/www.delirollforming.com\/wp-content\/uploads\/2023\/04\/6978355-150x150.png","full_url":"https:\/\/www.delirollforming.com\/wp-content\/uploads\/2023\/04\/6978355.png","title":"6978355","caption":"","description":"","alt":"","srcset":false},"showInHome":"0"},"_links":{"self":[{"href":"https:\/\/www.delirollforming.com\/es\/wp-json\/wp\/v2\/product\/8960","targetHints":{"allow":["GET"]}}],"collection":[{"href":"https:\/\/www.delirollforming.com\/es\/wp-json\/wp\/v2\/product"}],"about":[{"href":"https:\/\/www.delirollforming.com\/es\/wp-json\/wp\/v2\/types\/product"}],"wp:featuredmedia":[{"embeddable":true,"href":"https:\/\/www.delirollforming.com\/es\/wp-json\/wp\/v2\/media\/8924"}],"wp:attachment":[{"href":"https:\/\/www.delirollforming.com\/es\/wp-json\/wp\/v2\/media?parent=8960"}],"wp:term":[{"taxonomy":"product-type","embeddable":true,"href":"https:\/\/www.delirollforming.com\/es\/wp-json\/wp\/v2\/product-type?post=8960"}],"curies":[{"name":"wp","href":"https:\/\/api.w.org\/{rel}","templated":true}]}}