{"id":8870,"date":"2024-05-08T14:35:12","date_gmt":"2024-05-08T06:35:12","guid":{"rendered":"https:\/\/www.delirollforming.com\/?post_type=product&#038;p=8870"},"modified":"2024-08-12T11:21:52","modified_gmt":"2024-08-12T03:21:52","slug":"storage-shed-wall-panel-machine","status":"publish","type":"product","link":"https:\/\/www.delirollforming.com\/es\/product\/storage-shed-wall-panel-machine\/","title":{"rendered":"M\u00e1quina Perfiladora de Panel de Pared de Cobertizo de Almacenamiento de Metal para Exteriores"},"content":{"rendered":"\n<figure class=\"wp-block-video\"><video height=\"720\" style=\"aspect-ratio: 1280 \/ 720;\" width=\"1280\" controls src=\"https:\/\/www.delirollforming.com\/wp-content\/uploads\/2024\/05\/\u5de5\u5177\u67dc\u5899\u677f.mp4\"><\/video><\/figure>\n\n\n<h3 style=\"margin-top: 3rem; background-color: #eee; border: 1px #ddd solid; padding: 0.5rem 1rem;\"><span style=\"font-family: arial, helvetica, sans-serif; font-size: 18pt;\">Caracter\u00edsticas<\/span><\/h3>\n<p><span style=\"font-family: arial, helvetica, sans-serif; font-size: 14pt;\">1. Se trata de un proceso totalmente autom\u00e1tico para crear paneles de gran tama\u00f1o con gran precisi\u00f3n y acabados perfectos.<\/span><\/p>\n<p><span style=\"font-family: arial, helvetica, sans-serif; font-size: 14pt;\">2. La avanzada tecnolog\u00eda de conformado de rodillos y el preciso sistema de control garantizan que cada panel cumpla las dimensiones y requisitos precisos de sus dise\u00f1os.<\/span><\/p>\n<p><span style=\"font-family: arial, helvetica, sans-serif; font-size: 14pt;\">3. Las ventajas de esta maquinaria incluyen una mayor eficiencia, un plazo de entrega reducido y productos acabados de mayor calidad.<\/span><\/p>\n<p><span style=\"font-family: arial, helvetica, sans-serif; font-size: 14pt;\">4. La l\u00ednea de producci\u00f3n totalmente autom\u00e1tica ofrece un sistema eficiente y f\u00e1cil de usar para lograr una alta productividad con el m\u00ednimo esfuerzo.<\/span><\/p>\n<p><span style=\"font-family: arial, helvetica, sans-serif; font-size: 14pt;\">5. Ampliamente utilizada en industrias metal\u00fargicas, esta l\u00ednea de producci\u00f3n ofrece una soluci\u00f3n vers\u00e1til y fiable para crear paneles de pared de armarios de herramientas personalizados para una amplia gama de aplicaciones.<\/span><\/p>\n<h3 style=\"margin-top: 3rem; background-color: #eee; border: 1px #ddd solid; padding: 0.5rem 1rem;\"><span style=\"font-family: arial, helvetica, sans-serif; font-size: 18pt;\">Proceso De Producci\u00f3n<\/span><\/h3>\n<p style=\"text-align: justify;\"><span style=\"color: #000000; font-family: arial, helvetica, sans-serif; font-size: 14pt;\">\u00a0 \u00a0Desenrollado \u2014 Nivelado \u2014 Prepunzonado \u2014 Formando \u2014 Corte \u2014 Descarga<\/span><\/p>\n<h3 style=\"margin-top: 3rem; background-color: #eee; border: 1px #ddd solid; padding: 0.5rem 1rem;\"><span style=\"font-family: arial, helvetica, sans-serif; font-size: 18pt;\">Detalle Del Producto<\/span><\/h3>\n\n\n<div class=\"wp-block-columns is-layout-flex wp-container-core-columns-is-layout-9d6595d7 wp-block-columns-is-layout-flex\">\n<div class=\"wp-block-column is-layout-flow wp-block-column-is-layout-flow\">\n<div class=\"wp-block-columns is-layout-flex wp-container-core-columns-is-layout-9d6595d7 wp-block-columns-is-layout-flex\">\n<div class=\"wp-block-column is-layout-flow wp-block-column-is-layout-flow\">\n<figure class=\"wp-block-image size-large\"><img loading=\"lazy\" decoding=\"async\" width=\"1024\" height=\"576\" src=\"https:\/\/www.delirollforming.com\/wp-content\/uploads\/2024\/05\/\u5de5\u5177\u67dc\u5899\u677f-3-1024x576.jpg\" alt=\"\" class=\"wp-image-8912\" srcset=\"https:\/\/www.delirollforming.com\/wp-content\/uploads\/2024\/05\/\u5de5\u5177\u67dc\u5899\u677f-3-1024x576.jpg 1024w, https:\/\/www.delirollforming.com\/wp-content\/uploads\/2024\/05\/\u5de5\u5177\u67dc\u5899\u677f-3-300x169.jpg 300w, https:\/\/www.delirollforming.com\/wp-content\/uploads\/2024\/05\/\u5de5\u5177\u67dc\u5899\u677f-3-768x432.jpg 768w, https:\/\/www.delirollforming.com\/wp-content\/uploads\/2024\/05\/\u5de5\u5177\u67dc\u5899\u677f-3.jpg 1200w\" sizes=\"auto, (max-width: 1024px) 100vw, 1024px\" \/><\/figure>\n<\/div>\n\n\n\n<div class=\"wp-block-column is-layout-flow wp-block-column-is-layout-flow\">\n<figure class=\"wp-block-image size-large\"><img loading=\"lazy\" decoding=\"async\" width=\"1024\" height=\"575\" src=\"https:\/\/www.delirollforming.com\/wp-content\/uploads\/2024\/05\/\u5de5\u5177\u67dc\u5899\u677f-5-1024x575.jpg\" alt=\"\" class=\"wp-image-8876\" srcset=\"https:\/\/www.delirollforming.com\/wp-content\/uploads\/2024\/05\/\u5de5\u5177\u67dc\u5899\u677f-5-1024x575.jpg 1024w, https:\/\/www.delirollforming.com\/wp-content\/uploads\/2024\/05\/\u5de5\u5177\u67dc\u5899\u677f-5-300x169.jpg 300w, https:\/\/www.delirollforming.com\/wp-content\/uploads\/2024\/05\/\u5de5\u5177\u67dc\u5899\u677f-5-768x431.jpg 768w, https:\/\/www.delirollforming.com\/wp-content\/uploads\/2024\/05\/\u5de5\u5177\u67dc\u5899\u677f-5.jpg 1200w\" sizes=\"auto, (max-width: 1024px) 100vw, 1024px\" \/><\/figure>\n<\/div>\n<\/div>\n<\/div>\n<\/div>\n","protected":false},"excerpt":{"rendered":"<p>Caracter\u00edsticas 1. Se trata de un proceso totalmente autom\u00e1tico para crear paneles de gran tama\u00f1o con gran precisi\u00f3n y acabados perfectos. 2. La avanzada tecnolog\u00eda de conformado de rodillos y el preciso sistema de control garantizan que cada panel cumpla las dimensiones y requisitos precisos de sus dise\u00f1os. 3. Las ventajas de esta maquinaria incluyen [&hellip;]<\/p>\n","protected":false},"featured_media":8903,"template":"","product-type":[128],"class_list":["post-8870","product","type-product","status-publish","has-post-thumbnail","hentry","product-type-otros"],"uagb_featured_image_src":{"full":["https:\/\/www.delirollforming.com\/wp-content\/uploads\/2024\/05\/\u5de5\u5177\u67dc\u5899\u677f13_\u526f\u672c.jpg",1200,675,false],"thumbnail":["https:\/\/www.delirollforming.com\/wp-content\/uploads\/2024\/05\/\u5de5\u5177\u67dc\u5899\u677f13_\u526f\u672c-150x150.jpg",150,150,true],"medium":["https:\/\/www.delirollforming.com\/wp-content\/uploads\/2024\/05\/\u5de5\u5177\u67dc\u5899\u677f13_\u526f\u672c-300x169.jpg",300,169,true],"medium_large":["https:\/\/www.delirollforming.com\/wp-content\/uploads\/2024\/05\/\u5de5\u5177\u67dc\u5899\u677f13_\u526f\u672c-768x432.jpg",768,432,true],"large":["https:\/\/www.delirollforming.com\/wp-content\/uploads\/2024\/05\/\u5de5\u5177\u67dc\u5899\u677f13_\u526f\u672c-1024x576.jpg",1024,576,true],"1536x1536":["https:\/\/www.delirollforming.com\/wp-content\/uploads\/2024\/05\/\u5de5\u5177\u67dc\u5899\u677f13_\u526f\u672c.jpg",1200,675,false],"2048x2048":["https:\/\/www.delirollforming.com\/wp-content\/uploads\/2024\/05\/\u5de5\u5177\u67dc\u5899\u677f13_\u526f\u672c.jpg",1200,675,false],"book-image":["https:\/\/www.delirollforming.com\/wp-content\/uploads\/2024\/05\/\u5de5\u5177\u67dc\u5899\u677f13_\u526f\u672c-480x640.jpg",480,640,true]},"uagb_author_info":{"display_name":"deli","author_link":"https:\/\/www.delirollforming.com\/es\/author\/"},"uagb_comment_info":0,"uagb_excerpt":"Caracter\u00edsticas 1. Se trata de un proceso totalmente autom\u00e1tico para crear paneles de gran tama\u00f1o con gran precisi\u00f3n y acabados perfectos. 2. La avanzada tecnolog\u00eda de conformado de rodillos y el preciso sistema de control garantizan que cada panel cumpla las dimensiones y requisitos precisos de sus dise\u00f1os. 3. Las ventajas de esta maquinaria incluyen&hellip;","meta_box":{"photos":[{"width":150,"height":150,"file":"2024\/05\/\u5de5\u5177\u67dc\u5899\u677f12.jpg","filesize":106939,"sizes":{"medium":{"file":"\u5de5\u5177\u67dc\u5899\u677f12-300x169.jpg","width":300,"height":169,"mime-type":"image\/jpeg","filesize":5141,"url":"https:\/\/www.delirollforming.com\/wp-content\/uploads\/2024\/05\/\u5de5\u5177\u67dc\u5899\u677f12-300x169.jpg"},"large":{"file":"\u5de5\u5177\u67dc\u5899\u677f12-1024x576.jpg","width":1024,"height":576,"mime-type":"image\/jpeg","filesize":29661,"url":"https:\/\/www.delirollforming.com\/wp-content\/uploads\/2024\/05\/\u5de5\u5177\u67dc\u5899\u677f12-1024x576.jpg"},"thumbnail":{"file":"\u5de5\u5177\u67dc\u5899\u677f12-150x150.jpg","width":150,"height":150,"mime-type":"image\/jpeg","filesize":3489,"url":"https:\/\/www.delirollforming.com\/wp-content\/uploads\/2024\/05\/\u5de5\u5177\u67dc\u5899\u677f12-150x150.jpg"},"medium_large":{"file":"\u5de5\u5177\u67dc\u5899\u677f12-768x432.jpg","width":768,"height":432,"mime-type":"image\/jpeg","filesize":19194,"url":"https:\/\/www.delirollforming.com\/wp-content\/uploads\/2024\/05\/\u5de5\u5177\u67dc\u5899\u677f12-768x432.jpg"},"book-image":{"file":"\u5de5\u5177\u67dc\u5899\u677f12-480x640.jpg","width":480,"height":640,"mime-type":"image\/jpeg","filesize":23457,"url":"https:\/\/www.delirollforming.com\/wp-content\/uploads\/2024\/05\/\u5de5\u5177\u67dc\u5899\u677f12-480x640.jpg"}},"image_meta":{"aperture":"0","credit":"","camera":"","caption":"","created_timestamp":"0","copyright":"","focal_length":"0","iso":"0","shutter_speed":"0","title":"","orientation":"0","keywords":[]},"ID":"8900","name":"\u5de5\u5177\u67dc\u5899\u677f12.jpg","path":"\/www\/wwwroot\/www.delirollforming.com\/wp-content\/uploads\/2024\/05\/\u5de5\u5177\u67dc\u5899\u677f12.jpg","url":"https:\/\/www.delirollforming.com\/wp-content\/uploads\/2024\/05\/\u5de5\u5177\u67dc\u5899\u677f12-150x150.jpg","full_url":"https:\/\/www.delirollforming.com\/wp-content\/uploads\/2024\/05\/\u5de5\u5177\u67dc\u5899\u677f12.jpg","title":"\u5de5\u5177\u67dc\u5899\u677f12","caption":"","description":"","alt":"","srcset":false},{"width":150,"height":150,"file":"2024\/05\/\u5de5\u5177\u67dc\u5899\u677f11.jpg","filesize":254838,"sizes":{"medium":{"file":"\u5de5\u5177\u67dc\u5899\u677f11-300x169.jpg","width":300,"height":169,"mime-type":"image\/jpeg","filesize":9406,"url":"https:\/\/www.delirollforming.com\/wp-content\/uploads\/2024\/05\/\u5de5\u5177\u67dc\u5899\u677f11-300x169.jpg"},"large":{"file":"\u5de5\u5177\u67dc\u5899\u677f11-1024x576.jpg","width":1024,"height":576,"mime-type":"image\/jpeg","filesize":66114,"url":"https:\/\/www.delirollforming.com\/wp-content\/uploads\/2024\/05\/\u5de5\u5177\u67dc\u5899\u677f11-1024x576.jpg"},"thumbnail":{"file":"\u5de5\u5177\u67dc\u5899\u677f11-150x150.jpg","width":150,"height":150,"mime-type":"image\/jpeg","filesize":6550,"url":"https:\/\/www.delirollforming.com\/wp-content\/uploads\/2024\/05\/\u5de5\u5177\u67dc\u5899\u677f11-150x150.jpg"},"medium_large":{"file":"\u5de5\u5177\u67dc\u5899\u677f11-768x432.jpg","width":768,"height":432,"mime-type":"image\/jpeg","filesize":42374,"url":"https:\/\/www.delirollforming.com\/wp-content\/uploads\/2024\/05\/\u5de5\u5177\u67dc\u5899\u677f11-768x432.jpg"},"book-image":{"file":"\u5de5\u5177\u67dc\u5899\u677f11-480x640.jpg","width":480,"height":640,"mime-type":"image\/jpeg","filesize":53341,"url":"https:\/\/www.delirollforming.com\/wp-content\/uploads\/2024\/05\/\u5de5\u5177\u67dc\u5899\u677f11-480x640.jpg"}},"image_meta":{"aperture":"0","credit":"","camera":"","caption":"","created_timestamp":"0","copyright":"","focal_length":"0","iso":"0","shutter_speed":"0","title":"","orientation":"0","keywords":[]},"ID":"8897","name":"\u5de5\u5177\u67dc\u5899\u677f11.jpg","path":"\/www\/wwwroot\/www.delirollforming.com\/wp-content\/uploads\/2024\/05\/\u5de5\u5177\u67dc\u5899\u677f11.jpg","url":"https:\/\/www.delirollforming.com\/wp-content\/uploads\/2024\/05\/\u5de5\u5177\u67dc\u5899\u677f11-150x150.jpg","full_url":"https:\/\/www.delirollforming.com\/wp-content\/uploads\/2024\/05\/\u5de5\u5177\u67dc\u5899\u677f11.jpg","title":"\u5de5\u5177\u67dc\u5899\u677f11","caption":"","description":"","alt":"","srcset":false},{"width":150,"height":150,"file":"2024\/05\/\u5de5\u5177\u67dc\u5899\u677f-10.jpg","filesize":224708,"sizes":{"medium":{"file":"\u5de5\u5177\u67dc\u5899\u677f-10-300x169.jpg","width":300,"height":169,"mime-type":"image\/jpeg","filesize":8307,"url":"https:\/\/www.delirollforming.com\/wp-content\/uploads\/2024\/05\/\u5de5\u5177\u67dc\u5899\u677f-10-300x169.jpg"},"large":{"file":"\u5de5\u5177\u67dc\u5899\u677f-10-1024x576.jpg","width":1024,"height":576,"mime-type":"image\/jpeg","filesize":55343,"url":"https:\/\/www.delirollforming.com\/wp-content\/uploads\/2024\/05\/\u5de5\u5177\u67dc\u5899\u677f-10-1024x576.jpg"},"thumbnail":{"file":"\u5de5\u5177\u67dc\u5899\u677f-10-150x150.jpg","width":150,"height":150,"mime-type":"image\/jpeg","filesize":5500,"url":"https:\/\/www.delirollforming.com\/wp-content\/uploads\/2024\/05\/\u5de5\u5177\u67dc\u5899\u677f-10-150x150.jpg"},"medium_large":{"file":"\u5de5\u5177\u67dc\u5899\u677f-10-768x432.jpg","width":768,"height":432,"mime-type":"image\/jpeg","filesize":35761,"url":"https:\/\/www.delirollforming.com\/wp-content\/uploads\/2024\/05\/\u5de5\u5177\u67dc\u5899\u677f-10-768x432.jpg"},"book-image":{"file":"\u5de5\u5177\u67dc\u5899\u677f-10-480x640.jpg","width":480,"height":640,"mime-type":"image\/jpeg","filesize":40241,"url":"https:\/\/www.delirollforming.com\/wp-content\/uploads\/2024\/05\/\u5de5\u5177\u67dc\u5899\u677f-10-480x640.jpg"}},"image_meta":{"aperture":"0","credit":"","camera":"","caption":"","created_timestamp":"0","copyright":"","focal_length":"0","iso":"0","shutter_speed":"0","title":"","orientation":"0","keywords":[]},"ID":"8894","name":"\u5de5\u5177\u67dc\u5899\u677f-10.jpg","path":"\/www\/wwwroot\/www.delirollforming.com\/wp-content\/uploads\/2024\/05\/\u5de5\u5177\u67dc\u5899\u677f-10.jpg","url":"https:\/\/www.delirollforming.com\/wp-content\/uploads\/2024\/05\/\u5de5\u5177\u67dc\u5899\u677f-10-150x150.jpg","full_url":"https:\/\/www.delirollforming.com\/wp-content\/uploads\/2024\/05\/\u5de5\u5177\u67dc\u5899\u677f-10.jpg","title":"\u5de5\u5177\u67dc\u5899\u677f (10)","caption":"","description":"","alt":"","srcset":false},{"width":150,"height":150,"file":"2024\/05\/\u5de5\u5177\u67dc\u5899\u677f-2.jpg","filesize":438135,"sizes":{"medium":{"file":"\u5de5\u5177\u67dc\u5899\u677f-2-300x169.jpg","width":300,"height":169,"mime-type":"image\/jpeg","filesize":13624,"url":"https:\/\/www.delirollforming.com\/wp-content\/uploads\/2024\/05\/\u5de5\u5177\u67dc\u5899\u677f-2-300x169.jpg"},"large":{"file":"\u5de5\u5177\u67dc\u5899\u677f-2-1024x576.jpg","width":1024,"height":576,"mime-type":"image\/jpeg","filesize":103050,"url":"https:\/\/www.delirollforming.com\/wp-content\/uploads\/2024\/05\/\u5de5\u5177\u67dc\u5899\u677f-2-1024x576.jpg"},"thumbnail":{"file":"\u5de5\u5177\u67dc\u5899\u677f-2-150x150.jpg","width":150,"height":150,"mime-type":"image\/jpeg","filesize":6983,"url":"https:\/\/www.delirollforming.com\/wp-content\/uploads\/2024\/05\/\u5de5\u5177\u67dc\u5899\u677f-2-150x150.jpg"},"medium_large":{"file":"\u5de5\u5177\u67dc\u5899\u677f-2-768x432.jpg","width":768,"height":432,"mime-type":"image\/jpeg","filesize":65430,"url":"https:\/\/www.delirollforming.com\/wp-content\/uploads\/2024\/05\/\u5de5\u5177\u67dc\u5899\u677f-2-768x432.jpg"},"book-image":{"file":"\u5de5\u5177\u67dc\u5899\u677f-2-480x640.jpg","width":480,"height":640,"mime-type":"image\/jpeg","filesize":54661,"url":"https:\/\/www.delirollforming.com\/wp-content\/uploads\/2024\/05\/\u5de5\u5177\u67dc\u5899\u677f-2-480x640.jpg"}},"image_meta":{"aperture":"0","credit":"","camera":"","caption":"","created_timestamp":"0","copyright":"","focal_length":"0","iso":"0","shutter_speed":"0","title":"","orientation":"0","keywords":[]},"ID":"8909","name":"\u5de5\u5177\u67dc\u5899\u677f-2.jpg","path":"\/www\/wwwroot\/www.delirollforming.com\/wp-content\/uploads\/2024\/05\/\u5de5\u5177\u67dc\u5899\u677f-2.jpg","url":"https:\/\/www.delirollforming.com\/wp-content\/uploads\/2024\/05\/\u5de5\u5177\u67dc\u5899\u677f-2-150x150.jpg","full_url":"https:\/\/www.delirollforming.com\/wp-content\/uploads\/2024\/05\/\u5de5\u5177\u67dc\u5899\u677f-2.jpg","title":"\u5de5\u5177\u67dc\u5899\u677f (2)","caption":"","description":"","alt":"","srcset":false},{"width":150,"height":150,"file":"2024\/05\/\u5de5\u5177\u67dc\u5899\u677f14.jpg","filesize":242399,"sizes":{"medium":{"file":"\u5de5\u5177\u67dc\u5899\u677f14-300x169.jpg","width":300,"height":169,"mime-type":"image\/jpeg","filesize":7911,"url":"https:\/\/www.delirollforming.com\/wp-content\/uploads\/2024\/05\/\u5de5\u5177\u67dc\u5899\u677f14-300x169.jpg"},"large":{"file":"\u5de5\u5177\u67dc\u5899\u677f14-1024x576.jpg","width":1024,"height":576,"mime-type":"image\/jpeg","filesize":51590,"url":"https:\/\/www.delirollforming.com\/wp-content\/uploads\/2024\/05\/\u5de5\u5177\u67dc\u5899\u677f14-1024x576.jpg"},"thumbnail":{"file":"\u5de5\u5177\u67dc\u5899\u677f14-150x150.jpg","width":150,"height":150,"mime-type":"image\/jpeg","filesize":3492,"url":"https:\/\/www.delirollforming.com\/wp-content\/uploads\/2024\/05\/\u5de5\u5177\u67dc\u5899\u677f14-150x150.jpg"},"medium_large":{"file":"\u5de5\u5177\u67dc\u5899\u677f14-768x432.jpg","width":768,"height":432,"mime-type":"image\/jpeg","filesize":33184,"url":"https:\/\/www.delirollforming.com\/wp-content\/uploads\/2024\/05\/\u5de5\u5177\u67dc\u5899\u677f14-768x432.jpg"},"book-image":{"file":"\u5de5\u5177\u67dc\u5899\u677f14-480x640.jpg","width":480,"height":640,"mime-type":"image\/jpeg","filesize":21784,"url":"https:\/\/www.delirollforming.com\/wp-content\/uploads\/2024\/05\/\u5de5\u5177\u67dc\u5899\u677f14-480x640.jpg"}},"image_meta":{"aperture":"0","credit":"","camera":"","caption":"","created_timestamp":"0","copyright":"","focal_length":"0","iso":"0","shutter_speed":"0","title":"","orientation":"0","keywords":[]},"ID":"8906","name":"\u5de5\u5177\u67dc\u5899\u677f14.jpg","path":"\/www\/wwwroot\/www.delirollforming.com\/wp-content\/uploads\/2024\/05\/\u5de5\u5177\u67dc\u5899\u677f14.jpg","url":"https:\/\/www.delirollforming.com\/wp-content\/uploads\/2024\/05\/\u5de5\u5177\u67dc\u5899\u677f14-150x150.jpg","full_url":"https:\/\/www.delirollforming.com\/wp-content\/uploads\/2024\/05\/\u5de5\u5177\u67dc\u5899\u677f14.jpg","title":"\u5de5\u5177\u67dc\u5899\u677f14","caption":"","description":"","alt":"","srcset":false}],"parameters":[{"propertyName":"Material","propertyValue":"Acero laminado en fr\u00edo"},{"propertyName":"Profile Size","propertyValue":"760*10mm (Personalizable)"},{"propertyName":"Material Thickness","propertyValue":"0.5-0.6mm"},{"propertyName":"Profile Accuracy","propertyValue":"\u00b10.3mm"},{"propertyName":"Forming Rollers","propertyValue":"12"},{"propertyName":"Width Adjustable","propertyValue":"No"},{"propertyName":"Running Speed","propertyValue":"4-6m\/min"},{"propertyName":"Height Adjustable","propertyValue":"No"}],"background":{"width":150,"height":150,"file":"2023\/04\/6978355.png","filesize":1643212,"sizes":{"medium":{"file":"6978355-300x156.png","width":300,"height":156,"mime-type":"image\/png","filesize":112561,"url":"https:\/\/www.delirollforming.com\/wp-content\/uploads\/2023\/04\/6978355-300x156.png"},"large":{"file":"6978355-1024x533.png","width":1024,"height":533,"mime-type":"image\/png","filesize":1259588,"url":"https:\/\/www.delirollforming.com\/wp-content\/uploads\/2023\/04\/6978355-1024x533.png"},"thumbnail":{"file":"6978355-150x150.png","width":150,"height":150,"mime-type":"image\/png","filesize":55589,"url":"https:\/\/www.delirollforming.com\/wp-content\/uploads\/2023\/04\/6978355-150x150.png"},"medium_large":{"file":"6978355-768x400.png","width":768,"height":400,"mime-type":"image\/png","filesize":723593,"url":"https:\/\/www.delirollforming.com\/wp-content\/uploads\/2023\/04\/6978355-768x400.png"},"1536x1536":{"file":"6978355-1536x800.png","width":1536,"height":800,"mime-type":"image\/png","filesize":2601526,"url":"https:\/\/www.delirollforming.com\/wp-content\/uploads\/2023\/04\/6978355-1536x800.png"},"book-image":{"file":"6978355-480x640.png","width":480,"height":640,"mime-type":"image\/png","filesize":725056,"url":"https:\/\/www.delirollforming.com\/wp-content\/uploads\/2023\/04\/6978355-480x640.png"}},"image_meta":{"aperture":"0","credit":"","camera":"","caption":"","created_timestamp":"0","copyright":"","focal_length":"0","iso":"0","shutter_speed":"0","title":"","orientation":"0","keywords":[]},"ID":"2605","name":"6978355.png","path":"\/www\/wwwroot\/www.delirollforming.com\/wp-content\/uploads\/2023\/04\/6978355.png","url":"https:\/\/www.delirollforming.com\/wp-content\/uploads\/2023\/04\/6978355-150x150.png","full_url":"https:\/\/www.delirollforming.com\/wp-content\/uploads\/2023\/04\/6978355.png","title":"6978355","caption":"","description":"","alt":"","srcset":false},"showInHome":"0"},"_links":{"self":[{"href":"https:\/\/www.delirollforming.com\/es\/wp-json\/wp\/v2\/product\/8870","targetHints":{"allow":["GET"]}}],"collection":[{"href":"https:\/\/www.delirollforming.com\/es\/wp-json\/wp\/v2\/product"}],"about":[{"href":"https:\/\/www.delirollforming.com\/es\/wp-json\/wp\/v2\/types\/product"}],"wp:featuredmedia":[{"embeddable":true,"href":"https:\/\/www.delirollforming.com\/es\/wp-json\/wp\/v2\/media\/8903"}],"wp:attachment":[{"href":"https:\/\/www.delirollforming.com\/es\/wp-json\/wp\/v2\/media?parent=8870"}],"wp:term":[{"taxonomy":"product-type","embeddable":true,"href":"https:\/\/www.delirollforming.com\/es\/wp-json\/wp\/v2\/product-type?post=8870"}],"curies":[{"name":"wp","href":"https:\/\/api.w.org\/{rel}","templated":true}]}}