{"id":8858,"date":"2024-05-07T17:50:46","date_gmt":"2024-05-07T09:50:46","guid":{"rendered":"https:\/\/www.delirollforming.com\/?post_type=product&#038;p=8858"},"modified":"2024-08-12T11:35:27","modified_gmt":"2024-08-12T03:35:27","slug":"storage-shed-frame-machine","status":"publish","type":"product","link":"https:\/\/www.delirollforming.com\/es\/product\/storage-shed-frame-machine\/","title":{"rendered":"M\u00e1quina perfiladora de perfiles para cobertizos met\u00e1licos de almacenamiento al aire libre"},"content":{"rendered":"\n<figure class=\"wp-block-video\"><video height=\"720\" style=\"aspect-ratio: 1280 \/ 720;\" width=\"1280\" controls src=\"https:\/\/www.delirollforming.com\/wp-content\/uploads\/2024\/05\/\u5de5\u5177\u67dc\u9876\u6846.mp4\"><\/video><\/figure>\n\n\n<h3 style=\"margin-top: 3rem; background-color: #eee; border: 1px #ddd solid; padding: 0.5rem 1rem;\"><span style=\"font-family: arial, helvetica, sans-serif; font-size: 18pt;\">Caracter\u00edsticas<\/span><\/h3>\n<p><span style=\"font-family: arial, helvetica, sans-serif; font-size: 14pt;\">1. La l\u00ednea de producci\u00f3n de perfilado de marco superior de gabinete de herramientas cuenta con capacidades de conformado de secci\u00f3n transversal compleja que dan como resultado productos terminados de alta precisi\u00f3n.<\/span><\/p>\n<p><span style=\"font-family: arial, helvetica, sans-serif; font-size: 14pt;\">2. Con tecnolog\u00eda avanzada de perfilado, esta l\u00ednea de producci\u00f3n puede moldear materiales met\u00e1licos en marcos superiores de armarios de herramientas personalizados con dimensiones exactas y acabados perfectos.<\/span><\/p>\n<p><span style=\"font-family: arial, helvetica, sans-serif; font-size: 14pt;\">3. Las ventajas de esta maquinaria incluyen mayor eficiencia, menor tiempo de producci\u00f3n y mayor precisi\u00f3n.<\/span><\/p>\n<p><span style=\"font-family: arial, helvetica, sans-serif; font-size: 14pt;\">4. Es ampliamente utilizada en industrias metalmec\u00e1nicas para fabricar marcos superiores de gabinetes de herramientas de alta calidad que cumplen con varios requisitos de durabilidad y est\u00e9tica.<\/span><\/p>\n<h3 style=\"margin-top: 3rem; background-color: #eee; border: 1px #ddd solid; padding: 0.5rem 1rem;\"><span style=\"font-family: arial, helvetica, sans-serif; font-size: 18pt;\">Proceso De Producci\u00f3n<\/span><\/h3>\n<p style=\"text-align: justify;\"><span style=\"color: #000000; font-family: arial, helvetica, sans-serif; font-size: 14pt;\">\u00a0 \u00a0Desenrollado \u2014 Nivelado \u2014 Prepunzonado \u2014 Formando \u2014 Corte \u2014 Descarga<\/span><\/p>\n<h3 style=\"margin-top: 3rem; background-color: #eee; border: 1px #ddd solid; padding: 0.5rem 1rem;\"><span style=\"font-family: arial, helvetica, sans-serif; font-size: 18pt;\">Detalle Del Producto<\/span><\/h3>\n\n\n<div class=\"wp-block-columns is-layout-flex wp-container-core-columns-is-layout-9d6595d7 wp-block-columns-is-layout-flex\">\n<div class=\"wp-block-column is-layout-flow wp-block-column-is-layout-flow\">\n<figure class=\"wp-block-image size-large\"><img loading=\"lazy\" decoding=\"async\" width=\"1024\" height=\"576\" src=\"https:\/\/www.delirollforming.com\/wp-content\/uploads\/2024\/05\/\u5de5\u5177\u67dc\u9876\u684602-1024x576.jpg\" alt=\"\" class=\"wp-image-8852\" srcset=\"https:\/\/www.delirollforming.com\/wp-content\/uploads\/2024\/05\/\u5de5\u5177\u67dc\u9876\u684602-1024x576.jpg 1024w, https:\/\/www.delirollforming.com\/wp-content\/uploads\/2024\/05\/\u5de5\u5177\u67dc\u9876\u684602-300x169.jpg 300w, https:\/\/www.delirollforming.com\/wp-content\/uploads\/2024\/05\/\u5de5\u5177\u67dc\u9876\u684602-768x432.jpg 768w, https:\/\/www.delirollforming.com\/wp-content\/uploads\/2024\/05\/\u5de5\u5177\u67dc\u9876\u684602.jpg 1200w\" sizes=\"auto, (max-width: 1024px) 100vw, 1024px\" \/><\/figure>\n<\/div>\n<\/div>\n","protected":false},"excerpt":{"rendered":"<p>Caracter\u00edsticas 1. La l\u00ednea de producci\u00f3n de perfilado de marco superior de gabinete de herramientas cuenta con capacidades de conformado de secci\u00f3n transversal compleja que dan como resultado productos terminados de alta precisi\u00f3n. 2. Con tecnolog\u00eda avanzada de perfilado, esta l\u00ednea de producci\u00f3n puede moldear materiales met\u00e1licos en marcos superiores de armarios de herramientas personalizados [&hellip;]<\/p>\n","protected":false},"featured_media":8846,"template":"","product-type":[128],"class_list":["post-8858","product","type-product","status-publish","has-post-thumbnail","hentry","product-type-otros"],"uagb_featured_image_src":{"full":["https:\/\/www.delirollforming.com\/wp-content\/uploads\/2024\/05\/\u5de5\u5177\u67dc\u9876\u6846-\u5c01\u9762-2.jpg",1200,675,false],"thumbnail":["https:\/\/www.delirollforming.com\/wp-content\/uploads\/2024\/05\/\u5de5\u5177\u67dc\u9876\u6846-\u5c01\u9762-2-150x150.jpg",150,150,true],"medium":["https:\/\/www.delirollforming.com\/wp-content\/uploads\/2024\/05\/\u5de5\u5177\u67dc\u9876\u6846-\u5c01\u9762-2-300x169.jpg",300,169,true],"medium_large":["https:\/\/www.delirollforming.com\/wp-content\/uploads\/2024\/05\/\u5de5\u5177\u67dc\u9876\u6846-\u5c01\u9762-2-768x432.jpg",768,432,true],"large":["https:\/\/www.delirollforming.com\/wp-content\/uploads\/2024\/05\/\u5de5\u5177\u67dc\u9876\u6846-\u5c01\u9762-2-1024x576.jpg",1024,576,true],"1536x1536":["https:\/\/www.delirollforming.com\/wp-content\/uploads\/2024\/05\/\u5de5\u5177\u67dc\u9876\u6846-\u5c01\u9762-2.jpg",1200,675,false],"2048x2048":["https:\/\/www.delirollforming.com\/wp-content\/uploads\/2024\/05\/\u5de5\u5177\u67dc\u9876\u6846-\u5c01\u9762-2.jpg",1200,675,false],"book-image":["https:\/\/www.delirollforming.com\/wp-content\/uploads\/2024\/05\/\u5de5\u5177\u67dc\u9876\u6846-\u5c01\u9762-2-480x640.jpg",480,640,true]},"uagb_author_info":{"display_name":"deli","author_link":"https:\/\/www.delirollforming.com\/es\/author\/"},"uagb_comment_info":0,"uagb_excerpt":"Caracter\u00edsticas 1. La l\u00ednea de producci\u00f3n de perfilado de marco superior de gabinete de herramientas cuenta con capacidades de conformado de secci\u00f3n transversal compleja que dan como resultado productos terminados de alta precisi\u00f3n. 2. Con tecnolog\u00eda avanzada de perfilado, esta l\u00ednea de producci\u00f3n puede moldear materiales met\u00e1licos en marcos superiores de armarios de herramientas personalizados&hellip;","meta_box":{"photos":[{"width":150,"height":150,"file":"2024\/05\/\u5de5\u5177\u67dc\u9876\u684601.jpg","filesize":173453,"sizes":{"medium":{"file":"\u5de5\u5177\u67dc\u9876\u684601-300x169.jpg","width":300,"height":169,"mime-type":"image\/jpeg","filesize":7546,"url":"https:\/\/www.delirollforming.com\/wp-content\/uploads\/2024\/05\/\u5de5\u5177\u67dc\u9876\u684601-300x169.jpg"},"large":{"file":"\u5de5\u5177\u67dc\u9876\u684601-1024x576.jpg","width":1024,"height":576,"mime-type":"image\/jpeg","filesize":42199,"url":"https:\/\/www.delirollforming.com\/wp-content\/uploads\/2024\/05\/\u5de5\u5177\u67dc\u9876\u684601-1024x576.jpg"},"thumbnail":{"file":"\u5de5\u5177\u67dc\u9876\u684601-150x150.jpg","width":150,"height":150,"mime-type":"image\/jpeg","filesize":4971,"url":"https:\/\/www.delirollforming.com\/wp-content\/uploads\/2024\/05\/\u5de5\u5177\u67dc\u9876\u684601-150x150.jpg"},"medium_large":{"file":"\u5de5\u5177\u67dc\u9876\u684601-768x432.jpg","width":768,"height":432,"mime-type":"image\/jpeg","filesize":27860,"url":"https:\/\/www.delirollforming.com\/wp-content\/uploads\/2024\/05\/\u5de5\u5177\u67dc\u9876\u684601-768x432.jpg"},"book-image":{"file":"\u5de5\u5177\u67dc\u9876\u684601-480x640.jpg","width":480,"height":640,"mime-type":"image\/jpeg","filesize":28499,"url":"https:\/\/www.delirollforming.com\/wp-content\/uploads\/2024\/05\/\u5de5\u5177\u67dc\u9876\u684601-480x640.jpg"}},"image_meta":{"aperture":"0","credit":"","camera":"","caption":"","created_timestamp":"0","copyright":"","focal_length":"0","iso":"0","shutter_speed":"0","title":"","orientation":"0","keywords":[]},"ID":"8849","name":"\u5de5\u5177\u67dc\u9876\u684601.jpg","path":"\/www\/wwwroot\/www.delirollforming.com\/wp-content\/uploads\/2024\/05\/\u5de5\u5177\u67dc\u9876\u684601.jpg","url":"https:\/\/www.delirollforming.com\/wp-content\/uploads\/2024\/05\/\u5de5\u5177\u67dc\u9876\u684601-150x150.jpg","full_url":"https:\/\/www.delirollforming.com\/wp-content\/uploads\/2024\/05\/\u5de5\u5177\u67dc\u9876\u684601.jpg","title":"\u5de5\u5177\u67dc\u9876\u684601","caption":"","description":"","alt":"","srcset":false},{"width":150,"height":150,"file":"2024\/05\/\u5de5\u5177\u67dc\u9876\u684605.jpg","filesize":200484,"sizes":{"medium":{"file":"\u5de5\u5177\u67dc\u9876\u684605-300x169.jpg","width":300,"height":169,"mime-type":"image\/jpeg","filesize":8568,"url":"https:\/\/www.delirollforming.com\/wp-content\/uploads\/2024\/05\/\u5de5\u5177\u67dc\u9876\u684605-300x169.jpg"},"large":{"file":"\u5de5\u5177\u67dc\u9876\u684605-1024x575.jpg","width":1024,"height":575,"mime-type":"image\/jpeg","filesize":51122,"url":"https:\/\/www.delirollforming.com\/wp-content\/uploads\/2024\/05\/\u5de5\u5177\u67dc\u9876\u684605-1024x575.jpg"},"thumbnail":{"file":"\u5de5\u5177\u67dc\u9876\u684605-150x150.jpg","width":150,"height":150,"mime-type":"image\/jpeg","filesize":5828,"url":"https:\/\/www.delirollforming.com\/wp-content\/uploads\/2024\/05\/\u5de5\u5177\u67dc\u9876\u684605-150x150.jpg"},"medium_large":{"file":"\u5de5\u5177\u67dc\u9876\u684605-768x431.jpg","width":768,"height":431,"mime-type":"image\/jpeg","filesize":33690,"url":"https:\/\/www.delirollforming.com\/wp-content\/uploads\/2024\/05\/\u5de5\u5177\u67dc\u9876\u684605-768x431.jpg"},"book-image":{"file":"\u5de5\u5177\u67dc\u9876\u684605-480x640.jpg","width":480,"height":640,"mime-type":"image\/jpeg","filesize":38733,"url":"https:\/\/www.delirollforming.com\/wp-content\/uploads\/2024\/05\/\u5de5\u5177\u67dc\u9876\u684605-480x640.jpg"}},"image_meta":{"aperture":"0","credit":"","camera":"","caption":"","created_timestamp":"0","copyright":"","focal_length":"0","iso":"0","shutter_speed":"0","title":"","orientation":"0","keywords":[]},"ID":"8834","name":"\u5de5\u5177\u67dc\u9876\u684605.jpg","path":"\/www\/wwwroot\/www.delirollforming.com\/wp-content\/uploads\/2024\/05\/\u5de5\u5177\u67dc\u9876\u684605.jpg","url":"https:\/\/www.delirollforming.com\/wp-content\/uploads\/2024\/05\/\u5de5\u5177\u67dc\u9876\u684605-150x150.jpg","full_url":"https:\/\/www.delirollforming.com\/wp-content\/uploads\/2024\/05\/\u5de5\u5177\u67dc\u9876\u684605.jpg","title":"\u5de5\u5177\u67dc\u9876\u684605","caption":"","description":"","alt":"","srcset":false},{"width":150,"height":150,"file":"2024\/05\/\u5de5\u5177\u67dc\u9876\u684604.jpg","filesize":249467,"sizes":{"medium":{"file":"\u5de5\u5177\u67dc\u9876\u684604-300x169.jpg","width":300,"height":169,"mime-type":"image\/jpeg","filesize":9006,"url":"https:\/\/www.delirollforming.com\/wp-content\/uploads\/2024\/05\/\u5de5\u5177\u67dc\u9876\u684604-300x169.jpg"},"large":{"file":"\u5de5\u5177\u67dc\u9876\u684604-1024x576.jpg","width":1024,"height":576,"mime-type":"image\/jpeg","filesize":63368,"url":"https:\/\/www.delirollforming.com\/wp-content\/uploads\/2024\/05\/\u5de5\u5177\u67dc\u9876\u684604-1024x576.jpg"},"thumbnail":{"file":"\u5de5\u5177\u67dc\u9876\u684604-150x150.jpg","width":150,"height":150,"mime-type":"image\/jpeg","filesize":5979,"url":"https:\/\/www.delirollforming.com\/wp-content\/uploads\/2024\/05\/\u5de5\u5177\u67dc\u9876\u684604-150x150.jpg"},"medium_large":{"file":"\u5de5\u5177\u67dc\u9876\u684604-768x432.jpg","width":768,"height":432,"mime-type":"image\/jpeg","filesize":40615,"url":"https:\/\/www.delirollforming.com\/wp-content\/uploads\/2024\/05\/\u5de5\u5177\u67dc\u9876\u684604-768x432.jpg"},"book-image":{"file":"\u5de5\u5177\u67dc\u9876\u684604-480x640.jpg","width":480,"height":640,"mime-type":"image\/jpeg","filesize":47522,"url":"https:\/\/www.delirollforming.com\/wp-content\/uploads\/2024\/05\/\u5de5\u5177\u67dc\u9876\u684604-480x640.jpg"}},"image_meta":{"aperture":"0","credit":"","camera":"","caption":"","created_timestamp":"0","copyright":"","focal_length":"0","iso":"0","shutter_speed":"0","title":"","orientation":"0","keywords":[]},"ID":"8831","name":"\u5de5\u5177\u67dc\u9876\u684604.jpg","path":"\/www\/wwwroot\/www.delirollforming.com\/wp-content\/uploads\/2024\/05\/\u5de5\u5177\u67dc\u9876\u684604.jpg","url":"https:\/\/www.delirollforming.com\/wp-content\/uploads\/2024\/05\/\u5de5\u5177\u67dc\u9876\u684604-150x150.jpg","full_url":"https:\/\/www.delirollforming.com\/wp-content\/uploads\/2024\/05\/\u5de5\u5177\u67dc\u9876\u684604.jpg","title":"\u5de5\u5177\u67dc\u9876\u684604","caption":"","description":"","alt":"","srcset":false},{"width":150,"height":150,"file":"2024\/05\/\u5de5\u5177\u67dc\u9876\u684606.jpg","filesize":367962,"sizes":{"medium":{"file":"\u5de5\u5177\u67dc\u9876\u684606-300x169.jpg","width":300,"height":169,"mime-type":"image\/jpeg","filesize":12000,"url":"https:\/\/www.delirollforming.com\/wp-content\/uploads\/2024\/05\/\u5de5\u5177\u67dc\u9876\u684606-300x169.jpg"},"large":{"file":"\u5de5\u5177\u67dc\u9876\u684606-1024x576.jpg","width":1024,"height":576,"mime-type":"image\/jpeg","filesize":85511,"url":"https:\/\/www.delirollforming.com\/wp-content\/uploads\/2024\/05\/\u5de5\u5177\u67dc\u9876\u684606-1024x576.jpg"},"thumbnail":{"file":"\u5de5\u5177\u67dc\u9876\u684606-150x150.jpg","width":150,"height":150,"mime-type":"image\/jpeg","filesize":6984,"url":"https:\/\/www.delirollforming.com\/wp-content\/uploads\/2024\/05\/\u5de5\u5177\u67dc\u9876\u684606-150x150.jpg"},"medium_large":{"file":"\u5de5\u5177\u67dc\u9876\u684606-768x432.jpg","width":768,"height":432,"mime-type":"image\/jpeg","filesize":54466,"url":"https:\/\/www.delirollforming.com\/wp-content\/uploads\/2024\/05\/\u5de5\u5177\u67dc\u9876\u684606-768x432.jpg"},"book-image":{"file":"\u5de5\u5177\u67dc\u9876\u684606-480x640.jpg","width":480,"height":640,"mime-type":"image\/jpeg","filesize":52042,"url":"https:\/\/www.delirollforming.com\/wp-content\/uploads\/2024\/05\/\u5de5\u5177\u67dc\u9876\u684606-480x640.jpg"}},"image_meta":{"aperture":"0","credit":"","camera":"","caption":"","created_timestamp":"0","copyright":"","focal_length":"0","iso":"0","shutter_speed":"0","title":"","orientation":"0","keywords":[]},"ID":"8837","name":"\u5de5\u5177\u67dc\u9876\u684606.jpg","path":"\/www\/wwwroot\/www.delirollforming.com\/wp-content\/uploads\/2024\/05\/\u5de5\u5177\u67dc\u9876\u684606.jpg","url":"https:\/\/www.delirollforming.com\/wp-content\/uploads\/2024\/05\/\u5de5\u5177\u67dc\u9876\u684606-150x150.jpg","full_url":"https:\/\/www.delirollforming.com\/wp-content\/uploads\/2024\/05\/\u5de5\u5177\u67dc\u9876\u684606.jpg","title":"\u5de5\u5177\u67dc\u9876\u684606","caption":"","description":"","alt":"","srcset":false},{"width":150,"height":150,"file":"2024\/05\/\u5de5\u5177\u67dc\u9876\u684607.jpg","filesize":380490,"sizes":{"medium":{"file":"\u5de5\u5177\u67dc\u9876\u684607-300x169.jpg","width":300,"height":169,"mime-type":"image\/jpeg","filesize":13831,"url":"https:\/\/www.delirollforming.com\/wp-content\/uploads\/2024\/05\/\u5de5\u5177\u67dc\u9876\u684607-300x169.jpg"},"large":{"file":"\u5de5\u5177\u67dc\u9876\u684607-1024x576.jpg","width":1024,"height":576,"mime-type":"image\/jpeg","filesize":87781,"url":"https:\/\/www.delirollforming.com\/wp-content\/uploads\/2024\/05\/\u5de5\u5177\u67dc\u9876\u684607-1024x576.jpg"},"thumbnail":{"file":"\u5de5\u5177\u67dc\u9876\u684607-150x150.jpg","width":150,"height":150,"mime-type":"image\/jpeg","filesize":6824,"url":"https:\/\/www.delirollforming.com\/wp-content\/uploads\/2024\/05\/\u5de5\u5177\u67dc\u9876\u684607-150x150.jpg"},"medium_large":{"file":"\u5de5\u5177\u67dc\u9876\u684607-768x432.jpg","width":768,"height":432,"mime-type":"image\/jpeg","filesize":57806,"url":"https:\/\/www.delirollforming.com\/wp-content\/uploads\/2024\/05\/\u5de5\u5177\u67dc\u9876\u684607-768x432.jpg"},"book-image":{"file":"\u5de5\u5177\u67dc\u9876\u684607-480x640.jpg","width":480,"height":640,"mime-type":"image\/jpeg","filesize":44985,"url":"https:\/\/www.delirollforming.com\/wp-content\/uploads\/2024\/05\/\u5de5\u5177\u67dc\u9876\u684607-480x640.jpg"}},"image_meta":{"aperture":"0","credit":"","camera":"","caption":"","created_timestamp":"0","copyright":"","focal_length":"0","iso":"0","shutter_speed":"0","title":"","orientation":"0","keywords":[]},"ID":"8840","name":"\u5de5\u5177\u67dc\u9876\u684607.jpg","path":"\/www\/wwwroot\/www.delirollforming.com\/wp-content\/uploads\/2024\/05\/\u5de5\u5177\u67dc\u9876\u684607.jpg","url":"https:\/\/www.delirollforming.com\/wp-content\/uploads\/2024\/05\/\u5de5\u5177\u67dc\u9876\u684607-150x150.jpg","full_url":"https:\/\/www.delirollforming.com\/wp-content\/uploads\/2024\/05\/\u5de5\u5177\u67dc\u9876\u684607.jpg","title":"\u5de5\u5177\u67dc\u9876\u684607","caption":"","description":"","alt":"","srcset":false},{"width":150,"height":150,"file":"2024\/05\/\u5de5\u5177\u67dc\u9876\u684603.jpg","filesize":177041,"sizes":{"medium":{"file":"\u5de5\u5177\u67dc\u9876\u684603-300x169.jpg","width":300,"height":169,"mime-type":"image\/jpeg","filesize":7969,"url":"https:\/\/www.delirollforming.com\/wp-content\/uploads\/2024\/05\/\u5de5\u5177\u67dc\u9876\u684603-300x169.jpg"},"large":{"file":"\u5de5\u5177\u67dc\u9876\u684603-1024x576.jpg","width":1024,"height":576,"mime-type":"image\/jpeg","filesize":42033,"url":"https:\/\/www.delirollforming.com\/wp-content\/uploads\/2024\/05\/\u5de5\u5177\u67dc\u9876\u684603-1024x576.jpg"},"thumbnail":{"file":"\u5de5\u5177\u67dc\u9876\u684603-150x150.jpg","width":150,"height":150,"mime-type":"image\/jpeg","filesize":4911,"url":"https:\/\/www.delirollforming.com\/wp-content\/uploads\/2024\/05\/\u5de5\u5177\u67dc\u9876\u684603-150x150.jpg"},"medium_large":{"file":"\u5de5\u5177\u67dc\u9876\u684603-768x432.jpg","width":768,"height":432,"mime-type":"image\/jpeg","filesize":28141,"url":"https:\/\/www.delirollforming.com\/wp-content\/uploads\/2024\/05\/\u5de5\u5177\u67dc\u9876\u684603-768x432.jpg"},"book-image":{"file":"\u5de5\u5177\u67dc\u9876\u684603-480x640.jpg","width":480,"height":640,"mime-type":"image\/jpeg","filesize":25442,"url":"https:\/\/www.delirollforming.com\/wp-content\/uploads\/2024\/05\/\u5de5\u5177\u67dc\u9876\u684603-480x640.jpg"}},"image_meta":{"aperture":"0","credit":"","camera":"","caption":"","created_timestamp":"0","copyright":"","focal_length":"0","iso":"0","shutter_speed":"0","title":"","orientation":"0","keywords":[]},"ID":"8855","name":"\u5de5\u5177\u67dc\u9876\u684603.jpg","path":"\/www\/wwwroot\/www.delirollforming.com\/wp-content\/uploads\/2024\/05\/\u5de5\u5177\u67dc\u9876\u684603.jpg","url":"https:\/\/www.delirollforming.com\/wp-content\/uploads\/2024\/05\/\u5de5\u5177\u67dc\u9876\u684603-150x150.jpg","full_url":"https:\/\/www.delirollforming.com\/wp-content\/uploads\/2024\/05\/\u5de5\u5177\u67dc\u9876\u684603.jpg","title":"\u5de5\u5177\u67dc\u9876\u684603","caption":"","description":"","alt":"","srcset":false}],"parameters":[{"propertyName":"Material","propertyValue":"Acero laminado en fr\u00edo"},{"propertyName":"Profile Size","propertyValue":"54*52mm (Personalizable)"},{"propertyName":"Material Thickness","propertyValue":"0.9-1.0mm"},{"propertyName":"Profile Accuracy","propertyValue":"\u00b10.3mm"},{"propertyName":"Forming Rollers","propertyValue":"28"},{"propertyName":"Width Adjustable","propertyValue":"No"},{"propertyName":"Running Speed","propertyValue":"4-6m\/min"},{"propertyName":"Height Adjustable","propertyValue":"No"}],"background":{"width":150,"height":150,"file":"2023\/04\/6978355.png","filesize":1643212,"sizes":{"medium":{"file":"6978355-300x156.png","width":300,"height":156,"mime-type":"image\/png","filesize":112561,"url":"https:\/\/www.delirollforming.com\/wp-content\/uploads\/2023\/04\/6978355-300x156.png"},"large":{"file":"6978355-1024x533.png","width":1024,"height":533,"mime-type":"image\/png","filesize":1259588,"url":"https:\/\/www.delirollforming.com\/wp-content\/uploads\/2023\/04\/6978355-1024x533.png"},"thumbnail":{"file":"6978355-150x150.png","width":150,"height":150,"mime-type":"image\/png","filesize":55589,"url":"https:\/\/www.delirollforming.com\/wp-content\/uploads\/2023\/04\/6978355-150x150.png"},"medium_large":{"file":"6978355-768x400.png","width":768,"height":400,"mime-type":"image\/png","filesize":723593,"url":"https:\/\/www.delirollforming.com\/wp-content\/uploads\/2023\/04\/6978355-768x400.png"},"1536x1536":{"file":"6978355-1536x800.png","width":1536,"height":800,"mime-type":"image\/png","filesize":2601526,"url":"https:\/\/www.delirollforming.com\/wp-content\/uploads\/2023\/04\/6978355-1536x800.png"},"book-image":{"file":"6978355-480x640.png","width":480,"height":640,"mime-type":"image\/png","filesize":725056,"url":"https:\/\/www.delirollforming.com\/wp-content\/uploads\/2023\/04\/6978355-480x640.png"}},"image_meta":{"aperture":"0","credit":"","camera":"","caption":"","created_timestamp":"0","copyright":"","focal_length":"0","iso":"0","shutter_speed":"0","title":"","orientation":"0","keywords":[]},"ID":"2605","name":"6978355.png","path":"\/www\/wwwroot\/www.delirollforming.com\/wp-content\/uploads\/2023\/04\/6978355.png","url":"https:\/\/www.delirollforming.com\/wp-content\/uploads\/2023\/04\/6978355-150x150.png","full_url":"https:\/\/www.delirollforming.com\/wp-content\/uploads\/2023\/04\/6978355.png","title":"6978355","caption":"","description":"","alt":"","srcset":false},"showInHome":"0"},"_links":{"self":[{"href":"https:\/\/www.delirollforming.com\/es\/wp-json\/wp\/v2\/product\/8858","targetHints":{"allow":["GET"]}}],"collection":[{"href":"https:\/\/www.delirollforming.com\/es\/wp-json\/wp\/v2\/product"}],"about":[{"href":"https:\/\/www.delirollforming.com\/es\/wp-json\/wp\/v2\/types\/product"}],"wp:featuredmedia":[{"embeddable":true,"href":"https:\/\/www.delirollforming.com\/es\/wp-json\/wp\/v2\/media\/8846"}],"wp:attachment":[{"href":"https:\/\/www.delirollforming.com\/es\/wp-json\/wp\/v2\/media?parent=8858"}],"wp:term":[{"taxonomy":"product-type","embeddable":true,"href":"https:\/\/www.delirollforming.com\/es\/wp-json\/wp\/v2\/product-type?post=8858"}],"curies":[{"name":"wp","href":"https:\/\/api.w.org\/{rel}","templated":true}]}}