{"id":7695,"date":"2024-03-06T17:33:00","date_gmt":"2024-03-06T09:33:00","guid":{"rendered":"https:\/\/www.delirollforming.com\/?post_type=product&#038;p=7695"},"modified":"2024-04-02T11:36:24","modified_gmt":"2024-04-02T03:36:24","slug":"cable-ladder-production-line","status":"publish","type":"product","link":"https:\/\/www.delirollforming.com\/es\/product\/cable-ladder-production-line\/","title":{"rendered":"L\u00ednea de producci\u00f3n de pelda\u00f1os de escalera de cable"},"content":{"rendered":"\n<figure class=\"wp-block-video\"><video height=\"720\" style=\"aspect-ratio: 1280 \/ 720;\" width=\"1280\" controls src=\"https:\/\/www.delirollforming.com\/wp-content\/uploads\/2024\/03\/\u7ebf\u69fd\u9636\u68af.mp4\"><\/video><\/figure>\n\n\n<h3 style=\"margin-top: 3rem; background-color: #eee; border: 1px #ddd solid; padding: 0.5rem 1rem;\"><span style=\"font-family: arial, helvetica, sans-serif; font-size: 18pt;\">Caracter\u00edsticas<\/span><\/h3>\n<p><span style=\"font-family: arial, helvetica, sans-serif; font-size: 14pt;\">1. El manejo de la m\u00e1quina es f\u00e1cil y c\u00f3modo.<\/span><\/p>\n<p><span style=\"font-family: arial, helvetica, sans-serif; font-size: 14pt;\">2. Alta eficiencia de producci\u00f3n &#8211; punzonado, perfilado y corte se pueden completar a la vez.<\/span><\/p>\n<p><span style=\"font-family: arial, helvetica, sans-serif; font-size: 14pt;\">3. Soportar materiales de acero laminado en caliente ser pulido o bru\u00f1ido en l\u00ednea.<\/span><\/p>\n<h3 style=\"margin-top: 3rem; background-color: #eee; border: 1px #ddd solid; padding: 0.5rem 1rem;\"><span style=\"font-family: arial, helvetica, sans-serif; font-size: 18pt;\">Proceso De Producci\u00f3n<\/span><\/h3>\n<p><span style=\"color: #000000; font-family: arial, helvetica, sans-serif; font-size: 14pt;\">\u00a0 \u00a0Desenrollado \u2014 Nivelado \u2014 Pulido \u2014 Prepunzonado \u2014 Formando \u2014 Corte \u2014 Descarga<\/span><\/p>\n<h3 style=\"margin-top: 3rem; background-color: #eee; border: 1px #ddd solid; padding: 0.5rem 1rem;\"><span style=\"font-family: arial, helvetica, sans-serif; font-size: 18pt;\">Detalle Del Producto<\/span><\/h3>\n\n\n<div class=\"wp-block-columns is-layout-flex wp-container-core-columns-is-layout-9d6595d7 wp-block-columns-is-layout-flex\">\n<div class=\"wp-block-column is-layout-flow wp-block-column-is-layout-flow\">\n<figure class=\"wp-block-image size-large\"><img loading=\"lazy\" decoding=\"async\" width=\"1024\" height=\"768\" src=\"https:\/\/www.delirollforming.com\/wp-content\/uploads\/2024\/03\/\u5fae\u4fe1\u56fe\u7247_20240306154418-1024x768.jpg\" alt=\"\" class=\"wp-image-7719\" srcset=\"https:\/\/www.delirollforming.com\/wp-content\/uploads\/2024\/03\/\u5fae\u4fe1\u56fe\u7247_20240306154418-1024x768.jpg 1024w, https:\/\/www.delirollforming.com\/wp-content\/uploads\/2024\/03\/\u5fae\u4fe1\u56fe\u7247_20240306154418-300x225.jpg 300w, https:\/\/www.delirollforming.com\/wp-content\/uploads\/2024\/03\/\u5fae\u4fe1\u56fe\u7247_20240306154418-768x576.jpg 768w, https:\/\/www.delirollforming.com\/wp-content\/uploads\/2024\/03\/\u5fae\u4fe1\u56fe\u7247_20240306154418.jpg 1200w\" sizes=\"auto, (max-width: 1024px) 100vw, 1024px\" \/><\/figure>\n<\/div>\n\n\n\n<div class=\"wp-block-column is-layout-flow wp-block-column-is-layout-flow\">\n<figure class=\"wp-block-image size-large\"><img loading=\"lazy\" decoding=\"async\" width=\"1024\" height=\"768\" src=\"https:\/\/www.delirollforming.com\/wp-content\/uploads\/2024\/03\/\u7ebf\u69fd\u9636\u68af-2-1-1024x768.jpg\" alt=\"\" class=\"wp-image-7722\" srcset=\"https:\/\/www.delirollforming.com\/wp-content\/uploads\/2024\/03\/\u7ebf\u69fd\u9636\u68af-2-1-1024x768.jpg 1024w, https:\/\/www.delirollforming.com\/wp-content\/uploads\/2024\/03\/\u7ebf\u69fd\u9636\u68af-2-1-300x225.jpg 300w, https:\/\/www.delirollforming.com\/wp-content\/uploads\/2024\/03\/\u7ebf\u69fd\u9636\u68af-2-1-768x576.jpg 768w, https:\/\/www.delirollforming.com\/wp-content\/uploads\/2024\/03\/\u7ebf\u69fd\u9636\u68af-2-1.jpg 1200w\" sizes=\"auto, (max-width: 1024px) 100vw, 1024px\" \/><\/figure>\n<\/div>\n<\/div>\n","protected":false},"excerpt":{"rendered":"<p>Caracter\u00edsticas 1. El manejo de la m\u00e1quina es f\u00e1cil y c\u00f3modo. 2. Alta eficiencia de producci\u00f3n &#8211; punzonado, perfilado y corte se pueden completar a la vez. 3. Soportar materiales de acero laminado en caliente ser pulido o bru\u00f1ido en l\u00ednea. Proceso De Producci\u00f3n \u00a0 \u00a0Desenrollado \u2014 Nivelado \u2014 Pulido \u2014 Prepunzonado \u2014 Formando \u2014 [&hellip;]<\/p>\n","protected":false},"featured_media":10267,"template":"","product-type":[119],"class_list":["post-7695","product","type-product","status-publish","has-post-thumbnail","hentry","product-type-energia"],"uagb_featured_image_src":{"full":["https:\/\/www.delirollforming.com\/wp-content\/uploads\/2024\/03\/lct0-0.jpg",800,450,false],"thumbnail":["https:\/\/www.delirollforming.com\/wp-content\/uploads\/2024\/03\/lct0-0-150x150.jpg",150,150,true],"medium":["https:\/\/www.delirollforming.com\/wp-content\/uploads\/2024\/03\/lct0-0-300x169.jpg",300,169,true],"medium_large":["https:\/\/www.delirollforming.com\/wp-content\/uploads\/2024\/03\/lct0-0-768x432.jpg",768,432,true],"large":["https:\/\/www.delirollforming.com\/wp-content\/uploads\/2024\/03\/lct0-0.jpg",800,450,false],"1536x1536":["https:\/\/www.delirollforming.com\/wp-content\/uploads\/2024\/03\/lct0-0.jpg",800,450,false],"2048x2048":["https:\/\/www.delirollforming.com\/wp-content\/uploads\/2024\/03\/lct0-0.jpg",800,450,false],"book-image":["https:\/\/www.delirollforming.com\/wp-content\/uploads\/2024\/03\/lct0-0-480x450.jpg",480,450,true]},"uagb_author_info":{"display_name":"deli","author_link":"https:\/\/www.delirollforming.com\/es\/author\/"},"uagb_comment_info":0,"uagb_excerpt":"Caracter\u00edsticas 1. El manejo de la m\u00e1quina es f\u00e1cil y c\u00f3modo. 2. Alta eficiencia de producci\u00f3n &#8211; punzonado, perfilado y corte se pueden completar a la vez. 3. Soportar materiales de acero laminado en caliente ser pulido o bru\u00f1ido en l\u00ednea. Proceso De Producci\u00f3n \u00a0 \u00a0Desenrollado \u2014 Nivelado \u2014 Pulido \u2014 Prepunzonado \u2014 Formando \u2014&hellip;","meta_box":{"photos":[{"width":150,"height":150,"file":"2024\/03\/\u7ebf\u69fd\u9636\u68af-3.jpg","filesize":317729,"sizes":{"medium":{"file":"\u7ebf\u69fd\u9636\u68af-3-300x169.jpg","width":300,"height":169,"mime-type":"image\/jpeg","filesize":13410,"url":"https:\/\/www.delirollforming.com\/wp-content\/uploads\/2024\/03\/\u7ebf\u69fd\u9636\u68af-3-300x169.jpg"},"large":{"file":"\u7ebf\u69fd\u9636\u68af-3-1024x576.jpg","width":1024,"height":576,"mime-type":"image\/jpeg","filesize":89532,"url":"https:\/\/www.delirollforming.com\/wp-content\/uploads\/2024\/03\/\u7ebf\u69fd\u9636\u68af-3-1024x576.jpg"},"thumbnail":{"file":"\u7ebf\u69fd\u9636\u68af-3-150x150.jpg","width":150,"height":150,"mime-type":"image\/jpeg","filesize":6298,"url":"https:\/\/www.delirollforming.com\/wp-content\/uploads\/2024\/03\/\u7ebf\u69fd\u9636\u68af-3-150x150.jpg"},"medium_large":{"file":"\u7ebf\u69fd\u9636\u68af-3-768x432.jpg","width":768,"height":432,"mime-type":"image\/jpeg","filesize":57617,"url":"https:\/\/www.delirollforming.com\/wp-content\/uploads\/2024\/03\/\u7ebf\u69fd\u9636\u68af-3-768x432.jpg"},"book-image":{"file":"\u7ebf\u69fd\u9636\u68af-3-480x640.jpg","width":480,"height":640,"mime-type":"image\/jpeg","filesize":46335,"url":"https:\/\/www.delirollforming.com\/wp-content\/uploads\/2024\/03\/\u7ebf\u69fd\u9636\u68af-3-480x640.jpg"}},"image_meta":{"aperture":"0","credit":"","camera":"","caption":"","created_timestamp":"0","copyright":"","focal_length":"0","iso":"0","shutter_speed":"0","title":"","orientation":"0","keywords":[]},"ID":"7713","name":"\u7ebf\u69fd\u9636\u68af-3.jpg","path":"\/www\/wwwroot\/www.delirollforming.com\/wp-content\/uploads\/2024\/03\/\u7ebf\u69fd\u9636\u68af-3.jpg","url":"https:\/\/www.delirollforming.com\/wp-content\/uploads\/2024\/03\/\u7ebf\u69fd\u9636\u68af-3-150x150.jpg","full_url":"https:\/\/www.delirollforming.com\/wp-content\/uploads\/2024\/03\/\u7ebf\u69fd\u9636\u68af-3.jpg","title":"\u7ebf\u69fd\u9636\u68af (3)","caption":"","description":"","alt":"","srcset":false},{"width":150,"height":150,"file":"2024\/03\/\u7ebf\u69fd\u9636\u68af-4.jpg","filesize":324297,"sizes":{"medium":{"file":"\u7ebf\u69fd\u9636\u68af-4-300x169.jpg","width":300,"height":169,"mime-type":"image\/jpeg","filesize":13620,"url":"https:\/\/www.delirollforming.com\/wp-content\/uploads\/2024\/03\/\u7ebf\u69fd\u9636\u68af-4-300x169.jpg"},"large":{"file":"\u7ebf\u69fd\u9636\u68af-4-1024x576.jpg","width":1024,"height":576,"mime-type":"image\/jpeg","filesize":92965,"url":"https:\/\/www.delirollforming.com\/wp-content\/uploads\/2024\/03\/\u7ebf\u69fd\u9636\u68af-4-1024x576.jpg"},"thumbnail":{"file":"\u7ebf\u69fd\u9636\u68af-4-150x150.jpg","width":150,"height":150,"mime-type":"image\/jpeg","filesize":6724,"url":"https:\/\/www.delirollforming.com\/wp-content\/uploads\/2024\/03\/\u7ebf\u69fd\u9636\u68af-4-150x150.jpg"},"medium_large":{"file":"\u7ebf\u69fd\u9636\u68af-4-768x432.jpg","width":768,"height":432,"mime-type":"image\/jpeg","filesize":58349,"url":"https:\/\/www.delirollforming.com\/wp-content\/uploads\/2024\/03\/\u7ebf\u69fd\u9636\u68af-4-768x432.jpg"},"book-image":{"file":"\u7ebf\u69fd\u9636\u68af-4-480x640.jpg","width":480,"height":640,"mime-type":"image\/jpeg","filesize":47206,"url":"https:\/\/www.delirollforming.com\/wp-content\/uploads\/2024\/03\/\u7ebf\u69fd\u9636\u68af-4-480x640.jpg"}},"image_meta":{"aperture":"0","credit":"","camera":"","caption":"","created_timestamp":"0","copyright":"","focal_length":"0","iso":"0","shutter_speed":"0","title":"","orientation":"0","keywords":[]},"ID":"7716","name":"\u7ebf\u69fd\u9636\u68af-4.jpg","path":"\/www\/wwwroot\/www.delirollforming.com\/wp-content\/uploads\/2024\/03\/\u7ebf\u69fd\u9636\u68af-4.jpg","url":"https:\/\/www.delirollforming.com\/wp-content\/uploads\/2024\/03\/\u7ebf\u69fd\u9636\u68af-4-150x150.jpg","full_url":"https:\/\/www.delirollforming.com\/wp-content\/uploads\/2024\/03\/\u7ebf\u69fd\u9636\u68af-4.jpg","title":"\u7ebf\u69fd\u9636\u68af (4)","caption":"","description":"","alt":"","srcset":false},{"width":150,"height":150,"file":"2024\/03\/\u7ebf\u69fd\u9636\u68af-8.jpg","filesize":328988,"sizes":{"medium":{"file":"\u7ebf\u69fd\u9636\u68af-8-300x169.jpg","width":300,"height":169,"mime-type":"image\/jpeg","filesize":15025,"url":"https:\/\/www.delirollforming.com\/wp-content\/uploads\/2024\/03\/\u7ebf\u69fd\u9636\u68af-8-300x169.jpg"},"large":{"file":"\u7ebf\u69fd\u9636\u68af-8-1024x576.jpg","width":1024,"height":576,"mime-type":"image\/jpeg","filesize":96957,"url":"https:\/\/www.delirollforming.com\/wp-content\/uploads\/2024\/03\/\u7ebf\u69fd\u9636\u68af-8-1024x576.jpg"},"thumbnail":{"file":"\u7ebf\u69fd\u9636\u68af-8-150x150.jpg","width":150,"height":150,"mime-type":"image\/jpeg","filesize":7674,"url":"https:\/\/www.delirollforming.com\/wp-content\/uploads\/2024\/03\/\u7ebf\u69fd\u9636\u68af-8-150x150.jpg"},"medium_large":{"file":"\u7ebf\u69fd\u9636\u68af-8-768x432.jpg","width":768,"height":432,"mime-type":"image\/jpeg","filesize":62558,"url":"https:\/\/www.delirollforming.com\/wp-content\/uploads\/2024\/03\/\u7ebf\u69fd\u9636\u68af-8-768x432.jpg"},"book-image":{"file":"\u7ebf\u69fd\u9636\u68af-8-480x640.jpg","width":480,"height":640,"mime-type":"image\/jpeg","filesize":51811,"url":"https:\/\/www.delirollforming.com\/wp-content\/uploads\/2024\/03\/\u7ebf\u69fd\u9636\u68af-8-480x640.jpg"}},"image_meta":{"aperture":"0","credit":"","camera":"","caption":"","created_timestamp":"0","copyright":"","focal_length":"0","iso":"0","shutter_speed":"0","title":"","orientation":"0","keywords":[]},"ID":"7710","name":"\u7ebf\u69fd\u9636\u68af-8.jpg","path":"\/www\/wwwroot\/www.delirollforming.com\/wp-content\/uploads\/2024\/03\/\u7ebf\u69fd\u9636\u68af-8.jpg","url":"https:\/\/www.delirollforming.com\/wp-content\/uploads\/2024\/03\/\u7ebf\u69fd\u9636\u68af-8-150x150.jpg","full_url":"https:\/\/www.delirollforming.com\/wp-content\/uploads\/2024\/03\/\u7ebf\u69fd\u9636\u68af-8.jpg","title":"\u7ebf\u69fd\u9636\u68af (8)","caption":"","description":"","alt":"","srcset":false},{"width":150,"height":150,"file":"2024\/03\/\u7ebf\u69fd\u9636\u68af-7.jpg","filesize":351888,"sizes":{"medium":{"file":"\u7ebf\u69fd\u9636\u68af-7-300x169.jpg","width":300,"height":169,"mime-type":"image\/jpeg","filesize":16044,"url":"https:\/\/www.delirollforming.com\/wp-content\/uploads\/2024\/03\/\u7ebf\u69fd\u9636\u68af-7-300x169.jpg"},"large":{"file":"\u7ebf\u69fd\u9636\u68af-7-1024x576.jpg","width":1024,"height":576,"mime-type":"image\/jpeg","filesize":106853,"url":"https:\/\/www.delirollforming.com\/wp-content\/uploads\/2024\/03\/\u7ebf\u69fd\u9636\u68af-7-1024x576.jpg"},"thumbnail":{"file":"\u7ebf\u69fd\u9636\u68af-7-150x150.jpg","width":150,"height":150,"mime-type":"image\/jpeg","filesize":8357,"url":"https:\/\/www.delirollforming.com\/wp-content\/uploads\/2024\/03\/\u7ebf\u69fd\u9636\u68af-7-150x150.jpg"},"medium_large":{"file":"\u7ebf\u69fd\u9636\u68af-7-768x432.jpg","width":768,"height":432,"mime-type":"image\/jpeg","filesize":68749,"url":"https:\/\/www.delirollforming.com\/wp-content\/uploads\/2024\/03\/\u7ebf\u69fd\u9636\u68af-7-768x432.jpg"},"book-image":{"file":"\u7ebf\u69fd\u9636\u68af-7-480x640.jpg","width":480,"height":640,"mime-type":"image\/jpeg","filesize":58508,"url":"https:\/\/www.delirollforming.com\/wp-content\/uploads\/2024\/03\/\u7ebf\u69fd\u9636\u68af-7-480x640.jpg"}},"image_meta":{"aperture":"0","credit":"","camera":"","caption":"","created_timestamp":"0","copyright":"","focal_length":"0","iso":"0","shutter_speed":"0","title":"","orientation":"0","keywords":[]},"ID":"7707","name":"\u7ebf\u69fd\u9636\u68af-7.jpg","path":"\/www\/wwwroot\/www.delirollforming.com\/wp-content\/uploads\/2024\/03\/\u7ebf\u69fd\u9636\u68af-7.jpg","url":"https:\/\/www.delirollforming.com\/wp-content\/uploads\/2024\/03\/\u7ebf\u69fd\u9636\u68af-7-150x150.jpg","full_url":"https:\/\/www.delirollforming.com\/wp-content\/uploads\/2024\/03\/\u7ebf\u69fd\u9636\u68af-7.jpg","title":"\u7ebf\u69fd\u9636\u68af (7)","caption":"","description":"","alt":"","srcset":false},{"width":150,"height":150,"file":"2024\/03\/\u7ebf\u69fd\u9636\u68af-6.jpg","filesize":286989,"sizes":{"medium":{"file":"\u7ebf\u69fd\u9636\u68af-6-300x169.jpg","width":300,"height":169,"mime-type":"image\/jpeg","filesize":15755,"url":"https:\/\/www.delirollforming.com\/wp-content\/uploads\/2024\/03\/\u7ebf\u69fd\u9636\u68af-6-300x169.jpg"},"large":{"file":"\u7ebf\u69fd\u9636\u68af-6-1024x575.jpg","width":1024,"height":575,"mime-type":"image\/jpeg","filesize":91482,"url":"https:\/\/www.delirollforming.com\/wp-content\/uploads\/2024\/03\/\u7ebf\u69fd\u9636\u68af-6-1024x575.jpg"},"thumbnail":{"file":"\u7ebf\u69fd\u9636\u68af-6-150x150.jpg","width":150,"height":150,"mime-type":"image\/jpeg","filesize":8120,"url":"https:\/\/www.delirollforming.com\/wp-content\/uploads\/2024\/03\/\u7ebf\u69fd\u9636\u68af-6-150x150.jpg"},"medium_large":{"file":"\u7ebf\u69fd\u9636\u68af-6-768x431.jpg","width":768,"height":431,"mime-type":"image\/jpeg","filesize":61067,"url":"https:\/\/www.delirollforming.com\/wp-content\/uploads\/2024\/03\/\u7ebf\u69fd\u9636\u68af-6-768x431.jpg"},"book-image":{"file":"\u7ebf\u69fd\u9636\u68af-6-480x640.jpg","width":480,"height":640,"mime-type":"image\/jpeg","filesize":47896,"url":"https:\/\/www.delirollforming.com\/wp-content\/uploads\/2024\/03\/\u7ebf\u69fd\u9636\u68af-6-480x640.jpg"}},"image_meta":{"aperture":"0","credit":"","camera":"","caption":"","created_timestamp":"0","copyright":"","focal_length":"0","iso":"0","shutter_speed":"0","title":"","orientation":"0","keywords":[]},"ID":"7704","name":"\u7ebf\u69fd\u9636\u68af-6.jpg","path":"\/www\/wwwroot\/www.delirollforming.com\/wp-content\/uploads\/2024\/03\/\u7ebf\u69fd\u9636\u68af-6.jpg","url":"https:\/\/www.delirollforming.com\/wp-content\/uploads\/2024\/03\/\u7ebf\u69fd\u9636\u68af-6-150x150.jpg","full_url":"https:\/\/www.delirollforming.com\/wp-content\/uploads\/2024\/03\/\u7ebf\u69fd\u9636\u68af-6.jpg","title":"\u7ebf\u69fd\u9636\u68af (6)","caption":"","description":"","alt":"","srcset":false},{"width":150,"height":150,"file":"2024\/03\/\u7ebf\u69fd\u9636\u68af-5.jpg","filesize":245721,"sizes":{"medium":{"file":"\u7ebf\u69fd\u9636\u68af-5-300x169.jpg","width":300,"height":169,"mime-type":"image\/jpeg","filesize":12073,"url":"https:\/\/www.delirollforming.com\/wp-content\/uploads\/2024\/03\/\u7ebf\u69fd\u9636\u68af-5-300x169.jpg"},"large":{"file":"\u7ebf\u69fd\u9636\u68af-5-1024x576.jpg","width":1024,"height":576,"mime-type":"image\/jpeg","filesize":67503,"url":"https:\/\/www.delirollforming.com\/wp-content\/uploads\/2024\/03\/\u7ebf\u69fd\u9636\u68af-5-1024x576.jpg"},"thumbnail":{"file":"\u7ebf\u69fd\u9636\u68af-5-150x150.jpg","width":150,"height":150,"mime-type":"image\/jpeg","filesize":6453,"url":"https:\/\/www.delirollforming.com\/wp-content\/uploads\/2024\/03\/\u7ebf\u69fd\u9636\u68af-5-150x150.jpg"},"medium_large":{"file":"\u7ebf\u69fd\u9636\u68af-5-768x432.jpg","width":768,"height":432,"mime-type":"image\/jpeg","filesize":44029,"url":"https:\/\/www.delirollforming.com\/wp-content\/uploads\/2024\/03\/\u7ebf\u69fd\u9636\u68af-5-768x432.jpg"},"book-image":{"file":"\u7ebf\u69fd\u9636\u68af-5-480x640.jpg","width":480,"height":640,"mime-type":"image\/jpeg","filesize":38593,"url":"https:\/\/www.delirollforming.com\/wp-content\/uploads\/2024\/03\/\u7ebf\u69fd\u9636\u68af-5-480x640.jpg"}},"image_meta":{"aperture":"0","credit":"","camera":"","caption":"","created_timestamp":"0","copyright":"","focal_length":"0","iso":"0","shutter_speed":"0","title":"","orientation":"0","keywords":[]},"ID":"7701","name":"\u7ebf\u69fd\u9636\u68af-5.jpg","path":"\/www\/wwwroot\/www.delirollforming.com\/wp-content\/uploads\/2024\/03\/\u7ebf\u69fd\u9636\u68af-5.jpg","url":"https:\/\/www.delirollforming.com\/wp-content\/uploads\/2024\/03\/\u7ebf\u69fd\u9636\u68af-5-150x150.jpg","full_url":"https:\/\/www.delirollforming.com\/wp-content\/uploads\/2024\/03\/\u7ebf\u69fd\u9636\u68af-5.jpg","title":"\u7ebf\u69fd\u9636\u68af (5)","caption":"","description":"","alt":"","srcset":false},{"width":150,"height":150,"file":"2024\/03\/\u7ebf\u69fd\u9636\u68af-9.jpg","filesize":290831,"sizes":{"medium":{"file":"\u7ebf\u69fd\u9636\u68af-9-300x169.jpg","width":300,"height":169,"mime-type":"image\/jpeg","filesize":11744,"url":"https:\/\/www.delirollforming.com\/wp-content\/uploads\/2024\/03\/\u7ebf\u69fd\u9636\u68af-9-300x169.jpg"},"large":{"file":"\u7ebf\u69fd\u9636\u68af-9-1024x576.jpg","width":1024,"height":576,"mime-type":"image\/jpeg","filesize":73991,"url":"https:\/\/www.delirollforming.com\/wp-content\/uploads\/2024\/03\/\u7ebf\u69fd\u9636\u68af-9-1024x576.jpg"},"thumbnail":{"file":"\u7ebf\u69fd\u9636\u68af-9-150x150.jpg","width":150,"height":150,"mime-type":"image\/jpeg","filesize":6080,"url":"https:\/\/www.delirollforming.com\/wp-content\/uploads\/2024\/03\/\u7ebf\u69fd\u9636\u68af-9-150x150.jpg"},"medium_large":{"file":"\u7ebf\u69fd\u9636\u68af-9-768x432.jpg","width":768,"height":432,"mime-type":"image\/jpeg","filesize":46848,"url":"https:\/\/www.delirollforming.com\/wp-content\/uploads\/2024\/03\/\u7ebf\u69fd\u9636\u68af-9-768x432.jpg"},"book-image":{"file":"\u7ebf\u69fd\u9636\u68af-9-480x640.jpg","width":480,"height":640,"mime-type":"image\/jpeg","filesize":41332,"url":"https:\/\/www.delirollforming.com\/wp-content\/uploads\/2024\/03\/\u7ebf\u69fd\u9636\u68af-9-480x640.jpg"}},"image_meta":{"aperture":"0","credit":"","camera":"","caption":"","created_timestamp":"0","copyright":"","focal_length":"0","iso":"0","shutter_speed":"0","title":"","orientation":"0","keywords":[]},"ID":"7653","name":"\u7ebf\u69fd\u9636\u68af-9.jpg","path":"\/www\/wwwroot\/www.delirollforming.com\/wp-content\/uploads\/2024\/03\/\u7ebf\u69fd\u9636\u68af-9.jpg","url":"https:\/\/www.delirollforming.com\/wp-content\/uploads\/2024\/03\/\u7ebf\u69fd\u9636\u68af-9-150x150.jpg","full_url":"https:\/\/www.delirollforming.com\/wp-content\/uploads\/2024\/03\/\u7ebf\u69fd\u9636\u68af-9.jpg","title":"\u7ebf\u69fd\u9636\u68af (9)","caption":"","description":"","alt":"","srcset":false},{"width":150,"height":150,"file":"2024\/03\/\u7ebf\u69fd\u9636\u68af-1.jpg","filesize":269892,"sizes":{"medium":{"file":"\u7ebf\u69fd\u9636\u68af-1-300x169.jpg","width":300,"height":169,"mime-type":"image\/jpeg","filesize":11525,"url":"https:\/\/www.delirollforming.com\/wp-content\/uploads\/2024\/03\/\u7ebf\u69fd\u9636\u68af-1-300x169.jpg"},"large":{"file":"\u7ebf\u69fd\u9636\u68af-1-1024x576.jpg","width":1024,"height":576,"mime-type":"image\/jpeg","filesize":79229,"url":"https:\/\/www.delirollforming.com\/wp-content\/uploads\/2024\/03\/\u7ebf\u69fd\u9636\u68af-1-1024x576.jpg"},"thumbnail":{"file":"\u7ebf\u69fd\u9636\u68af-1-150x150.jpg","width":150,"height":150,"mime-type":"image\/jpeg","filesize":6019,"url":"https:\/\/www.delirollforming.com\/wp-content\/uploads\/2024\/03\/\u7ebf\u69fd\u9636\u68af-1-150x150.jpg"},"medium_large":{"file":"\u7ebf\u69fd\u9636\u68af-1-768x432.jpg","width":768,"height":432,"mime-type":"image\/jpeg","filesize":50090,"url":"https:\/\/www.delirollforming.com\/wp-content\/uploads\/2024\/03\/\u7ebf\u69fd\u9636\u68af-1-768x432.jpg"},"book-image":{"file":"\u7ebf\u69fd\u9636\u68af-1-480x640.jpg","width":480,"height":640,"mime-type":"image\/jpeg","filesize":44319,"url":"https:\/\/www.delirollforming.com\/wp-content\/uploads\/2024\/03\/\u7ebf\u69fd\u9636\u68af-1-480x640.jpg"}},"image_meta":{"aperture":"0","credit":"","camera":"","caption":"","created_timestamp":"0","copyright":"","focal_length":"0","iso":"0","shutter_speed":"0","title":"","orientation":"0","keywords":[]},"ID":"7659","name":"\u7ebf\u69fd\u9636\u68af-1.jpg","path":"\/www\/wwwroot\/www.delirollforming.com\/wp-content\/uploads\/2024\/03\/\u7ebf\u69fd\u9636\u68af-1.jpg","url":"https:\/\/www.delirollforming.com\/wp-content\/uploads\/2024\/03\/\u7ebf\u69fd\u9636\u68af-1-150x150.jpg","full_url":"https:\/\/www.delirollforming.com\/wp-content\/uploads\/2024\/03\/\u7ebf\u69fd\u9636\u68af-1.jpg","title":"\u7ebf\u69fd\u9636\u68af (1)","caption":"","description":"","alt":"","srcset":false}],"parameters":[{"propertyName":"Material","propertyValue":"Hoja galvanizada"},{"propertyName":"Profile Size","propertyValue":"76*24mm (Personalizable)"},{"propertyName":"Material Thickness","propertyValue":"1.5-2.0mm"},{"propertyName":"Profile Accuracy","propertyValue":"\u00b10.3mm"},{"propertyName":"Forming Rollers","propertyValue":"20"},{"propertyName":"Width Adjustable","propertyValue":"No"},{"propertyName":"Running Speed","propertyValue":"4-6m\/min"},{"propertyName":"Height Adjustable","propertyValue":"No"}],"background":{"width":150,"height":150,"file":"2023\/04\/6978355.png","filesize":1643212,"sizes":{"medium":{"file":"6978355-300x156.png","width":300,"height":156,"mime-type":"image\/png","filesize":112561,"url":"https:\/\/www.delirollforming.com\/wp-content\/uploads\/2023\/04\/6978355-300x156.png"},"large":{"file":"6978355-1024x533.png","width":1024,"height":533,"mime-type":"image\/png","filesize":1259588,"url":"https:\/\/www.delirollforming.com\/wp-content\/uploads\/2023\/04\/6978355-1024x533.png"},"thumbnail":{"file":"6978355-150x150.png","width":150,"height":150,"mime-type":"image\/png","filesize":55589,"url":"https:\/\/www.delirollforming.com\/wp-content\/uploads\/2023\/04\/6978355-150x150.png"},"medium_large":{"file":"6978355-768x400.png","width":768,"height":400,"mime-type":"image\/png","filesize":723593,"url":"https:\/\/www.delirollforming.com\/wp-content\/uploads\/2023\/04\/6978355-768x400.png"},"1536x1536":{"file":"6978355-1536x800.png","width":1536,"height":800,"mime-type":"image\/png","filesize":2601526,"url":"https:\/\/www.delirollforming.com\/wp-content\/uploads\/2023\/04\/6978355-1536x800.png"},"book-image":{"file":"6978355-480x640.png","width":480,"height":640,"mime-type":"image\/png","filesize":725056,"url":"https:\/\/www.delirollforming.com\/wp-content\/uploads\/2023\/04\/6978355-480x640.png"}},"image_meta":{"aperture":"0","credit":"","camera":"","caption":"","created_timestamp":"0","copyright":"","focal_length":"0","iso":"0","shutter_speed":"0","title":"","orientation":"0","keywords":[]},"ID":"2605","name":"6978355.png","path":"\/www\/wwwroot\/www.delirollforming.com\/wp-content\/uploads\/2023\/04\/6978355.png","url":"https:\/\/www.delirollforming.com\/wp-content\/uploads\/2023\/04\/6978355-150x150.png","full_url":"https:\/\/www.delirollforming.com\/wp-content\/uploads\/2023\/04\/6978355.png","title":"6978355","caption":"","description":"","alt":"","srcset":false},"showInHome":"0"},"_links":{"self":[{"href":"https:\/\/www.delirollforming.com\/es\/wp-json\/wp\/v2\/product\/7695","targetHints":{"allow":["GET"]}}],"collection":[{"href":"https:\/\/www.delirollforming.com\/es\/wp-json\/wp\/v2\/product"}],"about":[{"href":"https:\/\/www.delirollforming.com\/es\/wp-json\/wp\/v2\/types\/product"}],"wp:featuredmedia":[{"embeddable":true,"href":"https:\/\/www.delirollforming.com\/es\/wp-json\/wp\/v2\/media\/10267"}],"wp:attachment":[{"href":"https:\/\/www.delirollforming.com\/es\/wp-json\/wp\/v2\/media?parent=7695"}],"wp:term":[{"taxonomy":"product-type","embeddable":true,"href":"https:\/\/www.delirollforming.com\/es\/wp-json\/wp\/v2\/product-type?post=7695"}],"curies":[{"name":"wp","href":"https:\/\/api.w.org\/{rel}","templated":true}]}}