{"id":7620,"date":"2024-03-06T17:28:15","date_gmt":"2024-03-06T09:28:15","guid":{"rendered":"https:\/\/www.delirollforming.com\/?post_type=product&#038;p=7620"},"modified":"2024-08-13T17:24:31","modified_gmt":"2024-08-13T09:24:31","slug":"trunking-body-c-channel-machine","status":"publish","type":"product","link":"https:\/\/www.delirollforming.com\/es\/product\/trunking-body-c-channel-machine\/","title":{"rendered":"L\u00ednea de producci\u00f3n de cajas pasacables"},"content":{"rendered":"\n<figure class=\"wp-block-video\"><video height=\"720\" style=\"aspect-ratio: 1280 \/ 720;\" width=\"1280\" controls src=\"https:\/\/www.delirollforming.com\/wp-content\/uploads\/2024\/03\/\u7ebf\u69fd.mp4\"><\/video><\/figure>\n\n\n<h3 style=\"margin-top: 3rem; background-color: #eee; border: 1px #ddd solid; padding: 0.5rem 1rem;\"><span style=\"font-family: arial, helvetica, sans-serif; font-size: 18pt;\">Caracter\u00edsticas<\/span><\/h3>\n<p><span style=\"font-family: arial, helvetica, sans-serif; font-size: 14pt;\">1. El manejo de la m\u00e1quina es f\u00e1cil y c\u00f3modo.<\/span><\/p>\n<p><span style=\"font-family: arial, helvetica, sans-serif; font-size: 14pt;\">2. Alta eficiencia de producci\u00f3n &#8211; punzonado, perfilado y corte se pueden completar a la vez.<\/span><\/p>\n<h3 style=\"margin-top: 3rem; background-color: #eee; border: 1px #ddd solid; padding: 0.5rem 1rem;\"><span style=\"font-family: arial, helvetica, sans-serif; font-size: 18pt;\">Proceso De Producci\u00f3n<\/span><\/h3>\n<p><span style=\"color: #000000; font-family: arial, helvetica, sans-serif; font-size: 14pt;\">\u00a0 \u00a0Desenrollado \u2014 Nivelado \u2014 Prepunzonado \u2014 Formando \u2014 Corte \u2014 Descarga<\/span><\/p>\n<h3 style=\"margin-top: 3rem; background-color: #eee; border: 1px #ddd solid; padding: 0.5rem 1rem;\"><span style=\"font-family: arial, helvetica, sans-serif; font-size: 18pt;\">Detalle Del Producto<\/span><\/h3>\n\n\n<div class=\"wp-block-columns is-layout-flex wp-container-core-columns-is-layout-9d6595d7 wp-block-columns-is-layout-flex\">\n<div class=\"wp-block-column is-layout-flow wp-block-column-is-layout-flow\">\n<figure class=\"wp-block-image size-large\"><img loading=\"lazy\" decoding=\"async\" width=\"1024\" height=\"574\" src=\"https:\/\/www.delirollforming.com\/wp-content\/uploads\/2024\/03\/\u7ebf\u69fd\u5e94\u7528-1-1024x574.jpg\" alt=\"\" class=\"wp-image-7638\" srcset=\"https:\/\/www.delirollforming.com\/wp-content\/uploads\/2024\/03\/\u7ebf\u69fd\u5e94\u7528-1-1024x574.jpg 1024w, https:\/\/www.delirollforming.com\/wp-content\/uploads\/2024\/03\/\u7ebf\u69fd\u5e94\u7528-1-300x168.jpg 300w, https:\/\/www.delirollforming.com\/wp-content\/uploads\/2024\/03\/\u7ebf\u69fd\u5e94\u7528-1-768x431.jpg 768w, https:\/\/www.delirollforming.com\/wp-content\/uploads\/2024\/03\/\u7ebf\u69fd\u5e94\u7528-1.jpg 1200w\" sizes=\"auto, (max-width: 1024px) 100vw, 1024px\" \/><\/figure>\n<\/div>\n\n\n\n<div class=\"wp-block-column is-layout-flow wp-block-column-is-layout-flow\">\n<figure class=\"wp-block-image size-large\"><img loading=\"lazy\" decoding=\"async\" width=\"1024\" height=\"574\" src=\"https:\/\/www.delirollforming.com\/wp-content\/uploads\/2024\/03\/\u7ebf\u69fd\u5e94\u7528-2-1024x574.jpg\" alt=\"\" class=\"wp-image-7641\" srcset=\"https:\/\/www.delirollforming.com\/wp-content\/uploads\/2024\/03\/\u7ebf\u69fd\u5e94\u7528-2-1024x574.jpg 1024w, https:\/\/www.delirollforming.com\/wp-content\/uploads\/2024\/03\/\u7ebf\u69fd\u5e94\u7528-2-300x168.jpg 300w, https:\/\/www.delirollforming.com\/wp-content\/uploads\/2024\/03\/\u7ebf\u69fd\u5e94\u7528-2-768x431.jpg 768w, https:\/\/www.delirollforming.com\/wp-content\/uploads\/2024\/03\/\u7ebf\u69fd\u5e94\u7528-2.jpg 1200w\" sizes=\"auto, (max-width: 1024px) 100vw, 1024px\" \/><\/figure>\n<\/div>\n<\/div>\n","protected":false},"excerpt":{"rendered":"<p>Caracter\u00edsticas 1. El manejo de la m\u00e1quina es f\u00e1cil y c\u00f3modo. 2. Alta eficiencia de producci\u00f3n &#8211; punzonado, perfilado y corte se pueden completar a la vez. Proceso De Producci\u00f3n \u00a0 \u00a0Desenrollado \u2014 Nivelado \u2014 Prepunzonado \u2014 Formando \u2014 Corte \u2014 Descarga Detalle Del Producto<\/p>\n","protected":false},"featured_media":10909,"template":"","product-type":[119],"class_list":["post-7620","product","type-product","status-publish","has-post-thumbnail","hentry","product-type-energia"],"uagb_featured_image_src":{"full":["https:\/\/www.delirollforming.com\/wp-content\/uploads\/2024\/03\/cbtk01.jpg",1000,562,false],"thumbnail":["https:\/\/www.delirollforming.com\/wp-content\/uploads\/2024\/03\/cbtk01-150x150.jpg",150,150,true],"medium":["https:\/\/www.delirollforming.com\/wp-content\/uploads\/2024\/03\/cbtk01-300x169.jpg",300,169,true],"medium_large":["https:\/\/www.delirollforming.com\/wp-content\/uploads\/2024\/03\/cbtk01-768x432.jpg",768,432,true],"large":["https:\/\/www.delirollforming.com\/wp-content\/uploads\/2024\/03\/cbtk01.jpg",1000,562,false],"1536x1536":["https:\/\/www.delirollforming.com\/wp-content\/uploads\/2024\/03\/cbtk01.jpg",1000,562,false],"2048x2048":["https:\/\/www.delirollforming.com\/wp-content\/uploads\/2024\/03\/cbtk01.jpg",1000,562,false],"book-image":["https:\/\/www.delirollforming.com\/wp-content\/uploads\/2024\/03\/cbtk01-480x562.jpg",480,562,true]},"uagb_author_info":{"display_name":"deli","author_link":"https:\/\/www.delirollforming.com\/es\/author\/"},"uagb_comment_info":0,"uagb_excerpt":"Caracter\u00edsticas 1. El manejo de la m\u00e1quina es f\u00e1cil y c\u00f3modo. 2. Alta eficiencia de producci\u00f3n &#8211; punzonado, perfilado y corte se pueden completar a la vez. Proceso De Producci\u00f3n \u00a0 \u00a0Desenrollado \u2014 Nivelado \u2014 Prepunzonado \u2014 Formando \u2014 Corte \u2014 Descarga Detalle Del Producto","meta_box":{"photos":[{"width":150,"height":150,"file":"2024\/03\/\u7ebf\u69fd-\u69fd\u4f53-3.jpg","filesize":292325,"sizes":{"medium":{"file":"\u7ebf\u69fd-\u69fd\u4f53-3-300x169.jpg","width":300,"height":169,"mime-type":"image\/jpeg","filesize":12428,"url":"https:\/\/www.delirollforming.com\/wp-content\/uploads\/2024\/03\/\u7ebf\u69fd-\u69fd\u4f53-3-300x169.jpg"},"large":{"file":"\u7ebf\u69fd-\u69fd\u4f53-3-1024x576.jpg","width":1024,"height":576,"mime-type":"image\/jpeg","filesize":79781,"url":"https:\/\/www.delirollforming.com\/wp-content\/uploads\/2024\/03\/\u7ebf\u69fd-\u69fd\u4f53-3-1024x576.jpg"},"thumbnail":{"file":"\u7ebf\u69fd-\u69fd\u4f53-3-150x150.jpg","width":150,"height":150,"mime-type":"image\/jpeg","filesize":6610,"url":"https:\/\/www.delirollforming.com\/wp-content\/uploads\/2024\/03\/\u7ebf\u69fd-\u69fd\u4f53-3-150x150.jpg"},"medium_large":{"file":"\u7ebf\u69fd-\u69fd\u4f53-3-768x432.jpg","width":768,"height":432,"mime-type":"image\/jpeg","filesize":51988,"url":"https:\/\/www.delirollforming.com\/wp-content\/uploads\/2024\/03\/\u7ebf\u69fd-\u69fd\u4f53-3-768x432.jpg"},"book-image":{"file":"\u7ebf\u69fd-\u69fd\u4f53-3-480x640.jpg","width":480,"height":640,"mime-type":"image\/jpeg","filesize":46385,"url":"https:\/\/www.delirollforming.com\/wp-content\/uploads\/2024\/03\/\u7ebf\u69fd-\u69fd\u4f53-3-480x640.jpg"}},"image_meta":{"aperture":"0","credit":"","camera":"","caption":"","created_timestamp":"0","copyright":"","focal_length":"0","iso":"0","shutter_speed":"0","title":"","orientation":"0","keywords":[]},"ID":"7650","name":"\u7ebf\u69fd-\u69fd\u4f53-3.jpg","path":"\/www\/wwwroot\/www.delirollforming.com\/wp-content\/uploads\/2024\/03\/\u7ebf\u69fd-\u69fd\u4f53-3.jpg","url":"https:\/\/www.delirollforming.com\/wp-content\/uploads\/2024\/03\/\u7ebf\u69fd-\u69fd\u4f53-3-150x150.jpg","full_url":"https:\/\/www.delirollforming.com\/wp-content\/uploads\/2024\/03\/\u7ebf\u69fd-\u69fd\u4f53-3.jpg","title":"\u7ebf\u69fd \u69fd\u4f53 (3)","caption":"","description":"","alt":"","srcset":false},{"width":150,"height":150,"file":"2024\/03\/\u7ebf\u69fd-\u69fd\u4f53-2.jpg","filesize":316357,"sizes":{"medium":{"file":"\u7ebf\u69fd-\u69fd\u4f53-2-300x169.jpg","width":300,"height":169,"mime-type":"image\/jpeg","filesize":16611,"url":"https:\/\/www.delirollforming.com\/wp-content\/uploads\/2024\/03\/\u7ebf\u69fd-\u69fd\u4f53-2-300x169.jpg"},"large":{"file":"\u7ebf\u69fd-\u69fd\u4f53-2-1024x576.jpg","width":1024,"height":576,"mime-type":"image\/jpeg","filesize":97294,"url":"https:\/\/www.delirollforming.com\/wp-content\/uploads\/2024\/03\/\u7ebf\u69fd-\u69fd\u4f53-2-1024x576.jpg"},"thumbnail":{"file":"\u7ebf\u69fd-\u69fd\u4f53-2-150x150.jpg","width":150,"height":150,"mime-type":"image\/jpeg","filesize":8248,"url":"https:\/\/www.delirollforming.com\/wp-content\/uploads\/2024\/03\/\u7ebf\u69fd-\u69fd\u4f53-2-150x150.jpg"},"medium_large":{"file":"\u7ebf\u69fd-\u69fd\u4f53-2-768x432.jpg","width":768,"height":432,"mime-type":"image\/jpeg","filesize":64521,"url":"https:\/\/www.delirollforming.com\/wp-content\/uploads\/2024\/03\/\u7ebf\u69fd-\u69fd\u4f53-2-768x432.jpg"},"book-image":{"file":"\u7ebf\u69fd-\u69fd\u4f53-2-480x640.jpg","width":480,"height":640,"mime-type":"image\/jpeg","filesize":51182,"url":"https:\/\/www.delirollforming.com\/wp-content\/uploads\/2024\/03\/\u7ebf\u69fd-\u69fd\u4f53-2-480x640.jpg"}},"image_meta":{"aperture":"0","credit":"","camera":"","caption":"","created_timestamp":"0","copyright":"","focal_length":"0","iso":"0","shutter_speed":"0","title":"","orientation":"0","keywords":[]},"ID":"7647","name":"\u7ebf\u69fd-\u69fd\u4f53-2.jpg","path":"\/www\/wwwroot\/www.delirollforming.com\/wp-content\/uploads\/2024\/03\/\u7ebf\u69fd-\u69fd\u4f53-2.jpg","url":"https:\/\/www.delirollforming.com\/wp-content\/uploads\/2024\/03\/\u7ebf\u69fd-\u69fd\u4f53-2-150x150.jpg","full_url":"https:\/\/www.delirollforming.com\/wp-content\/uploads\/2024\/03\/\u7ebf\u69fd-\u69fd\u4f53-2.jpg","title":"\u7ebf\u69fd \u69fd\u4f53 (2)","caption":"","description":"","alt":"","srcset":false},{"width":150,"height":150,"file":"2024\/03\/\u7ebf\u69fd-\u69fd\u4f53-1.jpg","filesize":302333,"sizes":{"medium":{"file":"\u7ebf\u69fd-\u69fd\u4f53-1-300x169.jpg","width":300,"height":169,"mime-type":"image\/jpeg","filesize":14503,"url":"https:\/\/www.delirollforming.com\/wp-content\/uploads\/2024\/03\/\u7ebf\u69fd-\u69fd\u4f53-1-300x169.jpg"},"large":{"file":"\u7ebf\u69fd-\u69fd\u4f53-1-1024x576.jpg","width":1024,"height":576,"mime-type":"image\/jpeg","filesize":86215,"url":"https:\/\/www.delirollforming.com\/wp-content\/uploads\/2024\/03\/\u7ebf\u69fd-\u69fd\u4f53-1-1024x576.jpg"},"thumbnail":{"file":"\u7ebf\u69fd-\u69fd\u4f53-1-150x150.jpg","width":150,"height":150,"mime-type":"image\/jpeg","filesize":7500,"url":"https:\/\/www.delirollforming.com\/wp-content\/uploads\/2024\/03\/\u7ebf\u69fd-\u69fd\u4f53-1-150x150.jpg"},"medium_large":{"file":"\u7ebf\u69fd-\u69fd\u4f53-1-768x432.jpg","width":768,"height":432,"mime-type":"image\/jpeg","filesize":56634,"url":"https:\/\/www.delirollforming.com\/wp-content\/uploads\/2024\/03\/\u7ebf\u69fd-\u69fd\u4f53-1-768x432.jpg"},"book-image":{"file":"\u7ebf\u69fd-\u69fd\u4f53-1-480x640.jpg","width":480,"height":640,"mime-type":"image\/jpeg","filesize":47306,"url":"https:\/\/www.delirollforming.com\/wp-content\/uploads\/2024\/03\/\u7ebf\u69fd-\u69fd\u4f53-1-480x640.jpg"}},"image_meta":{"aperture":"0","credit":"","camera":"","caption":"","created_timestamp":"0","copyright":"","focal_length":"0","iso":"0","shutter_speed":"0","title":"","orientation":"0","keywords":[]},"ID":"7644","name":"\u7ebf\u69fd-\u69fd\u4f53-1.jpg","path":"\/www\/wwwroot\/www.delirollforming.com\/wp-content\/uploads\/2024\/03\/\u7ebf\u69fd-\u69fd\u4f53-1.jpg","url":"https:\/\/www.delirollforming.com\/wp-content\/uploads\/2024\/03\/\u7ebf\u69fd-\u69fd\u4f53-1-150x150.jpg","full_url":"https:\/\/www.delirollforming.com\/wp-content\/uploads\/2024\/03\/\u7ebf\u69fd-\u69fd\u4f53-1.jpg","title":"\u7ebf\u69fd \u69fd\u4f53 (1)","caption":"","description":"","alt":"","srcset":false},{"width":150,"height":150,"file":"2024\/03\/\u7ebf\u69fd-\u69fd\u4f53-4.jpg","filesize":319979,"sizes":{"medium":{"file":"\u7ebf\u69fd-\u69fd\u4f53-4-300x169.jpg","width":300,"height":169,"mime-type":"image\/jpeg","filesize":15681,"url":"https:\/\/www.delirollforming.com\/wp-content\/uploads\/2024\/03\/\u7ebf\u69fd-\u69fd\u4f53-4-300x169.jpg"},"large":{"file":"\u7ebf\u69fd-\u69fd\u4f53-4-1024x576.jpg","width":1024,"height":576,"mime-type":"image\/jpeg","filesize":98016,"url":"https:\/\/www.delirollforming.com\/wp-content\/uploads\/2024\/03\/\u7ebf\u69fd-\u69fd\u4f53-4-1024x576.jpg"},"thumbnail":{"file":"\u7ebf\u69fd-\u69fd\u4f53-4-150x150.jpg","width":150,"height":150,"mime-type":"image\/jpeg","filesize":8112,"url":"https:\/\/www.delirollforming.com\/wp-content\/uploads\/2024\/03\/\u7ebf\u69fd-\u69fd\u4f53-4-150x150.jpg"},"medium_large":{"file":"\u7ebf\u69fd-\u69fd\u4f53-4-768x432.jpg","width":768,"height":432,"mime-type":"image\/jpeg","filesize":64118,"url":"https:\/\/www.delirollforming.com\/wp-content\/uploads\/2024\/03\/\u7ebf\u69fd-\u69fd\u4f53-4-768x432.jpg"},"book-image":{"file":"\u7ebf\u69fd-\u69fd\u4f53-4-480x640.jpg","width":480,"height":640,"mime-type":"image\/jpeg","filesize":52163,"url":"https:\/\/www.delirollforming.com\/wp-content\/uploads\/2024\/03\/\u7ebf\u69fd-\u69fd\u4f53-4-480x640.jpg"}},"image_meta":{"aperture":"0","credit":"","camera":"","caption":"","created_timestamp":"0","copyright":"","focal_length":"0","iso":"0","shutter_speed":"0","title":"","orientation":"0","keywords":[]},"ID":"7623","name":"\u7ebf\u69fd-\u69fd\u4f53-4.jpg","path":"\/www\/wwwroot\/www.delirollforming.com\/wp-content\/uploads\/2024\/03\/\u7ebf\u69fd-\u69fd\u4f53-4.jpg","url":"https:\/\/www.delirollforming.com\/wp-content\/uploads\/2024\/03\/\u7ebf\u69fd-\u69fd\u4f53-4-150x150.jpg","full_url":"https:\/\/www.delirollforming.com\/wp-content\/uploads\/2024\/03\/\u7ebf\u69fd-\u69fd\u4f53-4.jpg","title":"\u7ebf\u69fd \u69fd\u4f53 (4)","caption":"","description":"","alt":"","srcset":false},{"width":150,"height":150,"file":"2024\/03\/\u7ebf\u69fd-\u69fd\u4f53-5.jpg","filesize":341075,"sizes":{"medium":{"file":"\u7ebf\u69fd-\u69fd\u4f53-5-300x169.jpg","width":300,"height":169,"mime-type":"image\/jpeg","filesize":15922,"url":"https:\/\/www.delirollforming.com\/wp-content\/uploads\/2024\/03\/\u7ebf\u69fd-\u69fd\u4f53-5-300x169.jpg"},"large":{"file":"\u7ebf\u69fd-\u69fd\u4f53-5-1024x576.jpg","width":1024,"height":576,"mime-type":"image\/jpeg","filesize":97269,"url":"https:\/\/www.delirollforming.com\/wp-content\/uploads\/2024\/03\/\u7ebf\u69fd-\u69fd\u4f53-5-1024x576.jpg"},"thumbnail":{"file":"\u7ebf\u69fd-\u69fd\u4f53-5-150x150.jpg","width":150,"height":150,"mime-type":"image\/jpeg","filesize":7348,"url":"https:\/\/www.delirollforming.com\/wp-content\/uploads\/2024\/03\/\u7ebf\u69fd-\u69fd\u4f53-5-150x150.jpg"},"medium_large":{"file":"\u7ebf\u69fd-\u69fd\u4f53-5-768x432.jpg","width":768,"height":432,"mime-type":"image\/jpeg","filesize":63550,"url":"https:\/\/www.delirollforming.com\/wp-content\/uploads\/2024\/03\/\u7ebf\u69fd-\u69fd\u4f53-5-768x432.jpg"},"book-image":{"file":"\u7ebf\u69fd-\u69fd\u4f53-5-480x640.jpg","width":480,"height":640,"mime-type":"image\/jpeg","filesize":46936,"url":"https:\/\/www.delirollforming.com\/wp-content\/uploads\/2024\/03\/\u7ebf\u69fd-\u69fd\u4f53-5-480x640.jpg"}},"image_meta":{"aperture":"0","credit":"","camera":"","caption":"","created_timestamp":"0","copyright":"","focal_length":"0","iso":"0","shutter_speed":"0","title":"","orientation":"0","keywords":[]},"ID":"7626","name":"\u7ebf\u69fd-\u69fd\u4f53-5.jpg","path":"\/www\/wwwroot\/www.delirollforming.com\/wp-content\/uploads\/2024\/03\/\u7ebf\u69fd-\u69fd\u4f53-5.jpg","url":"https:\/\/www.delirollforming.com\/wp-content\/uploads\/2024\/03\/\u7ebf\u69fd-\u69fd\u4f53-5-150x150.jpg","full_url":"https:\/\/www.delirollforming.com\/wp-content\/uploads\/2024\/03\/\u7ebf\u69fd-\u69fd\u4f53-5.jpg","title":"\u7ebf\u69fd \u69fd\u4f53 (5)","caption":"","description":"","alt":"","srcset":false},{"width":150,"height":150,"file":"2024\/03\/\u7ebf\u69fd-\u69fd\u4f53-6.jpg","filesize":333752,"sizes":{"medium":{"file":"\u7ebf\u69fd-\u69fd\u4f53-6-300x169.jpg","width":300,"height":169,"mime-type":"image\/jpeg","filesize":14860,"url":"https:\/\/www.delirollforming.com\/wp-content\/uploads\/2024\/03\/\u7ebf\u69fd-\u69fd\u4f53-6-300x169.jpg"},"large":{"file":"\u7ebf\u69fd-\u69fd\u4f53-6-1024x576.jpg","width":1024,"height":576,"mime-type":"image\/jpeg","filesize":94914,"url":"https:\/\/www.delirollforming.com\/wp-content\/uploads\/2024\/03\/\u7ebf\u69fd-\u69fd\u4f53-6-1024x576.jpg"},"thumbnail":{"file":"\u7ebf\u69fd-\u69fd\u4f53-6-150x150.jpg","width":150,"height":150,"mime-type":"image\/jpeg","filesize":7343,"url":"https:\/\/www.delirollforming.com\/wp-content\/uploads\/2024\/03\/\u7ebf\u69fd-\u69fd\u4f53-6-150x150.jpg"},"medium_large":{"file":"\u7ebf\u69fd-\u69fd\u4f53-6-768x432.jpg","width":768,"height":432,"mime-type":"image\/jpeg","filesize":61854,"url":"https:\/\/www.delirollforming.com\/wp-content\/uploads\/2024\/03\/\u7ebf\u69fd-\u69fd\u4f53-6-768x432.jpg"},"book-image":{"file":"\u7ebf\u69fd-\u69fd\u4f53-6-480x640.jpg","width":480,"height":640,"mime-type":"image\/jpeg","filesize":42303,"url":"https:\/\/www.delirollforming.com\/wp-content\/uploads\/2024\/03\/\u7ebf\u69fd-\u69fd\u4f53-6-480x640.jpg"}},"image_meta":{"aperture":"0","credit":"","camera":"","caption":"","created_timestamp":"0","copyright":"","focal_length":"0","iso":"0","shutter_speed":"0","title":"","orientation":"0","keywords":[]},"ID":"7629","name":"\u7ebf\u69fd-\u69fd\u4f53-6.jpg","path":"\/www\/wwwroot\/www.delirollforming.com\/wp-content\/uploads\/2024\/03\/\u7ebf\u69fd-\u69fd\u4f53-6.jpg","url":"https:\/\/www.delirollforming.com\/wp-content\/uploads\/2024\/03\/\u7ebf\u69fd-\u69fd\u4f53-6-150x150.jpg","full_url":"https:\/\/www.delirollforming.com\/wp-content\/uploads\/2024\/03\/\u7ebf\u69fd-\u69fd\u4f53-6.jpg","title":"\u7ebf\u69fd \u69fd\u4f53 (6)","caption":"","description":"","alt":"","srcset":false},{"width":150,"height":150,"file":"2024\/03\/\u7ebf\u69fd-\u69fd\u4f53-7.jpg","filesize":364937,"sizes":{"medium":{"file":"\u7ebf\u69fd-\u69fd\u4f53-7-300x169.jpg","width":300,"height":169,"mime-type":"image\/jpeg","filesize":14967,"url":"https:\/\/www.delirollforming.com\/wp-content\/uploads\/2024\/03\/\u7ebf\u69fd-\u69fd\u4f53-7-300x169.jpg"},"large":{"file":"\u7ebf\u69fd-\u69fd\u4f53-7-1024x575.jpg","width":1024,"height":575,"mime-type":"image\/jpeg","filesize":114240,"url":"https:\/\/www.delirollforming.com\/wp-content\/uploads\/2024\/03\/\u7ebf\u69fd-\u69fd\u4f53-7-1024x575.jpg"},"thumbnail":{"file":"\u7ebf\u69fd-\u69fd\u4f53-7-150x150.jpg","width":150,"height":150,"mime-type":"image\/jpeg","filesize":7546,"url":"https:\/\/www.delirollforming.com\/wp-content\/uploads\/2024\/03\/\u7ebf\u69fd-\u69fd\u4f53-7-150x150.jpg"},"medium_large":{"file":"\u7ebf\u69fd-\u69fd\u4f53-7-768x431.jpg","width":768,"height":431,"mime-type":"image\/jpeg","filesize":73256,"url":"https:\/\/www.delirollforming.com\/wp-content\/uploads\/2024\/03\/\u7ebf\u69fd-\u69fd\u4f53-7-768x431.jpg"},"book-image":{"file":"\u7ebf\u69fd-\u69fd\u4f53-7-480x640.jpg","width":480,"height":640,"mime-type":"image\/jpeg","filesize":54686,"url":"https:\/\/www.delirollforming.com\/wp-content\/uploads\/2024\/03\/\u7ebf\u69fd-\u69fd\u4f53-7-480x640.jpg"}},"image_meta":{"aperture":"0","credit":"","camera":"","caption":"","created_timestamp":"0","copyright":"","focal_length":"0","iso":"0","shutter_speed":"0","title":"","orientation":"0","keywords":[]},"ID":"7632","name":"\u7ebf\u69fd-\u69fd\u4f53-7.jpg","path":"\/www\/wwwroot\/www.delirollforming.com\/wp-content\/uploads\/2024\/03\/\u7ebf\u69fd-\u69fd\u4f53-7.jpg","url":"https:\/\/www.delirollforming.com\/wp-content\/uploads\/2024\/03\/\u7ebf\u69fd-\u69fd\u4f53-7-150x150.jpg","full_url":"https:\/\/www.delirollforming.com\/wp-content\/uploads\/2024\/03\/\u7ebf\u69fd-\u69fd\u4f53-7.jpg","title":"\u7ebf\u69fd \u69fd\u4f53 (7)","caption":"","description":"","alt":"","srcset":false}],"parameters":[{"propertyName":"Material","propertyValue":"Acero CR"},{"propertyName":"Profile Size","propertyValue":"50*50mm (Personalizable)"},{"propertyName":"Material Thickness","propertyValue":"0.3-0.5mm"},{"propertyName":"Profile Accuracy","propertyValue":"\u00b10.3mm"},{"propertyName":"Forming Rollers","propertyValue":"20"},{"propertyName":"Width Adjustable","propertyValue":"No"},{"propertyName":"Running Speed","propertyValue":"4-6m\/min"},{"propertyName":"Height Adjustable","propertyValue":"No"}],"background":{"width":150,"height":150,"file":"2023\/04\/6978355.png","filesize":1643212,"sizes":{"medium":{"file":"6978355-300x156.png","width":300,"height":156,"mime-type":"image\/png","filesize":112561,"url":"https:\/\/www.delirollforming.com\/wp-content\/uploads\/2023\/04\/6978355-300x156.png"},"large":{"file":"6978355-1024x533.png","width":1024,"height":533,"mime-type":"image\/png","filesize":1259588,"url":"https:\/\/www.delirollforming.com\/wp-content\/uploads\/2023\/04\/6978355-1024x533.png"},"thumbnail":{"file":"6978355-150x150.png","width":150,"height":150,"mime-type":"image\/png","filesize":55589,"url":"https:\/\/www.delirollforming.com\/wp-content\/uploads\/2023\/04\/6978355-150x150.png"},"medium_large":{"file":"6978355-768x400.png","width":768,"height":400,"mime-type":"image\/png","filesize":723593,"url":"https:\/\/www.delirollforming.com\/wp-content\/uploads\/2023\/04\/6978355-768x400.png"},"1536x1536":{"file":"6978355-1536x800.png","width":1536,"height":800,"mime-type":"image\/png","filesize":2601526,"url":"https:\/\/www.delirollforming.com\/wp-content\/uploads\/2023\/04\/6978355-1536x800.png"},"book-image":{"file":"6978355-480x640.png","width":480,"height":640,"mime-type":"image\/png","filesize":725056,"url":"https:\/\/www.delirollforming.com\/wp-content\/uploads\/2023\/04\/6978355-480x640.png"}},"image_meta":{"aperture":"0","credit":"","camera":"","caption":"","created_timestamp":"0","copyright":"","focal_length":"0","iso":"0","shutter_speed":"0","title":"","orientation":"0","keywords":[]},"ID":"2605","name":"6978355.png","path":"\/www\/wwwroot\/www.delirollforming.com\/wp-content\/uploads\/2023\/04\/6978355.png","url":"https:\/\/www.delirollforming.com\/wp-content\/uploads\/2023\/04\/6978355-150x150.png","full_url":"https:\/\/www.delirollforming.com\/wp-content\/uploads\/2023\/04\/6978355.png","title":"6978355","caption":"","description":"","alt":"","srcset":false},"showInHome":"0"},"_links":{"self":[{"href":"https:\/\/www.delirollforming.com\/es\/wp-json\/wp\/v2\/product\/7620","targetHints":{"allow":["GET"]}}],"collection":[{"href":"https:\/\/www.delirollforming.com\/es\/wp-json\/wp\/v2\/product"}],"about":[{"href":"https:\/\/www.delirollforming.com\/es\/wp-json\/wp\/v2\/types\/product"}],"wp:featuredmedia":[{"embeddable":true,"href":"https:\/\/www.delirollforming.com\/es\/wp-json\/wp\/v2\/media\/10909"}],"wp:attachment":[{"href":"https:\/\/www.delirollforming.com\/es\/wp-json\/wp\/v2\/media?parent=7620"}],"wp:term":[{"taxonomy":"product-type","embeddable":true,"href":"https:\/\/www.delirollforming.com\/es\/wp-json\/wp\/v2\/product-type?post=7620"}],"curies":[{"name":"wp","href":"https:\/\/api.w.org\/{rel}","templated":true}]}}