{"id":6196,"date":"2023-12-22T12:05:26","date_gmt":"2023-12-22T04:05:26","guid":{"rendered":"https:\/\/www.delirollforming.com\/?post_type=product&#038;p=6196"},"modified":"2024-04-02T11:06:37","modified_gmt":"2024-04-02T03:06:37","slug":"electric-cabinet-beam-line","status":"publish","type":"product","link":"https:\/\/www.delirollforming.com\/es\/product\/electric-cabinet-beam-line\/","title":{"rendered":"L\u00ednea de producci\u00f3n de vigas para armarios el\u00e9ctricos"},"content":{"rendered":"\n<figure class=\"wp-block-video\"><video height=\"720\" style=\"aspect-ratio: 1280 \/ 720;\" width=\"1280\" controls src=\"https:\/\/www.delirollforming.com\/wp-content\/uploads\/2023\/12\/\u7535\u67dc\u6a2a\u6881-\u4e2d\u82f1-1080.mp4\"><\/video><\/figure>\n\n\n<h3 style=\"margin-top: 3rem; background-color: #eee; border: 1px #ddd solid; padding: 0.5rem 1rem;\"><span style=\"font-family: arial, helvetica, sans-serif; font-size: 18pt;\">Caracter\u00edsticas<\/span><\/h3>\n<p style=\"text-align: justify;\"><span style=\"font-family: arial, helvetica, sans-serif; font-size: 14pt;\">1. La chapa galvanizada se forma en rollo envolviendo y retirando la pel\u00edcula, sin ara\u00f1azos en la superficie de la chapa galvanizada despu\u00e9s de la formaci\u00f3n.<\/span><\/p>\n<p style=\"text-align: justify;\"><span style=\"font-family: arial, helvetica, sans-serif; font-size: 14pt;\">2. Todos los procesos de envoltura y retirada del film, formaci\u00f3n y corte se completan a la vez, y es c\u00f3modo y f\u00e1cil cambiar las especificaciones.<\/span><\/p>\n<p style=\"text-align: justify;\"><span style=\"font-family: arial, helvetica, sans-serif; font-size: 14pt;\">3. No hay desperdicio de material para el cambio de especificaciones.<\/span><\/p>\n<p><span style=\"font-family: arial, helvetica, sans-serif; font-size: 14pt;\">4. Ampliamente utilizado para armarios el\u00e9ctricos, armarios de distribuci\u00f3n de energ\u00eda, etc.<\/span><\/p>\n<h3 style=\"margin-top: 3rem; background-color: #eee; border: 1px #ddd solid; padding: 0.5rem 1rem;\"><span style=\"font-family: arial, helvetica, sans-serif; font-size: 18pt;\">Proceso De Producci\u00f3n<\/span><\/h3>\n<p style=\"text-align: justify;\"><span style=\"color: #000000; font-family: arial, helvetica, sans-serif; font-size: 14pt;\">\u00a0Desenrollado \u2014 Nivelado \u2014 Recubrimiento con pel\u00edcula \u2014 Perfilado \u2014 Desenrollado \u2014 Enderezado \u2014 Corte \u2014 Descarga<\/span><\/p>\n<h3 style=\"margin-top: 3rem; background-color: #eee; border: 1px #ddd solid; padding: 0.5rem 1rem;\"><span style=\"font-family: arial, helvetica, sans-serif; font-size: 18pt;\">Detalle Del Producto<\/span><\/h3>\n\n\n<div class=\"wp-block-columns is-layout-flex wp-container-core-columns-is-layout-9d6595d7 wp-block-columns-is-layout-flex\">\n<div class=\"wp-block-column is-layout-flow wp-block-column-is-layout-flow\">\n<figure class=\"wp-block-image size-large\"><img loading=\"lazy\" decoding=\"async\" width=\"1024\" height=\"576\" src=\"https:\/\/www.delirollforming.com\/wp-content\/uploads\/2023\/12\/\u7535\u67f1\u6a2a\u6881-5_\u526f\u672c-1024x576.jpg\" alt=\"\" class=\"wp-image-6184\" srcset=\"https:\/\/www.delirollforming.com\/wp-content\/uploads\/2023\/12\/\u7535\u67f1\u6a2a\u6881-5_\u526f\u672c-1024x576.jpg 1024w, https:\/\/www.delirollforming.com\/wp-content\/uploads\/2023\/12\/\u7535\u67f1\u6a2a\u6881-5_\u526f\u672c-300x169.jpg 300w, https:\/\/www.delirollforming.com\/wp-content\/uploads\/2023\/12\/\u7535\u67f1\u6a2a\u6881-5_\u526f\u672c-768x432.jpg 768w, https:\/\/www.delirollforming.com\/wp-content\/uploads\/2023\/12\/\u7535\u67f1\u6a2a\u6881-5_\u526f\u672c.jpg 1200w\" sizes=\"auto, (max-width: 1024px) 100vw, 1024px\" \/><\/figure>\n<\/div>\n<\/div>\n","protected":false},"excerpt":{"rendered":"<p>Caracter\u00edsticas 1. La chapa galvanizada se forma en rollo envolviendo y retirando la pel\u00edcula, sin ara\u00f1azos en la superficie de la chapa galvanizada despu\u00e9s de la formaci\u00f3n. 2. Todos los procesos de envoltura y retirada del film, formaci\u00f3n y corte se completan a la vez, y es c\u00f3modo y f\u00e1cil cambiar las especificaciones. 3. No [&hellip;]<\/p>\n","protected":false},"featured_media":6155,"template":"","product-type":[119],"class_list":["post-6196","product","type-product","status-publish","has-post-thumbnail","hentry","product-type-energia"],"uagb_featured_image_src":{"full":["https:\/\/www.delirollforming.com\/wp-content\/uploads\/2023\/12\/\u914d\u7535\u7ad9\u7535\u67f1\u6a2a\u6881Substation-cabinet-beam-1.jpg",2048,1152,false],"thumbnail":["https:\/\/www.delirollforming.com\/wp-content\/uploads\/2023\/12\/\u914d\u7535\u7ad9\u7535\u67f1\u6a2a\u6881Substation-cabinet-beam-1-150x150.jpg",150,150,true],"medium":["https:\/\/www.delirollforming.com\/wp-content\/uploads\/2023\/12\/\u914d\u7535\u7ad9\u7535\u67f1\u6a2a\u6881Substation-cabinet-beam-1-300x169.jpg",300,169,true],"medium_large":["https:\/\/www.delirollforming.com\/wp-content\/uploads\/2023\/12\/\u914d\u7535\u7ad9\u7535\u67f1\u6a2a\u6881Substation-cabinet-beam-1-768x432.jpg",768,432,true],"large":["https:\/\/www.delirollforming.com\/wp-content\/uploads\/2023\/12\/\u914d\u7535\u7ad9\u7535\u67f1\u6a2a\u6881Substation-cabinet-beam-1-1024x576.jpg",1024,576,true],"1536x1536":["https:\/\/www.delirollforming.com\/wp-content\/uploads\/2023\/12\/\u914d\u7535\u7ad9\u7535\u67f1\u6a2a\u6881Substation-cabinet-beam-1-1536x864.jpg",1536,864,true],"2048x2048":["https:\/\/www.delirollforming.com\/wp-content\/uploads\/2023\/12\/\u914d\u7535\u7ad9\u7535\u67f1\u6a2a\u6881Substation-cabinet-beam-1.jpg",2048,1152,false],"book-image":["https:\/\/www.delirollforming.com\/wp-content\/uploads\/2023\/12\/\u914d\u7535\u7ad9\u7535\u67f1\u6a2a\u6881Substation-cabinet-beam-1-480x640.jpg",480,640,true]},"uagb_author_info":{"display_name":"deli","author_link":"https:\/\/www.delirollforming.com\/es\/author\/"},"uagb_comment_info":0,"uagb_excerpt":"Caracter\u00edsticas 1. La chapa galvanizada se forma en rollo envolviendo y retirando la pel\u00edcula, sin ara\u00f1azos en la superficie de la chapa galvanizada despu\u00e9s de la formaci\u00f3n. 2. Todos los procesos de envoltura y retirada del film, formaci\u00f3n y corte se completan a la vez, y es c\u00f3modo y f\u00e1cil cambiar las especificaciones. 3. No&hellip;","meta_box":{"photos":[{"width":150,"height":150,"file":"2023\/12\/\u7535\u67f1\u6a2a\u6881-2_\u526f\u672c.jpg","filesize":157364,"sizes":{"medium":{"file":"\u7535\u67f1\u6a2a\u6881-2_\u526f\u672c-300x169.jpg","width":300,"height":169,"mime-type":"image\/jpeg","filesize":8668,"url":"https:\/\/www.delirollforming.com\/wp-content\/uploads\/2023\/12\/\u7535\u67f1\u6a2a\u6881-2_\u526f\u672c-300x169.jpg"},"large":{"file":"\u7535\u67f1\u6a2a\u6881-2_\u526f\u672c-1024x576.jpg","width":1024,"height":576,"mime-type":"image\/jpeg","filesize":50132,"url":"https:\/\/www.delirollforming.com\/wp-content\/uploads\/2023\/12\/\u7535\u67f1\u6a2a\u6881-2_\u526f\u672c-1024x576.jpg"},"thumbnail":{"file":"\u7535\u67f1\u6a2a\u6881-2_\u526f\u672c-150x150.jpg","width":150,"height":150,"mime-type":"image\/jpeg","filesize":4449,"url":"https:\/\/www.delirollforming.com\/wp-content\/uploads\/2023\/12\/\u7535\u67f1\u6a2a\u6881-2_\u526f\u672c-150x150.jpg"},"medium_large":{"file":"\u7535\u67f1\u6a2a\u6881-2_\u526f\u672c-768x432.jpg","width":768,"height":432,"mime-type":"image\/jpeg","filesize":32846,"url":"https:\/\/www.delirollforming.com\/wp-content\/uploads\/2023\/12\/\u7535\u67f1\u6a2a\u6881-2_\u526f\u672c-768x432.jpg"},"book-image":{"file":"\u7535\u67f1\u6a2a\u6881-2_\u526f\u672c-480x640.jpg","width":480,"height":640,"mime-type":"image\/jpeg","filesize":25666,"url":"https:\/\/www.delirollforming.com\/wp-content\/uploads\/2023\/12\/\u7535\u67f1\u6a2a\u6881-2_\u526f\u672c-480x640.jpg"}},"image_meta":{"aperture":"0","credit":"","camera":"","caption":"","created_timestamp":"0","copyright":"","focal_length":"0","iso":"0","shutter_speed":"0","title":"","orientation":"0","keywords":[]},"ID":"6190","name":"\u7535\u67f1\u6a2a\u6881-2_\u526f\u672c.jpg","path":"\/www\/wwwroot\/www.delirollforming.com\/wp-content\/uploads\/2023\/12\/\u7535\u67f1\u6a2a\u6881-2_\u526f\u672c.jpg","url":"https:\/\/www.delirollforming.com\/wp-content\/uploads\/2023\/12\/\u7535\u67f1\u6a2a\u6881-2_\u526f\u672c-150x150.jpg","full_url":"https:\/\/www.delirollforming.com\/wp-content\/uploads\/2023\/12\/\u7535\u67f1\u6a2a\u6881-2_\u526f\u672c.jpg","title":"\u7535\u67f1\u6a2a\u6881 (2)_\u526f\u672c","caption":"","description":"","alt":"","srcset":false},{"width":150,"height":150,"file":"2023\/12\/\u7535\u67f1\u6a2a\u6881-6_\u526f\u672c.jpg","filesize":160045,"sizes":{"medium":{"file":"\u7535\u67f1\u6a2a\u6881-6_\u526f\u672c-300x169.jpg","width":300,"height":169,"mime-type":"image\/jpeg","filesize":7951,"url":"https:\/\/www.delirollforming.com\/wp-content\/uploads\/2023\/12\/\u7535\u67f1\u6a2a\u6881-6_\u526f\u672c-300x169.jpg"},"large":{"file":"\u7535\u67f1\u6a2a\u6881-6_\u526f\u672c-1024x576.jpg","width":1024,"height":576,"mime-type":"image\/jpeg","filesize":48638,"url":"https:\/\/www.delirollforming.com\/wp-content\/uploads\/2023\/12\/\u7535\u67f1\u6a2a\u6881-6_\u526f\u672c-1024x576.jpg"},"thumbnail":{"file":"\u7535\u67f1\u6a2a\u6881-6_\u526f\u672c-150x150.jpg","width":150,"height":150,"mime-type":"image\/jpeg","filesize":4716,"url":"https:\/\/www.delirollforming.com\/wp-content\/uploads\/2023\/12\/\u7535\u67f1\u6a2a\u6881-6_\u526f\u672c-150x150.jpg"},"medium_large":{"file":"\u7535\u67f1\u6a2a\u6881-6_\u526f\u672c-768x432.jpg","width":768,"height":432,"mime-type":"image\/jpeg","filesize":31655,"url":"https:\/\/www.delirollforming.com\/wp-content\/uploads\/2023\/12\/\u7535\u67f1\u6a2a\u6881-6_\u526f\u672c-768x432.jpg"},"book-image":{"file":"\u7535\u67f1\u6a2a\u6881-6_\u526f\u672c-480x640.jpg","width":480,"height":640,"mime-type":"image\/jpeg","filesize":27971,"url":"https:\/\/www.delirollforming.com\/wp-content\/uploads\/2023\/12\/\u7535\u67f1\u6a2a\u6881-6_\u526f\u672c-480x640.jpg"}},"image_meta":{"aperture":"0","credit":"","camera":"","caption":"","created_timestamp":"0","copyright":"","focal_length":"0","iso":"0","shutter_speed":"0","title":"","orientation":"0","keywords":[]},"ID":"6187","name":"\u7535\u67f1\u6a2a\u6881-6_\u526f\u672c.jpg","path":"\/www\/wwwroot\/www.delirollforming.com\/wp-content\/uploads\/2023\/12\/\u7535\u67f1\u6a2a\u6881-6_\u526f\u672c.jpg","url":"https:\/\/www.delirollforming.com\/wp-content\/uploads\/2023\/12\/\u7535\u67f1\u6a2a\u6881-6_\u526f\u672c-150x150.jpg","full_url":"https:\/\/www.delirollforming.com\/wp-content\/uploads\/2023\/12\/\u7535\u67f1\u6a2a\u6881-6_\u526f\u672c.jpg","title":"\u7535\u67f1\u6a2a\u6881 (6)_\u526f\u672c","caption":"","description":"","alt":"","srcset":false},{"width":150,"height":150,"file":"2023\/12\/\u7535\u67f1\u6a2a\u6881-1_\u526f\u672c.jpg","filesize":123463,"sizes":{"medium":{"file":"\u7535\u67f1\u6a2a\u6881-1_\u526f\u672c-300x169.jpg","width":300,"height":169,"mime-type":"image\/jpeg","filesize":7552,"url":"https:\/\/www.delirollforming.com\/wp-content\/uploads\/2023\/12\/\u7535\u67f1\u6a2a\u6881-1_\u526f\u672c-300x169.jpg"},"large":{"file":"\u7535\u67f1\u6a2a\u6881-1_\u526f\u672c-1024x576.jpg","width":1024,"height":576,"mime-type":"image\/jpeg","filesize":42599,"url":"https:\/\/www.delirollforming.com\/wp-content\/uploads\/2023\/12\/\u7535\u67f1\u6a2a\u6881-1_\u526f\u672c-1024x576.jpg"},"thumbnail":{"file":"\u7535\u67f1\u6a2a\u6881-1_\u526f\u672c-150x150.jpg","width":150,"height":150,"mime-type":"image\/jpeg","filesize":5240,"url":"https:\/\/www.delirollforming.com\/wp-content\/uploads\/2023\/12\/\u7535\u67f1\u6a2a\u6881-1_\u526f\u672c-150x150.jpg"},"medium_large":{"file":"\u7535\u67f1\u6a2a\u6881-1_\u526f\u672c-768x432.jpg","width":768,"height":432,"mime-type":"image\/jpeg","filesize":28171,"url":"https:\/\/www.delirollforming.com\/wp-content\/uploads\/2023\/12\/\u7535\u67f1\u6a2a\u6881-1_\u526f\u672c-768x432.jpg"},"book-image":{"file":"\u7535\u67f1\u6a2a\u6881-1_\u526f\u672c-480x640.jpg","width":480,"height":640,"mime-type":"image\/jpeg","filesize":30456,"url":"https:\/\/www.delirollforming.com\/wp-content\/uploads\/2023\/12\/\u7535\u67f1\u6a2a\u6881-1_\u526f\u672c-480x640.jpg"}},"image_meta":{"aperture":"0","credit":"","camera":"","caption":"","created_timestamp":"0","copyright":"","focal_length":"0","iso":"0","shutter_speed":"0","title":"","orientation":"0","keywords":[]},"ID":"6178","name":"\u7535\u67f1\u6a2a\u6881-1_\u526f\u672c.jpg","path":"\/www\/wwwroot\/www.delirollforming.com\/wp-content\/uploads\/2023\/12\/\u7535\u67f1\u6a2a\u6881-1_\u526f\u672c.jpg","url":"https:\/\/www.delirollforming.com\/wp-content\/uploads\/2023\/12\/\u7535\u67f1\u6a2a\u6881-1_\u526f\u672c-150x150.jpg","full_url":"https:\/\/www.delirollforming.com\/wp-content\/uploads\/2023\/12\/\u7535\u67f1\u6a2a\u6881-1_\u526f\u672c.jpg","title":"\u7535\u67f1\u6a2a\u6881 (1)_\u526f\u672c","caption":"","description":"","alt":"","srcset":false},{"width":150,"height":150,"file":"2023\/12\/\u7535\u67f1\u6a2a\u6881-4_\u526f\u672c.jpg","filesize":92939,"sizes":{"medium":{"file":"\u7535\u67f1\u6a2a\u6881-4_\u526f\u672c-300x169.jpg","width":300,"height":169,"mime-type":"image\/jpeg","filesize":4923,"url":"https:\/\/www.delirollforming.com\/wp-content\/uploads\/2023\/12\/\u7535\u67f1\u6a2a\u6881-4_\u526f\u672c-300x169.jpg"},"large":{"file":"\u7535\u67f1\u6a2a\u6881-4_\u526f\u672c-1024x576.jpg","width":1024,"height":576,"mime-type":"image\/jpeg","filesize":30517,"url":"https:\/\/www.delirollforming.com\/wp-content\/uploads\/2023\/12\/\u7535\u67f1\u6a2a\u6881-4_\u526f\u672c-1024x576.jpg"},"thumbnail":{"file":"\u7535\u67f1\u6a2a\u6881-4_\u526f\u672c-150x150.jpg","width":150,"height":150,"mime-type":"image\/jpeg","filesize":2921,"url":"https:\/\/www.delirollforming.com\/wp-content\/uploads\/2023\/12\/\u7535\u67f1\u6a2a\u6881-4_\u526f\u672c-150x150.jpg"},"medium_large":{"file":"\u7535\u67f1\u6a2a\u6881-4_\u526f\u672c-768x432.jpg","width":768,"height":432,"mime-type":"image\/jpeg","filesize":19938,"url":"https:\/\/www.delirollforming.com\/wp-content\/uploads\/2023\/12\/\u7535\u67f1\u6a2a\u6881-4_\u526f\u672c-768x432.jpg"},"book-image":{"file":"\u7535\u67f1\u6a2a\u6881-4_\u526f\u672c-480x640.jpg","width":480,"height":640,"mime-type":"image\/jpeg","filesize":16737,"url":"https:\/\/www.delirollforming.com\/wp-content\/uploads\/2023\/12\/\u7535\u67f1\u6a2a\u6881-4_\u526f\u672c-480x640.jpg"}},"image_meta":{"aperture":"0","credit":"","camera":"","caption":"","created_timestamp":"0","copyright":"","focal_length":"0","iso":"0","shutter_speed":"0","title":"","orientation":"0","keywords":[]},"ID":"6181","name":"\u7535\u67f1\u6a2a\u6881-4_\u526f\u672c.jpg","path":"\/www\/wwwroot\/www.delirollforming.com\/wp-content\/uploads\/2023\/12\/\u7535\u67f1\u6a2a\u6881-4_\u526f\u672c.jpg","url":"https:\/\/www.delirollforming.com\/wp-content\/uploads\/2023\/12\/\u7535\u67f1\u6a2a\u6881-4_\u526f\u672c-150x150.jpg","full_url":"https:\/\/www.delirollforming.com\/wp-content\/uploads\/2023\/12\/\u7535\u67f1\u6a2a\u6881-4_\u526f\u672c.jpg","title":"\u7535\u67f1\u6a2a\u6881 (4)_\u526f\u672c","caption":"","description":"","alt":"","srcset":false},{"width":150,"height":150,"file":"2023\/12\/\u7535\u67f1\u6a2a\u6881-3_\u526f\u672c.jpg","filesize":91421,"sizes":{"medium":{"file":"\u7535\u67f1\u6a2a\u6881-3_\u526f\u672c-300x169.jpg","width":300,"height":169,"mime-type":"image\/jpeg","filesize":5026,"url":"https:\/\/www.delirollforming.com\/wp-content\/uploads\/2023\/12\/\u7535\u67f1\u6a2a\u6881-3_\u526f\u672c-300x169.jpg"},"large":{"file":"\u7535\u67f1\u6a2a\u6881-3_\u526f\u672c-1024x576.jpg","width":1024,"height":576,"mime-type":"image\/jpeg","filesize":31459,"url":"https:\/\/www.delirollforming.com\/wp-content\/uploads\/2023\/12\/\u7535\u67f1\u6a2a\u6881-3_\u526f\u672c-1024x576.jpg"},"thumbnail":{"file":"\u7535\u67f1\u6a2a\u6881-3_\u526f\u672c-150x150.jpg","width":150,"height":150,"mime-type":"image\/jpeg","filesize":2679,"url":"https:\/\/www.delirollforming.com\/wp-content\/uploads\/2023\/12\/\u7535\u67f1\u6a2a\u6881-3_\u526f\u672c-150x150.jpg"},"medium_large":{"file":"\u7535\u67f1\u6a2a\u6881-3_\u526f\u672c-768x432.jpg","width":768,"height":432,"mime-type":"image\/jpeg","filesize":19880,"url":"https:\/\/www.delirollforming.com\/wp-content\/uploads\/2023\/12\/\u7535\u67f1\u6a2a\u6881-3_\u526f\u672c-768x432.jpg"},"book-image":{"file":"\u7535\u67f1\u6a2a\u6881-3_\u526f\u672c-480x640.jpg","width":480,"height":640,"mime-type":"image\/jpeg","filesize":16022,"url":"https:\/\/www.delirollforming.com\/wp-content\/uploads\/2023\/12\/\u7535\u67f1\u6a2a\u6881-3_\u526f\u672c-480x640.jpg"}},"image_meta":{"aperture":"0","credit":"","camera":"","caption":"","created_timestamp":"0","copyright":"","focal_length":"0","iso":"0","shutter_speed":"0","title":"","orientation":"0","keywords":[]},"ID":"6193","name":"\u7535\u67f1\u6a2a\u6881-3_\u526f\u672c.jpg","path":"\/www\/wwwroot\/www.delirollforming.com\/wp-content\/uploads\/2023\/12\/\u7535\u67f1\u6a2a\u6881-3_\u526f\u672c.jpg","url":"https:\/\/www.delirollforming.com\/wp-content\/uploads\/2023\/12\/\u7535\u67f1\u6a2a\u6881-3_\u526f\u672c-150x150.jpg","full_url":"https:\/\/www.delirollforming.com\/wp-content\/uploads\/2023\/12\/\u7535\u67f1\u6a2a\u6881-3_\u526f\u672c.jpg","title":"\u7535\u67f1\u6a2a\u6881 (3)_\u526f\u672c","caption":"","description":"","alt":"","srcset":false}],"parameters":[{"propertyName":"Material","propertyValue":"Acero Galvanizado"},{"propertyName":"Profile Size","propertyValue":"50*22mm (Personalizable)"},{"propertyName":"Material Thickness","propertyValue":"2.0mm"},{"propertyName":"Profile Accuracy","propertyValue":"\u00b10.2mm"},{"propertyName":"Forming Rollers","propertyValue":"24"},{"propertyName":"Width Adjustable","propertyValue":"No"},{"propertyName":"Running Speed","propertyValue":"4-6m\/min"},{"propertyName":"Height Adjustable","propertyValue":"No"}],"background":{"width":150,"height":150,"file":"2023\/04\/6978355.png","filesize":1643212,"sizes":{"medium":{"file":"6978355-300x156.png","width":300,"height":156,"mime-type":"image\/png","filesize":112561,"url":"https:\/\/www.delirollforming.com\/wp-content\/uploads\/2023\/04\/6978355-300x156.png"},"large":{"file":"6978355-1024x533.png","width":1024,"height":533,"mime-type":"image\/png","filesize":1259588,"url":"https:\/\/www.delirollforming.com\/wp-content\/uploads\/2023\/04\/6978355-1024x533.png"},"thumbnail":{"file":"6978355-150x150.png","width":150,"height":150,"mime-type":"image\/png","filesize":55589,"url":"https:\/\/www.delirollforming.com\/wp-content\/uploads\/2023\/04\/6978355-150x150.png"},"medium_large":{"file":"6978355-768x400.png","width":768,"height":400,"mime-type":"image\/png","filesize":723593,"url":"https:\/\/www.delirollforming.com\/wp-content\/uploads\/2023\/04\/6978355-768x400.png"},"1536x1536":{"file":"6978355-1536x800.png","width":1536,"height":800,"mime-type":"image\/png","filesize":2601526,"url":"https:\/\/www.delirollforming.com\/wp-content\/uploads\/2023\/04\/6978355-1536x800.png"},"book-image":{"file":"6978355-480x640.png","width":480,"height":640,"mime-type":"image\/png","filesize":725056,"url":"https:\/\/www.delirollforming.com\/wp-content\/uploads\/2023\/04\/6978355-480x640.png"}},"image_meta":{"aperture":"0","credit":"","camera":"","caption":"","created_timestamp":"0","copyright":"","focal_length":"0","iso":"0","shutter_speed":"0","title":"","orientation":"0","keywords":[]},"ID":"2605","name":"6978355.png","path":"\/www\/wwwroot\/www.delirollforming.com\/wp-content\/uploads\/2023\/04\/6978355.png","url":"https:\/\/www.delirollforming.com\/wp-content\/uploads\/2023\/04\/6978355-150x150.png","full_url":"https:\/\/www.delirollforming.com\/wp-content\/uploads\/2023\/04\/6978355.png","title":"6978355","caption":"","description":"","alt":"","srcset":false},"showInHome":"0"},"_links":{"self":[{"href":"https:\/\/www.delirollforming.com\/es\/wp-json\/wp\/v2\/product\/6196","targetHints":{"allow":["GET"]}}],"collection":[{"href":"https:\/\/www.delirollforming.com\/es\/wp-json\/wp\/v2\/product"}],"about":[{"href":"https:\/\/www.delirollforming.com\/es\/wp-json\/wp\/v2\/types\/product"}],"wp:featuredmedia":[{"embeddable":true,"href":"https:\/\/www.delirollforming.com\/es\/wp-json\/wp\/v2\/media\/6155"}],"wp:attachment":[{"href":"https:\/\/www.delirollforming.com\/es\/wp-json\/wp\/v2\/media?parent=6196"}],"wp:term":[{"taxonomy":"product-type","embeddable":true,"href":"https:\/\/www.delirollforming.com\/es\/wp-json\/wp\/v2\/product-type?post=6196"}],"curies":[{"name":"wp","href":"https:\/\/api.w.org\/{rel}","templated":true}]}}