{"id":5686,"date":"2023-10-11T22:47:38","date_gmt":"2023-10-11T14:47:38","guid":{"rendered":"https:\/\/www.delirollforming.com\/product\/production-line\/"},"modified":"2024-08-21T10:16:59","modified_gmt":"2024-08-21T02:16:59","slug":"slotted-shelf-rack-pallet-line","status":"publish","type":"product","link":"https:\/\/www.delirollforming.com\/es\/product\/slotted-shelf-rack-pallet-line\/","title":{"rendered":"L\u00ednea de producci\u00f3n de estanter\u00edas de paletizaci\u00f3n ranurada"},"content":{"rendered":"\n<figure class=\"wp-block-video\"><video height=\"1080\" style=\"aspect-ratio: 1920 \/ 1080;\" width=\"1920\" controls src=\"https:\/\/www.delirollforming.com\/wp-content\/uploads\/2023\/10\/\u8d27\u67b6\u6258\u677f-\u4e2d\u82f1-1080.mp4\"><\/video><\/figure>\n\n\n<h3 style=\"margin-top: 3rem; background-color: #eee; border: 1px #ddd solid; padding: 0.5rem 1rem;\"><span style=\"font-family: arial, helvetica, sans-serif; font-size: 18pt;\">Caracter\u00edsticas<\/span><\/h3>\n<p style=\"text-align: justify;\"><span style=\"font-family: arial, helvetica, sans-serif; font-size: 14pt;\">1. Funcionamiento c\u00f3modo, f\u00e1cil y r\u00e1pido.<\/span><\/p>\n<p style=\"text-align: justify;\"><span style=\"font-family: arial, helvetica, sans-serif; font-size: 14pt;\">2. Alta eficiencia de producci\u00f3n &#8211; punzonado, perfilado y corte se pueden completar autom\u00e1ticamente en l\u00ednea.<\/span><\/p>\n<p style=\"text-align: justify;\"><span style=\"font-family: arial, helvetica, sans-serif; font-size: 14pt;\">3. Ampliamente utilizado en la industria de estanter\u00edas.<\/span><\/p>\n<h3 style=\"margin-top: 3rem; background-color: #eee; border: 1px #ddd solid; padding: 0.5rem 1rem;\"><span style=\"font-family: arial, helvetica, sans-serif; font-size: 18pt;\">Proceso De Producci\u00f3n<\/span><\/h3>\n<p style=\"text-align: justify;\"><span style=\"color: #000000; font-family: arial, helvetica, sans-serif; font-size: 14pt;\">\u00a0 \u00a0Desenrollado \u2014 Nivelado \u2014 Prepunzonado \u2014 Perfilado \u2014 Curvado por los dos lados \u2014 Corte \u2014 Curvado por los dos extremos \u2014 Descarga<\/span><\/p>\n<h3 style=\"margin-top: 3rem; background-color: #eee; border: 1px #ddd solid; padding: 0.5rem 1rem;\"><span style=\"font-family: arial, helvetica, sans-serif; font-size: 18pt;\">Detalle Del Producto<\/span><\/h3>\n\n\n<div class=\"wp-block-columns is-layout-flex wp-container-core-columns-is-layout-9d6595d7 wp-block-columns-is-layout-flex\">\n<div class=\"wp-block-column is-layout-flow wp-block-column-is-layout-flow\">\n<figure class=\"wp-block-image size-large\"><img loading=\"lazy\" decoding=\"async\" width=\"1024\" height=\"576\" src=\"https:\/\/www.delirollforming.com\/wp-content\/uploads\/2024\/06\/\u94c6\u5408\u8d27\u67b6\u6258\u677f02-1024x576.jpg\" alt=\"\" class=\"wp-image-9231\" srcset=\"https:\/\/www.delirollforming.com\/wp-content\/uploads\/2024\/06\/\u94c6\u5408\u8d27\u67b6\u6258\u677f02-1024x576.jpg 1024w, https:\/\/www.delirollforming.com\/wp-content\/uploads\/2024\/06\/\u94c6\u5408\u8d27\u67b6\u6258\u677f02-300x169.jpg 300w, https:\/\/www.delirollforming.com\/wp-content\/uploads\/2024\/06\/\u94c6\u5408\u8d27\u67b6\u6258\u677f02-768x432.jpg 768w, https:\/\/www.delirollforming.com\/wp-content\/uploads\/2024\/06\/\u94c6\u5408\u8d27\u67b6\u6258\u677f02.jpg 1200w\" sizes=\"auto, (max-width: 1024px) 100vw, 1024px\" \/><\/figure>\n<\/div>\n\n\n\n<div class=\"wp-block-column is-layout-flow wp-block-column-is-layout-flow\">\n<figure class=\"wp-block-image size-large\"><img loading=\"lazy\" decoding=\"async\" width=\"1024\" height=\"576\" src=\"https:\/\/www.delirollforming.com\/wp-content\/uploads\/2024\/06\/\u94c6\u5408\u8d27\u67b6\u6258\u677f01-1024x576.jpg\" alt=\"\" class=\"wp-image-9234\" srcset=\"https:\/\/www.delirollforming.com\/wp-content\/uploads\/2024\/06\/\u94c6\u5408\u8d27\u67b6\u6258\u677f01-1024x576.jpg 1024w, https:\/\/www.delirollforming.com\/wp-content\/uploads\/2024\/06\/\u94c6\u5408\u8d27\u67b6\u6258\u677f01-300x169.jpg 300w, https:\/\/www.delirollforming.com\/wp-content\/uploads\/2024\/06\/\u94c6\u5408\u8d27\u67b6\u6258\u677f01-768x432.jpg 768w, https:\/\/www.delirollforming.com\/wp-content\/uploads\/2024\/06\/\u94c6\u5408\u8d27\u67b6\u6258\u677f01.jpg 1200w\" sizes=\"auto, (max-width: 1024px) 100vw, 1024px\" \/><\/figure>\n<\/div>\n<\/div>\n","protected":false},"excerpt":{"rendered":"<p>Caracter\u00edsticas 1. Funcionamiento c\u00f3modo, f\u00e1cil y r\u00e1pido. 2. Alta eficiencia de producci\u00f3n &#8211; punzonado, perfilado y corte se pueden completar autom\u00e1ticamente en l\u00ednea. 3. Ampliamente utilizado en la industria de estanter\u00edas. Proceso De Producci\u00f3n \u00a0 \u00a0Desenrollado \u2014 Nivelado \u2014 Prepunzonado \u2014 Perfilado \u2014 Curvado por los dos lados \u2014 Corte \u2014 Curvado por los dos [&hellip;]<\/p>\n","protected":false},"featured_media":10956,"template":"","product-type":[121],"class_list":["post-5686","product","type-product","status-publish","has-post-thumbnail","hentry","product-type-estanterias-y-anaqueles"],"uagb_featured_image_src":{"full":["https:\/\/www.delirollforming.com\/wp-content\/uploads\/2023\/10\/R3-shelves.jpg",1000,562,false],"thumbnail":["https:\/\/www.delirollforming.com\/wp-content\/uploads\/2023\/10\/R3-shelves-150x150.jpg",150,150,true],"medium":["https:\/\/www.delirollforming.com\/wp-content\/uploads\/2023\/10\/R3-shelves-300x169.jpg",300,169,true],"medium_large":["https:\/\/www.delirollforming.com\/wp-content\/uploads\/2023\/10\/R3-shelves-768x432.jpg",768,432,true],"large":["https:\/\/www.delirollforming.com\/wp-content\/uploads\/2023\/10\/R3-shelves.jpg",1000,562,false],"1536x1536":["https:\/\/www.delirollforming.com\/wp-content\/uploads\/2023\/10\/R3-shelves.jpg",1000,562,false],"2048x2048":["https:\/\/www.delirollforming.com\/wp-content\/uploads\/2023\/10\/R3-shelves.jpg",1000,562,false],"book-image":["https:\/\/www.delirollforming.com\/wp-content\/uploads\/2023\/10\/R3-shelves-480x562.jpg",480,562,true]},"uagb_author_info":{"display_name":"deli","author_link":"https:\/\/www.delirollforming.com\/es\/author\/"},"uagb_comment_info":0,"uagb_excerpt":"Caracter\u00edsticas 1. Funcionamiento c\u00f3modo, f\u00e1cil y r\u00e1pido. 2. Alta eficiencia de producci\u00f3n &#8211; punzonado, perfilado y corte se pueden completar autom\u00e1ticamente en l\u00ednea. 3. Ampliamente utilizado en la industria de estanter\u00edas. Proceso De Producci\u00f3n \u00a0 \u00a0Desenrollado \u2014 Nivelado \u2014 Prepunzonado \u2014 Perfilado \u2014 Curvado por los dos lados \u2014 Corte \u2014 Curvado por los dos&hellip;","meta_box":{"photos":[{"width":150,"height":150,"file":"2023\/10\/\u8d27\u67b6\u6258\u677f-3.png","filesize":1358344,"sizes":{"medium":{"file":"\u8d27\u67b6\u6258\u677f-3-300x225.png","width":300,"height":225,"mime-type":"image\/png","filesize":117644,"url":"https:\/\/www.delirollforming.com\/wp-content\/uploads\/2023\/10\/\u8d27\u67b6\u6258\u677f-3-300x225.png"},"large":{"file":"\u8d27\u67b6\u6258\u677f-3-1024x768.png","width":1024,"height":768,"mime-type":"image\/png","filesize":1025246,"url":"https:\/\/www.delirollforming.com\/wp-content\/uploads\/2023\/10\/\u8d27\u67b6\u6258\u677f-3-1024x768.png"},"thumbnail":{"file":"\u8d27\u67b6\u6258\u677f-3-150x150.png","width":150,"height":150,"mime-type":"image\/png","filesize":43785,"url":"https:\/\/www.delirollforming.com\/wp-content\/uploads\/2023\/10\/\u8d27\u67b6\u6258\u677f-3-150x150.png"},"medium_large":{"file":"\u8d27\u67b6\u6258\u677f-3-768x576.png","width":768,"height":576,"mime-type":"image\/png","filesize":636266,"url":"https:\/\/www.delirollforming.com\/wp-content\/uploads\/2023\/10\/\u8d27\u67b6\u6258\u677f-3-768x576.png"},"book-image":{"file":"\u8d27\u67b6\u6258\u677f-3-480x640.png","width":480,"height":640,"mime-type":"image\/png","filesize":451210,"url":"https:\/\/www.delirollforming.com\/wp-content\/uploads\/2023\/10\/\u8d27\u67b6\u6258\u677f-3-480x640.png"}},"image_meta":{"aperture":"0","credit":"","camera":"","caption":"","created_timestamp":"0","copyright":"","focal_length":"0","iso":"0","shutter_speed":"0","title":"","orientation":"0","keywords":[]},"ID":"3104","name":"\u8d27\u67b6\u6258\u677f-3.png","path":"\/www\/wwwroot\/www.delirollforming.com\/wp-content\/uploads\/2023\/10\/\u8d27\u67b6\u6258\u677f-3.png","url":"https:\/\/www.delirollforming.com\/wp-content\/uploads\/2023\/10\/\u8d27\u67b6\u6258\u677f-3-150x150.png","full_url":"https:\/\/www.delirollforming.com\/wp-content\/uploads\/2023\/10\/\u8d27\u67b6\u6258\u677f-3.png","title":"\u8d27\u67b6\u6258\u677f (3)","caption":"","description":"","alt":"","srcset":false},{"width":150,"height":150,"file":"2023\/10\/\u8d27\u67b6\u6258\u677f-7.png","filesize":979967,"sizes":{"medium":{"file":"\u8d27\u67b6\u6258\u677f-7-300x225.png","width":300,"height":225,"mime-type":"image\/png","filesize":86828,"url":"https:\/\/www.delirollforming.com\/wp-content\/uploads\/2023\/10\/\u8d27\u67b6\u6258\u677f-7-300x225.png"},"large":{"file":"\u8d27\u67b6\u6258\u677f-7-1024x768.png","width":1024,"height":768,"mime-type":"image\/png","filesize":740722,"url":"https:\/\/www.delirollforming.com\/wp-content\/uploads\/2023\/10\/\u8d27\u67b6\u6258\u677f-7-1024x768.png"},"thumbnail":{"file":"\u8d27\u67b6\u6258\u677f-7-150x150.png","width":150,"height":150,"mime-type":"image\/png","filesize":33197,"url":"https:\/\/www.delirollforming.com\/wp-content\/uploads\/2023\/10\/\u8d27\u67b6\u6258\u677f-7-150x150.png"},"medium_large":{"file":"\u8d27\u67b6\u6258\u677f-7-768x576.png","width":768,"height":576,"mime-type":"image\/png","filesize":457769,"url":"https:\/\/www.delirollforming.com\/wp-content\/uploads\/2023\/10\/\u8d27\u67b6\u6258\u677f-7-768x576.png"},"book-image":{"file":"\u8d27\u67b6\u6258\u677f-7-480x640.png","width":480,"height":640,"mime-type":"image\/png","filesize":336792,"url":"https:\/\/www.delirollforming.com\/wp-content\/uploads\/2023\/10\/\u8d27\u67b6\u6258\u677f-7-480x640.png"}},"image_meta":{"aperture":"0","credit":"","camera":"","caption":"","created_timestamp":"0","copyright":"","focal_length":"0","iso":"0","shutter_speed":"0","title":"","orientation":"0","keywords":[]},"ID":"3072","name":"\u8d27\u67b6\u6258\u677f-7.png","path":"\/www\/wwwroot\/www.delirollforming.com\/wp-content\/uploads\/2023\/10\/\u8d27\u67b6\u6258\u677f-7.png","url":"https:\/\/www.delirollforming.com\/wp-content\/uploads\/2023\/10\/\u8d27\u67b6\u6258\u677f-7-150x150.png","full_url":"https:\/\/www.delirollforming.com\/wp-content\/uploads\/2023\/10\/\u8d27\u67b6\u6258\u677f-7.png","title":"\u8d27\u67b6\u6258\u677f (7)","caption":"","description":"","alt":"","srcset":false},{"width":150,"height":150,"file":"2024\/06\/\u94c6\u5408\u6258\u677f01.jpg","filesize":514011,"sizes":{"medium":{"file":"\u94c6\u5408\u6258\u677f01-300x225.jpg","width":300,"height":225,"mime-type":"image\/jpeg","filesize":16868,"url":"https:\/\/www.delirollforming.com\/wp-content\/uploads\/2024\/06\/\u94c6\u5408\u6258\u677f01-300x225.jpg"},"large":{"file":"\u94c6\u5408\u6258\u677f01-1024x768.jpg","width":1024,"height":768,"mime-type":"image\/jpeg","filesize":115779,"url":"https:\/\/www.delirollforming.com\/wp-content\/uploads\/2024\/06\/\u94c6\u5408\u6258\u677f01-1024x768.jpg"},"thumbnail":{"file":"\u94c6\u5408\u6258\u677f01-150x150.jpg","width":150,"height":150,"mime-type":"image\/jpeg","filesize":6822,"url":"https:\/\/www.delirollforming.com\/wp-content\/uploads\/2024\/06\/\u94c6\u5408\u6258\u677f01-150x150.jpg"},"medium_large":{"file":"\u94c6\u5408\u6258\u677f01-768x576.jpg","width":768,"height":576,"mime-type":"image\/jpeg","filesize":74514,"url":"https:\/\/www.delirollforming.com\/wp-content\/uploads\/2024\/06\/\u94c6\u5408\u6258\u677f01-768x576.jpg"},"book-image":{"file":"\u94c6\u5408\u6258\u677f01-480x640.jpg","width":480,"height":640,"mime-type":"image\/jpeg","filesize":50611,"url":"https:\/\/www.delirollforming.com\/wp-content\/uploads\/2024\/06\/\u94c6\u5408\u6258\u677f01-480x640.jpg"}},"image_meta":{"aperture":"0","credit":"","camera":"","caption":"","created_timestamp":"0","copyright":"","focal_length":"0","iso":"0","shutter_speed":"0","title":"","orientation":"0","keywords":[]},"ID":"9210","name":"\u94c6\u5408\u6258\u677f01.jpg","path":"\/www\/wwwroot\/www.delirollforming.com\/wp-content\/uploads\/2024\/06\/\u94c6\u5408\u6258\u677f01.jpg","url":"https:\/\/www.delirollforming.com\/wp-content\/uploads\/2024\/06\/\u94c6\u5408\u6258\u677f01-150x150.jpg","full_url":"https:\/\/www.delirollforming.com\/wp-content\/uploads\/2024\/06\/\u94c6\u5408\u6258\u677f01.jpg","title":"\u94c6\u5408\u6258\u677f01","caption":"","description":"","alt":"","srcset":false},{"width":150,"height":150,"file":"2024\/06\/\u94c6\u5408\u8d27\u67b6\u6258\u677f01_\u526f\u672c.jpg","filesize":390335,"sizes":{"medium":{"file":"\u94c6\u5408\u8d27\u67b6\u6258\u677f01_\u526f\u672c-300x225.jpg","width":300,"height":225,"mime-type":"image\/jpeg","filesize":14565,"url":"https:\/\/www.delirollforming.com\/wp-content\/uploads\/2024\/06\/\u94c6\u5408\u8d27\u67b6\u6258\u677f01_\u526f\u672c-300x225.jpg"},"large":{"file":"\u94c6\u5408\u8d27\u67b6\u6258\u677f01_\u526f\u672c-1024x768.jpg","width":1024,"height":768,"mime-type":"image\/jpeg","filesize":87795,"url":"https:\/\/www.delirollforming.com\/wp-content\/uploads\/2024\/06\/\u94c6\u5408\u8d27\u67b6\u6258\u677f01_\u526f\u672c-1024x768.jpg"},"thumbnail":{"file":"\u94c6\u5408\u8d27\u67b6\u6258\u677f01_\u526f\u672c-150x150.jpg","width":150,"height":150,"mime-type":"image\/jpeg","filesize":6077,"url":"https:\/\/www.delirollforming.com\/wp-content\/uploads\/2024\/06\/\u94c6\u5408\u8d27\u67b6\u6258\u677f01_\u526f\u672c-150x150.jpg"},"medium_large":{"file":"\u94c6\u5408\u8d27\u67b6\u6258\u677f01_\u526f\u672c-768x576.jpg","width":768,"height":576,"mime-type":"image\/jpeg","filesize":57527,"url":"https:\/\/www.delirollforming.com\/wp-content\/uploads\/2024\/06\/\u94c6\u5408\u8d27\u67b6\u6258\u677f01_\u526f\u672c-768x576.jpg"},"book-image":{"file":"\u94c6\u5408\u8d27\u67b6\u6258\u677f01_\u526f\u672c-480x640.jpg","width":480,"height":640,"mime-type":"image\/jpeg","filesize":38051,"url":"https:\/\/www.delirollforming.com\/wp-content\/uploads\/2024\/06\/\u94c6\u5408\u8d27\u67b6\u6258\u677f01_\u526f\u672c-480x640.jpg"}},"image_meta":{"aperture":"0","credit":"","camera":"","caption":"","created_timestamp":"0","copyright":"","focal_length":"0","iso":"0","shutter_speed":"0","title":"","orientation":"0","keywords":[]},"ID":"9219","name":"\u94c6\u5408\u8d27\u67b6\u6258\u677f01_\u526f\u672c.jpg","path":"\/www\/wwwroot\/www.delirollforming.com\/wp-content\/uploads\/2024\/06\/\u94c6\u5408\u8d27\u67b6\u6258\u677f01_\u526f\u672c.jpg","url":"https:\/\/www.delirollforming.com\/wp-content\/uploads\/2024\/06\/\u94c6\u5408\u8d27\u67b6\u6258\u677f01_\u526f\u672c-150x150.jpg","full_url":"https:\/\/www.delirollforming.com\/wp-content\/uploads\/2024\/06\/\u94c6\u5408\u8d27\u67b6\u6258\u677f01_\u526f\u672c.jpg","title":"\u94c6\u5408\u8d27\u67b6\u6258\u677f01_\u526f\u672c","caption":"","description":"","alt":"","srcset":false},{"width":150,"height":150,"file":"2024\/06\/\u94c6\u5408\u8d27\u67b6\u6258\u677f02_\u526f\u672c.jpg","filesize":423869,"sizes":{"medium":{"file":"\u94c6\u5408\u8d27\u67b6\u6258\u677f02_\u526f\u672c-300x225.jpg","width":300,"height":225,"mime-type":"image\/jpeg","filesize":10352,"url":"https:\/\/www.delirollforming.com\/wp-content\/uploads\/2024\/06\/\u94c6\u5408\u8d27\u67b6\u6258\u677f02_\u526f\u672c-300x225.jpg"},"large":{"file":"\u94c6\u5408\u8d27\u67b6\u6258\u677f02_\u526f\u672c-1024x768.jpg","width":1024,"height":768,"mime-type":"image\/jpeg","filesize":71777,"url":"https:\/\/www.delirollforming.com\/wp-content\/uploads\/2024\/06\/\u94c6\u5408\u8d27\u67b6\u6258\u677f02_\u526f\u672c-1024x768.jpg"},"thumbnail":{"file":"\u94c6\u5408\u8d27\u67b6\u6258\u677f02_\u526f\u672c-150x150.jpg","width":150,"height":150,"mime-type":"image\/jpeg","filesize":4646,"url":"https:\/\/www.delirollforming.com\/wp-content\/uploads\/2024\/06\/\u94c6\u5408\u8d27\u67b6\u6258\u677f02_\u526f\u672c-150x150.jpg"},"medium_large":{"file":"\u94c6\u5408\u8d27\u67b6\u6258\u677f02_\u526f\u672c-768x576.jpg","width":768,"height":576,"mime-type":"image\/jpeg","filesize":44461,"url":"https:\/\/www.delirollforming.com\/wp-content\/uploads\/2024\/06\/\u94c6\u5408\u8d27\u67b6\u6258\u677f02_\u526f\u672c-768x576.jpg"},"book-image":{"file":"\u94c6\u5408\u8d27\u67b6\u6258\u677f02_\u526f\u672c-480x640.jpg","width":480,"height":640,"mime-type":"image\/jpeg","filesize":30472,"url":"https:\/\/www.delirollforming.com\/wp-content\/uploads\/2024\/06\/\u94c6\u5408\u8d27\u67b6\u6258\u677f02_\u526f\u672c-480x640.jpg"}},"image_meta":{"aperture":"0","credit":"","camera":"","caption":"","created_timestamp":"0","copyright":"","focal_length":"0","iso":"0","shutter_speed":"0","title":"","orientation":"0","keywords":[]},"ID":"9216","name":"\u94c6\u5408\u8d27\u67b6\u6258\u677f02_\u526f\u672c.jpg","path":"\/www\/wwwroot\/www.delirollforming.com\/wp-content\/uploads\/2024\/06\/\u94c6\u5408\u8d27\u67b6\u6258\u677f02_\u526f\u672c.jpg","url":"https:\/\/www.delirollforming.com\/wp-content\/uploads\/2024\/06\/\u94c6\u5408\u8d27\u67b6\u6258\u677f02_\u526f\u672c-150x150.jpg","full_url":"https:\/\/www.delirollforming.com\/wp-content\/uploads\/2024\/06\/\u94c6\u5408\u8d27\u67b6\u6258\u677f02_\u526f\u672c.jpg","title":"\u94c6\u5408\u8d27\u67b6\u6258\u677f02_\u526f\u672c","caption":"","description":"","alt":"","srcset":false},{"width":150,"height":150,"file":"2024\/06\/\u94c6\u5408\u8d27\u67b6\u6258\u677f03_\u526f\u672c.jpg","filesize":410307,"sizes":{"medium":{"file":"\u94c6\u5408\u8d27\u67b6\u6258\u677f03_\u526f\u672c-300x225.jpg","width":300,"height":225,"mime-type":"image\/jpeg","filesize":12378,"url":"https:\/\/www.delirollforming.com\/wp-content\/uploads\/2024\/06\/\u94c6\u5408\u8d27\u67b6\u6258\u677f03_\u526f\u672c-300x225.jpg"},"large":{"file":"\u94c6\u5408\u8d27\u67b6\u6258\u677f03_\u526f\u672c-1024x768.jpg","width":1024,"height":768,"mime-type":"image\/jpeg","filesize":85731,"url":"https:\/\/www.delirollforming.com\/wp-content\/uploads\/2024\/06\/\u94c6\u5408\u8d27\u67b6\u6258\u677f03_\u526f\u672c-1024x768.jpg"},"thumbnail":{"file":"\u94c6\u5408\u8d27\u67b6\u6258\u677f03_\u526f\u672c-150x150.jpg","width":150,"height":150,"mime-type":"image\/jpeg","filesize":5198,"url":"https:\/\/www.delirollforming.com\/wp-content\/uploads\/2024\/06\/\u94c6\u5408\u8d27\u67b6\u6258\u677f03_\u526f\u672c-150x150.jpg"},"medium_large":{"file":"\u94c6\u5408\u8d27\u67b6\u6258\u677f03_\u526f\u672c-768x576.jpg","width":768,"height":576,"mime-type":"image\/jpeg","filesize":53592,"url":"https:\/\/www.delirollforming.com\/wp-content\/uploads\/2024\/06\/\u94c6\u5408\u8d27\u67b6\u6258\u677f03_\u526f\u672c-768x576.jpg"},"book-image":{"file":"\u94c6\u5408\u8d27\u67b6\u6258\u677f03_\u526f\u672c-480x640.jpg","width":480,"height":640,"mime-type":"image\/jpeg","filesize":33121,"url":"https:\/\/www.delirollforming.com\/wp-content\/uploads\/2024\/06\/\u94c6\u5408\u8d27\u67b6\u6258\u677f03_\u526f\u672c-480x640.jpg"}},"image_meta":{"aperture":"0","credit":"","camera":"","caption":"","created_timestamp":"0","copyright":"","focal_length":"0","iso":"0","shutter_speed":"0","title":"","orientation":"0","keywords":[]},"ID":"9213","name":"\u94c6\u5408\u8d27\u67b6\u6258\u677f03_\u526f\u672c.jpg","path":"\/www\/wwwroot\/www.delirollforming.com\/wp-content\/uploads\/2024\/06\/\u94c6\u5408\u8d27\u67b6\u6258\u677f03_\u526f\u672c.jpg","url":"https:\/\/www.delirollforming.com\/wp-content\/uploads\/2024\/06\/\u94c6\u5408\u8d27\u67b6\u6258\u677f03_\u526f\u672c-150x150.jpg","full_url":"https:\/\/www.delirollforming.com\/wp-content\/uploads\/2024\/06\/\u94c6\u5408\u8d27\u67b6\u6258\u677f03_\u526f\u672c.jpg","title":"\u94c6\u5408\u8d27\u67b6\u6258\u677f03_\u526f\u672c","caption":"","description":"","alt":"","srcset":false},{"width":150,"height":150,"file":"2023\/10\/\u8d27\u67b6\u6258\u677f-6.png","filesize":852655,"sizes":{"medium":{"file":"\u8d27\u67b6\u6258\u677f-6-300x225.png","width":300,"height":225,"mime-type":"image\/png","filesize":73852,"url":"https:\/\/www.delirollforming.com\/wp-content\/uploads\/2023\/10\/\u8d27\u67b6\u6258\u677f-6-300x225.png"},"large":{"file":"\u8d27\u67b6\u6258\u677f-6-1024x768.png","width":1024,"height":768,"mime-type":"image\/png","filesize":644246,"url":"https:\/\/www.delirollforming.com\/wp-content\/uploads\/2023\/10\/\u8d27\u67b6\u6258\u677f-6-1024x768.png"},"thumbnail":{"file":"\u8d27\u67b6\u6258\u677f-6-150x150.png","width":150,"height":150,"mime-type":"image\/png","filesize":25781,"url":"https:\/\/www.delirollforming.com\/wp-content\/uploads\/2023\/10\/\u8d27\u67b6\u6258\u677f-6-150x150.png"},"medium_large":{"file":"\u8d27\u67b6\u6258\u677f-6-768x576.png","width":768,"height":576,"mime-type":"image\/png","filesize":399101,"url":"https:\/\/www.delirollforming.com\/wp-content\/uploads\/2023\/10\/\u8d27\u67b6\u6258\u677f-6-768x576.png"},"book-image":{"file":"\u8d27\u67b6\u6258\u677f-6-480x640.png","width":480,"height":640,"mime-type":"image\/png","filesize":253831,"url":"https:\/\/www.delirollforming.com\/wp-content\/uploads\/2023\/10\/\u8d27\u67b6\u6258\u677f-6-480x640.png"}},"image_meta":{"aperture":"0","credit":"","camera":"","caption":"","created_timestamp":"0","copyright":"","focal_length":"0","iso":"0","shutter_speed":"0","title":"","orientation":"0","keywords":[]},"ID":"3068","name":"\u8d27\u67b6\u6258\u677f-6.png","path":"\/www\/wwwroot\/www.delirollforming.com\/wp-content\/uploads\/2023\/10\/\u8d27\u67b6\u6258\u677f-6.png","url":"https:\/\/www.delirollforming.com\/wp-content\/uploads\/2023\/10\/\u8d27\u67b6\u6258\u677f-6-150x150.png","full_url":"https:\/\/www.delirollforming.com\/wp-content\/uploads\/2023\/10\/\u8d27\u67b6\u6258\u677f-6.png","title":"\u8d27\u67b6\u6258\u677f (6)","caption":"","description":"","alt":"","srcset":false},{"width":150,"height":150,"file":"2024\/06\/\u94c6\u5408\u6258\u677f04.jpg","filesize":335577,"sizes":{"medium":{"file":"\u94c6\u5408\u6258\u677f04-300x225.jpg","width":300,"height":225,"mime-type":"image\/jpeg","filesize":12898,"url":"https:\/\/www.delirollforming.com\/wp-content\/uploads\/2024\/06\/\u94c6\u5408\u6258\u677f04-300x225.jpg"},"large":{"file":"\u94c6\u5408\u6258\u677f04-1024x768.jpg","width":1024,"height":768,"mime-type":"image\/jpeg","filesize":73158,"url":"https:\/\/www.delirollforming.com\/wp-content\/uploads\/2024\/06\/\u94c6\u5408\u6258\u677f04-1024x768.jpg"},"thumbnail":{"file":"\u94c6\u5408\u6258\u677f04-150x150.jpg","width":150,"height":150,"mime-type":"image\/jpeg","filesize":5754,"url":"https:\/\/www.delirollforming.com\/wp-content\/uploads\/2024\/06\/\u94c6\u5408\u6258\u677f04-150x150.jpg"},"medium_large":{"file":"\u94c6\u5408\u6258\u677f04-768x576.jpg","width":768,"height":576,"mime-type":"image\/jpeg","filesize":48267,"url":"https:\/\/www.delirollforming.com\/wp-content\/uploads\/2024\/06\/\u94c6\u5408\u6258\u677f04-768x576.jpg"},"book-image":{"file":"\u94c6\u5408\u6258\u677f04-480x640.jpg","width":480,"height":640,"mime-type":"image\/jpeg","filesize":31946,"url":"https:\/\/www.delirollforming.com\/wp-content\/uploads\/2024\/06\/\u94c6\u5408\u6258\u677f04-480x640.jpg"}},"image_meta":{"aperture":"0","credit":"","camera":"","caption":"","created_timestamp":"0","copyright":"","focal_length":"0","iso":"0","shutter_speed":"0","title":"","orientation":"0","keywords":[]},"ID":"9225","name":"\u94c6\u5408\u6258\u677f04.jpg","path":"\/www\/wwwroot\/www.delirollforming.com\/wp-content\/uploads\/2024\/06\/\u94c6\u5408\u6258\u677f04.jpg","url":"https:\/\/www.delirollforming.com\/wp-content\/uploads\/2024\/06\/\u94c6\u5408\u6258\u677f04-150x150.jpg","full_url":"https:\/\/www.delirollforming.com\/wp-content\/uploads\/2024\/06\/\u94c6\u5408\u6258\u677f04.jpg","title":"\u94c6\u5408\u6258\u677f04","caption":"","description":"","alt":"","srcset":false}],"parameters":[{"propertyName":"Material","propertyValue":"Hoja galvanizada"},{"propertyName":"Profile Size","propertyValue":"300\/400\/500\/600*35.6mm (Personalizable)"},{"propertyName":"Material Thickness","propertyValue":"0.7-0.8mm"},{"propertyName":"Profile Accuracy","propertyValue":"\u00b10.2mm"},{"propertyName":"Forming Rollers","propertyValue":"36"},{"propertyName":"Width Adjustable","propertyValue":"S\u00ed"},{"propertyName":"Running Speed","propertyValue":"6-8m\/min"},{"propertyName":"Height Adjustable","propertyValue":"No"}],"background":{"width":150,"height":150,"file":"2023\/04\/6978355.png","filesize":1643212,"sizes":{"medium":{"file":"6978355-300x156.png","width":300,"height":156,"mime-type":"image\/png","filesize":112561,"url":"https:\/\/www.delirollforming.com\/wp-content\/uploads\/2023\/04\/6978355-300x156.png"},"large":{"file":"6978355-1024x533.png","width":1024,"height":533,"mime-type":"image\/png","filesize":1259588,"url":"https:\/\/www.delirollforming.com\/wp-content\/uploads\/2023\/04\/6978355-1024x533.png"},"thumbnail":{"file":"6978355-150x150.png","width":150,"height":150,"mime-type":"image\/png","filesize":55589,"url":"https:\/\/www.delirollforming.com\/wp-content\/uploads\/2023\/04\/6978355-150x150.png"},"medium_large":{"file":"6978355-768x400.png","width":768,"height":400,"mime-type":"image\/png","filesize":723593,"url":"https:\/\/www.delirollforming.com\/wp-content\/uploads\/2023\/04\/6978355-768x400.png"},"1536x1536":{"file":"6978355-1536x800.png","width":1536,"height":800,"mime-type":"image\/png","filesize":2601526,"url":"https:\/\/www.delirollforming.com\/wp-content\/uploads\/2023\/04\/6978355-1536x800.png"},"book-image":{"file":"6978355-480x640.png","width":480,"height":640,"mime-type":"image\/png","filesize":725056,"url":"https:\/\/www.delirollforming.com\/wp-content\/uploads\/2023\/04\/6978355-480x640.png"}},"image_meta":{"aperture":"0","credit":"","camera":"","caption":"","created_timestamp":"0","copyright":"","focal_length":"0","iso":"0","shutter_speed":"0","title":"","orientation":"0","keywords":[]},"ID":"2605","name":"6978355.png","path":"\/www\/wwwroot\/www.delirollforming.com\/wp-content\/uploads\/2023\/04\/6978355.png","url":"https:\/\/www.delirollforming.com\/wp-content\/uploads\/2023\/04\/6978355-150x150.png","full_url":"https:\/\/www.delirollforming.com\/wp-content\/uploads\/2023\/04\/6978355.png","title":"6978355","caption":"","description":"","alt":"","srcset":false},"showInHome":"1"},"_links":{"self":[{"href":"https:\/\/www.delirollforming.com\/es\/wp-json\/wp\/v2\/product\/5686","targetHints":{"allow":["GET"]}}],"collection":[{"href":"https:\/\/www.delirollforming.com\/es\/wp-json\/wp\/v2\/product"}],"about":[{"href":"https:\/\/www.delirollforming.com\/es\/wp-json\/wp\/v2\/types\/product"}],"wp:featuredmedia":[{"embeddable":true,"href":"https:\/\/www.delirollforming.com\/es\/wp-json\/wp\/v2\/media\/10956"}],"wp:attachment":[{"href":"https:\/\/www.delirollforming.com\/es\/wp-json\/wp\/v2\/media?parent=5686"}],"wp:term":[{"taxonomy":"product-type","embeddable":true,"href":"https:\/\/www.delirollforming.com\/es\/wp-json\/wp\/v2\/product-type?post=5686"}],"curies":[{"name":"wp","href":"https:\/\/api.w.org\/{rel}","templated":true}]}}