{"id":5684,"date":"2023-10-13T14:23:06","date_gmt":"2023-10-13T06:23:06","guid":{"rendered":"https:\/\/www.delirollforming.com\/product\/shelving-upright-production-line\/"},"modified":"2024-04-02T10:50:37","modified_gmt":"2024-04-02T02:50:37","slug":"shelf-upright-production-line","status":"publish","type":"product","link":"https:\/\/www.delirollforming.com\/es\/product\/shelf-upright-production-line\/","title":{"rendered":"L\u00ednea de producci\u00f3n de estanter\u00edas verticales"},"content":{"rendered":"\n<figure class=\"wp-block-video\"><video height=\"720\" style=\"aspect-ratio: 1280 \/ 720;\" width=\"1280\" controls src=\"https:\/\/www.delirollforming.com\/wp-content\/uploads\/2023\/10\/\u7acb\u67f1\uff08\u82f1\u6587\uff09720P.mp4\"><\/video><\/figure>\n\n\n<h3 style=\"margin-top: 3rem; background-color: #eee; border: 1px #ddd solid; padding: 0.5rem 1rem;\"><span style=\"font-family: arial, helvetica, sans-serif; font-size: 18pt;\">Caracter\u00edsticas<\/span><\/h3>\n<p style=\"text-align: justify;\"><span style=\"font-family: arial, helvetica, sans-serif; font-size: 14pt;\">1. Funcionamiento c\u00f3modo, f\u00e1cil y r\u00e1pido.<\/span><br \/><span style=\"font-family: arial, helvetica, sans-serif; font-size: 14pt;\">2. Alta eficiencia de producci\u00f3n &#8211; punzonado, perfilado y corte se pueden completar autom\u00e1ticamente en l\u00ednea.<\/span><br \/><span style=\"font-family: arial, helvetica, sans-serif; font-size: 14pt;\">3. Ampliamente utilizado en la industria de estanter\u00edas.<\/span><\/p>\n<h3 style=\"margin-top: 3rem; background-color: #eee; border: 1px #ddd solid; padding: 0.5rem 1rem;\"><span style=\"font-family: arial, helvetica, sans-serif; font-size: 18pt;\">Proceso De Producci\u00f3n<\/span><\/h3>\n<p><span style=\"color: #000000; font-family: arial, helvetica, sans-serif; font-size: 14pt;\">\u00a0 \u00a0Desenrollado \u2014 Nivelado \u2014 Prepunzonado \u2014 Formando \u2014 Corte \u2014 Descarga<\/span><\/p>\n<h3 style=\"margin-top: 3rem; background-color: #eee; border: 1px #ddd solid; padding: 0.5rem 1rem;\"><span style=\"font-family: arial, helvetica, sans-serif; font-size: 18pt;\">L\u00ednea de producci\u00f3n<\/span><\/h3>\n\n\n<div class=\"wp-block-columns is-layout-flex wp-container-core-columns-is-layout-9d6595d7 wp-block-columns-is-layout-flex\">\n<div class=\"wp-block-column is-layout-flow wp-block-column-is-layout-flow\">\n<figure class=\"wp-block-image size-large\"><img loading=\"lazy\" decoding=\"async\" width=\"1024\" height=\"359\" src=\"https:\/\/www.delirollforming.com\/wp-content\/uploads\/2023\/10\/\u7acb\u67f12018-5-1024x359.jpg\" alt=\"\" class=\"wp-image-3314\" srcset=\"https:\/\/www.delirollforming.com\/wp-content\/uploads\/2023\/10\/\u7acb\u67f12018-5-1024x359.jpg 1024w, https:\/\/www.delirollforming.com\/wp-content\/uploads\/2023\/10\/\u7acb\u67f12018-5-300x105.jpg 300w, https:\/\/www.delirollforming.com\/wp-content\/uploads\/2023\/10\/\u7acb\u67f12018-5-768x269.jpg 768w, https:\/\/www.delirollforming.com\/wp-content\/uploads\/2023\/10\/\u7acb\u67f12018-5-1536x538.jpg 1536w, https:\/\/www.delirollforming.com\/wp-content\/uploads\/2023\/10\/\u7acb\u67f12018-5-2048x718.jpg 2048w\" sizes=\"auto, (max-width: 1024px) 100vw, 1024px\" \/><\/figure>\n<\/div>\n<\/div>\n","protected":false},"excerpt":{"rendered":"<p>Caracter\u00edsticas 1. Funcionamiento c\u00f3modo, f\u00e1cil y r\u00e1pido.2. Alta eficiencia de producci\u00f3n &#8211; punzonado, perfilado y corte se pueden completar autom\u00e1ticamente en l\u00ednea.3. Ampliamente utilizado en la industria de estanter\u00edas. Proceso De Producci\u00f3n \u00a0 \u00a0Desenrollado \u2014 Nivelado \u2014 Prepunzonado \u2014 Formando \u2014 Corte \u2014 Descarga L\u00ednea de producci\u00f3n<\/p>\n","protected":false},"featured_media":6250,"template":"","product-type":[124],"class_list":["post-5684","product","type-product","status-publish","has-post-thumbnail","hentry","product-type-locker-cabinet-furniture-es"],"uagb_featured_image_src":{"full":["https:\/\/www.delirollforming.com\/wp-content\/uploads\/2024\/01\/\u5bc6\u96c6\u67b6\u7acb\u67f1Compact-Shelves-Upright-1.jpg",2048,1152,false],"thumbnail":["https:\/\/www.delirollforming.com\/wp-content\/uploads\/2024\/01\/\u5bc6\u96c6\u67b6\u7acb\u67f1Compact-Shelves-Upright-1-150x150.jpg",150,150,true],"medium":["https:\/\/www.delirollforming.com\/wp-content\/uploads\/2024\/01\/\u5bc6\u96c6\u67b6\u7acb\u67f1Compact-Shelves-Upright-1-300x169.jpg",300,169,true],"medium_large":["https:\/\/www.delirollforming.com\/wp-content\/uploads\/2024\/01\/\u5bc6\u96c6\u67b6\u7acb\u67f1Compact-Shelves-Upright-1-768x432.jpg",768,432,true],"large":["https:\/\/www.delirollforming.com\/wp-content\/uploads\/2024\/01\/\u5bc6\u96c6\u67b6\u7acb\u67f1Compact-Shelves-Upright-1-1024x576.jpg",1024,576,true],"1536x1536":["https:\/\/www.delirollforming.com\/wp-content\/uploads\/2024\/01\/\u5bc6\u96c6\u67b6\u7acb\u67f1Compact-Shelves-Upright-1-1536x864.jpg",1536,864,true],"2048x2048":["https:\/\/www.delirollforming.com\/wp-content\/uploads\/2024\/01\/\u5bc6\u96c6\u67b6\u7acb\u67f1Compact-Shelves-Upright-1.jpg",2048,1152,false],"book-image":["https:\/\/www.delirollforming.com\/wp-content\/uploads\/2024\/01\/\u5bc6\u96c6\u67b6\u7acb\u67f1Compact-Shelves-Upright-1-480x640.jpg",480,640,true]},"uagb_author_info":{"display_name":"deli","author_link":"https:\/\/www.delirollforming.com\/es\/author\/"},"uagb_comment_info":0,"uagb_excerpt":"Caracter\u00edsticas 1. Funcionamiento c\u00f3modo, f\u00e1cil y r\u00e1pido.2. Alta eficiencia de producci\u00f3n &#8211; punzonado, perfilado y corte se pueden completar autom\u00e1ticamente en l\u00ednea.3. Ampliamente utilizado en la industria de estanter\u00edas. Proceso De Producci\u00f3n \u00a0 \u00a0Desenrollado \u2014 Nivelado \u2014 Prepunzonado \u2014 Formando \u2014 Corte \u2014 Descarga L\u00ednea de producci\u00f3n","meta_box":{"photos":[{"width":150,"height":150,"file":"2023\/10\/\u7acb\u67f12018-6.jpg","filesize":426634,"sizes":{"medium":{"file":"\u7acb\u67f12018-6-300x225.jpg","width":300,"height":225,"mime-type":"image\/jpeg","filesize":17081,"url":"https:\/\/www.delirollforming.com\/wp-content\/uploads\/2023\/10\/\u7acb\u67f12018-6-300x225.jpg"},"large":{"file":"\u7acb\u67f12018-6-1024x768.jpg","width":1024,"height":768,"mime-type":"image\/jpeg","filesize":126961,"url":"https:\/\/www.delirollforming.com\/wp-content\/uploads\/2023\/10\/\u7acb\u67f12018-6-1024x768.jpg"},"thumbnail":{"file":"\u7acb\u67f12018-6-150x150.jpg","width":150,"height":150,"mime-type":"image\/jpeg","filesize":6897,"url":"https:\/\/www.delirollforming.com\/wp-content\/uploads\/2023\/10\/\u7acb\u67f12018-6-150x150.jpg"},"medium_large":{"file":"\u7acb\u67f12018-6-768x576.jpg","width":768,"height":576,"mime-type":"image\/jpeg","filesize":79193,"url":"https:\/\/www.delirollforming.com\/wp-content\/uploads\/2023\/10\/\u7acb\u67f12018-6-768x576.jpg"},"book-image":{"file":"\u7acb\u67f12018-6-480x640.jpg","width":480,"height":640,"mime-type":"image\/jpeg","filesize":56217,"url":"https:\/\/www.delirollforming.com\/wp-content\/uploads\/2023\/10\/\u7acb\u67f12018-6-480x640.jpg"}},"image_meta":{"aperture":"0","credit":"","camera":"","caption":"","created_timestamp":"0","copyright":"","focal_length":"0","iso":"0","shutter_speed":"0","title":"","orientation":"0","keywords":[]},"ID":"3322","name":"\u7acb\u67f12018-6.jpg","path":"\/www\/wwwroot\/www.delirollforming.com\/wp-content\/uploads\/2023\/10\/\u7acb\u67f12018-6.jpg","url":"https:\/\/www.delirollforming.com\/wp-content\/uploads\/2023\/10\/\u7acb\u67f12018-6-150x150.jpg","full_url":"https:\/\/www.delirollforming.com\/wp-content\/uploads\/2023\/10\/\u7acb\u67f12018-6.jpg","title":"\u7acb\u67f12018 (6)","caption":"","description":"","alt":"","srcset":false},{"width":150,"height":150,"file":"2023\/10\/\u7acb\u67f12018-3.jpg","filesize":347472,"sizes":{"medium":{"file":"\u7acb\u67f12018-3-300x225.jpg","width":300,"height":225,"mime-type":"image\/jpeg","filesize":16964,"url":"https:\/\/www.delirollforming.com\/wp-content\/uploads\/2023\/10\/\u7acb\u67f12018-3-300x225.jpg"},"large":{"file":"\u7acb\u67f12018-3-1024x768.jpg","width":1024,"height":768,"mime-type":"image\/jpeg","filesize":110144,"url":"https:\/\/www.delirollforming.com\/wp-content\/uploads\/2023\/10\/\u7acb\u67f12018-3-1024x768.jpg"},"thumbnail":{"file":"\u7acb\u67f12018-3-150x150.jpg","width":150,"height":150,"mime-type":"image\/jpeg","filesize":7611,"url":"https:\/\/www.delirollforming.com\/wp-content\/uploads\/2023\/10\/\u7acb\u67f12018-3-150x150.jpg"},"medium_large":{"file":"\u7acb\u67f12018-3-768x576.jpg","width":768,"height":576,"mime-type":"image\/jpeg","filesize":70813,"url":"https:\/\/www.delirollforming.com\/wp-content\/uploads\/2023\/10\/\u7acb\u67f12018-3-768x576.jpg"},"book-image":{"file":"\u7acb\u67f12018-3-480x640.jpg","width":480,"height":640,"mime-type":"image\/jpeg","filesize":57805,"url":"https:\/\/www.delirollforming.com\/wp-content\/uploads\/2023\/10\/\u7acb\u67f12018-3-480x640.jpg"}},"image_meta":{"aperture":"0","credit":"","camera":"","caption":"","created_timestamp":"0","copyright":"","focal_length":"0","iso":"0","shutter_speed":"0","title":"","orientation":"0","keywords":[]},"ID":"3326","name":"\u7acb\u67f12018-3.jpg","path":"\/www\/wwwroot\/www.delirollforming.com\/wp-content\/uploads\/2023\/10\/\u7acb\u67f12018-3.jpg","url":"https:\/\/www.delirollforming.com\/wp-content\/uploads\/2023\/10\/\u7acb\u67f12018-3-150x150.jpg","full_url":"https:\/\/www.delirollforming.com\/wp-content\/uploads\/2023\/10\/\u7acb\u67f12018-3.jpg","title":"\u7acb\u67f12018 (3)","caption":"","description":"","alt":"","srcset":false},{"width":150,"height":150,"file":"2023\/10\/\u7acb\u67f12018-2.jpg","filesize":396431,"sizes":{"medium":{"file":"\u7acb\u67f12018-2-300x225.jpg","width":300,"height":225,"mime-type":"image\/jpeg","filesize":20316,"url":"https:\/\/www.delirollforming.com\/wp-content\/uploads\/2023\/10\/\u7acb\u67f12018-2-300x225.jpg"},"large":{"file":"\u7acb\u67f12018-2-1024x768.jpg","width":1024,"height":768,"mime-type":"image\/jpeg","filesize":125977,"url":"https:\/\/www.delirollforming.com\/wp-content\/uploads\/2023\/10\/\u7acb\u67f12018-2-1024x768.jpg"},"thumbnail":{"file":"\u7acb\u67f12018-2-150x150.jpg","width":150,"height":150,"mime-type":"image\/jpeg","filesize":8474,"url":"https:\/\/www.delirollforming.com\/wp-content\/uploads\/2023\/10\/\u7acb\u67f12018-2-150x150.jpg"},"medium_large":{"file":"\u7acb\u67f12018-2-768x576.jpg","width":768,"height":576,"mime-type":"image\/jpeg","filesize":81625,"url":"https:\/\/www.delirollforming.com\/wp-content\/uploads\/2023\/10\/\u7acb\u67f12018-2-768x576.jpg"},"book-image":{"file":"\u7acb\u67f12018-2-480x640.jpg","width":480,"height":640,"mime-type":"image\/jpeg","filesize":56880,"url":"https:\/\/www.delirollforming.com\/wp-content\/uploads\/2023\/10\/\u7acb\u67f12018-2-480x640.jpg"}},"image_meta":{"aperture":"0","credit":"","camera":"","caption":"","created_timestamp":"0","copyright":"","focal_length":"0","iso":"0","shutter_speed":"0","title":"","orientation":"0","keywords":[]},"ID":"3330","name":"\u7acb\u67f12018-2.jpg","path":"\/www\/wwwroot\/www.delirollforming.com\/wp-content\/uploads\/2023\/10\/\u7acb\u67f12018-2.jpg","url":"https:\/\/www.delirollforming.com\/wp-content\/uploads\/2023\/10\/\u7acb\u67f12018-2-150x150.jpg","full_url":"https:\/\/www.delirollforming.com\/wp-content\/uploads\/2023\/10\/\u7acb\u67f12018-2.jpg","title":"\u7acb\u67f12018 (2)","caption":"","description":"","alt":"","srcset":false},{"width":150,"height":150,"file":"2023\/10\/\u7acb\u67f12018-1_\u526f\u672c.jpg","filesize":523346,"sizes":{"medium":{"file":"\u7acb\u67f12018-1_\u526f\u672c-300x225.jpg","width":300,"height":225,"mime-type":"image\/jpeg","filesize":23237,"url":"https:\/\/www.delirollforming.com\/wp-content\/uploads\/2023\/10\/\u7acb\u67f12018-1_\u526f\u672c-300x225.jpg"},"large":{"file":"\u7acb\u67f12018-1_\u526f\u672c-1024x768.jpg","width":1024,"height":768,"mime-type":"image\/jpeg","filesize":155769,"url":"https:\/\/www.delirollforming.com\/wp-content\/uploads\/2023\/10\/\u7acb\u67f12018-1_\u526f\u672c-1024x768.jpg"},"thumbnail":{"file":"\u7acb\u67f12018-1_\u526f\u672c-150x150.jpg","width":150,"height":150,"mime-type":"image\/jpeg","filesize":9769,"url":"https:\/\/www.delirollforming.com\/wp-content\/uploads\/2023\/10\/\u7acb\u67f12018-1_\u526f\u672c-150x150.jpg"},"medium_large":{"file":"\u7acb\u67f12018-1_\u526f\u672c-768x576.jpg","width":768,"height":576,"mime-type":"image\/jpeg","filesize":99928,"url":"https:\/\/www.delirollforming.com\/wp-content\/uploads\/2023\/10\/\u7acb\u67f12018-1_\u526f\u672c-768x576.jpg"},"book-image":{"file":"\u7acb\u67f12018-1_\u526f\u672c-480x640.jpg","width":480,"height":640,"mime-type":"image\/jpeg","filesize":71799,"url":"https:\/\/www.delirollforming.com\/wp-content\/uploads\/2023\/10\/\u7acb\u67f12018-1_\u526f\u672c-480x640.jpg"}},"image_meta":{"aperture":"0","credit":"","camera":"","caption":"","created_timestamp":"0","copyright":"","focal_length":"0","iso":"0","shutter_speed":"0","title":"","orientation":"0","keywords":[]},"ID":"3334","name":"\u7acb\u67f12018-1_\u526f\u672c.jpg","path":"\/www\/wwwroot\/www.delirollforming.com\/wp-content\/uploads\/2023\/10\/\u7acb\u67f12018-1_\u526f\u672c.jpg","url":"https:\/\/www.delirollforming.com\/wp-content\/uploads\/2023\/10\/\u7acb\u67f12018-1_\u526f\u672c-150x150.jpg","full_url":"https:\/\/www.delirollforming.com\/wp-content\/uploads\/2023\/10\/\u7acb\u67f12018-1_\u526f\u672c.jpg","title":"\u7acb\u67f12018 (1)_\u526f\u672c","caption":"","description":"","alt":"","srcset":false},{"width":150,"height":150,"file":"2023\/10\/\u7acb\u67f12018-4_\u526f\u672c.jpg","filesize":464580,"sizes":{"medium":{"file":"\u7acb\u67f12018-4_\u526f\u672c-300x225.jpg","width":300,"height":225,"mime-type":"image\/jpeg","filesize":23289,"url":"https:\/\/www.delirollforming.com\/wp-content\/uploads\/2023\/10\/\u7acb\u67f12018-4_\u526f\u672c-300x225.jpg"},"large":{"file":"\u7acb\u67f12018-4_\u526f\u672c-1024x768.jpg","width":1024,"height":768,"mime-type":"image\/jpeg","filesize":149416,"url":"https:\/\/www.delirollforming.com\/wp-content\/uploads\/2023\/10\/\u7acb\u67f12018-4_\u526f\u672c-1024x768.jpg"},"thumbnail":{"file":"\u7acb\u67f12018-4_\u526f\u672c-150x150.jpg","width":150,"height":150,"mime-type":"image\/jpeg","filesize":9800,"url":"https:\/\/www.delirollforming.com\/wp-content\/uploads\/2023\/10\/\u7acb\u67f12018-4_\u526f\u672c-150x150.jpg"},"medium_large":{"file":"\u7acb\u67f12018-4_\u526f\u672c-768x576.jpg","width":768,"height":576,"mime-type":"image\/jpeg","filesize":96578,"url":"https:\/\/www.delirollforming.com\/wp-content\/uploads\/2023\/10\/\u7acb\u67f12018-4_\u526f\u672c-768x576.jpg"},"book-image":{"file":"\u7acb\u67f12018-4_\u526f\u672c-480x640.jpg","width":480,"height":640,"mime-type":"image\/jpeg","filesize":67440,"url":"https:\/\/www.delirollforming.com\/wp-content\/uploads\/2023\/10\/\u7acb\u67f12018-4_\u526f\u672c-480x640.jpg"}},"image_meta":{"aperture":"0","credit":"","camera":"","caption":"","created_timestamp":"0","copyright":"","focal_length":"0","iso":"0","shutter_speed":"0","title":"","orientation":"0","keywords":[]},"ID":"3318","name":"\u7acb\u67f12018-4_\u526f\u672c.jpg","path":"\/www\/wwwroot\/www.delirollforming.com\/wp-content\/uploads\/2023\/10\/\u7acb\u67f12018-4_\u526f\u672c.jpg","url":"https:\/\/www.delirollforming.com\/wp-content\/uploads\/2023\/10\/\u7acb\u67f12018-4_\u526f\u672c-150x150.jpg","full_url":"https:\/\/www.delirollforming.com\/wp-content\/uploads\/2023\/10\/\u7acb\u67f12018-4_\u526f\u672c.jpg","title":"\u7acb\u67f12018 (4)_\u526f\u672c","caption":"","description":"","alt":"","srcset":false},{"width":150,"height":150,"file":"2023\/10\/\u5bc6\u96c6\u67b6\u7acb\u67f1Compact-Shelves-Upright-2-1.jpg","filesize":136742,"sizes":{"medium":{"file":"\u5bc6\u96c6\u67b6\u7acb\u67f1Compact-Shelves-Upright-2-1-300x225.jpg","width":300,"height":225,"mime-type":"image\/jpeg","filesize":8345,"url":"https:\/\/www.delirollforming.com\/wp-content\/uploads\/2023\/10\/\u5bc6\u96c6\u67b6\u7acb\u67f1Compact-Shelves-Upright-2-1-300x225.jpg"},"large":{"file":"\u5bc6\u96c6\u67b6\u7acb\u67f1Compact-Shelves-Upright-2-1-1024x768.jpg","width":1024,"height":768,"mime-type":"image\/jpeg","filesize":49218,"url":"https:\/\/www.delirollforming.com\/wp-content\/uploads\/2023\/10\/\u5bc6\u96c6\u67b6\u7acb\u67f1Compact-Shelves-Upright-2-1-1024x768.jpg"},"thumbnail":{"file":"\u5bc6\u96c6\u67b6\u7acb\u67f1Compact-Shelves-Upright-2-1-150x150.jpg","width":150,"height":150,"mime-type":"image\/jpeg","filesize":4243,"url":"https:\/\/www.delirollforming.com\/wp-content\/uploads\/2023\/10\/\u5bc6\u96c6\u67b6\u7acb\u67f1Compact-Shelves-Upright-2-1-150x150.jpg"},"medium_large":{"file":"\u5bc6\u96c6\u67b6\u7acb\u67f1Compact-Shelves-Upright-2-1-768x576.jpg","width":768,"height":576,"mime-type":"image\/jpeg","filesize":31984,"url":"https:\/\/www.delirollforming.com\/wp-content\/uploads\/2023\/10\/\u5bc6\u96c6\u67b6\u7acb\u67f1Compact-Shelves-Upright-2-1-768x576.jpg"},"book-image":{"file":"\u5bc6\u96c6\u67b6\u7acb\u67f1Compact-Shelves-Upright-2-1-480x640.jpg","width":480,"height":640,"mime-type":"image\/jpeg","filesize":24952,"url":"https:\/\/www.delirollforming.com\/wp-content\/uploads\/2023\/10\/\u5bc6\u96c6\u67b6\u7acb\u67f1Compact-Shelves-Upright-2-1-480x640.jpg"}},"image_meta":{"aperture":"0","credit":"","camera":"","caption":"","created_timestamp":"0","copyright":"","focal_length":"0","iso":"0","shutter_speed":"0","title":"","orientation":"0","keywords":[]},"ID":"6254","name":"\u5bc6\u96c6\u67b6\u7acb\u67f1Compact-Shelves-Upright-2-1.jpg","path":"\/www\/wwwroot\/www.delirollforming.com\/wp-content\/uploads\/2023\/10\/\u5bc6\u96c6\u67b6\u7acb\u67f1Compact-Shelves-Upright-2-1.jpg","url":"https:\/\/www.delirollforming.com\/wp-content\/uploads\/2023\/10\/\u5bc6\u96c6\u67b6\u7acb\u67f1Compact-Shelves-Upright-2-1-150x150.jpg","full_url":"https:\/\/www.delirollforming.com\/wp-content\/uploads\/2023\/10\/\u5bc6\u96c6\u67b6\u7acb\u67f1Compact-Shelves-Upright-2-1.jpg","title":"\u5bc6\u96c6\u67b6\u7acb\u67f1Compact Shelves Upright -2","caption":"","description":"","alt":"","srcset":false}],"parameters":[{"propertyName":"Material","propertyValue":"CR acero"},{"propertyName":"Profile Size","propertyValue":"77*75mm (Personalizable)"},{"propertyName":"Material Thickness","propertyValue":"1.3-1.5mm"},{"propertyName":"Profile Accuracy","propertyValue":"\u00b10.3mm"},{"propertyName":"Forming Rollers","propertyValue":"28"},{"propertyName":"Width Adjustable","propertyValue":"No"},{"propertyName":"Running Speed","propertyValue":"4-6m\/min"},{"propertyName":"Height Adjustable","propertyValue":"No"}],"background":{"width":150,"height":150,"file":"2023\/04\/6978355.png","filesize":1643212,"sizes":{"medium":{"file":"6978355-300x156.png","width":300,"height":156,"mime-type":"image\/png","filesize":112561,"url":"https:\/\/www.delirollforming.com\/wp-content\/uploads\/2023\/04\/6978355-300x156.png"},"large":{"file":"6978355-1024x533.png","width":1024,"height":533,"mime-type":"image\/png","filesize":1259588,"url":"https:\/\/www.delirollforming.com\/wp-content\/uploads\/2023\/04\/6978355-1024x533.png"},"thumbnail":{"file":"6978355-150x150.png","width":150,"height":150,"mime-type":"image\/png","filesize":55589,"url":"https:\/\/www.delirollforming.com\/wp-content\/uploads\/2023\/04\/6978355-150x150.png"},"medium_large":{"file":"6978355-768x400.png","width":768,"height":400,"mime-type":"image\/png","filesize":723593,"url":"https:\/\/www.delirollforming.com\/wp-content\/uploads\/2023\/04\/6978355-768x400.png"},"1536x1536":{"file":"6978355-1536x800.png","width":1536,"height":800,"mime-type":"image\/png","filesize":2601526,"url":"https:\/\/www.delirollforming.com\/wp-content\/uploads\/2023\/04\/6978355-1536x800.png"},"book-image":{"file":"6978355-480x640.png","width":480,"height":640,"mime-type":"image\/png","filesize":725056,"url":"https:\/\/www.delirollforming.com\/wp-content\/uploads\/2023\/04\/6978355-480x640.png"}},"image_meta":{"aperture":"0","credit":"","camera":"","caption":"","created_timestamp":"0","copyright":"","focal_length":"0","iso":"0","shutter_speed":"0","title":"","orientation":"0","keywords":[]},"ID":"2605","name":"6978355.png","path":"\/www\/wwwroot\/www.delirollforming.com\/wp-content\/uploads\/2023\/04\/6978355.png","url":"https:\/\/www.delirollforming.com\/wp-content\/uploads\/2023\/04\/6978355-150x150.png","full_url":"https:\/\/www.delirollforming.com\/wp-content\/uploads\/2023\/04\/6978355.png","title":"6978355","caption":"","description":"","alt":"","srcset":false},"showInHome":"0"},"_links":{"self":[{"href":"https:\/\/www.delirollforming.com\/es\/wp-json\/wp\/v2\/product\/5684","targetHints":{"allow":["GET"]}}],"collection":[{"href":"https:\/\/www.delirollforming.com\/es\/wp-json\/wp\/v2\/product"}],"about":[{"href":"https:\/\/www.delirollforming.com\/es\/wp-json\/wp\/v2\/types\/product"}],"wp:featuredmedia":[{"embeddable":true,"href":"https:\/\/www.delirollforming.com\/es\/wp-json\/wp\/v2\/media\/6250"}],"wp:attachment":[{"href":"https:\/\/www.delirollforming.com\/es\/wp-json\/wp\/v2\/media?parent=5684"}],"wp:term":[{"taxonomy":"product-type","embeddable":true,"href":"https:\/\/www.delirollforming.com\/es\/wp-json\/wp\/v2\/product-type?post=5684"}],"curies":[{"name":"wp","href":"https:\/\/api.w.org\/{rel}","templated":true}]}}