{"id":5678,"date":"2023-10-19T12:22:14","date_gmt":"2023-10-19T04:22:14","guid":{"rendered":"https:\/\/www.delirollforming.com\/product\/cable-tray-production-line\/"},"modified":"2024-03-12T06:23:10","modified_gmt":"2024-03-12T13:23:10","slug":"cable-tray-production-line","status":"publish","type":"product","link":"https:\/\/www.delirollforming.com\/es\/product\/cable-tray-production-line\/","title":{"rendered":"L\u00ednea de producci\u00f3n de bandejas de cables"},"content":{"rendered":"\n<figure class=\"wp-block-video\"><video height=\"720\" style=\"aspect-ratio: 1280 \/ 720;\" width=\"1280\" controls src=\"https:\/\/www.delirollforming.com\/wp-content\/uploads\/2023\/10\/\u7ebf\u69fd-\u4e2d\u82f1-720P.mp4\"><\/video><\/figure>\n\n\n<h3 style=\"margin-top: 3rem; background-color: #eee; border: 1px #ddd solid; padding: 0.5rem 1rem;\"><span style=\"font-family: arial, helvetica, sans-serif; font-size: 18pt;\">Caracter\u00edsticas<\/span><\/h3>\n<p><span style=\"font-family: arial, helvetica, sans-serif; font-size: 14pt;\">1. El manejo de la m\u00e1quina es f\u00e1cil y c\u00f3modo.<\/span><\/p>\n<p><span style=\"font-family: arial, helvetica, sans-serif; font-size: 14pt;\">2. Alta eficiencia de producci\u00f3n &#8211; punzonado, perfilado y corte se pueden completar a la vez.<\/span><\/p>\n<p><span style=\"font-family: arial, helvetica, sans-serif; font-size: 14pt;\">3. Trabajo continuo, conversi\u00f3n autom\u00e1tica de productos de diferentes especificaciones.<\/span><\/p>\n<h3 style=\"margin-top: 3rem; background-color: #eee; border: 1px #ddd solid; padding: 0.5rem 1rem;\"><span style=\"font-family: arial, helvetica, sans-serif; font-size: 18pt;\">Proceso De Producci\u00f3n<\/span><\/h3>\n<p><span style=\"color: #000000; font-family: arial, helvetica, sans-serif; font-size: 14pt;\">\u00a0 \u00a0Desenrollado \u2014 Nivelado \u2014 Prepunzonado \u2014 Formando \u2014 Corte \u2014 Descarga<\/span><\/p>\n<h3 style=\"margin-top: 3rem; background-color: #eee; border: 1px #ddd solid; padding: 0.5rem 1rem;\"><span style=\"font-family: arial, helvetica, sans-serif; font-size: 18pt;\">Detalle Del Producto<\/span><\/h3>\n\n\n<div class=\"wp-block-columns is-layout-flex wp-container-core-columns-is-layout-9d6595d7 wp-block-columns-is-layout-flex\">\n<div class=\"wp-block-column is-layout-flow wp-block-column-is-layout-flow\">\n<figure class=\"wp-block-image size-large\"><img loading=\"lazy\" decoding=\"async\" width=\"1024\" height=\"768\" src=\"https:\/\/www.delirollforming.com\/wp-content\/uploads\/2023\/10\/\u7ebf\u69fd-2-1024x768.jpg\" alt=\"\" class=\"wp-image-4226\" srcset=\"https:\/\/www.delirollforming.com\/wp-content\/uploads\/2023\/10\/\u7ebf\u69fd-2-1024x768.jpg 1024w, https:\/\/www.delirollforming.com\/wp-content\/uploads\/2023\/10\/\u7ebf\u69fd-2-300x225.jpg 300w, https:\/\/www.delirollforming.com\/wp-content\/uploads\/2023\/10\/\u7ebf\u69fd-2-768x576.jpg 768w, https:\/\/www.delirollforming.com\/wp-content\/uploads\/2023\/10\/\u7ebf\u69fd-2.jpg 1200w\" sizes=\"auto, (max-width: 1024px) 100vw, 1024px\" \/><\/figure>\n<\/div>\n\n\n\n<div class=\"wp-block-column is-layout-flow wp-block-column-is-layout-flow\">\n<figure class=\"wp-block-image size-large\"><img loading=\"lazy\" decoding=\"async\" width=\"1024\" height=\"768\" src=\"https:\/\/www.delirollforming.com\/wp-content\/uploads\/2023\/10\/\u7ebf\u69fd-1-1024x768.jpg\" alt=\"\" class=\"wp-image-4202\" srcset=\"https:\/\/www.delirollforming.com\/wp-content\/uploads\/2023\/10\/\u7ebf\u69fd-1-1024x768.jpg 1024w, https:\/\/www.delirollforming.com\/wp-content\/uploads\/2023\/10\/\u7ebf\u69fd-1-300x225.jpg 300w, https:\/\/www.delirollforming.com\/wp-content\/uploads\/2023\/10\/\u7ebf\u69fd-1-768x576.jpg 768w, https:\/\/www.delirollforming.com\/wp-content\/uploads\/2023\/10\/\u7ebf\u69fd-1.jpg 1200w\" sizes=\"auto, (max-width: 1024px) 100vw, 1024px\" \/><\/figure>\n<\/div>\n<\/div>\n","protected":false},"excerpt":{"rendered":"<p>Caracter\u00edsticas 1. El manejo de la m\u00e1quina es f\u00e1cil y c\u00f3modo. 2. Alta eficiencia de producci\u00f3n &#8211; punzonado, perfilado y corte se pueden completar a la vez. 3. Trabajo continuo, conversi\u00f3n autom\u00e1tica de productos de diferentes especificaciones. Proceso De Producci\u00f3n \u00a0 \u00a0Desenrollado \u2014 Nivelado \u2014 Prepunzonado \u2014 Formando \u2014 Corte \u2014 Descarga Detalle Del Producto<\/p>\n","protected":false},"featured_media":5327,"template":"","product-type":[128],"class_list":["post-5678","product","type-product","status-publish","has-post-thumbnail","hentry","product-type-otros"],"uagb_featured_image_src":{"full":["https:\/\/www.delirollforming.com\/wp-content\/uploads\/2023\/10\/\u7ebf\u69fdCable-Tray-1.jpg",2048,1152,false],"thumbnail":["https:\/\/www.delirollforming.com\/wp-content\/uploads\/2023\/10\/\u7ebf\u69fdCable-Tray-1-150x150.jpg",150,150,true],"medium":["https:\/\/www.delirollforming.com\/wp-content\/uploads\/2023\/10\/\u7ebf\u69fdCable-Tray-1-300x169.jpg",300,169,true],"medium_large":["https:\/\/www.delirollforming.com\/wp-content\/uploads\/2023\/10\/\u7ebf\u69fdCable-Tray-1-768x432.jpg",768,432,true],"large":["https:\/\/www.delirollforming.com\/wp-content\/uploads\/2023\/10\/\u7ebf\u69fdCable-Tray-1-1024x576.jpg",1024,576,true],"1536x1536":["https:\/\/www.delirollforming.com\/wp-content\/uploads\/2023\/10\/\u7ebf\u69fdCable-Tray-1-1536x864.jpg",1536,864,true],"2048x2048":["https:\/\/www.delirollforming.com\/wp-content\/uploads\/2023\/10\/\u7ebf\u69fdCable-Tray-1.jpg",2048,1152,false],"book-image":["https:\/\/www.delirollforming.com\/wp-content\/uploads\/2023\/10\/\u7ebf\u69fdCable-Tray-1-480x640.jpg",480,640,true]},"uagb_author_info":{"display_name":"deli","author_link":"https:\/\/www.delirollforming.com\/es\/author\/"},"uagb_comment_info":0,"uagb_excerpt":"Caracter\u00edsticas 1. El manejo de la m\u00e1quina es f\u00e1cil y c\u00f3modo. 2. Alta eficiencia de producci\u00f3n &#8211; punzonado, perfilado y corte se pueden completar a la vez. 3. Trabajo continuo, conversi\u00f3n autom\u00e1tica de productos de diferentes especificaciones. Proceso De Producci\u00f3n \u00a0 \u00a0Desenrollado \u2014 Nivelado \u2014 Prepunzonado \u2014 Formando \u2014 Corte \u2014 Descarga Detalle Del Producto","meta_box":{"photos":[{"width":150,"height":150,"file":"2023\/10\/\u7ebf\u69fd-6.png","filesize":906695,"sizes":{"medium":{"file":"\u7ebf\u69fd-6-300x225.png","width":300,"height":225,"mime-type":"image\/png","filesize":101950,"url":"https:\/\/www.delirollforming.com\/wp-content\/uploads\/2023\/10\/\u7ebf\u69fd-6-300x225.png"},"large":{"file":"\u7ebf\u69fd-6-1024x768.png","width":1024,"height":768,"mime-type":"image\/png","filesize":725647,"url":"https:\/\/www.delirollforming.com\/wp-content\/uploads\/2023\/10\/\u7ebf\u69fd-6-1024x768.png"},"thumbnail":{"file":"\u7ebf\u69fd-6-150x150.png","width":150,"height":150,"mime-type":"image\/png","filesize":37084,"url":"https:\/\/www.delirollforming.com\/wp-content\/uploads\/2023\/10\/\u7ebf\u69fd-6-150x150.png"},"medium_large":{"file":"\u7ebf\u69fd-6-768x576.png","width":768,"height":576,"mime-type":"image\/png","filesize":471032,"url":"https:\/\/www.delirollforming.com\/wp-content\/uploads\/2023\/10\/\u7ebf\u69fd-6-768x576.png"},"book-image":{"file":"\u7ebf\u69fd-6-480x640.png","width":480,"height":640,"mime-type":"image\/png","filesize":310299,"url":"https:\/\/www.delirollforming.com\/wp-content\/uploads\/2023\/10\/\u7ebf\u69fd-6-480x640.png"}},"image_meta":{"aperture":"0","credit":"","camera":"","caption":"","created_timestamp":"0","copyright":"","focal_length":"0","iso":"0","shutter_speed":"0","title":"","orientation":"0","keywords":[]},"ID":"4210","name":"\u7ebf\u69fd-6.png","path":"\/www\/wwwroot\/www.delirollforming.com\/wp-content\/uploads\/2023\/10\/\u7ebf\u69fd-6.png","url":"https:\/\/www.delirollforming.com\/wp-content\/uploads\/2023\/10\/\u7ebf\u69fd-6-150x150.png","full_url":"https:\/\/www.delirollforming.com\/wp-content\/uploads\/2023\/10\/\u7ebf\u69fd-6.png","title":"\u7ebf\u69fd (6)","caption":"","description":"","alt":"","srcset":false},{"width":150,"height":150,"file":"2023\/10\/\u7ebf\u69fd-5.png","filesize":1217429,"sizes":{"medium":{"file":"\u7ebf\u69fd-5-300x225.png","width":300,"height":225,"mime-type":"image\/png","filesize":107981,"url":"https:\/\/www.delirollforming.com\/wp-content\/uploads\/2023\/10\/\u7ebf\u69fd-5-300x225.png"},"large":{"file":"\u7ebf\u69fd-5-1024x768.png","width":1024,"height":768,"mime-type":"image\/png","filesize":870362,"url":"https:\/\/www.delirollforming.com\/wp-content\/uploads\/2023\/10\/\u7ebf\u69fd-5-1024x768.png"},"thumbnail":{"file":"\u7ebf\u69fd-5-150x150.png","width":150,"height":150,"mime-type":"image\/png","filesize":39310,"url":"https:\/\/www.delirollforming.com\/wp-content\/uploads\/2023\/10\/\u7ebf\u69fd-5-150x150.png"},"medium_large":{"file":"\u7ebf\u69fd-5-768x576.png","width":768,"height":576,"mime-type":"image\/png","filesize":541306,"url":"https:\/\/www.delirollforming.com\/wp-content\/uploads\/2023\/10\/\u7ebf\u69fd-5-768x576.png"},"book-image":{"file":"\u7ebf\u69fd-5-480x640.png","width":480,"height":640,"mime-type":"image\/png","filesize":351536,"url":"https:\/\/www.delirollforming.com\/wp-content\/uploads\/2023\/10\/\u7ebf\u69fd-5-480x640.png"}},"image_meta":{"aperture":"0","credit":"","camera":"","caption":"","created_timestamp":"0","copyright":"","focal_length":"0","iso":"0","shutter_speed":"0","title":"","orientation":"0","keywords":[]},"ID":"4206","name":"\u7ebf\u69fd-5.png","path":"\/www\/wwwroot\/www.delirollforming.com\/wp-content\/uploads\/2023\/10\/\u7ebf\u69fd-5.png","url":"https:\/\/www.delirollforming.com\/wp-content\/uploads\/2023\/10\/\u7ebf\u69fd-5-150x150.png","full_url":"https:\/\/www.delirollforming.com\/wp-content\/uploads\/2023\/10\/\u7ebf\u69fd-5.png","title":"\u7ebf\u69fd (5)","caption":"","description":"","alt":"","srcset":false},{"width":150,"height":150,"file":"2023\/10\/\u7ebf\u69fd-3.png","filesize":926128,"sizes":{"medium":{"file":"\u7ebf\u69fd-3-300x225.png","width":300,"height":225,"mime-type":"image\/png","filesize":104045,"url":"https:\/\/www.delirollforming.com\/wp-content\/uploads\/2023\/10\/\u7ebf\u69fd-3-300x225.png"},"large":{"file":"\u7ebf\u69fd-3-1024x768.png","width":1024,"height":768,"mime-type":"image\/png","filesize":743892,"url":"https:\/\/www.delirollforming.com\/wp-content\/uploads\/2023\/10\/\u7ebf\u69fd-3-1024x768.png"},"thumbnail":{"file":"\u7ebf\u69fd-3-150x150.png","width":150,"height":150,"mime-type":"image\/png","filesize":37193,"url":"https:\/\/www.delirollforming.com\/wp-content\/uploads\/2023\/10\/\u7ebf\u69fd-3-150x150.png"},"medium_large":{"file":"\u7ebf\u69fd-3-768x576.png","width":768,"height":576,"mime-type":"image\/png","filesize":488066,"url":"https:\/\/www.delirollforming.com\/wp-content\/uploads\/2023\/10\/\u7ebf\u69fd-3-768x576.png"},"book-image":{"file":"\u7ebf\u69fd-3-480x640.png","width":480,"height":640,"mime-type":"image\/png","filesize":303860,"url":"https:\/\/www.delirollforming.com\/wp-content\/uploads\/2023\/10\/\u7ebf\u69fd-3-480x640.png"}},"image_meta":{"aperture":"0","credit":"","camera":"","caption":"","created_timestamp":"0","copyright":"","focal_length":"0","iso":"0","shutter_speed":"0","title":"","orientation":"0","keywords":[]},"ID":"4214","name":"\u7ebf\u69fd-3.png","path":"\/www\/wwwroot\/www.delirollforming.com\/wp-content\/uploads\/2023\/10\/\u7ebf\u69fd-3.png","url":"https:\/\/www.delirollforming.com\/wp-content\/uploads\/2023\/10\/\u7ebf\u69fd-3-150x150.png","full_url":"https:\/\/www.delirollforming.com\/wp-content\/uploads\/2023\/10\/\u7ebf\u69fd-3.png","title":"\u7ebf\u69fd (3)","caption":"","description":"","alt":"","srcset":false},{"width":150,"height":150,"file":"2023\/10\/\u7ebf\u69fd-4.png","filesize":956895,"sizes":{"medium":{"file":"\u7ebf\u69fd-4-300x225.png","width":300,"height":225,"mime-type":"image\/png","filesize":109269,"url":"https:\/\/www.delirollforming.com\/wp-content\/uploads\/2023\/10\/\u7ebf\u69fd-4-300x225.png"},"large":{"file":"\u7ebf\u69fd-4-1024x768.png","width":1024,"height":768,"mime-type":"image\/png","filesize":765013,"url":"https:\/\/www.delirollforming.com\/wp-content\/uploads\/2023\/10\/\u7ebf\u69fd-4-1024x768.png"},"thumbnail":{"file":"\u7ebf\u69fd-4-150x150.png","width":150,"height":150,"mime-type":"image\/png","filesize":38688,"url":"https:\/\/www.delirollforming.com\/wp-content\/uploads\/2023\/10\/\u7ebf\u69fd-4-150x150.png"},"medium_large":{"file":"\u7ebf\u69fd-4-768x576.png","width":768,"height":576,"mime-type":"image\/png","filesize":502800,"url":"https:\/\/www.delirollforming.com\/wp-content\/uploads\/2023\/10\/\u7ebf\u69fd-4-768x576.png"},"book-image":{"file":"\u7ebf\u69fd-4-480x640.png","width":480,"height":640,"mime-type":"image\/png","filesize":311457,"url":"https:\/\/www.delirollforming.com\/wp-content\/uploads\/2023\/10\/\u7ebf\u69fd-4-480x640.png"}},"image_meta":{"aperture":"0","credit":"","camera":"","caption":"","created_timestamp":"0","copyright":"","focal_length":"0","iso":"0","shutter_speed":"0","title":"","orientation":"0","keywords":[]},"ID":"4218","name":"\u7ebf\u69fd-4.png","path":"\/www\/wwwroot\/www.delirollforming.com\/wp-content\/uploads\/2023\/10\/\u7ebf\u69fd-4.png","url":"https:\/\/www.delirollforming.com\/wp-content\/uploads\/2023\/10\/\u7ebf\u69fd-4-150x150.png","full_url":"https:\/\/www.delirollforming.com\/wp-content\/uploads\/2023\/10\/\u7ebf\u69fd-4.png","title":"\u7ebf\u69fd (4)","caption":"","description":"","alt":"","srcset":false},{"width":150,"height":150,"file":"2023\/10\/\u7ebf\u69fd-2.png","filesize":1107506,"sizes":{"medium":{"file":"\u7ebf\u69fd-2-300x225.png","width":300,"height":225,"mime-type":"image\/png","filesize":115913,"url":"https:\/\/www.delirollforming.com\/wp-content\/uploads\/2023\/10\/\u7ebf\u69fd-2-300x225.png"},"large":{"file":"\u7ebf\u69fd-2-1024x768.png","width":1024,"height":768,"mime-type":"image\/png","filesize":878139,"url":"https:\/\/www.delirollforming.com\/wp-content\/uploads\/2023\/10\/\u7ebf\u69fd-2-1024x768.png"},"thumbnail":{"file":"\u7ebf\u69fd-2-150x150.png","width":150,"height":150,"mime-type":"image\/png","filesize":39002,"url":"https:\/\/www.delirollforming.com\/wp-content\/uploads\/2023\/10\/\u7ebf\u69fd-2-150x150.png"},"medium_large":{"file":"\u7ebf\u69fd-2-768x576.png","width":768,"height":576,"mime-type":"image\/png","filesize":569050,"url":"https:\/\/www.delirollforming.com\/wp-content\/uploads\/2023\/10\/\u7ebf\u69fd-2-768x576.png"},"book-image":{"file":"\u7ebf\u69fd-2-480x640.png","width":480,"height":640,"mime-type":"image\/png","filesize":349872,"url":"https:\/\/www.delirollforming.com\/wp-content\/uploads\/2023\/10\/\u7ebf\u69fd-2-480x640.png"}},"image_meta":{"aperture":"0","credit":"","camera":"","caption":"","created_timestamp":"0","copyright":"","focal_length":"0","iso":"0","shutter_speed":"0","title":"","orientation":"0","keywords":[]},"ID":"4198","name":"\u7ebf\u69fd-2.png","path":"\/www\/wwwroot\/www.delirollforming.com\/wp-content\/uploads\/2023\/10\/\u7ebf\u69fd-2.png","url":"https:\/\/www.delirollforming.com\/wp-content\/uploads\/2023\/10\/\u7ebf\u69fd-2-150x150.png","full_url":"https:\/\/www.delirollforming.com\/wp-content\/uploads\/2023\/10\/\u7ebf\u69fd-2.png","title":"\u7ebf\u69fd (2)","caption":"","description":"","alt":"","srcset":false},{"width":150,"height":150,"file":"2023\/10\/\u7ebf\u69fd-1.png","filesize":944891,"sizes":{"medium":{"file":"\u7ebf\u69fd-1-300x225.png","width":300,"height":225,"mime-type":"image\/png","filesize":109911,"url":"https:\/\/www.delirollforming.com\/wp-content\/uploads\/2023\/10\/\u7ebf\u69fd-1-300x225.png"},"large":{"file":"\u7ebf\u69fd-1-1024x768.png","width":1024,"height":768,"mime-type":"image\/png","filesize":753137,"url":"https:\/\/www.delirollforming.com\/wp-content\/uploads\/2023\/10\/\u7ebf\u69fd-1-1024x768.png"},"thumbnail":{"file":"\u7ebf\u69fd-1-150x150.png","width":150,"height":150,"mime-type":"image\/png","filesize":39603,"url":"https:\/\/www.delirollforming.com\/wp-content\/uploads\/2023\/10\/\u7ebf\u69fd-1-150x150.png"},"medium_large":{"file":"\u7ebf\u69fd-1-768x576.png","width":768,"height":576,"mime-type":"image\/png","filesize":497070,"url":"https:\/\/www.delirollforming.com\/wp-content\/uploads\/2023\/10\/\u7ebf\u69fd-1-768x576.png"},"book-image":{"file":"\u7ebf\u69fd-1-480x640.png","width":480,"height":640,"mime-type":"image\/png","filesize":301480,"url":"https:\/\/www.delirollforming.com\/wp-content\/uploads\/2023\/10\/\u7ebf\u69fd-1-480x640.png"}},"image_meta":{"aperture":"0","credit":"","camera":"","caption":"","created_timestamp":"0","copyright":"","focal_length":"0","iso":"0","shutter_speed":"0","title":"","orientation":"0","keywords":[]},"ID":"4222","name":"\u7ebf\u69fd-1.png","path":"\/www\/wwwroot\/www.delirollforming.com\/wp-content\/uploads\/2023\/10\/\u7ebf\u69fd-1.png","url":"https:\/\/www.delirollforming.com\/wp-content\/uploads\/2023\/10\/\u7ebf\u69fd-1-150x150.png","full_url":"https:\/\/www.delirollforming.com\/wp-content\/uploads\/2023\/10\/\u7ebf\u69fd-1.png","title":"\u7ebf\u69fd (1)","caption":"","description":"","alt":"","srcset":false}],"parameters":[{"propertyName":"Material","propertyValue":"Hoja galvanizada"},{"propertyName":"Profile Size","propertyValue":"100\/150\/200\/300*50\/75\/100mm (Personalizable)"},{"propertyName":"Material Thickness","propertyValue":"1.0-1.4mm"},{"propertyName":"Profile Accuracy","propertyValue":"\u00b10.3mm"},{"propertyName":"Forming Rollers","propertyValue":"20"},{"propertyName":"Width Adjustable","propertyValue":"S\u00ed"},{"propertyName":"Running Speed","propertyValue":"4-6m\/min"},{"propertyName":"Height Adjustable","propertyValue":"No"}],"background":{"width":150,"height":150,"file":"2023\/04\/6978355.png","filesize":1643212,"sizes":{"medium":{"file":"6978355-300x156.png","width":300,"height":156,"mime-type":"image\/png","filesize":112561,"url":"https:\/\/www.delirollforming.com\/wp-content\/uploads\/2023\/04\/6978355-300x156.png"},"large":{"file":"6978355-1024x533.png","width":1024,"height":533,"mime-type":"image\/png","filesize":1259588,"url":"https:\/\/www.delirollforming.com\/wp-content\/uploads\/2023\/04\/6978355-1024x533.png"},"thumbnail":{"file":"6978355-150x150.png","width":150,"height":150,"mime-type":"image\/png","filesize":55589,"url":"https:\/\/www.delirollforming.com\/wp-content\/uploads\/2023\/04\/6978355-150x150.png"},"medium_large":{"file":"6978355-768x400.png","width":768,"height":400,"mime-type":"image\/png","filesize":723593,"url":"https:\/\/www.delirollforming.com\/wp-content\/uploads\/2023\/04\/6978355-768x400.png"},"1536x1536":{"file":"6978355-1536x800.png","width":1536,"height":800,"mime-type":"image\/png","filesize":2601526,"url":"https:\/\/www.delirollforming.com\/wp-content\/uploads\/2023\/04\/6978355-1536x800.png"},"book-image":{"file":"6978355-480x640.png","width":480,"height":640,"mime-type":"image\/png","filesize":725056,"url":"https:\/\/www.delirollforming.com\/wp-content\/uploads\/2023\/04\/6978355-480x640.png"}},"image_meta":{"aperture":"0","credit":"","camera":"","caption":"","created_timestamp":"0","copyright":"","focal_length":"0","iso":"0","shutter_speed":"0","title":"","orientation":"0","keywords":[]},"ID":"2605","name":"6978355.png","path":"\/www\/wwwroot\/www.delirollforming.com\/wp-content\/uploads\/2023\/04\/6978355.png","url":"https:\/\/www.delirollforming.com\/wp-content\/uploads\/2023\/04\/6978355-150x150.png","full_url":"https:\/\/www.delirollforming.com\/wp-content\/uploads\/2023\/04\/6978355.png","title":"6978355","caption":"","description":"","alt":"","srcset":false},"showInHome":"0"},"_links":{"self":[{"href":"https:\/\/www.delirollforming.com\/es\/wp-json\/wp\/v2\/product\/5678","targetHints":{"allow":["GET"]}}],"collection":[{"href":"https:\/\/www.delirollforming.com\/es\/wp-json\/wp\/v2\/product"}],"about":[{"href":"https:\/\/www.delirollforming.com\/es\/wp-json\/wp\/v2\/types\/product"}],"wp:featuredmedia":[{"embeddable":true,"href":"https:\/\/www.delirollforming.com\/es\/wp-json\/wp\/v2\/media\/5327"}],"wp:attachment":[{"href":"https:\/\/www.delirollforming.com\/es\/wp-json\/wp\/v2\/media?parent=5678"}],"wp:term":[{"taxonomy":"product-type","embeddable":true,"href":"https:\/\/www.delirollforming.com\/es\/wp-json\/wp\/v2\/product-type?post=5678"}],"curies":[{"name":"wp","href":"https:\/\/api.w.org\/{rel}","templated":true}]}}