{"id":5674,"date":"2023-10-19T12:15:45","date_gmt":"2023-10-19T04:15:45","guid":{"rendered":"https:\/\/www.delirollforming.com\/product\/car-window-rail-production-line\/"},"modified":"2024-03-12T06:20:47","modified_gmt":"2024-03-12T13:20:47","slug":"car-window-rail-production-line","status":"publish","type":"product","link":"https:\/\/www.delirollforming.com\/es\/product\/car-window-rail-production-line\/","title":{"rendered":"L\u00ednea de producci\u00f3n de elevalunas"},"content":{"rendered":"\n<figure class=\"wp-block-video\"><video height=\"720\" style=\"aspect-ratio: 1280 \/ 720;\" width=\"1280\" controls src=\"https:\/\/www.delirollforming.com\/wp-content\/uploads\/2023\/10\/\u8f66\u7a97\u5bfc\u8f68-\u4e2d\u82f1-720P.mp4\"><\/video><\/figure>\n\n\n<h3 style=\"margin-top: 3rem; background-color: #eee; border: 1px #ddd solid; padding: 0.5rem 1rem;\"><span style=\"font-family: arial, helvetica, sans-serif; font-size: 18pt;\">Caracter\u00edsticas<\/span><\/h3>\n<p><span style=\"font-family: arial, helvetica, sans-serif; font-size: 14pt;\">1. El manejo de la m\u00e1quina es f\u00e1cil y c\u00f3modo.<\/span><\/p>\n<p><span style=\"font-family: arial, helvetica, sans-serif; font-size: 14pt;\">2. Alta precisi\u00f3n de los productos acabados.<\/span><\/p>\n<p><span style=\"font-family: arial, helvetica, sans-serif; font-size: 14pt;\">3. Ampliamente utilizado en la industria del autom\u00f3vil.<\/span><\/p>\n<h3 style=\"margin-top: 3rem; background-color: #eee; border: 1px #ddd solid; padding: 0.5rem 1rem;\"><span style=\"font-family: arial, helvetica, sans-serif; font-size: 18pt;\">Proceso De Producci\u00f3n<\/span><\/h3>\n<p><span style=\"color: #000000; font-family: arial, helvetica, sans-serif; font-size: 14pt;\">\u00a0 \u00a0Desenrollado \u2014 Nivelado \u2014 Formando\u00a0\u2014 Curvado \u2014 Corte \u2014 Descarga<\/span><\/p>\n<h3 style=\"margin-top: 3rem; background-color: #eee; border: 1px #ddd solid; padding: 0.5rem 1rem;\"><span style=\"font-family: arial, helvetica, sans-serif; font-size: 18pt;\">Detalle Del Producto<\/span><\/h3>\n\n\n<div class=\"wp-block-columns is-layout-flex wp-container-core-columns-is-layout-9d6595d7 wp-block-columns-is-layout-flex\">\n<div class=\"wp-block-column is-layout-flow wp-block-column-is-layout-flow\">\n<figure class=\"wp-block-image size-large\"><img loading=\"lazy\" decoding=\"async\" width=\"1024\" height=\"768\" src=\"https:\/\/www.delirollforming.com\/wp-content\/uploads\/2023\/10\/\u8f66\u7a97\u5bfc\u8f68-2-1024x768.jpg\" alt=\"\" class=\"wp-image-4186\" srcset=\"https:\/\/www.delirollforming.com\/wp-content\/uploads\/2023\/10\/\u8f66\u7a97\u5bfc\u8f68-2-1024x768.jpg 1024w, https:\/\/www.delirollforming.com\/wp-content\/uploads\/2023\/10\/\u8f66\u7a97\u5bfc\u8f68-2-300x225.jpg 300w, https:\/\/www.delirollforming.com\/wp-content\/uploads\/2023\/10\/\u8f66\u7a97\u5bfc\u8f68-2-768x576.jpg 768w, https:\/\/www.delirollforming.com\/wp-content\/uploads\/2023\/10\/\u8f66\u7a97\u5bfc\u8f68-2.jpg 1200w\" sizes=\"auto, (max-width: 1024px) 100vw, 1024px\" \/><\/figure>\n<\/div>\n\n\n\n<div class=\"wp-block-column is-layout-flow wp-block-column-is-layout-flow\"><\/div>\n<\/div>\n","protected":false},"excerpt":{"rendered":"<p>Caracter\u00edsticas 1. El manejo de la m\u00e1quina es f\u00e1cil y c\u00f3modo. 2. Alta precisi\u00f3n de los productos acabados. 3. Ampliamente utilizado en la industria del autom\u00f3vil. Proceso De Producci\u00f3n \u00a0 \u00a0Desenrollado \u2014 Nivelado \u2014 Formando\u00a0\u2014 Curvado \u2014 Corte \u2014 Descarga Detalle Del Producto<\/p>\n","protected":false},"featured_media":5243,"template":"","product-type":[128],"class_list":["post-5674","product","type-product","status-publish","has-post-thumbnail","hentry","product-type-otros"],"uagb_featured_image_src":{"full":["https:\/\/www.delirollforming.com\/wp-content\/uploads\/2023\/10\/\u6c7d\u8f66\u8f66\u7a97\u5bfc\u8f68Nissan-car-window-guide-rail-1.jpg",2048,1152,false],"thumbnail":["https:\/\/www.delirollforming.com\/wp-content\/uploads\/2023\/10\/\u6c7d\u8f66\u8f66\u7a97\u5bfc\u8f68Nissan-car-window-guide-rail-1-150x150.jpg",150,150,true],"medium":["https:\/\/www.delirollforming.com\/wp-content\/uploads\/2023\/10\/\u6c7d\u8f66\u8f66\u7a97\u5bfc\u8f68Nissan-car-window-guide-rail-1-300x169.jpg",300,169,true],"medium_large":["https:\/\/www.delirollforming.com\/wp-content\/uploads\/2023\/10\/\u6c7d\u8f66\u8f66\u7a97\u5bfc\u8f68Nissan-car-window-guide-rail-1-768x432.jpg",768,432,true],"large":["https:\/\/www.delirollforming.com\/wp-content\/uploads\/2023\/10\/\u6c7d\u8f66\u8f66\u7a97\u5bfc\u8f68Nissan-car-window-guide-rail-1-1024x576.jpg",1024,576,true],"1536x1536":["https:\/\/www.delirollforming.com\/wp-content\/uploads\/2023\/10\/\u6c7d\u8f66\u8f66\u7a97\u5bfc\u8f68Nissan-car-window-guide-rail-1-1536x864.jpg",1536,864,true],"2048x2048":["https:\/\/www.delirollforming.com\/wp-content\/uploads\/2023\/10\/\u6c7d\u8f66\u8f66\u7a97\u5bfc\u8f68Nissan-car-window-guide-rail-1.jpg",2048,1152,false],"book-image":["https:\/\/www.delirollforming.com\/wp-content\/uploads\/2023\/10\/\u6c7d\u8f66\u8f66\u7a97\u5bfc\u8f68Nissan-car-window-guide-rail-1-480x640.jpg",480,640,true]},"uagb_author_info":{"display_name":"deli","author_link":"https:\/\/www.delirollforming.com\/es\/author\/"},"uagb_comment_info":0,"uagb_excerpt":"Caracter\u00edsticas 1. El manejo de la m\u00e1quina es f\u00e1cil y c\u00f3modo. 2. Alta precisi\u00f3n de los productos acabados. 3. Ampliamente utilizado en la industria del autom\u00f3vil. Proceso De Producci\u00f3n \u00a0 \u00a0Desenrollado \u2014 Nivelado \u2014 Formando\u00a0\u2014 Curvado \u2014 Corte \u2014 Descarga Detalle Del Producto","meta_box":{"photos":[{"width":150,"height":150,"file":"2023\/10\/\u8f66\u7a97\u5bfc\u8f68-1.jpg","filesize":334570,"sizes":{"medium":{"file":"\u8f66\u7a97\u5bfc\u8f68-1-300x225.jpg","width":300,"height":225,"mime-type":"image\/jpeg","filesize":11715,"url":"https:\/\/www.delirollforming.com\/wp-content\/uploads\/2023\/10\/\u8f66\u7a97\u5bfc\u8f68-1-300x225.jpg"},"large":{"file":"\u8f66\u7a97\u5bfc\u8f68-1-1024x768.jpg","width":1024,"height":768,"mime-type":"image\/jpeg","filesize":85292,"url":"https:\/\/www.delirollforming.com\/wp-content\/uploads\/2023\/10\/\u8f66\u7a97\u5bfc\u8f68-1-1024x768.jpg"},"thumbnail":{"file":"\u8f66\u7a97\u5bfc\u8f68-1-150x150.jpg","width":150,"height":150,"mime-type":"image\/jpeg","filesize":5046,"url":"https:\/\/www.delirollforming.com\/wp-content\/uploads\/2023\/10\/\u8f66\u7a97\u5bfc\u8f68-1-150x150.jpg"},"medium_large":{"file":"\u8f66\u7a97\u5bfc\u8f68-1-768x576.jpg","width":768,"height":576,"mime-type":"image\/jpeg","filesize":52469,"url":"https:\/\/www.delirollforming.com\/wp-content\/uploads\/2023\/10\/\u8f66\u7a97\u5bfc\u8f68-1-768x576.jpg"},"book-image":{"file":"\u8f66\u7a97\u5bfc\u8f68-1-480x640.jpg","width":480,"height":640,"mime-type":"image\/jpeg","filesize":37310,"url":"https:\/\/www.delirollforming.com\/wp-content\/uploads\/2023\/10\/\u8f66\u7a97\u5bfc\u8f68-1-480x640.jpg"}},"image_meta":{"aperture":"0","credit":"","camera":"","caption":"","created_timestamp":"0","copyright":"","focal_length":"0","iso":"0","shutter_speed":"0","title":"","orientation":"0","keywords":[]},"ID":"4190","name":"\u8f66\u7a97\u5bfc\u8f68-1.jpg","path":"\/www\/wwwroot\/www.delirollforming.com\/wp-content\/uploads\/2023\/10\/\u8f66\u7a97\u5bfc\u8f68-1.jpg","url":"https:\/\/www.delirollforming.com\/wp-content\/uploads\/2023\/10\/\u8f66\u7a97\u5bfc\u8f68-1-150x150.jpg","full_url":"https:\/\/www.delirollforming.com\/wp-content\/uploads\/2023\/10\/\u8f66\u7a97\u5bfc\u8f68-1.jpg","title":"\u8f66\u7a97\u5bfc\u8f68 (1)","caption":"","description":"","alt":"","srcset":false},{"width":150,"height":150,"file":"2023\/10\/\u8f66\u7a97\u5bfc\u8f68-3.png","filesize":1050548,"sizes":{"medium":{"file":"\u8f66\u7a97\u5bfc\u8f68-3-300x225.png","width":300,"height":225,"mime-type":"image\/png","filesize":113339,"url":"https:\/\/www.delirollforming.com\/wp-content\/uploads\/2023\/10\/\u8f66\u7a97\u5bfc\u8f68-3-300x225.png"},"large":{"file":"\u8f66\u7a97\u5bfc\u8f68-3-1024x768.png","width":1024,"height":768,"mime-type":"image\/png","filesize":804773,"url":"https:\/\/www.delirollforming.com\/wp-content\/uploads\/2023\/10\/\u8f66\u7a97\u5bfc\u8f68-3-1024x768.png"},"thumbnail":{"file":"\u8f66\u7a97\u5bfc\u8f68-3-150x150.png","width":150,"height":150,"mime-type":"image\/png","filesize":43203,"url":"https:\/\/www.delirollforming.com\/wp-content\/uploads\/2023\/10\/\u8f66\u7a97\u5bfc\u8f68-3-150x150.png"},"medium_large":{"file":"\u8f66\u7a97\u5bfc\u8f68-3-768x576.png","width":768,"height":576,"mime-type":"image\/png","filesize":517519,"url":"https:\/\/www.delirollforming.com\/wp-content\/uploads\/2023\/10\/\u8f66\u7a97\u5bfc\u8f68-3-768x576.png"},"book-image":{"file":"\u8f66\u7a97\u5bfc\u8f68-3-480x640.png","width":480,"height":640,"mime-type":"image\/png","filesize":348884,"url":"https:\/\/www.delirollforming.com\/wp-content\/uploads\/2023\/10\/\u8f66\u7a97\u5bfc\u8f68-3-480x640.png"}},"image_meta":{"aperture":"0","credit":"","camera":"","caption":"","created_timestamp":"0","copyright":"","focal_length":"0","iso":"0","shutter_speed":"0","title":"","orientation":"0","keywords":[]},"ID":"4174","name":"\u8f66\u7a97\u5bfc\u8f68-3.png","path":"\/www\/wwwroot\/www.delirollforming.com\/wp-content\/uploads\/2023\/10\/\u8f66\u7a97\u5bfc\u8f68-3.png","url":"https:\/\/www.delirollforming.com\/wp-content\/uploads\/2023\/10\/\u8f66\u7a97\u5bfc\u8f68-3-150x150.png","full_url":"https:\/\/www.delirollforming.com\/wp-content\/uploads\/2023\/10\/\u8f66\u7a97\u5bfc\u8f68-3.png","title":"\u8f66\u7a97\u5bfc\u8f68 (3)","caption":"","description":"","alt":"","srcset":false},{"width":150,"height":150,"file":"2023\/10\/\u8f66\u7a97\u5bfc\u8f68-2.png","filesize":1209836,"sizes":{"medium":{"file":"\u8f66\u7a97\u5bfc\u8f68-2-300x225.png","width":300,"height":225,"mime-type":"image\/png","filesize":128439,"url":"https:\/\/www.delirollforming.com\/wp-content\/uploads\/2023\/10\/\u8f66\u7a97\u5bfc\u8f68-2-300x225.png"},"large":{"file":"\u8f66\u7a97\u5bfc\u8f68-2-1024x768.png","width":1024,"height":768,"mime-type":"image\/png","filesize":926565,"url":"https:\/\/www.delirollforming.com\/wp-content\/uploads\/2023\/10\/\u8f66\u7a97\u5bfc\u8f68-2-1024x768.png"},"thumbnail":{"file":"\u8f66\u7a97\u5bfc\u8f68-2-150x150.png","width":150,"height":150,"mime-type":"image\/png","filesize":49714,"url":"https:\/\/www.delirollforming.com\/wp-content\/uploads\/2023\/10\/\u8f66\u7a97\u5bfc\u8f68-2-150x150.png"},"medium_large":{"file":"\u8f66\u7a97\u5bfc\u8f68-2-768x576.png","width":768,"height":576,"mime-type":"image\/png","filesize":593788,"url":"https:\/\/www.delirollforming.com\/wp-content\/uploads\/2023\/10\/\u8f66\u7a97\u5bfc\u8f68-2-768x576.png"},"book-image":{"file":"\u8f66\u7a97\u5bfc\u8f68-2-480x640.png","width":480,"height":640,"mime-type":"image\/png","filesize":429684,"url":"https:\/\/www.delirollforming.com\/wp-content\/uploads\/2023\/10\/\u8f66\u7a97\u5bfc\u8f68-2-480x640.png"}},"image_meta":{"aperture":"0","credit":"","camera":"","caption":"","created_timestamp":"0","copyright":"","focal_length":"0","iso":"0","shutter_speed":"0","title":"","orientation":"0","keywords":[]},"ID":"4182","name":"\u8f66\u7a97\u5bfc\u8f68-2.png","path":"\/www\/wwwroot\/www.delirollforming.com\/wp-content\/uploads\/2023\/10\/\u8f66\u7a97\u5bfc\u8f68-2.png","url":"https:\/\/www.delirollforming.com\/wp-content\/uploads\/2023\/10\/\u8f66\u7a97\u5bfc\u8f68-2-150x150.png","full_url":"https:\/\/www.delirollforming.com\/wp-content\/uploads\/2023\/10\/\u8f66\u7a97\u5bfc\u8f68-2.png","title":"\u8f66\u7a97\u5bfc\u8f68 (2)","caption":"","description":"","alt":"","srcset":false},{"width":150,"height":150,"file":"2023\/10\/\u8f66\u7a97\u5bfc\u8f68-1.png","filesize":1188590,"sizes":{"medium":{"file":"\u8f66\u7a97\u5bfc\u8f68-1-300x225.png","width":300,"height":225,"mime-type":"image\/png","filesize":126087,"url":"https:\/\/www.delirollforming.com\/wp-content\/uploads\/2023\/10\/\u8f66\u7a97\u5bfc\u8f68-1-300x225.png"},"large":{"file":"\u8f66\u7a97\u5bfc\u8f68-1-1024x768.png","width":1024,"height":768,"mime-type":"image\/png","filesize":908774,"url":"https:\/\/www.delirollforming.com\/wp-content\/uploads\/2023\/10\/\u8f66\u7a97\u5bfc\u8f68-1-1024x768.png"},"thumbnail":{"file":"\u8f66\u7a97\u5bfc\u8f68-1-150x150.png","width":150,"height":150,"mime-type":"image\/png","filesize":48589,"url":"https:\/\/www.delirollforming.com\/wp-content\/uploads\/2023\/10\/\u8f66\u7a97\u5bfc\u8f68-1-150x150.png"},"medium_large":{"file":"\u8f66\u7a97\u5bfc\u8f68-1-768x576.png","width":768,"height":576,"mime-type":"image\/png","filesize":581189,"url":"https:\/\/www.delirollforming.com\/wp-content\/uploads\/2023\/10\/\u8f66\u7a97\u5bfc\u8f68-1-768x576.png"},"book-image":{"file":"\u8f66\u7a97\u5bfc\u8f68-1-480x640.png","width":480,"height":640,"mime-type":"image\/png","filesize":405105,"url":"https:\/\/www.delirollforming.com\/wp-content\/uploads\/2023\/10\/\u8f66\u7a97\u5bfc\u8f68-1-480x640.png"}},"image_meta":{"aperture":"0","credit":"","camera":"","caption":"","created_timestamp":"0","copyright":"","focal_length":"0","iso":"0","shutter_speed":"0","title":"","orientation":"0","keywords":[]},"ID":"4194","name":"\u8f66\u7a97\u5bfc\u8f68-1.png","path":"\/www\/wwwroot\/www.delirollforming.com\/wp-content\/uploads\/2023\/10\/\u8f66\u7a97\u5bfc\u8f68-1.png","url":"https:\/\/www.delirollforming.com\/wp-content\/uploads\/2023\/10\/\u8f66\u7a97\u5bfc\u8f68-1-150x150.png","full_url":"https:\/\/www.delirollforming.com\/wp-content\/uploads\/2023\/10\/\u8f66\u7a97\u5bfc\u8f68-1.png","title":"\u8f66\u7a97\u5bfc\u8f68 (1)","caption":"","description":"","alt":"","srcset":false},{"width":150,"height":150,"file":"2023\/10\/\u8f66\u7a97\u5bfc\u8f68-2.jpg","filesize":130127,"sizes":{"medium":{"file":"\u8f66\u7a97\u5bfc\u8f68-2-300x225.jpg","width":300,"height":225,"mime-type":"image\/jpeg","filesize":5763,"url":"https:\/\/www.delirollforming.com\/wp-content\/uploads\/2023\/10\/\u8f66\u7a97\u5bfc\u8f68-2-300x225.jpg"},"large":{"file":"\u8f66\u7a97\u5bfc\u8f68-2-1024x768.jpg","width":1024,"height":768,"mime-type":"image\/jpeg","filesize":35761,"url":"https:\/\/www.delirollforming.com\/wp-content\/uploads\/2023\/10\/\u8f66\u7a97\u5bfc\u8f68-2-1024x768.jpg"},"thumbnail":{"file":"\u8f66\u7a97\u5bfc\u8f68-2-150x150.jpg","width":150,"height":150,"mime-type":"image\/jpeg","filesize":2942,"url":"https:\/\/www.delirollforming.com\/wp-content\/uploads\/2023\/10\/\u8f66\u7a97\u5bfc\u8f68-2-150x150.jpg"},"medium_large":{"file":"\u8f66\u7a97\u5bfc\u8f68-2-768x576.jpg","width":768,"height":576,"mime-type":"image\/jpeg","filesize":22805,"url":"https:\/\/www.delirollforming.com\/wp-content\/uploads\/2023\/10\/\u8f66\u7a97\u5bfc\u8f68-2-768x576.jpg"},"book-image":{"file":"\u8f66\u7a97\u5bfc\u8f68-2-480x640.jpg","width":480,"height":640,"mime-type":"image\/jpeg","filesize":17033,"url":"https:\/\/www.delirollforming.com\/wp-content\/uploads\/2023\/10\/\u8f66\u7a97\u5bfc\u8f68-2-480x640.jpg"}},"image_meta":{"aperture":"0","credit":"","camera":"","caption":"","created_timestamp":"0","copyright":"","focal_length":"0","iso":"0","shutter_speed":"0","title":"","orientation":"0","keywords":[]},"ID":"4186","name":"\u8f66\u7a97\u5bfc\u8f68-2.jpg","path":"\/www\/wwwroot\/www.delirollforming.com\/wp-content\/uploads\/2023\/10\/\u8f66\u7a97\u5bfc\u8f68-2.jpg","url":"https:\/\/www.delirollforming.com\/wp-content\/uploads\/2023\/10\/\u8f66\u7a97\u5bfc\u8f68-2-150x150.jpg","full_url":"https:\/\/www.delirollforming.com\/wp-content\/uploads\/2023\/10\/\u8f66\u7a97\u5bfc\u8f68-2.jpg","title":"\u8f66\u7a97\u5bfc\u8f68 (2)","caption":"","description":"","alt":"","srcset":false}],"parameters":[{"propertyName":"Material","propertyValue":"Hoja galvanizada"},{"propertyName":"Profile Size","propertyValue":"39*8mm (Personalizable)"},{"propertyName":"Material Thickness","propertyValue":"1.0mm"},{"propertyName":"Profile Accuracy","propertyValue":"\u00b10.2mm"},{"propertyName":"Forming Rollers","propertyValue":"16"},{"propertyName":"Width Adjustable","propertyValue":"No"},{"propertyName":"Running Speed","propertyValue":"4-6m\/min"},{"propertyName":"Height Adjustable","propertyValue":"No"}],"background":{"width":150,"height":150,"file":"2023\/04\/6978355.png","filesize":1643212,"sizes":{"medium":{"file":"6978355-300x156.png","width":300,"height":156,"mime-type":"image\/png","filesize":112561,"url":"https:\/\/www.delirollforming.com\/wp-content\/uploads\/2023\/04\/6978355-300x156.png"},"large":{"file":"6978355-1024x533.png","width":1024,"height":533,"mime-type":"image\/png","filesize":1259588,"url":"https:\/\/www.delirollforming.com\/wp-content\/uploads\/2023\/04\/6978355-1024x533.png"},"thumbnail":{"file":"6978355-150x150.png","width":150,"height":150,"mime-type":"image\/png","filesize":55589,"url":"https:\/\/www.delirollforming.com\/wp-content\/uploads\/2023\/04\/6978355-150x150.png"},"medium_large":{"file":"6978355-768x400.png","width":768,"height":400,"mime-type":"image\/png","filesize":723593,"url":"https:\/\/www.delirollforming.com\/wp-content\/uploads\/2023\/04\/6978355-768x400.png"},"1536x1536":{"file":"6978355-1536x800.png","width":1536,"height":800,"mime-type":"image\/png","filesize":2601526,"url":"https:\/\/www.delirollforming.com\/wp-content\/uploads\/2023\/04\/6978355-1536x800.png"},"book-image":{"file":"6978355-480x640.png","width":480,"height":640,"mime-type":"image\/png","filesize":725056,"url":"https:\/\/www.delirollforming.com\/wp-content\/uploads\/2023\/04\/6978355-480x640.png"}},"image_meta":{"aperture":"0","credit":"","camera":"","caption":"","created_timestamp":"0","copyright":"","focal_length":"0","iso":"0","shutter_speed":"0","title":"","orientation":"0","keywords":[]},"ID":"2605","name":"6978355.png","path":"\/www\/wwwroot\/www.delirollforming.com\/wp-content\/uploads\/2023\/04\/6978355.png","url":"https:\/\/www.delirollforming.com\/wp-content\/uploads\/2023\/04\/6978355-150x150.png","full_url":"https:\/\/www.delirollforming.com\/wp-content\/uploads\/2023\/04\/6978355.png","title":"6978355","caption":"","description":"","alt":"","srcset":false},"showInHome":"0"},"_links":{"self":[{"href":"https:\/\/www.delirollforming.com\/es\/wp-json\/wp\/v2\/product\/5674","targetHints":{"allow":["GET"]}}],"collection":[{"href":"https:\/\/www.delirollforming.com\/es\/wp-json\/wp\/v2\/product"}],"about":[{"href":"https:\/\/www.delirollforming.com\/es\/wp-json\/wp\/v2\/types\/product"}],"wp:featuredmedia":[{"embeddable":true,"href":"https:\/\/www.delirollforming.com\/es\/wp-json\/wp\/v2\/media\/5243"}],"wp:attachment":[{"href":"https:\/\/www.delirollforming.com\/es\/wp-json\/wp\/v2\/media?parent=5674"}],"wp:term":[{"taxonomy":"product-type","embeddable":true,"href":"https:\/\/www.delirollforming.com\/es\/wp-json\/wp\/v2\/product-type?post=5674"}],"curies":[{"name":"wp","href":"https:\/\/api.w.org\/{rel}","templated":true}]}}