{"id":5670,"date":"2023-10-15T21:03:59","date_gmt":"2023-10-15T13:03:59","guid":{"rendered":"https:\/\/www.delirollforming.com\/product\/cabinet-door-panel-production-line\/"},"modified":"2024-04-02T11:07:15","modified_gmt":"2024-04-02T03:07:15","slug":"door-panel-production-line","status":"publish","type":"product","link":"https:\/\/www.delirollforming.com\/es\/product\/door-panel-production-line\/","title":{"rendered":"L\u00ednea de producci\u00f3n de paneles para puertas de armarios"},"content":{"rendered":"\n<figure class=\"wp-block-video\"><video height=\"720\" style=\"aspect-ratio: 1280 \/ 720;\" width=\"1280\" controls src=\"https:\/\/www.delirollforming.com\/wp-content\/uploads\/2024\/01\/\u95e8\u677f-\u82f1\u6587.mp4\"><\/video><\/figure>\n\n\n<h3 style=\"margin-top: 3rem; background-color: #eee; border: 1px #ddd solid; padding: 0.5rem 1rem;\"><span style=\"font-family: arial, helvetica, sans-serif; font-size: 18pt;\">Caracter\u00edsticas<\/span><\/h3>\n<p><span style=\"font-family: arial, helvetica, sans-serif; font-size: 14pt;\">1. El manejo de la m\u00e1quina es f\u00e1cil y c\u00f3modo.<\/span><\/p>\n<p><span style=\"font-family: arial, helvetica, sans-serif; font-size: 14pt;\">2. Alta eficiencia de producci\u00f3n &#8211; punzonado, perfilado y corte se pueden completar a la vez.<\/span><\/p>\n<p><span style=\"font-family: arial, helvetica, sans-serif; font-size: 14pt;\">3. Alta precisi\u00f3n de los productos terminados, sin ara\u00f1azos ni grietas.<\/span><\/p>\n<p><span style=\"font-family: arial, helvetica, sans-serif; font-size: 14pt;\">4. Ampliamente utilizado en la industria de procesamiento de paneles de metal.<\/span><\/p>\n<h3 style=\"margin-top: 3rem; background-color: #eee; border: 1px #ddd solid; padding: 0.5rem 1rem;\"><span style=\"font-family: arial, helvetica, sans-serif; font-size: 18pt;\">Proceso De Producci\u00f3n<\/span><\/h3>\n<p><span style=\"color: #000000; font-family: arial, helvetica, sans-serif; font-size: 14pt;\">\u00a0 \u00a0Desenrollado \u2014 Nivelado \u2014 Prepunzonado \u2014 Formando \u2014 Corte \u2014 Doblar \u2014 Descarga<\/span><\/p>\n\n\n<div class=\"wp-block-columns is-layout-flex wp-container-core-columns-is-layout-9d6595d7 wp-block-columns-is-layout-flex\">\n<div class=\"wp-block-column is-layout-flow wp-block-column-is-layout-flow\"><\/div>\n\n\n\n<div class=\"wp-block-column is-layout-flow wp-block-column-is-layout-flow\"><\/div>\n<\/div>\n","protected":false},"excerpt":{"rendered":"<p>Caracter\u00edsticas 1. El manejo de la m\u00e1quina es f\u00e1cil y c\u00f3modo. 2. Alta eficiencia de producci\u00f3n &#8211; punzonado, perfilado y corte se pueden completar a la vez. 3. Alta precisi\u00f3n de los productos terminados, sin ara\u00f1azos ni grietas. 4. Ampliamente utilizado en la industria de procesamiento de paneles de metal. Proceso De Producci\u00f3n \u00a0 \u00a0Desenrollado [&hellip;]<\/p>\n","protected":false},"featured_media":5031,"template":"","product-type":[124],"class_list":["post-5670","product","type-product","status-publish","has-post-thumbnail","hentry","product-type-locker-cabinet-furniture-es"],"uagb_featured_image_src":{"full":["https:\/\/www.delirollforming.com\/wp-content\/uploads\/2023\/10\/\u50a8\u7269\u67dcl\u6587\u4ef6\u67dc\u95e8\u677fStorage-Locker-l-Cabinet-Door-Panel-1.jpg",2048,1152,false],"thumbnail":["https:\/\/www.delirollforming.com\/wp-content\/uploads\/2023\/10\/\u50a8\u7269\u67dcl\u6587\u4ef6\u67dc\u95e8\u677fStorage-Locker-l-Cabinet-Door-Panel-1-150x150.jpg",150,150,true],"medium":["https:\/\/www.delirollforming.com\/wp-content\/uploads\/2023\/10\/\u50a8\u7269\u67dcl\u6587\u4ef6\u67dc\u95e8\u677fStorage-Locker-l-Cabinet-Door-Panel-1-300x169.jpg",300,169,true],"medium_large":["https:\/\/www.delirollforming.com\/wp-content\/uploads\/2023\/10\/\u50a8\u7269\u67dcl\u6587\u4ef6\u67dc\u95e8\u677fStorage-Locker-l-Cabinet-Door-Panel-1-768x432.jpg",768,432,true],"large":["https:\/\/www.delirollforming.com\/wp-content\/uploads\/2023\/10\/\u50a8\u7269\u67dcl\u6587\u4ef6\u67dc\u95e8\u677fStorage-Locker-l-Cabinet-Door-Panel-1-1024x576.jpg",1024,576,true],"1536x1536":["https:\/\/www.delirollforming.com\/wp-content\/uploads\/2023\/10\/\u50a8\u7269\u67dcl\u6587\u4ef6\u67dc\u95e8\u677fStorage-Locker-l-Cabinet-Door-Panel-1-1536x864.jpg",1536,864,true],"2048x2048":["https:\/\/www.delirollforming.com\/wp-content\/uploads\/2023\/10\/\u50a8\u7269\u67dcl\u6587\u4ef6\u67dc\u95e8\u677fStorage-Locker-l-Cabinet-Door-Panel-1.jpg",2048,1152,false],"book-image":["https:\/\/www.delirollforming.com\/wp-content\/uploads\/2023\/10\/\u50a8\u7269\u67dcl\u6587\u4ef6\u67dc\u95e8\u677fStorage-Locker-l-Cabinet-Door-Panel-1-480x640.jpg",480,640,true]},"uagb_author_info":{"display_name":"deli","author_link":"https:\/\/www.delirollforming.com\/es\/author\/"},"uagb_comment_info":0,"uagb_excerpt":"Caracter\u00edsticas 1. El manejo de la m\u00e1quina es f\u00e1cil y c\u00f3modo. 2. Alta eficiencia de producci\u00f3n &#8211; punzonado, perfilado y corte se pueden completar a la vez. 3. Alta precisi\u00f3n de los productos terminados, sin ara\u00f1azos ni grietas. 4. Ampliamente utilizado en la industria de procesamiento de paneles de metal. Proceso De Producci\u00f3n \u00a0 \u00a0Desenrollado&hellip;","meta_box":{"photos":[{"width":150,"height":150,"file":"2023\/10\/\u95e8\u677f-8.jpg","filesize":523725,"sizes":{"medium":{"file":"\u95e8\u677f-8-300x225.jpg","width":300,"height":225,"mime-type":"image\/jpeg","filesize":19535,"url":"https:\/\/www.delirollforming.com\/wp-content\/uploads\/2023\/10\/\u95e8\u677f-8-300x225.jpg"},"large":{"file":"\u95e8\u677f-8-1024x768.jpg","width":1024,"height":768,"mime-type":"image\/jpeg","filesize":148992,"url":"https:\/\/www.delirollforming.com\/wp-content\/uploads\/2023\/10\/\u95e8\u677f-8-1024x768.jpg"},"thumbnail":{"file":"\u95e8\u677f-8-150x150.jpg","width":150,"height":150,"mime-type":"image\/jpeg","filesize":7272,"url":"https:\/\/www.delirollforming.com\/wp-content\/uploads\/2023\/10\/\u95e8\u677f-8-150x150.jpg"},"medium_large":{"file":"\u95e8\u677f-8-768x576.jpg","width":768,"height":576,"mime-type":"image\/jpeg","filesize":93815,"url":"https:\/\/www.delirollforming.com\/wp-content\/uploads\/2023\/10\/\u95e8\u677f-8-768x576.jpg"},"book-image":{"file":"\u95e8\u677f-8-480x640.jpg","width":480,"height":640,"mime-type":"image\/jpeg","filesize":62560,"url":"https:\/\/www.delirollforming.com\/wp-content\/uploads\/2023\/10\/\u95e8\u677f-8-480x640.jpg"}},"image_meta":{"aperture":"0","credit":"","camera":"","caption":"","created_timestamp":"0","copyright":"","focal_length":"0","iso":"0","shutter_speed":"0","title":"","orientation":"0","keywords":[]},"ID":"3722","name":"\u95e8\u677f-8.jpg","path":"\/www\/wwwroot\/www.delirollforming.com\/wp-content\/uploads\/2023\/10\/\u95e8\u677f-8.jpg","url":"https:\/\/www.delirollforming.com\/wp-content\/uploads\/2023\/10\/\u95e8\u677f-8-150x150.jpg","full_url":"https:\/\/www.delirollforming.com\/wp-content\/uploads\/2023\/10\/\u95e8\u677f-8.jpg","title":"\u95e8\u677f (8)","caption":"","description":"","alt":"","srcset":false},{"width":150,"height":150,"file":"2023\/10\/\u95e8\u677f-1.jpg","filesize":392986,"sizes":{"medium":{"file":"\u95e8\u677f-1-300x225.jpg","width":300,"height":225,"mime-type":"image\/jpeg","filesize":18111,"url":"https:\/\/www.delirollforming.com\/wp-content\/uploads\/2023\/10\/\u95e8\u677f-1-300x225.jpg"},"large":{"file":"\u95e8\u677f-1-1024x768.jpg","width":1024,"height":768,"mime-type":"image\/jpeg","filesize":112365,"url":"https:\/\/www.delirollforming.com\/wp-content\/uploads\/2023\/10\/\u95e8\u677f-1-1024x768.jpg"},"thumbnail":{"file":"\u95e8\u677f-1-150x150.jpg","width":150,"height":150,"mime-type":"image\/jpeg","filesize":7213,"url":"https:\/\/www.delirollforming.com\/wp-content\/uploads\/2023\/10\/\u95e8\u677f-1-150x150.jpg"},"medium_large":{"file":"\u95e8\u677f-1-768x576.jpg","width":768,"height":576,"mime-type":"image\/jpeg","filesize":74261,"url":"https:\/\/www.delirollforming.com\/wp-content\/uploads\/2023\/10\/\u95e8\u677f-1-768x576.jpg"},"book-image":{"file":"\u95e8\u677f-1-480x640.jpg","width":480,"height":640,"mime-type":"image\/jpeg","filesize":49895,"url":"https:\/\/www.delirollforming.com\/wp-content\/uploads\/2023\/10\/\u95e8\u677f-1-480x640.jpg"}},"image_meta":{"aperture":"0","credit":"","camera":"","caption":"","created_timestamp":"0","copyright":"","focal_length":"0","iso":"0","shutter_speed":"0","title":"","orientation":"0","keywords":[]},"ID":"3730","name":"\u95e8\u677f-1.jpg","path":"\/www\/wwwroot\/www.delirollforming.com\/wp-content\/uploads\/2023\/10\/\u95e8\u677f-1.jpg","url":"https:\/\/www.delirollforming.com\/wp-content\/uploads\/2023\/10\/\u95e8\u677f-1-150x150.jpg","full_url":"https:\/\/www.delirollforming.com\/wp-content\/uploads\/2023\/10\/\u95e8\u677f-1.jpg","title":"\u95e8\u677f (1)","caption":"","description":"","alt":"","srcset":false},{"width":150,"height":150,"file":"2023\/10\/\u95e8\u677f-9.jpg","filesize":458247,"sizes":{"medium":{"file":"\u95e8\u677f-9-300x225.jpg","width":300,"height":225,"mime-type":"image\/jpeg","filesize":20140,"url":"https:\/\/www.delirollforming.com\/wp-content\/uploads\/2023\/10\/\u95e8\u677f-9-300x225.jpg"},"large":{"file":"\u95e8\u677f-9-1024x768.jpg","width":1024,"height":768,"mime-type":"image\/jpeg","filesize":133105,"url":"https:\/\/www.delirollforming.com\/wp-content\/uploads\/2023\/10\/\u95e8\u677f-9-1024x768.jpg"},"thumbnail":{"file":"\u95e8\u677f-9-150x150.jpg","width":150,"height":150,"mime-type":"image\/jpeg","filesize":8341,"url":"https:\/\/www.delirollforming.com\/wp-content\/uploads\/2023\/10\/\u95e8\u677f-9-150x150.jpg"},"medium_large":{"file":"\u95e8\u677f-9-768x576.jpg","width":768,"height":576,"mime-type":"image\/jpeg","filesize":86660,"url":"https:\/\/www.delirollforming.com\/wp-content\/uploads\/2023\/10\/\u95e8\u677f-9-768x576.jpg"},"book-image":{"file":"\u95e8\u677f-9-480x640.jpg","width":480,"height":640,"mime-type":"image\/jpeg","filesize":61327,"url":"https:\/\/www.delirollforming.com\/wp-content\/uploads\/2023\/10\/\u95e8\u677f-9-480x640.jpg"}},"image_meta":{"aperture":"0","credit":"","camera":"","caption":"","created_timestamp":"0","copyright":"","focal_length":"0","iso":"0","shutter_speed":"0","title":"","orientation":"0","keywords":[]},"ID":"3726","name":"\u95e8\u677f-9.jpg","path":"\/www\/wwwroot\/www.delirollforming.com\/wp-content\/uploads\/2023\/10\/\u95e8\u677f-9.jpg","url":"https:\/\/www.delirollforming.com\/wp-content\/uploads\/2023\/10\/\u95e8\u677f-9-150x150.jpg","full_url":"https:\/\/www.delirollforming.com\/wp-content\/uploads\/2023\/10\/\u95e8\u677f-9.jpg","title":"\u95e8\u677f (9)","caption":"","description":"","alt":"","srcset":false},{"width":150,"height":150,"file":"2023\/10\/\u95e8\u677f-7.jpg","filesize":452512,"sizes":{"medium":{"file":"\u95e8\u677f-7-300x225.jpg","width":300,"height":225,"mime-type":"image\/jpeg","filesize":20650,"url":"https:\/\/www.delirollforming.com\/wp-content\/uploads\/2023\/10\/\u95e8\u677f-7-300x225.jpg"},"large":{"file":"\u95e8\u677f-7-1024x768.jpg","width":1024,"height":768,"mime-type":"image\/jpeg","filesize":134539,"url":"https:\/\/www.delirollforming.com\/wp-content\/uploads\/2023\/10\/\u95e8\u677f-7-1024x768.jpg"},"thumbnail":{"file":"\u95e8\u677f-7-150x150.jpg","width":150,"height":150,"mime-type":"image\/jpeg","filesize":8303,"url":"https:\/\/www.delirollforming.com\/wp-content\/uploads\/2023\/10\/\u95e8\u677f-7-150x150.jpg"},"medium_large":{"file":"\u95e8\u677f-7-768x576.jpg","width":768,"height":576,"mime-type":"image\/jpeg","filesize":87428,"url":"https:\/\/www.delirollforming.com\/wp-content\/uploads\/2023\/10\/\u95e8\u677f-7-768x576.jpg"},"book-image":{"file":"\u95e8\u677f-7-480x640.jpg","width":480,"height":640,"mime-type":"image\/jpeg","filesize":63375,"url":"https:\/\/www.delirollforming.com\/wp-content\/uploads\/2023\/10\/\u95e8\u677f-7-480x640.jpg"}},"image_meta":{"aperture":"0","credit":"","camera":"","caption":"","created_timestamp":"0","copyright":"","focal_length":"0","iso":"0","shutter_speed":"0","title":"","orientation":"0","keywords":[]},"ID":"3718","name":"\u95e8\u677f-7.jpg","path":"\/www\/wwwroot\/www.delirollforming.com\/wp-content\/uploads\/2023\/10\/\u95e8\u677f-7.jpg","url":"https:\/\/www.delirollforming.com\/wp-content\/uploads\/2023\/10\/\u95e8\u677f-7-150x150.jpg","full_url":"https:\/\/www.delirollforming.com\/wp-content\/uploads\/2023\/10\/\u95e8\u677f-7.jpg","title":"\u95e8\u677f (7)","caption":"","description":"","alt":"","srcset":false},{"width":150,"height":150,"file":"2023\/10\/\u95e8\u677f-6.jpg","filesize":435784,"sizes":{"medium":{"file":"\u95e8\u677f-6-300x225.jpg","width":300,"height":225,"mime-type":"image\/jpeg","filesize":19398,"url":"https:\/\/www.delirollforming.com\/wp-content\/uploads\/2023\/10\/\u95e8\u677f-6-300x225.jpg"},"large":{"file":"\u95e8\u677f-6-1024x768.jpg","width":1024,"height":768,"mime-type":"image\/jpeg","filesize":129631,"url":"https:\/\/www.delirollforming.com\/wp-content\/uploads\/2023\/10\/\u95e8\u677f-6-1024x768.jpg"},"thumbnail":{"file":"\u95e8\u677f-6-150x150.jpg","width":150,"height":150,"mime-type":"image\/jpeg","filesize":8170,"url":"https:\/\/www.delirollforming.com\/wp-content\/uploads\/2023\/10\/\u95e8\u677f-6-150x150.jpg"},"medium_large":{"file":"\u95e8\u677f-6-768x576.jpg","width":768,"height":576,"mime-type":"image\/jpeg","filesize":84171,"url":"https:\/\/www.delirollforming.com\/wp-content\/uploads\/2023\/10\/\u95e8\u677f-6-768x576.jpg"},"book-image":{"file":"\u95e8\u677f-6-480x640.jpg","width":480,"height":640,"mime-type":"image\/jpeg","filesize":60384,"url":"https:\/\/www.delirollforming.com\/wp-content\/uploads\/2023\/10\/\u95e8\u677f-6-480x640.jpg"}},"image_meta":{"aperture":"0","credit":"","camera":"","caption":"","created_timestamp":"0","copyright":"","focal_length":"0","iso":"0","shutter_speed":"0","title":"","orientation":"0","keywords":[]},"ID":"3714","name":"\u95e8\u677f-6.jpg","path":"\/www\/wwwroot\/www.delirollforming.com\/wp-content\/uploads\/2023\/10\/\u95e8\u677f-6.jpg","url":"https:\/\/www.delirollforming.com\/wp-content\/uploads\/2023\/10\/\u95e8\u677f-6-150x150.jpg","full_url":"https:\/\/www.delirollforming.com\/wp-content\/uploads\/2023\/10\/\u95e8\u677f-6.jpg","title":"\u95e8\u677f (6)","caption":"","description":"","alt":"","srcset":false},{"width":150,"height":150,"file":"2023\/10\/\u95e8\u677f-5.jpg","filesize":427060,"sizes":{"medium":{"file":"\u95e8\u677f-5-300x225.jpg","width":300,"height":225,"mime-type":"image\/jpeg","filesize":19959,"url":"https:\/\/www.delirollforming.com\/wp-content\/uploads\/2023\/10\/\u95e8\u677f-5-300x225.jpg"},"large":{"file":"\u95e8\u677f-5-1024x768.jpg","width":1024,"height":768,"mime-type":"image\/jpeg","filesize":127330,"url":"https:\/\/www.delirollforming.com\/wp-content\/uploads\/2023\/10\/\u95e8\u677f-5-1024x768.jpg"},"thumbnail":{"file":"\u95e8\u677f-5-150x150.jpg","width":150,"height":150,"mime-type":"image\/jpeg","filesize":8268,"url":"https:\/\/www.delirollforming.com\/wp-content\/uploads\/2023\/10\/\u95e8\u677f-5-150x150.jpg"},"medium_large":{"file":"\u95e8\u677f-5-768x576.jpg","width":768,"height":576,"mime-type":"image\/jpeg","filesize":83430,"url":"https:\/\/www.delirollforming.com\/wp-content\/uploads\/2023\/10\/\u95e8\u677f-5-768x576.jpg"},"book-image":{"file":"\u95e8\u677f-5-480x640.jpg","width":480,"height":640,"mime-type":"image\/jpeg","filesize":59095,"url":"https:\/\/www.delirollforming.com\/wp-content\/uploads\/2023\/10\/\u95e8\u677f-5-480x640.jpg"}},"image_meta":{"aperture":"0","credit":"","camera":"","caption":"","created_timestamp":"0","copyright":"","focal_length":"0","iso":"0","shutter_speed":"0","title":"","orientation":"0","keywords":[]},"ID":"3710","name":"\u95e8\u677f-5.jpg","path":"\/www\/wwwroot\/www.delirollforming.com\/wp-content\/uploads\/2023\/10\/\u95e8\u677f-5.jpg","url":"https:\/\/www.delirollforming.com\/wp-content\/uploads\/2023\/10\/\u95e8\u677f-5-150x150.jpg","full_url":"https:\/\/www.delirollforming.com\/wp-content\/uploads\/2023\/10\/\u95e8\u677f-5.jpg","title":"\u95e8\u677f (5)","caption":"","description":"","alt":"","srcset":false},{"width":150,"height":150,"file":"2023\/10\/\u95e8\u677f-4.jpg","filesize":454440,"sizes":{"medium":{"file":"\u95e8\u677f-4-300x225.jpg","width":300,"height":225,"mime-type":"image\/jpeg","filesize":18261,"url":"https:\/\/www.delirollforming.com\/wp-content\/uploads\/2023\/10\/\u95e8\u677f-4-300x225.jpg"},"large":{"file":"\u95e8\u677f-4-1024x768.jpg","width":1024,"height":768,"mime-type":"image\/jpeg","filesize":132066,"url":"https:\/\/www.delirollforming.com\/wp-content\/uploads\/2023\/10\/\u95e8\u677f-4-1024x768.jpg"},"thumbnail":{"file":"\u95e8\u677f-4-150x150.jpg","width":150,"height":150,"mime-type":"image\/jpeg","filesize":7221,"url":"https:\/\/www.delirollforming.com\/wp-content\/uploads\/2023\/10\/\u95e8\u677f-4-150x150.jpg"},"medium_large":{"file":"\u95e8\u677f-4-768x576.jpg","width":768,"height":576,"mime-type":"image\/jpeg","filesize":84312,"url":"https:\/\/www.delirollforming.com\/wp-content\/uploads\/2023\/10\/\u95e8\u677f-4-768x576.jpg"},"book-image":{"file":"\u95e8\u677f-4-480x640.jpg","width":480,"height":640,"mime-type":"image\/jpeg","filesize":57430,"url":"https:\/\/www.delirollforming.com\/wp-content\/uploads\/2023\/10\/\u95e8\u677f-4-480x640.jpg"}},"image_meta":{"aperture":"0","credit":"","camera":"","caption":"","created_timestamp":"0","copyright":"","focal_length":"0","iso":"0","shutter_speed":"0","title":"","orientation":"0","keywords":[]},"ID":"3706","name":"\u95e8\u677f-4.jpg","path":"\/www\/wwwroot\/www.delirollforming.com\/wp-content\/uploads\/2023\/10\/\u95e8\u677f-4.jpg","url":"https:\/\/www.delirollforming.com\/wp-content\/uploads\/2023\/10\/\u95e8\u677f-4-150x150.jpg","full_url":"https:\/\/www.delirollforming.com\/wp-content\/uploads\/2023\/10\/\u95e8\u677f-4.jpg","title":"\u95e8\u677f (4)","caption":"","description":"","alt":"","srcset":false},{"width":150,"height":150,"file":"2023\/10\/\u95e8\u677f-3.jpg","filesize":356206,"sizes":{"medium":{"file":"\u95e8\u677f-3-300x225.jpg","width":300,"height":225,"mime-type":"image\/jpeg","filesize":15575,"url":"https:\/\/www.delirollforming.com\/wp-content\/uploads\/2023\/10\/\u95e8\u677f-3-300x225.jpg"},"large":{"file":"\u95e8\u677f-3-1024x768.jpg","width":1024,"height":768,"mime-type":"image\/jpeg","filesize":98823,"url":"https:\/\/www.delirollforming.com\/wp-content\/uploads\/2023\/10\/\u95e8\u677f-3-1024x768.jpg"},"thumbnail":{"file":"\u95e8\u677f-3-150x150.jpg","width":150,"height":150,"mime-type":"image\/jpeg","filesize":6442,"url":"https:\/\/www.delirollforming.com\/wp-content\/uploads\/2023\/10\/\u95e8\u677f-3-150x150.jpg"},"medium_large":{"file":"\u95e8\u677f-3-768x576.jpg","width":768,"height":576,"mime-type":"image\/jpeg","filesize":63874,"url":"https:\/\/www.delirollforming.com\/wp-content\/uploads\/2023\/10\/\u95e8\u677f-3-768x576.jpg"},"book-image":{"file":"\u95e8\u677f-3-480x640.jpg","width":480,"height":640,"mime-type":"image\/jpeg","filesize":41520,"url":"https:\/\/www.delirollforming.com\/wp-content\/uploads\/2023\/10\/\u95e8\u677f-3-480x640.jpg"}},"image_meta":{"aperture":"0","credit":"","camera":"","caption":"","created_timestamp":"0","copyright":"","focal_length":"0","iso":"0","shutter_speed":"0","title":"","orientation":"0","keywords":[]},"ID":"3702","name":"\u95e8\u677f-3.jpg","path":"\/www\/wwwroot\/www.delirollforming.com\/wp-content\/uploads\/2023\/10\/\u95e8\u677f-3.jpg","url":"https:\/\/www.delirollforming.com\/wp-content\/uploads\/2023\/10\/\u95e8\u677f-3-150x150.jpg","full_url":"https:\/\/www.delirollforming.com\/wp-content\/uploads\/2023\/10\/\u95e8\u677f-3.jpg","title":"\u95e8\u677f (3)","caption":"","description":"","alt":"","srcset":false},{"width":150,"height":150,"file":"2023\/10\/\u95e8\u677f-2.jpg","filesize":391167,"sizes":{"medium":{"file":"\u95e8\u677f-2-300x225.jpg","width":300,"height":225,"mime-type":"image\/jpeg","filesize":16988,"url":"https:\/\/www.delirollforming.com\/wp-content\/uploads\/2023\/10\/\u95e8\u677f-2-300x225.jpg"},"large":{"file":"\u95e8\u677f-2-1024x768.jpg","width":1024,"height":768,"mime-type":"image\/jpeg","filesize":109865,"url":"https:\/\/www.delirollforming.com\/wp-content\/uploads\/2023\/10\/\u95e8\u677f-2-1024x768.jpg"},"thumbnail":{"file":"\u95e8\u677f-2-150x150.jpg","width":150,"height":150,"mime-type":"image\/jpeg","filesize":6993,"url":"https:\/\/www.delirollforming.com\/wp-content\/uploads\/2023\/10\/\u95e8\u677f-2-150x150.jpg"},"medium_large":{"file":"\u95e8\u677f-2-768x576.jpg","width":768,"height":576,"mime-type":"image\/jpeg","filesize":70928,"url":"https:\/\/www.delirollforming.com\/wp-content\/uploads\/2023\/10\/\u95e8\u677f-2-768x576.jpg"},"book-image":{"file":"\u95e8\u677f-2-480x640.jpg","width":480,"height":640,"mime-type":"image\/jpeg","filesize":43388,"url":"https:\/\/www.delirollforming.com\/wp-content\/uploads\/2023\/10\/\u95e8\u677f-2-480x640.jpg"}},"image_meta":{"aperture":"0","credit":"","camera":"","caption":"","created_timestamp":"0","copyright":"","focal_length":"0","iso":"0","shutter_speed":"0","title":"","orientation":"0","keywords":[]},"ID":"3734","name":"\u95e8\u677f-2.jpg","path":"\/www\/wwwroot\/www.delirollforming.com\/wp-content\/uploads\/2023\/10\/\u95e8\u677f-2.jpg","url":"https:\/\/www.delirollforming.com\/wp-content\/uploads\/2023\/10\/\u95e8\u677f-2-150x150.jpg","full_url":"https:\/\/www.delirollforming.com\/wp-content\/uploads\/2023\/10\/\u95e8\u677f-2.jpg","title":"\u95e8\u677f (2)","caption":"","description":"","alt":"","srcset":false}],"parameters":[{"propertyName":"Material","propertyValue":"CR acero"},{"propertyName":"Profile Size","propertyValue":"200\/400\/600\/800*24mm (Personalizable)"},{"propertyName":"Material Thickness","propertyValue":"0.6-1.0mm"},{"propertyName":"Profile Accuracy","propertyValue":"\u00b10.3mm"},{"propertyName":"Forming Rollers","propertyValue":"20"},{"propertyName":"Width Adjustable","propertyValue":"S\u00ed"},{"propertyName":"Running Speed","propertyValue":"4-6m\/min"},{"propertyName":"Height Adjustable","propertyValue":"No"}],"background":{"width":150,"height":150,"file":"2023\/04\/6978355.png","filesize":1643212,"sizes":{"medium":{"file":"6978355-300x156.png","width":300,"height":156,"mime-type":"image\/png","filesize":112561,"url":"https:\/\/www.delirollforming.com\/wp-content\/uploads\/2023\/04\/6978355-300x156.png"},"large":{"file":"6978355-1024x533.png","width":1024,"height":533,"mime-type":"image\/png","filesize":1259588,"url":"https:\/\/www.delirollforming.com\/wp-content\/uploads\/2023\/04\/6978355-1024x533.png"},"thumbnail":{"file":"6978355-150x150.png","width":150,"height":150,"mime-type":"image\/png","filesize":55589,"url":"https:\/\/www.delirollforming.com\/wp-content\/uploads\/2023\/04\/6978355-150x150.png"},"medium_large":{"file":"6978355-768x400.png","width":768,"height":400,"mime-type":"image\/png","filesize":723593,"url":"https:\/\/www.delirollforming.com\/wp-content\/uploads\/2023\/04\/6978355-768x400.png"},"1536x1536":{"file":"6978355-1536x800.png","width":1536,"height":800,"mime-type":"image\/png","filesize":2601526,"url":"https:\/\/www.delirollforming.com\/wp-content\/uploads\/2023\/04\/6978355-1536x800.png"},"book-image":{"file":"6978355-480x640.png","width":480,"height":640,"mime-type":"image\/png","filesize":725056,"url":"https:\/\/www.delirollforming.com\/wp-content\/uploads\/2023\/04\/6978355-480x640.png"}},"image_meta":{"aperture":"0","credit":"","camera":"","caption":"","created_timestamp":"0","copyright":"","focal_length":"0","iso":"0","shutter_speed":"0","title":"","orientation":"0","keywords":[]},"ID":"2605","name":"6978355.png","path":"\/www\/wwwroot\/www.delirollforming.com\/wp-content\/uploads\/2023\/04\/6978355.png","url":"https:\/\/www.delirollforming.com\/wp-content\/uploads\/2023\/04\/6978355-150x150.png","full_url":"https:\/\/www.delirollforming.com\/wp-content\/uploads\/2023\/04\/6978355.png","title":"6978355","caption":"","description":"","alt":"","srcset":false},"showInHome":"0"},"_links":{"self":[{"href":"https:\/\/www.delirollforming.com\/es\/wp-json\/wp\/v2\/product\/5670","targetHints":{"allow":["GET"]}}],"collection":[{"href":"https:\/\/www.delirollforming.com\/es\/wp-json\/wp\/v2\/product"}],"about":[{"href":"https:\/\/www.delirollforming.com\/es\/wp-json\/wp\/v2\/types\/product"}],"wp:featuredmedia":[{"embeddable":true,"href":"https:\/\/www.delirollforming.com\/es\/wp-json\/wp\/v2\/media\/5031"}],"wp:attachment":[{"href":"https:\/\/www.delirollforming.com\/es\/wp-json\/wp\/v2\/media?parent=5670"}],"wp:term":[{"taxonomy":"product-type","embeddable":true,"href":"https:\/\/www.delirollforming.com\/es\/wp-json\/wp\/v2\/product-type?post=5670"}],"curies":[{"name":"wp","href":"https:\/\/api.w.org\/{rel}","templated":true}]}}