{"id":5666,"date":"2023-10-15T21:09:25","date_gmt":"2023-10-15T13:09:25","guid":{"rendered":"https:\/\/www.delirollforming.com\/product\/compact-shelving-hanging-panel-production-line\/"},"modified":"2024-04-02T11:06:30","modified_gmt":"2024-04-02T03:06:30","slug":"shelving-hanging-panel-line","status":"publish","type":"product","link":"https:\/\/www.delirollforming.com\/es\/product\/shelving-hanging-panel-line\/","title":{"rendered":"L\u00ednea de producci\u00f3n de paneles colgantes para estanter\u00edas compactas"},"content":{"rendered":"\n<figure class=\"wp-block-video\"><video height=\"720\" style=\"aspect-ratio: 1280 \/ 720;\" width=\"1280\" controls src=\"https:\/\/www.delirollforming.com\/wp-content\/uploads\/2023\/10\/\u6302\u677f-\u82f1\u6587.mp4\"><\/video><\/figure>\n\n\n<h3 style=\"margin-top: 3rem; background-color: #eee; border: 1px #ddd solid; padding: 0.5rem 1rem;\"><span style=\"font-family: arial, helvetica, sans-serif; font-size: 18pt;\">Caracter\u00edsticas<\/span><\/h3>\n<p><span style=\"font-family: arial, helvetica, sans-serif; font-size: 14pt;\">1. El manejo de la m\u00e1quina es f\u00e1cil y c\u00f3modo.<\/span><\/p>\n<p style=\"text-align: justify;\"><span style=\"font-family: arial, helvetica, sans-serif; font-size: 14pt;\">2. Alta eficiencia de producci\u00f3n &#8211; punzonado, perfilado y corte se pueden completar a la vez.<\/span><\/p>\n<p><span style=\"font-family: arial, helvetica, sans-serif; font-size: 14pt;\">3. Ampliamente utilizado en la industria de procesamiento de paneles de metal.<br \/><\/span><\/p>\n<h3 style=\"margin-top: 3rem; background-color: #eee; border: 1px #ddd solid; padding: 0.5rem 1rem;\"><span style=\"font-family: arial, helvetica, sans-serif; font-size: 18pt;\">Proceso De Producci\u00f3n<\/span><\/h3>\n<p><span style=\"color: #000000; font-family: arial, helvetica, sans-serif; font-size: 14pt;\">\u00a0 \u00a0Desenrollado \u2014 Nivelado \u2014 Prepunzonado \u2014 Formando \u2014 Corte \u2014 Descarga<\/span><\/p>\n<h3 style=\"margin-top: 3rem; background-color: #eee; border: 1px #ddd solid; padding: 0.5rem 1rem;\"><span style=\"font-family: arial, helvetica, sans-serif; font-size: 18pt;\">Detalle Del Producto<\/span><\/h3>\n\n\n<div class=\"wp-block-columns is-layout-flex wp-container-core-columns-is-layout-9d6595d7 wp-block-columns-is-layout-flex\">\n<div class=\"wp-block-column is-layout-flow wp-block-column-is-layout-flow\">\n<figure class=\"wp-block-image size-large\"><img loading=\"lazy\" decoding=\"async\" width=\"1024\" height=\"768\" src=\"https:\/\/www.delirollforming.com\/wp-content\/uploads\/2023\/10\/\u6302\u677f-5-1024x768.jpg\" alt=\"\" class=\"wp-image-3746\" srcset=\"https:\/\/www.delirollforming.com\/wp-content\/uploads\/2023\/10\/\u6302\u677f-5-1024x768.jpg 1024w, https:\/\/www.delirollforming.com\/wp-content\/uploads\/2023\/10\/\u6302\u677f-5-300x225.jpg 300w, https:\/\/www.delirollforming.com\/wp-content\/uploads\/2023\/10\/\u6302\u677f-5-768x576.jpg 768w, https:\/\/www.delirollforming.com\/wp-content\/uploads\/2023\/10\/\u6302\u677f-5.jpg 1200w\" sizes=\"auto, (max-width: 1024px) 100vw, 1024px\" \/><\/figure>\n<\/div>\n\n\n\n<div class=\"wp-block-column is-layout-flow wp-block-column-is-layout-flow\">\n<figure class=\"wp-block-image size-large\"><img loading=\"lazy\" decoding=\"async\" width=\"1024\" height=\"768\" src=\"https:\/\/www.delirollforming.com\/wp-content\/uploads\/2023\/10\/\u6302\u677f-6-1024x768.jpg\" alt=\"\" class=\"wp-image-3738\" srcset=\"https:\/\/www.delirollforming.com\/wp-content\/uploads\/2023\/10\/\u6302\u677f-6-1024x768.jpg 1024w, https:\/\/www.delirollforming.com\/wp-content\/uploads\/2023\/10\/\u6302\u677f-6-300x225.jpg 300w, https:\/\/www.delirollforming.com\/wp-content\/uploads\/2023\/10\/\u6302\u677f-6-768x576.jpg 768w, https:\/\/www.delirollforming.com\/wp-content\/uploads\/2023\/10\/\u6302\u677f-6.jpg 1200w\" sizes=\"auto, (max-width: 1024px) 100vw, 1024px\" \/><\/figure>\n<\/div>\n<\/div>\n","protected":false},"excerpt":{"rendered":"<p>Caracter\u00edsticas 1. El manejo de la m\u00e1quina es f\u00e1cil y c\u00f3modo. 2. Alta eficiencia de producci\u00f3n &#8211; punzonado, perfilado y corte se pueden completar a la vez. 3. Ampliamente utilizado en la industria de procesamiento de paneles de metal. Proceso De Producci\u00f3n \u00a0 \u00a0Desenrollado \u2014 Nivelado \u2014 Prepunzonado \u2014 Formando \u2014 Corte \u2014 Descarga Detalle [&hellip;]<\/p>\n","protected":false},"featured_media":5211,"template":"","product-type":[124],"class_list":["post-5666","product","type-product","status-publish","has-post-thumbnail","hentry","product-type-locker-cabinet-furniture-es"],"uagb_featured_image_src":{"full":["https:\/\/www.delirollforming.com\/wp-content\/uploads\/2023\/10\/\u5bc6\u96c6\u67b6\u6302\u677fCompact-Shelf-Hang-Beam-1.jpg",2048,1152,false],"thumbnail":["https:\/\/www.delirollforming.com\/wp-content\/uploads\/2023\/10\/\u5bc6\u96c6\u67b6\u6302\u677fCompact-Shelf-Hang-Beam-1-150x150.jpg",150,150,true],"medium":["https:\/\/www.delirollforming.com\/wp-content\/uploads\/2023\/10\/\u5bc6\u96c6\u67b6\u6302\u677fCompact-Shelf-Hang-Beam-1-300x169.jpg",300,169,true],"medium_large":["https:\/\/www.delirollforming.com\/wp-content\/uploads\/2023\/10\/\u5bc6\u96c6\u67b6\u6302\u677fCompact-Shelf-Hang-Beam-1-768x432.jpg",768,432,true],"large":["https:\/\/www.delirollforming.com\/wp-content\/uploads\/2023\/10\/\u5bc6\u96c6\u67b6\u6302\u677fCompact-Shelf-Hang-Beam-1-1024x576.jpg",1024,576,true],"1536x1536":["https:\/\/www.delirollforming.com\/wp-content\/uploads\/2023\/10\/\u5bc6\u96c6\u67b6\u6302\u677fCompact-Shelf-Hang-Beam-1-1536x864.jpg",1536,864,true],"2048x2048":["https:\/\/www.delirollforming.com\/wp-content\/uploads\/2023\/10\/\u5bc6\u96c6\u67b6\u6302\u677fCompact-Shelf-Hang-Beam-1.jpg",2048,1152,false],"book-image":["https:\/\/www.delirollforming.com\/wp-content\/uploads\/2023\/10\/\u5bc6\u96c6\u67b6\u6302\u677fCompact-Shelf-Hang-Beam-1-480x640.jpg",480,640,true]},"uagb_author_info":{"display_name":"deli","author_link":"https:\/\/www.delirollforming.com\/es\/author\/"},"uagb_comment_info":0,"uagb_excerpt":"Caracter\u00edsticas 1. El manejo de la m\u00e1quina es f\u00e1cil y c\u00f3modo. 2. Alta eficiencia de producci\u00f3n &#8211; punzonado, perfilado y corte se pueden completar a la vez. 3. Ampliamente utilizado en la industria de procesamiento de paneles de metal. Proceso De Producci\u00f3n \u00a0 \u00a0Desenrollado \u2014 Nivelado \u2014 Prepunzonado \u2014 Formando \u2014 Corte \u2014 Descarga Detalle&hellip;","meta_box":{"photos":[{"width":150,"height":150,"file":"2023\/10\/\u6302\u677f-7.jpg","filesize":291064,"sizes":{"medium":{"file":"\u6302\u677f-7-300x225.jpg","width":300,"height":225,"mime-type":"image\/jpeg","filesize":12890,"url":"https:\/\/www.delirollforming.com\/wp-content\/uploads\/2023\/10\/\u6302\u677f-7-300x225.jpg"},"large":{"file":"\u6302\u677f-7-1024x768.jpg","width":1024,"height":768,"mime-type":"image\/jpeg","filesize":85330,"url":"https:\/\/www.delirollforming.com\/wp-content\/uploads\/2023\/10\/\u6302\u677f-7-1024x768.jpg"},"thumbnail":{"file":"\u6302\u677f-7-150x150.jpg","width":150,"height":150,"mime-type":"image\/jpeg","filesize":5685,"url":"https:\/\/www.delirollforming.com\/wp-content\/uploads\/2023\/10\/\u6302\u677f-7-150x150.jpg"},"medium_large":{"file":"\u6302\u677f-7-768x576.jpg","width":768,"height":576,"mime-type":"image\/jpeg","filesize":55331,"url":"https:\/\/www.delirollforming.com\/wp-content\/uploads\/2023\/10\/\u6302\u677f-7-768x576.jpg"},"book-image":{"file":"\u6302\u677f-7-480x640.jpg","width":480,"height":640,"mime-type":"image\/jpeg","filesize":41698,"url":"https:\/\/www.delirollforming.com\/wp-content\/uploads\/2023\/10\/\u6302\u677f-7-480x640.jpg"}},"image_meta":{"aperture":"0","credit":"","camera":"","caption":"","created_timestamp":"0","copyright":"","focal_length":"0","iso":"0","shutter_speed":"0","title":"","orientation":"0","keywords":[]},"ID":"3742","name":"\u6302\u677f-7.jpg","path":"\/www\/wwwroot\/www.delirollforming.com\/wp-content\/uploads\/2023\/10\/\u6302\u677f-7.jpg","url":"https:\/\/www.delirollforming.com\/wp-content\/uploads\/2023\/10\/\u6302\u677f-7-150x150.jpg","full_url":"https:\/\/www.delirollforming.com\/wp-content\/uploads\/2023\/10\/\u6302\u677f-7.jpg","title":"\u6302\u677f (7)","caption":"","description":"","alt":"","srcset":false},{"width":150,"height":150,"file":"2023\/10\/\u6302\u677f-1.jpg","filesize":446624,"sizes":{"medium":{"file":"\u6302\u677f-1-300x225.jpg","width":300,"height":225,"mime-type":"image\/jpeg","filesize":20464,"url":"https:\/\/www.delirollforming.com\/wp-content\/uploads\/2023\/10\/\u6302\u677f-1-300x225.jpg"},"large":{"file":"\u6302\u677f-1-1024x768.jpg","width":1024,"height":768,"mime-type":"image\/jpeg","filesize":131488,"url":"https:\/\/www.delirollforming.com\/wp-content\/uploads\/2023\/10\/\u6302\u677f-1-1024x768.jpg"},"thumbnail":{"file":"\u6302\u677f-1-150x150.jpg","width":150,"height":150,"mime-type":"image\/jpeg","filesize":8386,"url":"https:\/\/www.delirollforming.com\/wp-content\/uploads\/2023\/10\/\u6302\u677f-1-150x150.jpg"},"medium_large":{"file":"\u6302\u677f-1-768x576.jpg","width":768,"height":576,"mime-type":"image\/jpeg","filesize":85649,"url":"https:\/\/www.delirollforming.com\/wp-content\/uploads\/2023\/10\/\u6302\u677f-1-768x576.jpg"},"book-image":{"file":"\u6302\u677f-1-480x640.jpg","width":480,"height":640,"mime-type":"image\/jpeg","filesize":56051,"url":"https:\/\/www.delirollforming.com\/wp-content\/uploads\/2023\/10\/\u6302\u677f-1-480x640.jpg"}},"image_meta":{"aperture":"0","credit":"","camera":"","caption":"","created_timestamp":"0","copyright":"","focal_length":"0","iso":"0","shutter_speed":"0","title":"","orientation":"0","keywords":[]},"ID":"3762","name":"\u6302\u677f-1.jpg","path":"\/www\/wwwroot\/www.delirollforming.com\/wp-content\/uploads\/2023\/10\/\u6302\u677f-1.jpg","url":"https:\/\/www.delirollforming.com\/wp-content\/uploads\/2023\/10\/\u6302\u677f-1-150x150.jpg","full_url":"https:\/\/www.delirollforming.com\/wp-content\/uploads\/2023\/10\/\u6302\u677f-1.jpg","title":"\u6302\u677f (1)","caption":"","description":"","alt":"","srcset":false},{"width":150,"height":150,"file":"2023\/10\/\u6302\u677f-4.jpg","filesize":558732,"sizes":{"medium":{"file":"\u6302\u677f-4-300x225.jpg","width":300,"height":225,"mime-type":"image\/jpeg","filesize":22310,"url":"https:\/\/www.delirollforming.com\/wp-content\/uploads\/2023\/10\/\u6302\u677f-4-300x225.jpg"},"large":{"file":"\u6302\u677f-4-1024x768.jpg","width":1024,"height":768,"mime-type":"image\/jpeg","filesize":154775,"url":"https:\/\/www.delirollforming.com\/wp-content\/uploads\/2023\/10\/\u6302\u677f-4-1024x768.jpg"},"thumbnail":{"file":"\u6302\u677f-4-150x150.jpg","width":150,"height":150,"mime-type":"image\/jpeg","filesize":8789,"url":"https:\/\/www.delirollforming.com\/wp-content\/uploads\/2023\/10\/\u6302\u677f-4-150x150.jpg"},"medium_large":{"file":"\u6302\u677f-4-768x576.jpg","width":768,"height":576,"mime-type":"image\/jpeg","filesize":98548,"url":"https:\/\/www.delirollforming.com\/wp-content\/uploads\/2023\/10\/\u6302\u677f-4-768x576.jpg"},"book-image":{"file":"\u6302\u677f-4-480x640.jpg","width":480,"height":640,"mime-type":"image\/jpeg","filesize":66886,"url":"https:\/\/www.delirollforming.com\/wp-content\/uploads\/2023\/10\/\u6302\u677f-4-480x640.jpg"}},"image_meta":{"aperture":"0","credit":"","camera":"","caption":"","created_timestamp":"0","copyright":"","focal_length":"0","iso":"0","shutter_speed":"0","title":"","orientation":"0","keywords":[]},"ID":"3750","name":"\u6302\u677f-4.jpg","path":"\/www\/wwwroot\/www.delirollforming.com\/wp-content\/uploads\/2023\/10\/\u6302\u677f-4.jpg","url":"https:\/\/www.delirollforming.com\/wp-content\/uploads\/2023\/10\/\u6302\u677f-4-150x150.jpg","full_url":"https:\/\/www.delirollforming.com\/wp-content\/uploads\/2023\/10\/\u6302\u677f-4.jpg","title":"\u6302\u677f (4)","caption":"","description":"","alt":"","srcset":false},{"width":150,"height":150,"file":"2023\/10\/\u6302\u677f-2.jpg","filesize":621847,"sizes":{"medium":{"file":"\u6302\u677f-2-300x225.jpg","width":300,"height":225,"mime-type":"image\/jpeg","filesize":22480,"url":"https:\/\/www.delirollforming.com\/wp-content\/uploads\/2023\/10\/\u6302\u677f-2-300x225.jpg"},"large":{"file":"\u6302\u677f-2-1024x768.jpg","width":1024,"height":768,"mime-type":"image\/jpeg","filesize":164629,"url":"https:\/\/www.delirollforming.com\/wp-content\/uploads\/2023\/10\/\u6302\u677f-2-1024x768.jpg"},"thumbnail":{"file":"\u6302\u677f-2-150x150.jpg","width":150,"height":150,"mime-type":"image\/jpeg","filesize":9024,"url":"https:\/\/www.delirollforming.com\/wp-content\/uploads\/2023\/10\/\u6302\u677f-2-150x150.jpg"},"medium_large":{"file":"\u6302\u677f-2-768x576.jpg","width":768,"height":576,"mime-type":"image\/jpeg","filesize":104549,"url":"https:\/\/www.delirollforming.com\/wp-content\/uploads\/2023\/10\/\u6302\u677f-2-768x576.jpg"},"book-image":{"file":"\u6302\u677f-2-480x640.jpg","width":480,"height":640,"mime-type":"image\/jpeg","filesize":73064,"url":"https:\/\/www.delirollforming.com\/wp-content\/uploads\/2023\/10\/\u6302\u677f-2-480x640.jpg"}},"image_meta":{"aperture":"0","credit":"","camera":"","caption":"","created_timestamp":"0","copyright":"","focal_length":"0","iso":"0","shutter_speed":"0","title":"","orientation":"0","keywords":[]},"ID":"3758","name":"\u6302\u677f-2.jpg","path":"\/www\/wwwroot\/www.delirollforming.com\/wp-content\/uploads\/2023\/10\/\u6302\u677f-2.jpg","url":"https:\/\/www.delirollforming.com\/wp-content\/uploads\/2023\/10\/\u6302\u677f-2-150x150.jpg","full_url":"https:\/\/www.delirollforming.com\/wp-content\/uploads\/2023\/10\/\u6302\u677f-2.jpg","title":"\u6302\u677f (2)","caption":"","description":"","alt":"","srcset":false},{"width":150,"height":150,"file":"2023\/10\/\u6302\u677f-3.jpg","filesize":719127,"sizes":{"medium":{"file":"\u6302\u677f-3-300x225.jpg","width":300,"height":225,"mime-type":"image\/jpeg","filesize":26570,"url":"https:\/\/www.delirollforming.com\/wp-content\/uploads\/2023\/10\/\u6302\u677f-3-300x225.jpg"},"large":{"file":"\u6302\u677f-3-1024x768.jpg","width":1024,"height":768,"mime-type":"image\/jpeg","filesize":192169,"url":"https:\/\/www.delirollforming.com\/wp-content\/uploads\/2023\/10\/\u6302\u677f-3-1024x768.jpg"},"thumbnail":{"file":"\u6302\u677f-3-150x150.jpg","width":150,"height":150,"mime-type":"image\/jpeg","filesize":10473,"url":"https:\/\/www.delirollforming.com\/wp-content\/uploads\/2023\/10\/\u6302\u677f-3-150x150.jpg"},"medium_large":{"file":"\u6302\u677f-3-768x576.jpg","width":768,"height":576,"mime-type":"image\/jpeg","filesize":122056,"url":"https:\/\/www.delirollforming.com\/wp-content\/uploads\/2023\/10\/\u6302\u677f-3-768x576.jpg"},"book-image":{"file":"\u6302\u677f-3-480x640.jpg","width":480,"height":640,"mime-type":"image\/jpeg","filesize":74465,"url":"https:\/\/www.delirollforming.com\/wp-content\/uploads\/2023\/10\/\u6302\u677f-3-480x640.jpg"}},"image_meta":{"aperture":"0","credit":"","camera":"","caption":"","created_timestamp":"0","copyright":"","focal_length":"0","iso":"0","shutter_speed":"0","title":"","orientation":"0","keywords":[]},"ID":"3754","name":"\u6302\u677f-3.jpg","path":"\/www\/wwwroot\/www.delirollforming.com\/wp-content\/uploads\/2023\/10\/\u6302\u677f-3.jpg","url":"https:\/\/www.delirollforming.com\/wp-content\/uploads\/2023\/10\/\u6302\u677f-3-150x150.jpg","full_url":"https:\/\/www.delirollforming.com\/wp-content\/uploads\/2023\/10\/\u6302\u677f-3.jpg","title":"\u6302\u677f (3)","caption":"","description":"","alt":"","srcset":false},{"width":150,"height":150,"file":"2023\/10\/\u6302\u677f-8.jpg","filesize":548207,"sizes":{"medium":{"file":"\u6302\u677f-8-300x225.jpg","width":300,"height":225,"mime-type":"image\/jpeg","filesize":20692,"url":"https:\/\/www.delirollforming.com\/wp-content\/uploads\/2023\/10\/\u6302\u677f-8-300x225.jpg"},"large":{"file":"\u6302\u677f-8-1024x768.jpg","width":1024,"height":768,"mime-type":"image\/jpeg","filesize":149294,"url":"https:\/\/www.delirollforming.com\/wp-content\/uploads\/2023\/10\/\u6302\u677f-8-1024x768.jpg"},"thumbnail":{"file":"\u6302\u677f-8-150x150.jpg","width":150,"height":150,"mime-type":"image\/jpeg","filesize":8801,"url":"https:\/\/www.delirollforming.com\/wp-content\/uploads\/2023\/10\/\u6302\u677f-8-150x150.jpg"},"medium_large":{"file":"\u6302\u677f-8-768x576.jpg","width":768,"height":576,"mime-type":"image\/jpeg","filesize":95165,"url":"https:\/\/www.delirollforming.com\/wp-content\/uploads\/2023\/10\/\u6302\u677f-8-768x576.jpg"},"book-image":{"file":"\u6302\u677f-8-480x640.jpg","width":480,"height":640,"mime-type":"image\/jpeg","filesize":75270,"url":"https:\/\/www.delirollforming.com\/wp-content\/uploads\/2023\/10\/\u6302\u677f-8-480x640.jpg"}},"image_meta":{"aperture":"0","credit":"","camera":"","caption":"","created_timestamp":"0","copyright":"","focal_length":"0","iso":"0","shutter_speed":"0","title":"","orientation":"0","keywords":[]},"ID":"3766","name":"\u6302\u677f-8.jpg","path":"\/www\/wwwroot\/www.delirollforming.com\/wp-content\/uploads\/2023\/10\/\u6302\u677f-8.jpg","url":"https:\/\/www.delirollforming.com\/wp-content\/uploads\/2023\/10\/\u6302\u677f-8-150x150.jpg","full_url":"https:\/\/www.delirollforming.com\/wp-content\/uploads\/2023\/10\/\u6302\u677f-8.jpg","title":"\u6302\u677f (8)","caption":"","description":"","alt":"","srcset":false},{"width":150,"height":150,"file":"2023\/10\/\u6302\u677f-6.jpg","filesize":188939,"sizes":{"medium":{"file":"\u6302\u677f-6-300x225.jpg","width":300,"height":225,"mime-type":"image\/jpeg","filesize":7263,"url":"https:\/\/www.delirollforming.com\/wp-content\/uploads\/2023\/10\/\u6302\u677f-6-300x225.jpg"},"large":{"file":"\u6302\u677f-6-1024x768.jpg","width":1024,"height":768,"mime-type":"image\/jpeg","filesize":50462,"url":"https:\/\/www.delirollforming.com\/wp-content\/uploads\/2023\/10\/\u6302\u677f-6-1024x768.jpg"},"thumbnail":{"file":"\u6302\u677f-6-150x150.jpg","width":150,"height":150,"mime-type":"image\/jpeg","filesize":3717,"url":"https:\/\/www.delirollforming.com\/wp-content\/uploads\/2023\/10\/\u6302\u677f-6-150x150.jpg"},"medium_large":{"file":"\u6302\u677f-6-768x576.jpg","width":768,"height":576,"mime-type":"image\/jpeg","filesize":31288,"url":"https:\/\/www.delirollforming.com\/wp-content\/uploads\/2023\/10\/\u6302\u677f-6-768x576.jpg"},"book-image":{"file":"\u6302\u677f-6-480x640.jpg","width":480,"height":640,"mime-type":"image\/jpeg","filesize":24770,"url":"https:\/\/www.delirollforming.com\/wp-content\/uploads\/2023\/10\/\u6302\u677f-6-480x640.jpg"}},"image_meta":{"aperture":"0","credit":"","camera":"","caption":"","created_timestamp":"0","copyright":"","focal_length":"0","iso":"0","shutter_speed":"0","title":"","orientation":"0","keywords":[]},"ID":"3738","name":"\u6302\u677f-6.jpg","path":"\/www\/wwwroot\/www.delirollforming.com\/wp-content\/uploads\/2023\/10\/\u6302\u677f-6.jpg","url":"https:\/\/www.delirollforming.com\/wp-content\/uploads\/2023\/10\/\u6302\u677f-6-150x150.jpg","full_url":"https:\/\/www.delirollforming.com\/wp-content\/uploads\/2023\/10\/\u6302\u677f-6.jpg","title":"\u6302\u677f (6)","caption":"","description":"","alt":"","srcset":false},{"width":150,"height":150,"file":"2023\/10\/\u6302\u677f-5.jpg","filesize":172089,"sizes":{"medium":{"file":"\u6302\u677f-5-300x225.jpg","width":300,"height":225,"mime-type":"image\/jpeg","filesize":7165,"url":"https:\/\/www.delirollforming.com\/wp-content\/uploads\/2023\/10\/\u6302\u677f-5-300x225.jpg"},"large":{"file":"\u6302\u677f-5-1024x768.jpg","width":1024,"height":768,"mime-type":"image\/jpeg","filesize":45009,"url":"https:\/\/www.delirollforming.com\/wp-content\/uploads\/2023\/10\/\u6302\u677f-5-1024x768.jpg"},"thumbnail":{"file":"\u6302\u677f-5-150x150.jpg","width":150,"height":150,"mime-type":"image\/jpeg","filesize":3630,"url":"https:\/\/www.delirollforming.com\/wp-content\/uploads\/2023\/10\/\u6302\u677f-5-150x150.jpg"},"medium_large":{"file":"\u6302\u677f-5-768x576.jpg","width":768,"height":576,"mime-type":"image\/jpeg","filesize":28489,"url":"https:\/\/www.delirollforming.com\/wp-content\/uploads\/2023\/10\/\u6302\u677f-5-768x576.jpg"},"book-image":{"file":"\u6302\u677f-5-480x640.jpg","width":480,"height":640,"mime-type":"image\/jpeg","filesize":22983,"url":"https:\/\/www.delirollforming.com\/wp-content\/uploads\/2023\/10\/\u6302\u677f-5-480x640.jpg"}},"image_meta":{"aperture":"0","credit":"","camera":"","caption":"","created_timestamp":"0","copyright":"","focal_length":"0","iso":"0","shutter_speed":"0","title":"","orientation":"0","keywords":[]},"ID":"3746","name":"\u6302\u677f-5.jpg","path":"\/www\/wwwroot\/www.delirollforming.com\/wp-content\/uploads\/2023\/10\/\u6302\u677f-5.jpg","url":"https:\/\/www.delirollforming.com\/wp-content\/uploads\/2023\/10\/\u6302\u677f-5-150x150.jpg","full_url":"https:\/\/www.delirollforming.com\/wp-content\/uploads\/2023\/10\/\u6302\u677f-5.jpg","title":"\u6302\u677f (5)","caption":"","description":"","alt":"","srcset":false}],"parameters":[{"propertyName":"Material","propertyValue":"CR acero"},{"propertyName":"Profile Size","propertyValue":"130*12\/80*10mm (Personalizable)"},{"propertyName":"Material Thickness","propertyValue":"0.8-1.2mm"},{"propertyName":"Profile Accuracy","propertyValue":"\u00b10.3mm"},{"propertyName":"Forming Rollers","propertyValue":"6"},{"propertyName":"Width Adjustable","propertyValue":"No"},{"propertyName":"Running Speed","propertyValue":"5-8m\/min"},{"propertyName":"Height Adjustable","propertyValue":"No"}],"background":{"width":150,"height":150,"file":"2023\/04\/6978355.png","filesize":1643212,"sizes":{"medium":{"file":"6978355-300x156.png","width":300,"height":156,"mime-type":"image\/png","filesize":112561,"url":"https:\/\/www.delirollforming.com\/wp-content\/uploads\/2023\/04\/6978355-300x156.png"},"large":{"file":"6978355-1024x533.png","width":1024,"height":533,"mime-type":"image\/png","filesize":1259588,"url":"https:\/\/www.delirollforming.com\/wp-content\/uploads\/2023\/04\/6978355-1024x533.png"},"thumbnail":{"file":"6978355-150x150.png","width":150,"height":150,"mime-type":"image\/png","filesize":55589,"url":"https:\/\/www.delirollforming.com\/wp-content\/uploads\/2023\/04\/6978355-150x150.png"},"medium_large":{"file":"6978355-768x400.png","width":768,"height":400,"mime-type":"image\/png","filesize":723593,"url":"https:\/\/www.delirollforming.com\/wp-content\/uploads\/2023\/04\/6978355-768x400.png"},"1536x1536":{"file":"6978355-1536x800.png","width":1536,"height":800,"mime-type":"image\/png","filesize":2601526,"url":"https:\/\/www.delirollforming.com\/wp-content\/uploads\/2023\/04\/6978355-1536x800.png"},"book-image":{"file":"6978355-480x640.png","width":480,"height":640,"mime-type":"image\/png","filesize":725056,"url":"https:\/\/www.delirollforming.com\/wp-content\/uploads\/2023\/04\/6978355-480x640.png"}},"image_meta":{"aperture":"0","credit":"","camera":"","caption":"","created_timestamp":"0","copyright":"","focal_length":"0","iso":"0","shutter_speed":"0","title":"","orientation":"0","keywords":[]},"ID":"2605","name":"6978355.png","path":"\/www\/wwwroot\/www.delirollforming.com\/wp-content\/uploads\/2023\/04\/6978355.png","url":"https:\/\/www.delirollforming.com\/wp-content\/uploads\/2023\/04\/6978355-150x150.png","full_url":"https:\/\/www.delirollforming.com\/wp-content\/uploads\/2023\/04\/6978355.png","title":"6978355","caption":"","description":"","alt":"","srcset":false},"showInHome":"0"},"_links":{"self":[{"href":"https:\/\/www.delirollforming.com\/es\/wp-json\/wp\/v2\/product\/5666","targetHints":{"allow":["GET"]}}],"collection":[{"href":"https:\/\/www.delirollforming.com\/es\/wp-json\/wp\/v2\/product"}],"about":[{"href":"https:\/\/www.delirollforming.com\/es\/wp-json\/wp\/v2\/types\/product"}],"wp:featuredmedia":[{"embeddable":true,"href":"https:\/\/www.delirollforming.com\/es\/wp-json\/wp\/v2\/media\/5211"}],"wp:attachment":[{"href":"https:\/\/www.delirollforming.com\/es\/wp-json\/wp\/v2\/media?parent=5666"}],"wp:term":[{"taxonomy":"product-type","embeddable":true,"href":"https:\/\/www.delirollforming.com\/es\/wp-json\/wp\/v2\/product-type?post=5666"}],"curies":[{"name":"wp","href":"https:\/\/api.w.org\/{rel}","templated":true}]}}