{"id":5656,"date":"2023-10-18T11:24:12","date_gmt":"2023-10-18T03:24:12","guid":{"rendered":"https:\/\/www.delirollforming.com\/product\/stainless-steel-storage-rack-shelf-upright-production-line\/"},"modified":"2024-04-02T11:26:10","modified_gmt":"2024-04-02T03:26:10","slug":"storage-rack-shelf-upright-line","status":"publish","type":"product","link":"https:\/\/www.delirollforming.com\/es\/product\/storage-rack-shelf-upright-line\/","title":{"rendered":"L\u00ednea de producci\u00f3n de estanter\u00edas verticales ranuradas de acero inoxidable"},"content":{"rendered":"\n<figure class=\"wp-block-video\"><video height=\"720\" style=\"aspect-ratio: 1280 \/ 720;\" width=\"1280\" controls src=\"https:\/\/www.delirollforming.com\/wp-content\/uploads\/2023\/10\/\u7f6e\u7269\u67b6\u7acb\u67f1-\u4e2d\u82f1-720P.mp4\"><\/video><\/figure>\n\n\n<h3 style=\"margin-top: 3rem; background-color: #eee; border: 1px #ddd solid; padding: 0.5rem 1rem;\"><span style=\"font-family: arial, helvetica, sans-serif; font-size: 18pt;\">Caracter\u00edsticas<\/span><\/h3>\n<p><span style=\"font-family: arial, helvetica, sans-serif; font-size: 14pt;\">1. El manejo de la m\u00e1quina es f\u00e1cil y c\u00f3modo.<\/span><\/p>\n<p><span style=\"font-family: arial, helvetica, sans-serif; font-size: 14pt;\">2. Alta eficiencia de producci\u00f3n &#8211; punzonado, perfilado y corte se pueden completar a la vez.<\/span><\/p>\n<p><span style=\"font-family: arial, helvetica, sans-serif; font-size: 14pt;\">3. Ampliamente utilizado en la industria del mueble de acero.<\/span><\/p>\n<h3 style=\"margin-top: 3rem; background-color: #eee; border: 1px #ddd solid; padding: 0.5rem 1rem;\"><span style=\"font-family: arial, helvetica, sans-serif; font-size: 18pt;\">Proceso De Producci\u00f3n<\/span><\/h3>\n<p><span style=\"color: #000000; font-family: arial, helvetica, sans-serif; font-size: 14pt;\">\u00a0 \u00a0Desenrollado \u2014 Nivelado \u2014 Prepunzonado \u2014 Formando \u2014 Corte \u2014 Descarga<\/span><\/p>\n<h3 style=\"margin-top: 3rem; background-color: #eee; border: 1px #ddd solid; padding: 0.5rem 1rem;\"><span style=\"font-family: arial, helvetica, sans-serif; font-size: 18pt;\">Aplicaci\u00f3n Del Producto<\/span><\/h3>\n\n\n<div class=\"wp-block-columns is-layout-flex wp-container-core-columns-is-layout-9d6595d7 wp-block-columns-is-layout-flex\">\n<div class=\"wp-block-column is-layout-flow wp-block-column-is-layout-flow\">\n<figure class=\"wp-block-image size-large\"><img loading=\"lazy\" decoding=\"async\" width=\"1024\" height=\"615\" src=\"https:\/\/www.delirollforming.com\/wp-content\/uploads\/2023\/10\/\u67b6-1024x615.png\" alt=\"\" class=\"wp-image-4353\" srcset=\"https:\/\/www.delirollforming.com\/wp-content\/uploads\/2023\/10\/\u67b6-1024x615.png 1024w, https:\/\/www.delirollforming.com\/wp-content\/uploads\/2023\/10\/\u67b6-300x180.png 300w, https:\/\/www.delirollforming.com\/wp-content\/uploads\/2023\/10\/\u67b6-768x461.png 768w, https:\/\/www.delirollforming.com\/wp-content\/uploads\/2023\/10\/\u67b6.png 1200w\" sizes=\"auto, (max-width: 1024px) 100vw, 1024px\" \/><\/figure>\n<\/div>\n<\/div>\n","protected":false},"excerpt":{"rendered":"<p>Caracter\u00edsticas 1. El manejo de la m\u00e1quina es f\u00e1cil y c\u00f3modo. 2. Alta eficiencia de producci\u00f3n &#8211; punzonado, perfilado y corte se pueden completar a la vez. 3. Ampliamente utilizado en la industria del mueble de acero. Proceso De Producci\u00f3n \u00a0 \u00a0Desenrollado \u2014 Nivelado \u2014 Prepunzonado \u2014 Formando \u2014 Corte \u2014 Descarga Aplicaci\u00f3n Del Producto<\/p>\n","protected":false},"featured_media":4995,"template":"","product-type":[127],"class_list":["post-5656","product","type-product","status-publish","has-post-thumbnail","hentry","product-type-construccion"],"uagb_featured_image_src":{"full":["https:\/\/www.delirollforming.com\/wp-content\/uploads\/2023\/10\/\u4e0d\u9508\u94a2\u7f6e\u7269\u67b6\u7acb\u67f1Stainless-steel-slotted-shelf-upright-1.jpg",2048,1152,false],"thumbnail":["https:\/\/www.delirollforming.com\/wp-content\/uploads\/2023\/10\/\u4e0d\u9508\u94a2\u7f6e\u7269\u67b6\u7acb\u67f1Stainless-steel-slotted-shelf-upright-1-150x150.jpg",150,150,true],"medium":["https:\/\/www.delirollforming.com\/wp-content\/uploads\/2023\/10\/\u4e0d\u9508\u94a2\u7f6e\u7269\u67b6\u7acb\u67f1Stainless-steel-slotted-shelf-upright-1-300x169.jpg",300,169,true],"medium_large":["https:\/\/www.delirollforming.com\/wp-content\/uploads\/2023\/10\/\u4e0d\u9508\u94a2\u7f6e\u7269\u67b6\u7acb\u67f1Stainless-steel-slotted-shelf-upright-1-768x432.jpg",768,432,true],"large":["https:\/\/www.delirollforming.com\/wp-content\/uploads\/2023\/10\/\u4e0d\u9508\u94a2\u7f6e\u7269\u67b6\u7acb\u67f1Stainless-steel-slotted-shelf-upright-1-1024x576.jpg",1024,576,true],"1536x1536":["https:\/\/www.delirollforming.com\/wp-content\/uploads\/2023\/10\/\u4e0d\u9508\u94a2\u7f6e\u7269\u67b6\u7acb\u67f1Stainless-steel-slotted-shelf-upright-1-1536x864.jpg",1536,864,true],"2048x2048":["https:\/\/www.delirollforming.com\/wp-content\/uploads\/2023\/10\/\u4e0d\u9508\u94a2\u7f6e\u7269\u67b6\u7acb\u67f1Stainless-steel-slotted-shelf-upright-1.jpg",2048,1152,false],"book-image":["https:\/\/www.delirollforming.com\/wp-content\/uploads\/2023\/10\/\u4e0d\u9508\u94a2\u7f6e\u7269\u67b6\u7acb\u67f1Stainless-steel-slotted-shelf-upright-1-480x640.jpg",480,640,true]},"uagb_author_info":{"display_name":"deli","author_link":"https:\/\/www.delirollforming.com\/es\/author\/"},"uagb_comment_info":0,"uagb_excerpt":"Caracter\u00edsticas 1. El manejo de la m\u00e1quina es f\u00e1cil y c\u00f3modo. 2. Alta eficiencia de producci\u00f3n &#8211; punzonado, perfilado y corte se pueden completar a la vez. 3. Ampliamente utilizado en la industria del mueble de acero. Proceso De Producci\u00f3n \u00a0 \u00a0Desenrollado \u2014 Nivelado \u2014 Prepunzonado \u2014 Formando \u2014 Corte \u2014 Descarga Aplicaci\u00f3n Del Producto","meta_box":{"photos":[{"width":150,"height":150,"file":"2023\/10\/\u7f6e\u7269\u67b6\u7acb\u67f1-8.jpg","filesize":693784,"sizes":{"medium":{"file":"\u7f6e\u7269\u67b6\u7acb\u67f1-8-300x225.jpg","width":300,"height":225,"mime-type":"image\/jpeg","filesize":27118,"url":"https:\/\/www.delirollforming.com\/wp-content\/uploads\/2023\/10\/\u7f6e\u7269\u67b6\u7acb\u67f1-8-300x225.jpg"},"large":{"file":"\u7f6e\u7269\u67b6\u7acb\u67f1-8-1024x768.jpg","width":1024,"height":768,"mime-type":"image\/jpeg","filesize":210198,"url":"https:\/\/www.delirollforming.com\/wp-content\/uploads\/2023\/10\/\u7f6e\u7269\u67b6\u7acb\u67f1-8-1024x768.jpg"},"thumbnail":{"file":"\u7f6e\u7269\u67b6\u7acb\u67f1-8-150x150.jpg","width":150,"height":150,"mime-type":"image\/jpeg","filesize":10574,"url":"https:\/\/www.delirollforming.com\/wp-content\/uploads\/2023\/10\/\u7f6e\u7269\u67b6\u7acb\u67f1-8-150x150.jpg"},"medium_large":{"file":"\u7f6e\u7269\u67b6\u7acb\u67f1-8-768x576.jpg","width":768,"height":576,"mime-type":"image\/jpeg","filesize":132778,"url":"https:\/\/www.delirollforming.com\/wp-content\/uploads\/2023\/10\/\u7f6e\u7269\u67b6\u7acb\u67f1-8-768x576.jpg"},"book-image":{"file":"\u7f6e\u7269\u67b6\u7acb\u67f1-8-480x640.jpg","width":480,"height":640,"mime-type":"image\/jpeg","filesize":89937,"url":"https:\/\/www.delirollforming.com\/wp-content\/uploads\/2023\/10\/\u7f6e\u7269\u67b6\u7acb\u67f1-8-480x640.jpg"}},"image_meta":{"aperture":"0","credit":"","camera":"","caption":"","created_timestamp":"0","copyright":"","focal_length":"0","iso":"0","shutter_speed":"0","title":"","orientation":"0","keywords":[]},"ID":"3902","name":"\u7f6e\u7269\u67b6\u7acb\u67f1-8.jpg","path":"\/www\/wwwroot\/www.delirollforming.com\/wp-content\/uploads\/2023\/10\/\u7f6e\u7269\u67b6\u7acb\u67f1-8.jpg","url":"https:\/\/www.delirollforming.com\/wp-content\/uploads\/2023\/10\/\u7f6e\u7269\u67b6\u7acb\u67f1-8-150x150.jpg","full_url":"https:\/\/www.delirollforming.com\/wp-content\/uploads\/2023\/10\/\u7f6e\u7269\u67b6\u7acb\u67f1-8.jpg","title":"\u7f6e\u7269\u67b6\u7acb\u67f1 (8)","caption":"","description":"","alt":"","srcset":false},{"width":150,"height":150,"file":"2023\/10\/\u7f6e\u7269\u67b6\u7acb\u67f1-7.jpg","filesize":629223,"sizes":{"medium":{"file":"\u7f6e\u7269\u67b6\u7acb\u67f1-7-300x225.jpg","width":300,"height":225,"mime-type":"image\/jpeg","filesize":23953,"url":"https:\/\/www.delirollforming.com\/wp-content\/uploads\/2023\/10\/\u7f6e\u7269\u67b6\u7acb\u67f1-7-300x225.jpg"},"large":{"file":"\u7f6e\u7269\u67b6\u7acb\u67f1-7-1024x768.jpg","width":1024,"height":768,"mime-type":"image\/jpeg","filesize":194306,"url":"https:\/\/www.delirollforming.com\/wp-content\/uploads\/2023\/10\/\u7f6e\u7269\u67b6\u7acb\u67f1-7-1024x768.jpg"},"thumbnail":{"file":"\u7f6e\u7269\u67b6\u7acb\u67f1-7-150x150.jpg","width":150,"height":150,"mime-type":"image\/jpeg","filesize":8983,"url":"https:\/\/www.delirollforming.com\/wp-content\/uploads\/2023\/10\/\u7f6e\u7269\u67b6\u7acb\u67f1-7-150x150.jpg"},"medium_large":{"file":"\u7f6e\u7269\u67b6\u7acb\u67f1-7-768x576.jpg","width":768,"height":576,"mime-type":"image\/jpeg","filesize":121463,"url":"https:\/\/www.delirollforming.com\/wp-content\/uploads\/2023\/10\/\u7f6e\u7269\u67b6\u7acb\u67f1-7-768x576.jpg"},"book-image":{"file":"\u7f6e\u7269\u67b6\u7acb\u67f1-7-480x640.jpg","width":480,"height":640,"mime-type":"image\/jpeg","filesize":81168,"url":"https:\/\/www.delirollforming.com\/wp-content\/uploads\/2023\/10\/\u7f6e\u7269\u67b6\u7acb\u67f1-7-480x640.jpg"}},"image_meta":{"aperture":"0","credit":"","camera":"","caption":"","created_timestamp":"0","copyright":"","focal_length":"0","iso":"0","shutter_speed":"0","title":"","orientation":"0","keywords":[]},"ID":"3898","name":"\u7f6e\u7269\u67b6\u7acb\u67f1-7.jpg","path":"\/www\/wwwroot\/www.delirollforming.com\/wp-content\/uploads\/2023\/10\/\u7f6e\u7269\u67b6\u7acb\u67f1-7.jpg","url":"https:\/\/www.delirollforming.com\/wp-content\/uploads\/2023\/10\/\u7f6e\u7269\u67b6\u7acb\u67f1-7-150x150.jpg","full_url":"https:\/\/www.delirollforming.com\/wp-content\/uploads\/2023\/10\/\u7f6e\u7269\u67b6\u7acb\u67f1-7.jpg","title":"\u7f6e\u7269\u67b6\u7acb\u67f1 (7)","caption":"","description":"","alt":"","srcset":false},{"width":150,"height":150,"file":"2023\/10\/\u7f6e\u7269\u67b6\u7acb\u67f1-6.jpg","filesize":612691,"sizes":{"medium":{"file":"\u7f6e\u7269\u67b6\u7acb\u67f1-6-300x225.jpg","width":300,"height":225,"mime-type":"image\/jpeg","filesize":26164,"url":"https:\/\/www.delirollforming.com\/wp-content\/uploads\/2023\/10\/\u7f6e\u7269\u67b6\u7acb\u67f1-6-300x225.jpg"},"large":{"file":"\u7f6e\u7269\u67b6\u7acb\u67f1-6-1024x768.jpg","width":1024,"height":768,"mime-type":"image\/jpeg","filesize":187305,"url":"https:\/\/www.delirollforming.com\/wp-content\/uploads\/2023\/10\/\u7f6e\u7269\u67b6\u7acb\u67f1-6-1024x768.jpg"},"thumbnail":{"file":"\u7f6e\u7269\u67b6\u7acb\u67f1-6-150x150.jpg","width":150,"height":150,"mime-type":"image\/jpeg","filesize":10424,"url":"https:\/\/www.delirollforming.com\/wp-content\/uploads\/2023\/10\/\u7f6e\u7269\u67b6\u7acb\u67f1-6-150x150.jpg"},"medium_large":{"file":"\u7f6e\u7269\u67b6\u7acb\u67f1-6-768x576.jpg","width":768,"height":576,"mime-type":"image\/jpeg","filesize":118928,"url":"https:\/\/www.delirollforming.com\/wp-content\/uploads\/2023\/10\/\u7f6e\u7269\u67b6\u7acb\u67f1-6-768x576.jpg"},"book-image":{"file":"\u7f6e\u7269\u67b6\u7acb\u67f1-6-480x640.jpg","width":480,"height":640,"mime-type":"image\/jpeg","filesize":81938,"url":"https:\/\/www.delirollforming.com\/wp-content\/uploads\/2023\/10\/\u7f6e\u7269\u67b6\u7acb\u67f1-6-480x640.jpg"}},"image_meta":{"aperture":"0","credit":"","camera":"","caption":"","created_timestamp":"0","copyright":"","focal_length":"0","iso":"0","shutter_speed":"0","title":"","orientation":"0","keywords":[]},"ID":"3894","name":"\u7f6e\u7269\u67b6\u7acb\u67f1-6.jpg","path":"\/www\/wwwroot\/www.delirollforming.com\/wp-content\/uploads\/2023\/10\/\u7f6e\u7269\u67b6\u7acb\u67f1-6.jpg","url":"https:\/\/www.delirollforming.com\/wp-content\/uploads\/2023\/10\/\u7f6e\u7269\u67b6\u7acb\u67f1-6-150x150.jpg","full_url":"https:\/\/www.delirollforming.com\/wp-content\/uploads\/2023\/10\/\u7f6e\u7269\u67b6\u7acb\u67f1-6.jpg","title":"\u7f6e\u7269\u67b6\u7acb\u67f1 (6)","caption":"","description":"","alt":"","srcset":false},{"width":150,"height":150,"file":"2023\/10\/\u7f6e\u7269\u67b6\u7acb\u67f1-1.jpg","filesize":622224,"sizes":{"medium":{"file":"\u7f6e\u7269\u67b6\u7acb\u67f1-1-300x225.jpg","width":300,"height":225,"mime-type":"image\/jpeg","filesize":26863,"url":"https:\/\/www.delirollforming.com\/wp-content\/uploads\/2023\/10\/\u7f6e\u7269\u67b6\u7acb\u67f1-1-300x225.jpg"},"large":{"file":"\u7f6e\u7269\u67b6\u7acb\u67f1-1-1024x768.jpg","width":1024,"height":768,"mime-type":"image\/jpeg","filesize":191847,"url":"https:\/\/www.delirollforming.com\/wp-content\/uploads\/2023\/10\/\u7f6e\u7269\u67b6\u7acb\u67f1-1-1024x768.jpg"},"thumbnail":{"file":"\u7f6e\u7269\u67b6\u7acb\u67f1-1-150x150.jpg","width":150,"height":150,"mime-type":"image\/jpeg","filesize":10790,"url":"https:\/\/www.delirollforming.com\/wp-content\/uploads\/2023\/10\/\u7f6e\u7269\u67b6\u7acb\u67f1-1-150x150.jpg"},"medium_large":{"file":"\u7f6e\u7269\u67b6\u7acb\u67f1-1-768x576.jpg","width":768,"height":576,"mime-type":"image\/jpeg","filesize":122506,"url":"https:\/\/www.delirollforming.com\/wp-content\/uploads\/2023\/10\/\u7f6e\u7269\u67b6\u7acb\u67f1-1-768x576.jpg"},"book-image":{"file":"\u7f6e\u7269\u67b6\u7acb\u67f1-1-480x640.jpg","width":480,"height":640,"mime-type":"image\/jpeg","filesize":82809,"url":"https:\/\/www.delirollforming.com\/wp-content\/uploads\/2023\/10\/\u7f6e\u7269\u67b6\u7acb\u67f1-1-480x640.jpg"}},"image_meta":{"aperture":"0","credit":"","camera":"","caption":"","created_timestamp":"0","copyright":"","focal_length":"0","iso":"0","shutter_speed":"0","title":"","orientation":"0","keywords":[]},"ID":"3906","name":"\u7f6e\u7269\u67b6\u7acb\u67f1-1.jpg","path":"\/www\/wwwroot\/www.delirollforming.com\/wp-content\/uploads\/2023\/10\/\u7f6e\u7269\u67b6\u7acb\u67f1-1.jpg","url":"https:\/\/www.delirollforming.com\/wp-content\/uploads\/2023\/10\/\u7f6e\u7269\u67b6\u7acb\u67f1-1-150x150.jpg","full_url":"https:\/\/www.delirollforming.com\/wp-content\/uploads\/2023\/10\/\u7f6e\u7269\u67b6\u7acb\u67f1-1.jpg","title":"\u7f6e\u7269\u67b6\u7acb\u67f1 (1)","caption":"","description":"","alt":"","srcset":false},{"width":150,"height":150,"file":"2023\/10\/\u7f6e\u7269\u67b6\u7acb\u67f1-5.jpg","filesize":620455,"sizes":{"medium":{"file":"\u7f6e\u7269\u67b6\u7acb\u67f1-5-300x225.jpg","width":300,"height":225,"mime-type":"image\/jpeg","filesize":23354,"url":"https:\/\/www.delirollforming.com\/wp-content\/uploads\/2023\/10\/\u7f6e\u7269\u67b6\u7acb\u67f1-5-300x225.jpg"},"large":{"file":"\u7f6e\u7269\u67b6\u7acb\u67f1-5-1024x768.jpg","width":1024,"height":768,"mime-type":"image\/jpeg","filesize":188817,"url":"https:\/\/www.delirollforming.com\/wp-content\/uploads\/2023\/10\/\u7f6e\u7269\u67b6\u7acb\u67f1-5-1024x768.jpg"},"thumbnail":{"file":"\u7f6e\u7269\u67b6\u7acb\u67f1-5-150x150.jpg","width":150,"height":150,"mime-type":"image\/jpeg","filesize":8818,"url":"https:\/\/www.delirollforming.com\/wp-content\/uploads\/2023\/10\/\u7f6e\u7269\u67b6\u7acb\u67f1-5-150x150.jpg"},"medium_large":{"file":"\u7f6e\u7269\u67b6\u7acb\u67f1-5-768x576.jpg","width":768,"height":576,"mime-type":"image\/jpeg","filesize":117263,"url":"https:\/\/www.delirollforming.com\/wp-content\/uploads\/2023\/10\/\u7f6e\u7269\u67b6\u7acb\u67f1-5-768x576.jpg"},"book-image":{"file":"\u7f6e\u7269\u67b6\u7acb\u67f1-5-480x640.jpg","width":480,"height":640,"mime-type":"image\/jpeg","filesize":74278,"url":"https:\/\/www.delirollforming.com\/wp-content\/uploads\/2023\/10\/\u7f6e\u7269\u67b6\u7acb\u67f1-5-480x640.jpg"}},"image_meta":{"aperture":"0","credit":"","camera":"","caption":"","created_timestamp":"0","copyright":"","focal_length":"0","iso":"0","shutter_speed":"0","title":"","orientation":"0","keywords":[]},"ID":"3886","name":"\u7f6e\u7269\u67b6\u7acb\u67f1-5.jpg","path":"\/www\/wwwroot\/www.delirollforming.com\/wp-content\/uploads\/2023\/10\/\u7f6e\u7269\u67b6\u7acb\u67f1-5.jpg","url":"https:\/\/www.delirollforming.com\/wp-content\/uploads\/2023\/10\/\u7f6e\u7269\u67b6\u7acb\u67f1-5-150x150.jpg","full_url":"https:\/\/www.delirollforming.com\/wp-content\/uploads\/2023\/10\/\u7f6e\u7269\u67b6\u7acb\u67f1-5.jpg","title":"\u7f6e\u7269\u67b6\u7acb\u67f1 (5)","caption":"","description":"","alt":"","srcset":false},{"width":150,"height":150,"file":"2023\/10\/\u7f6e\u7269\u67b6\u7acb\u67f1-4.jpg","filesize":642068,"sizes":{"medium":{"file":"\u7f6e\u7269\u67b6\u7acb\u67f1-4-300x225.jpg","width":300,"height":225,"mime-type":"image\/jpeg","filesize":27155,"url":"https:\/\/www.delirollforming.com\/wp-content\/uploads\/2023\/10\/\u7f6e\u7269\u67b6\u7acb\u67f1-4-300x225.jpg"},"large":{"file":"\u7f6e\u7269\u67b6\u7acb\u67f1-4-1024x768.jpg","width":1024,"height":768,"mime-type":"image\/jpeg","filesize":205380,"url":"https:\/\/www.delirollforming.com\/wp-content\/uploads\/2023\/10\/\u7f6e\u7269\u67b6\u7acb\u67f1-4-1024x768.jpg"},"thumbnail":{"file":"\u7f6e\u7269\u67b6\u7acb\u67f1-4-150x150.jpg","width":150,"height":150,"mime-type":"image\/jpeg","filesize":10349,"url":"https:\/\/www.delirollforming.com\/wp-content\/uploads\/2023\/10\/\u7f6e\u7269\u67b6\u7acb\u67f1-4-150x150.jpg"},"medium_large":{"file":"\u7f6e\u7269\u67b6\u7acb\u67f1-4-768x576.jpg","width":768,"height":576,"mime-type":"image\/jpeg","filesize":130557,"url":"https:\/\/www.delirollforming.com\/wp-content\/uploads\/2023\/10\/\u7f6e\u7269\u67b6\u7acb\u67f1-4-768x576.jpg"},"book-image":{"file":"\u7f6e\u7269\u67b6\u7acb\u67f1-4-480x640.jpg","width":480,"height":640,"mime-type":"image\/jpeg","filesize":87744,"url":"https:\/\/www.delirollforming.com\/wp-content\/uploads\/2023\/10\/\u7f6e\u7269\u67b6\u7acb\u67f1-4-480x640.jpg"}},"image_meta":{"aperture":"0","credit":"","camera":"","caption":"","created_timestamp":"0","copyright":"","focal_length":"0","iso":"0","shutter_speed":"0","title":"","orientation":"0","keywords":[]},"ID":"3882","name":"\u7f6e\u7269\u67b6\u7acb\u67f1-4.jpg","path":"\/www\/wwwroot\/www.delirollforming.com\/wp-content\/uploads\/2023\/10\/\u7f6e\u7269\u67b6\u7acb\u67f1-4.jpg","url":"https:\/\/www.delirollforming.com\/wp-content\/uploads\/2023\/10\/\u7f6e\u7269\u67b6\u7acb\u67f1-4-150x150.jpg","full_url":"https:\/\/www.delirollforming.com\/wp-content\/uploads\/2023\/10\/\u7f6e\u7269\u67b6\u7acb\u67f1-4.jpg","title":"\u7f6e\u7269\u67b6\u7acb\u67f1 (4)","caption":"","description":"","alt":"","srcset":false},{"width":150,"height":150,"file":"2023\/10\/\u7f6e\u7269\u67b6\u7acb\u67f1-3.jpg","filesize":101304,"sizes":{"medium":{"file":"\u7f6e\u7269\u67b6\u7acb\u67f1-3-300x225.jpg","width":300,"height":225,"mime-type":"image\/jpeg","filesize":6336,"url":"https:\/\/www.delirollforming.com\/wp-content\/uploads\/2023\/10\/\u7f6e\u7269\u67b6\u7acb\u67f1-3-300x225.jpg"},"large":{"file":"\u7f6e\u7269\u67b6\u7acb\u67f1-3-1024x768.jpg","width":1024,"height":768,"mime-type":"image\/jpeg","filesize":35616,"url":"https:\/\/www.delirollforming.com\/wp-content\/uploads\/2023\/10\/\u7f6e\u7269\u67b6\u7acb\u67f1-3-1024x768.jpg"},"thumbnail":{"file":"\u7f6e\u7269\u67b6\u7acb\u67f1-3-150x150.jpg","width":150,"height":150,"mime-type":"image\/jpeg","filesize":3168,"url":"https:\/\/www.delirollforming.com\/wp-content\/uploads\/2023\/10\/\u7f6e\u7269\u67b6\u7acb\u67f1-3-150x150.jpg"},"medium_large":{"file":"\u7f6e\u7269\u67b6\u7acb\u67f1-3-768x576.jpg","width":768,"height":576,"mime-type":"image\/jpeg","filesize":23449,"url":"https:\/\/www.delirollforming.com\/wp-content\/uploads\/2023\/10\/\u7f6e\u7269\u67b6\u7acb\u67f1-3-768x576.jpg"},"book-image":{"file":"\u7f6e\u7269\u67b6\u7acb\u67f1-3-480x640.jpg","width":480,"height":640,"mime-type":"image\/jpeg","filesize":17373,"url":"https:\/\/www.delirollforming.com\/wp-content\/uploads\/2023\/10\/\u7f6e\u7269\u67b6\u7acb\u67f1-3-480x640.jpg"}},"image_meta":{"aperture":"0","credit":"","camera":"","caption":"","created_timestamp":"0","copyright":"","focal_length":"0","iso":"0","shutter_speed":"0","title":"","orientation":"0","keywords":[]},"ID":"3878","name":"\u7f6e\u7269\u67b6\u7acb\u67f1-3.jpg","path":"\/www\/wwwroot\/www.delirollforming.com\/wp-content\/uploads\/2023\/10\/\u7f6e\u7269\u67b6\u7acb\u67f1-3.jpg","url":"https:\/\/www.delirollforming.com\/wp-content\/uploads\/2023\/10\/\u7f6e\u7269\u67b6\u7acb\u67f1-3-150x150.jpg","full_url":"https:\/\/www.delirollforming.com\/wp-content\/uploads\/2023\/10\/\u7f6e\u7269\u67b6\u7acb\u67f1-3.jpg","title":"\u7f6e\u7269\u67b6\u7acb\u67f1 (3)","caption":"","description":"","alt":"","srcset":false},{"width":150,"height":150,"file":"2023\/10\/\u7f6e\u7269\u67b6\u7acb\u67f1-2.jpg","filesize":122752,"sizes":{"medium":{"file":"\u7f6e\u7269\u67b6\u7acb\u67f1-2-300x225.jpg","width":300,"height":225,"mime-type":"image\/jpeg","filesize":7088,"url":"https:\/\/www.delirollforming.com\/wp-content\/uploads\/2023\/10\/\u7f6e\u7269\u67b6\u7acb\u67f1-2-300x225.jpg"},"large":{"file":"\u7f6e\u7269\u67b6\u7acb\u67f1-2-1024x768.jpg","width":1024,"height":768,"mime-type":"image\/jpeg","filesize":41683,"url":"https:\/\/www.delirollforming.com\/wp-content\/uploads\/2023\/10\/\u7f6e\u7269\u67b6\u7acb\u67f1-2-1024x768.jpg"},"thumbnail":{"file":"\u7f6e\u7269\u67b6\u7acb\u67f1-2-150x150.jpg","width":150,"height":150,"mime-type":"image\/jpeg","filesize":3609,"url":"https:\/\/www.delirollforming.com\/wp-content\/uploads\/2023\/10\/\u7f6e\u7269\u67b6\u7acb\u67f1-2-150x150.jpg"},"medium_large":{"file":"\u7f6e\u7269\u67b6\u7acb\u67f1-2-768x576.jpg","width":768,"height":576,"mime-type":"image\/jpeg","filesize":27223,"url":"https:\/\/www.delirollforming.com\/wp-content\/uploads\/2023\/10\/\u7f6e\u7269\u67b6\u7acb\u67f1-2-768x576.jpg"},"book-image":{"file":"\u7f6e\u7269\u67b6\u7acb\u67f1-2-480x640.jpg","width":480,"height":640,"mime-type":"image\/jpeg","filesize":21810,"url":"https:\/\/www.delirollforming.com\/wp-content\/uploads\/2023\/10\/\u7f6e\u7269\u67b6\u7acb\u67f1-2-480x640.jpg"}},"image_meta":{"aperture":"0","credit":"","camera":"","caption":"","created_timestamp":"0","copyright":"","focal_length":"0","iso":"0","shutter_speed":"0","title":"","orientation":"0","keywords":[]},"ID":"3874","name":"\u7f6e\u7269\u67b6\u7acb\u67f1-2.jpg","path":"\/www\/wwwroot\/www.delirollforming.com\/wp-content\/uploads\/2023\/10\/\u7f6e\u7269\u67b6\u7acb\u67f1-2.jpg","url":"https:\/\/www.delirollforming.com\/wp-content\/uploads\/2023\/10\/\u7f6e\u7269\u67b6\u7acb\u67f1-2-150x150.jpg","full_url":"https:\/\/www.delirollforming.com\/wp-content\/uploads\/2023\/10\/\u7f6e\u7269\u67b6\u7acb\u67f1-2.jpg","title":"\u7f6e\u7269\u67b6\u7acb\u67f1 (2)","caption":"","description":"","alt":"","srcset":false}],"parameters":[{"propertyName":"Material","propertyValue":"Acero inoxidable "},{"propertyName":"Profile Size","propertyValue":"35*35mm (Personalizable)"},{"propertyName":"Material Thickness","propertyValue":"0.6-0.7mm"},{"propertyName":"Profile Accuracy","propertyValue":"\u00b10.2mm"},{"propertyName":"Forming Rollers","propertyValue":"24"},{"propertyName":"Width Adjustable","propertyValue":"No"},{"propertyName":"Running Speed","propertyValue":"6-8m\/min"},{"propertyName":"Height Adjustable","propertyValue":"No"}],"background":{"width":150,"height":150,"file":"2023\/04\/6978355.png","filesize":1643212,"sizes":{"medium":{"file":"6978355-300x156.png","width":300,"height":156,"mime-type":"image\/png","filesize":112561,"url":"https:\/\/www.delirollforming.com\/wp-content\/uploads\/2023\/04\/6978355-300x156.png"},"large":{"file":"6978355-1024x533.png","width":1024,"height":533,"mime-type":"image\/png","filesize":1259588,"url":"https:\/\/www.delirollforming.com\/wp-content\/uploads\/2023\/04\/6978355-1024x533.png"},"thumbnail":{"file":"6978355-150x150.png","width":150,"height":150,"mime-type":"image\/png","filesize":55589,"url":"https:\/\/www.delirollforming.com\/wp-content\/uploads\/2023\/04\/6978355-150x150.png"},"medium_large":{"file":"6978355-768x400.png","width":768,"height":400,"mime-type":"image\/png","filesize":723593,"url":"https:\/\/www.delirollforming.com\/wp-content\/uploads\/2023\/04\/6978355-768x400.png"},"1536x1536":{"file":"6978355-1536x800.png","width":1536,"height":800,"mime-type":"image\/png","filesize":2601526,"url":"https:\/\/www.delirollforming.com\/wp-content\/uploads\/2023\/04\/6978355-1536x800.png"},"book-image":{"file":"6978355-480x640.png","width":480,"height":640,"mime-type":"image\/png","filesize":725056,"url":"https:\/\/www.delirollforming.com\/wp-content\/uploads\/2023\/04\/6978355-480x640.png"}},"image_meta":{"aperture":"0","credit":"","camera":"","caption":"","created_timestamp":"0","copyright":"","focal_length":"0","iso":"0","shutter_speed":"0","title":"","orientation":"0","keywords":[]},"ID":"2605","name":"6978355.png","path":"\/www\/wwwroot\/www.delirollforming.com\/wp-content\/uploads\/2023\/04\/6978355.png","url":"https:\/\/www.delirollforming.com\/wp-content\/uploads\/2023\/04\/6978355-150x150.png","full_url":"https:\/\/www.delirollforming.com\/wp-content\/uploads\/2023\/04\/6978355.png","title":"6978355","caption":"","description":"","alt":"","srcset":false},"showInHome":"0"},"_links":{"self":[{"href":"https:\/\/www.delirollforming.com\/es\/wp-json\/wp\/v2\/product\/5656","targetHints":{"allow":["GET"]}}],"collection":[{"href":"https:\/\/www.delirollforming.com\/es\/wp-json\/wp\/v2\/product"}],"about":[{"href":"https:\/\/www.delirollforming.com\/es\/wp-json\/wp\/v2\/types\/product"}],"wp:featuredmedia":[{"embeddable":true,"href":"https:\/\/www.delirollforming.com\/es\/wp-json\/wp\/v2\/media\/4995"}],"wp:attachment":[{"href":"https:\/\/www.delirollforming.com\/es\/wp-json\/wp\/v2\/media?parent=5656"}],"wp:term":[{"taxonomy":"product-type","embeddable":true,"href":"https:\/\/www.delirollforming.com\/es\/wp-json\/wp\/v2\/product-type?post=5656"}],"curies":[{"name":"wp","href":"https:\/\/api.w.org\/{rel}","templated":true}]}}