{"id":5650,"date":"2023-10-18T16:12:57","date_gmt":"2023-10-18T08:12:57","guid":{"rendered":"https:\/\/www.delirollforming.com\/product\/storage-rack-shelving-upright-production-line\/"},"modified":"2024-04-02T11:26:23","modified_gmt":"2024-04-02T03:26:23","slug":"storage-rack-upright-line","status":"publish","type":"product","link":"https:\/\/www.delirollforming.com\/es\/product\/storage-rack-upright-line\/","title":{"rendered":"L\u00ednea de producci\u00f3n de estanter\u00edas verticales"},"content":{"rendered":"\n<figure class=\"wp-block-video\"><video height=\"720\" style=\"aspect-ratio: 1280 \/ 720;\" width=\"1280\" controls src=\"https:\/\/www.delirollforming.com\/wp-content\/uploads\/2023\/10\/\u7f6e\u7269\u67b6\u7acb\u67f1\u846b\u82a6\u5b54-\u4e2d\u82f1-720P.mp4\"><\/video><\/figure>\n\n\n<h3 style=\"margin-top: 3rem; background-color: #eee; border: 1px #ddd solid; padding: 0.5rem 1rem;\"><span style=\"font-family: arial, helvetica, sans-serif; font-size: 18pt;\">Caracter\u00edsticas<\/span><\/h3>\n<p><span style=\"font-family: arial, helvetica, sans-serif; font-size: 14pt;\">1. El manejo de la m\u00e1quina es f\u00e1cil y c\u00f3modo.<\/span><\/p>\n<p><span style=\"font-family: arial, helvetica, sans-serif; font-size: 14pt;\">2. Alta eficiencia de producci\u00f3n &#8211; punzonado, perfilado y corte se pueden completar a la vez.<\/span><\/p>\n<p><span style=\"font-family: arial, helvetica, sans-serif; font-size: 14pt;\">3. Ampliamente utilizado en la industria del mueble de acero.<\/span><\/p>\n<h3 style=\"margin-top: 3rem; background-color: #eee; border: 1px #ddd solid; padding: 0.5rem 1rem;\"><span style=\"font-family: arial, helvetica, sans-serif; font-size: 18pt;\">Proceso De Producci\u00f3n<\/span><\/h3>\n<p><span style=\"color: #000000; font-family: arial, helvetica, sans-serif; font-size: 14pt;\">\u00a0 \u00a0Desenrollado \u2014 Nivelado \u2014 Prepunzonado \u2014 Formando \u2014 Corte \u2014 Descarga<\/span><\/p>\n<h3 style=\"margin-top: 3rem; background-color: #eee; border: 1px #ddd solid; padding: 0.5rem 1rem;\"><span style=\"font-family: arial, helvetica, sans-serif; font-size: 18pt;\">Detalle Del Producto<\/span><\/h3>\n\n\n<div class=\"wp-block-columns is-layout-flex wp-container-core-columns-is-layout-9d6595d7 wp-block-columns-is-layout-flex\">\n<div class=\"wp-block-column is-layout-flow wp-block-column-is-layout-flow\">\n<figure class=\"wp-block-image size-medium is-resized\"><img loading=\"lazy\" decoding=\"async\" width=\"288\" height=\"300\" src=\"https:\/\/www.delirollforming.com\/wp-content\/uploads\/2023\/10\/\u5fae\u4fe1\u56fe\u7247_20231018161052-288x300.jpg\" alt=\"\" class=\"wp-image-4377\" style=\"width:346px;height:auto\" srcset=\"https:\/\/www.delirollforming.com\/wp-content\/uploads\/2023\/10\/\u5fae\u4fe1\u56fe\u7247_20231018161052-288x300.jpg 288w, https:\/\/www.delirollforming.com\/wp-content\/uploads\/2023\/10\/\u5fae\u4fe1\u56fe\u7247_20231018161052.jpg 667w\" sizes=\"auto, (max-width: 288px) 100vw, 288px\" \/><\/figure>\n<\/div>\n\n\n\n<div class=\"wp-block-column is-layout-flow wp-block-column-is-layout-flow\"><\/div>\n<\/div>\n","protected":false},"excerpt":{"rendered":"<p>Caracter\u00edsticas 1. El manejo de la m\u00e1quina es f\u00e1cil y c\u00f3modo. 2. Alta eficiencia de producci\u00f3n &#8211; punzonado, perfilado y corte se pueden completar a la vez. 3. Ampliamente utilizado en la industria del mueble de acero. Proceso De Producci\u00f3n \u00a0 \u00a0Desenrollado \u2014 Nivelado \u2014 Prepunzonado \u2014 Formando \u2014 Corte \u2014 Descarga Detalle Del Producto<\/p>\n","protected":false},"featured_media":5371,"template":"","product-type":[128],"class_list":["post-5650","product","type-product","status-publish","has-post-thumbnail","hentry","product-type-otros"],"uagb_featured_image_src":{"full":["https:\/\/www.delirollforming.com\/wp-content\/uploads\/2023\/10\/\u7f6e\u7269\u67b6\u7acb\u67f1Slotted-shelving-rack-upright-1.jpg",2048,1152,false],"thumbnail":["https:\/\/www.delirollforming.com\/wp-content\/uploads\/2023\/10\/\u7f6e\u7269\u67b6\u7acb\u67f1Slotted-shelving-rack-upright-1-150x150.jpg",150,150,true],"medium":["https:\/\/www.delirollforming.com\/wp-content\/uploads\/2023\/10\/\u7f6e\u7269\u67b6\u7acb\u67f1Slotted-shelving-rack-upright-1-300x169.jpg",300,169,true],"medium_large":["https:\/\/www.delirollforming.com\/wp-content\/uploads\/2023\/10\/\u7f6e\u7269\u67b6\u7acb\u67f1Slotted-shelving-rack-upright-1-768x432.jpg",768,432,true],"large":["https:\/\/www.delirollforming.com\/wp-content\/uploads\/2023\/10\/\u7f6e\u7269\u67b6\u7acb\u67f1Slotted-shelving-rack-upright-1-1024x576.jpg",1024,576,true],"1536x1536":["https:\/\/www.delirollforming.com\/wp-content\/uploads\/2023\/10\/\u7f6e\u7269\u67b6\u7acb\u67f1Slotted-shelving-rack-upright-1-1536x864.jpg",1536,864,true],"2048x2048":["https:\/\/www.delirollforming.com\/wp-content\/uploads\/2023\/10\/\u7f6e\u7269\u67b6\u7acb\u67f1Slotted-shelving-rack-upright-1.jpg",2048,1152,false],"book-image":["https:\/\/www.delirollforming.com\/wp-content\/uploads\/2023\/10\/\u7f6e\u7269\u67b6\u7acb\u67f1Slotted-shelving-rack-upright-1-480x640.jpg",480,640,true]},"uagb_author_info":{"display_name":"deli","author_link":"https:\/\/www.delirollforming.com\/es\/author\/"},"uagb_comment_info":0,"uagb_excerpt":"Caracter\u00edsticas 1. El manejo de la m\u00e1quina es f\u00e1cil y c\u00f3modo. 2. Alta eficiencia de producci\u00f3n &#8211; punzonado, perfilado y corte se pueden completar a la vez. 3. Ampliamente utilizado en la industria del mueble de acero. Proceso De Producci\u00f3n \u00a0 \u00a0Desenrollado \u2014 Nivelado \u2014 Prepunzonado \u2014 Formando \u2014 Corte \u2014 Descarga Detalle Del Producto","meta_box":{"photos":[{"width":150,"height":150,"file":"2023\/10\/\u7f6e\u7269\u67b6\u7acb\u67f12-1-1.png","filesize":1252821,"sizes":{"medium":{"file":"\u7f6e\u7269\u67b6\u7acb\u67f12-1-1-300x225.png","width":300,"height":225,"mime-type":"image\/png","filesize":118919,"url":"https:\/\/www.delirollforming.com\/wp-content\/uploads\/2023\/10\/\u7f6e\u7269\u67b6\u7acb\u67f12-1-1-300x225.png"},"large":{"file":"\u7f6e\u7269\u67b6\u7acb\u67f12-1-1-1024x768.png","width":1024,"height":768,"mime-type":"image\/png","filesize":925290,"url":"https:\/\/www.delirollforming.com\/wp-content\/uploads\/2023\/10\/\u7f6e\u7269\u67b6\u7acb\u67f12-1-1-1024x768.png"},"thumbnail":{"file":"\u7f6e\u7269\u67b6\u7acb\u67f12-1-1-150x150.png","width":150,"height":150,"mime-type":"image\/png","filesize":44415,"url":"https:\/\/www.delirollforming.com\/wp-content\/uploads\/2023\/10\/\u7f6e\u7269\u67b6\u7acb\u67f12-1-1-150x150.png"},"medium_large":{"file":"\u7f6e\u7269\u67b6\u7acb\u67f12-1-1-768x576.png","width":768,"height":576,"mime-type":"image\/png","filesize":581730,"url":"https:\/\/www.delirollforming.com\/wp-content\/uploads\/2023\/10\/\u7f6e\u7269\u67b6\u7acb\u67f12-1-1-768x576.png"},"book-image":{"file":"\u7f6e\u7269\u67b6\u7acb\u67f12-1-1-480x640.png","width":480,"height":640,"mime-type":"image\/png","filesize":387902,"url":"https:\/\/www.delirollforming.com\/wp-content\/uploads\/2023\/10\/\u7f6e\u7269\u67b6\u7acb\u67f12-1-1-480x640.png"}},"image_meta":{"aperture":"0","credit":"","camera":"","caption":"","created_timestamp":"0","copyright":"","focal_length":"0","iso":"0","shutter_speed":"0","title":"","orientation":"0","keywords":[]},"ID":"4333","name":"\u7f6e\u7269\u67b6\u7acb\u67f12-1-1.png","path":"\/www\/wwwroot\/www.delirollforming.com\/wp-content\/uploads\/2023\/10\/\u7f6e\u7269\u67b6\u7acb\u67f12-1-1.png","url":"https:\/\/www.delirollforming.com\/wp-content\/uploads\/2023\/10\/\u7f6e\u7269\u67b6\u7acb\u67f12-1-1-150x150.png","full_url":"https:\/\/www.delirollforming.com\/wp-content\/uploads\/2023\/10\/\u7f6e\u7269\u67b6\u7acb\u67f12-1-1.png","title":"\u7f6e\u7269\u67b6\u7acb\u67f12 (1)","caption":"","description":"","alt":"","srcset":false},{"width":150,"height":150,"file":"2023\/10\/\u7f6e\u7269\u67b6\u7acb\u67f12-3-1.jpg","filesize":574974,"sizes":{"medium":{"file":"\u7f6e\u7269\u67b6\u7acb\u67f12-3-1-300x225.jpg","width":300,"height":225,"mime-type":"image\/jpeg","filesize":24135,"url":"https:\/\/www.delirollforming.com\/wp-content\/uploads\/2023\/10\/\u7f6e\u7269\u67b6\u7acb\u67f12-3-1-300x225.jpg"},"large":{"file":"\u7f6e\u7269\u67b6\u7acb\u67f12-3-1-1024x768.jpg","width":1024,"height":768,"mime-type":"image\/jpeg","filesize":181030,"url":"https:\/\/www.delirollforming.com\/wp-content\/uploads\/2023\/10\/\u7f6e\u7269\u67b6\u7acb\u67f12-3-1-1024x768.jpg"},"thumbnail":{"file":"\u7f6e\u7269\u67b6\u7acb\u67f12-3-1-150x150.jpg","width":150,"height":150,"mime-type":"image\/jpeg","filesize":9305,"url":"https:\/\/www.delirollforming.com\/wp-content\/uploads\/2023\/10\/\u7f6e\u7269\u67b6\u7acb\u67f12-3-1-150x150.jpg"},"medium_large":{"file":"\u7f6e\u7269\u67b6\u7acb\u67f12-3-1-768x576.jpg","width":768,"height":576,"mime-type":"image\/jpeg","filesize":113922,"url":"https:\/\/www.delirollforming.com\/wp-content\/uploads\/2023\/10\/\u7f6e\u7269\u67b6\u7acb\u67f12-3-1-768x576.jpg"},"book-image":{"file":"\u7f6e\u7269\u67b6\u7acb\u67f12-3-1-480x640.jpg","width":480,"height":640,"mime-type":"image\/jpeg","filesize":79681,"url":"https:\/\/www.delirollforming.com\/wp-content\/uploads\/2023\/10\/\u7f6e\u7269\u67b6\u7acb\u67f12-3-1-480x640.jpg"}},"image_meta":{"aperture":"0","credit":"","camera":"","caption":"","created_timestamp":"0","copyright":"","focal_length":"0","iso":"0","shutter_speed":"0","title":"","orientation":"0","keywords":[]},"ID":"4313","name":"\u7f6e\u7269\u67b6\u7acb\u67f12-3-1.jpg","path":"\/www\/wwwroot\/www.delirollforming.com\/wp-content\/uploads\/2023\/10\/\u7f6e\u7269\u67b6\u7acb\u67f12-3-1.jpg","url":"https:\/\/www.delirollforming.com\/wp-content\/uploads\/2023\/10\/\u7f6e\u7269\u67b6\u7acb\u67f12-3-1-150x150.jpg","full_url":"https:\/\/www.delirollforming.com\/wp-content\/uploads\/2023\/10\/\u7f6e\u7269\u67b6\u7acb\u67f12-3-1.jpg","title":"\u7f6e\u7269\u67b6\u7acb\u67f12 (3)","caption":"","description":"","alt":"","srcset":false},{"width":150,"height":150,"file":"2023\/10\/\u7f6e\u7269\u67b6\u7acb\u67f12-2-1.jpg","filesize":614148,"sizes":{"medium":{"file":"\u7f6e\u7269\u67b6\u7acb\u67f12-2-1-300x225.jpg","width":300,"height":225,"mime-type":"image\/jpeg","filesize":25346,"url":"https:\/\/www.delirollforming.com\/wp-content\/uploads\/2023\/10\/\u7f6e\u7269\u67b6\u7acb\u67f12-2-1-300x225.jpg"},"large":{"file":"\u7f6e\u7269\u67b6\u7acb\u67f12-2-1-1024x768.jpg","width":1024,"height":768,"mime-type":"image\/jpeg","filesize":192377,"url":"https:\/\/www.delirollforming.com\/wp-content\/uploads\/2023\/10\/\u7f6e\u7269\u67b6\u7acb\u67f12-2-1-1024x768.jpg"},"thumbnail":{"file":"\u7f6e\u7269\u67b6\u7acb\u67f12-2-1-150x150.jpg","width":150,"height":150,"mime-type":"image\/jpeg","filesize":9778,"url":"https:\/\/www.delirollforming.com\/wp-content\/uploads\/2023\/10\/\u7f6e\u7269\u67b6\u7acb\u67f12-2-1-150x150.jpg"},"medium_large":{"file":"\u7f6e\u7269\u67b6\u7acb\u67f12-2-1-768x576.jpg","width":768,"height":576,"mime-type":"image\/jpeg","filesize":121253,"url":"https:\/\/www.delirollforming.com\/wp-content\/uploads\/2023\/10\/\u7f6e\u7269\u67b6\u7acb\u67f12-2-1-768x576.jpg"},"book-image":{"file":"\u7f6e\u7269\u67b6\u7acb\u67f12-2-1-480x640.jpg","width":480,"height":640,"mime-type":"image\/jpeg","filesize":82074,"url":"https:\/\/www.delirollforming.com\/wp-content\/uploads\/2023\/10\/\u7f6e\u7269\u67b6\u7acb\u67f12-2-1-480x640.jpg"}},"image_meta":{"aperture":"0","credit":"","camera":"","caption":"","created_timestamp":"0","copyright":"","focal_length":"0","iso":"0","shutter_speed":"0","title":"","orientation":"0","keywords":[]},"ID":"4325","name":"\u7f6e\u7269\u67b6\u7acb\u67f12-2-1.jpg","path":"\/www\/wwwroot\/www.delirollforming.com\/wp-content\/uploads\/2023\/10\/\u7f6e\u7269\u67b6\u7acb\u67f12-2-1.jpg","url":"https:\/\/www.delirollforming.com\/wp-content\/uploads\/2023\/10\/\u7f6e\u7269\u67b6\u7acb\u67f12-2-1-150x150.jpg","full_url":"https:\/\/www.delirollforming.com\/wp-content\/uploads\/2023\/10\/\u7f6e\u7269\u67b6\u7acb\u67f12-2-1.jpg","title":"\u7f6e\u7269\u67b6\u7acb\u67f12 (2)","caption":"","description":"","alt":"","srcset":false},{"width":150,"height":150,"file":"2023\/10\/\u7f6e\u7269\u67b6\u7acb\u67f12-1-1.jpg","filesize":554276,"sizes":{"medium":{"file":"\u7f6e\u7269\u67b6\u7acb\u67f12-1-1-300x225.jpg","width":300,"height":225,"mime-type":"image\/jpeg","filesize":23668,"url":"https:\/\/www.delirollforming.com\/wp-content\/uploads\/2023\/10\/\u7f6e\u7269\u67b6\u7acb\u67f12-1-1-300x225.jpg"},"large":{"file":"\u7f6e\u7269\u67b6\u7acb\u67f12-1-1-1024x768.jpg","width":1024,"height":768,"mime-type":"image\/jpeg","filesize":174479,"url":"https:\/\/www.delirollforming.com\/wp-content\/uploads\/2023\/10\/\u7f6e\u7269\u67b6\u7acb\u67f12-1-1-1024x768.jpg"},"thumbnail":{"file":"\u7f6e\u7269\u67b6\u7acb\u67f12-1-1-150x150.jpg","width":150,"height":150,"mime-type":"image\/jpeg","filesize":9530,"url":"https:\/\/www.delirollforming.com\/wp-content\/uploads\/2023\/10\/\u7f6e\u7269\u67b6\u7acb\u67f12-1-1-150x150.jpg"},"medium_large":{"file":"\u7f6e\u7269\u67b6\u7acb\u67f12-1-1-768x576.jpg","width":768,"height":576,"mime-type":"image\/jpeg","filesize":109830,"url":"https:\/\/www.delirollforming.com\/wp-content\/uploads\/2023\/10\/\u7f6e\u7269\u67b6\u7acb\u67f12-1-1-768x576.jpg"},"book-image":{"file":"\u7f6e\u7269\u67b6\u7acb\u67f12-1-1-480x640.jpg","width":480,"height":640,"mime-type":"image\/jpeg","filesize":73072,"url":"https:\/\/www.delirollforming.com\/wp-content\/uploads\/2023\/10\/\u7f6e\u7269\u67b6\u7acb\u67f12-1-1-480x640.jpg"}},"image_meta":{"aperture":"0","credit":"","camera":"","caption":"","created_timestamp":"0","copyright":"","focal_length":"0","iso":"0","shutter_speed":"0","title":"","orientation":"0","keywords":[]},"ID":"4329","name":"\u7f6e\u7269\u67b6\u7acb\u67f12-1-1.jpg","path":"\/www\/wwwroot\/www.delirollforming.com\/wp-content\/uploads\/2023\/10\/\u7f6e\u7269\u67b6\u7acb\u67f12-1-1.jpg","url":"https:\/\/www.delirollforming.com\/wp-content\/uploads\/2023\/10\/\u7f6e\u7269\u67b6\u7acb\u67f12-1-1-150x150.jpg","full_url":"https:\/\/www.delirollforming.com\/wp-content\/uploads\/2023\/10\/\u7f6e\u7269\u67b6\u7acb\u67f12-1-1.jpg","title":"\u7f6e\u7269\u67b6\u7acb\u67f12 (1)","caption":"","description":"","alt":"","srcset":false},{"width":150,"height":150,"file":"2023\/10\/\u7f6e\u7269\u67b6\u7acb\u67f12-2-1.png","filesize":1456781,"sizes":{"medium":{"file":"\u7f6e\u7269\u67b6\u7acb\u67f12-2-1-300x225.png","width":300,"height":225,"mime-type":"image\/png","filesize":137704,"url":"https:\/\/www.delirollforming.com\/wp-content\/uploads\/2023\/10\/\u7f6e\u7269\u67b6\u7acb\u67f12-2-1-300x225.png"},"large":{"file":"\u7f6e\u7269\u67b6\u7acb\u67f12-2-1-1024x768.png","width":1024,"height":768,"mime-type":"image\/png","filesize":1084189,"url":"https:\/\/www.delirollforming.com\/wp-content\/uploads\/2023\/10\/\u7f6e\u7269\u67b6\u7acb\u67f12-2-1-1024x768.png"},"thumbnail":{"file":"\u7f6e\u7269\u67b6\u7acb\u67f12-2-1-150x150.png","width":150,"height":150,"mime-type":"image\/png","filesize":50574,"url":"https:\/\/www.delirollforming.com\/wp-content\/uploads\/2023\/10\/\u7f6e\u7269\u67b6\u7acb\u67f12-2-1-150x150.png"},"medium_large":{"file":"\u7f6e\u7269\u67b6\u7acb\u67f12-2-1-768x576.png","width":768,"height":576,"mime-type":"image\/png","filesize":679839,"url":"https:\/\/www.delirollforming.com\/wp-content\/uploads\/2023\/10\/\u7f6e\u7269\u67b6\u7acb\u67f12-2-1-768x576.png"},"book-image":{"file":"\u7f6e\u7269\u67b6\u7acb\u67f12-2-1-480x640.png","width":480,"height":640,"mime-type":"image\/png","filesize":455866,"url":"https:\/\/www.delirollforming.com\/wp-content\/uploads\/2023\/10\/\u7f6e\u7269\u67b6\u7acb\u67f12-2-1-480x640.png"}},"image_meta":{"aperture":"0","credit":"","camera":"","caption":"","created_timestamp":"0","copyright":"","focal_length":"0","iso":"0","shutter_speed":"0","title":"","orientation":"0","keywords":[]},"ID":"4321","name":"\u7f6e\u7269\u67b6\u7acb\u67f12-2-1.png","path":"\/www\/wwwroot\/www.delirollforming.com\/wp-content\/uploads\/2023\/10\/\u7f6e\u7269\u67b6\u7acb\u67f12-2-1.png","url":"https:\/\/www.delirollforming.com\/wp-content\/uploads\/2023\/10\/\u7f6e\u7269\u67b6\u7acb\u67f12-2-1-150x150.png","full_url":"https:\/\/www.delirollforming.com\/wp-content\/uploads\/2023\/10\/\u7f6e\u7269\u67b6\u7acb\u67f12-2-1.png","title":"\u7f6e\u7269\u67b6\u7acb\u67f12 (2)","caption":"","description":"","alt":"","srcset":false},{"width":150,"height":150,"file":"2023\/10\/\u7f6e\u7269\u67b6\u7acb\u67f12-3-1.png","filesize":1232937,"sizes":{"medium":{"file":"\u7f6e\u7269\u67b6\u7acb\u67f12-3-1-300x225.png","width":300,"height":225,"mime-type":"image\/png","filesize":113867,"url":"https:\/\/www.delirollforming.com\/wp-content\/uploads\/2023\/10\/\u7f6e\u7269\u67b6\u7acb\u67f12-3-1-300x225.png"},"large":{"file":"\u7f6e\u7269\u67b6\u7acb\u67f12-3-1-1024x768.png","width":1024,"height":768,"mime-type":"image\/png","filesize":901666,"url":"https:\/\/www.delirollforming.com\/wp-content\/uploads\/2023\/10\/\u7f6e\u7269\u67b6\u7acb\u67f12-3-1-1024x768.png"},"thumbnail":{"file":"\u7f6e\u7269\u67b6\u7acb\u67f12-3-1-150x150.png","width":150,"height":150,"mime-type":"image\/png","filesize":41028,"url":"https:\/\/www.delirollforming.com\/wp-content\/uploads\/2023\/10\/\u7f6e\u7269\u67b6\u7acb\u67f12-3-1-150x150.png"},"medium_large":{"file":"\u7f6e\u7269\u67b6\u7acb\u67f12-3-1-768x576.png","width":768,"height":576,"mime-type":"image\/png","filesize":563461,"url":"https:\/\/www.delirollforming.com\/wp-content\/uploads\/2023\/10\/\u7f6e\u7269\u67b6\u7acb\u67f12-3-1-768x576.png"},"book-image":{"file":"\u7f6e\u7269\u67b6\u7acb\u67f12-3-1-480x640.png","width":480,"height":640,"mime-type":"image\/png","filesize":364580,"url":"https:\/\/www.delirollforming.com\/wp-content\/uploads\/2023\/10\/\u7f6e\u7269\u67b6\u7acb\u67f12-3-1-480x640.png"}},"image_meta":{"aperture":"0","credit":"","camera":"","caption":"","created_timestamp":"0","copyright":"","focal_length":"0","iso":"0","shutter_speed":"0","title":"","orientation":"0","keywords":[]},"ID":"4317","name":"\u7f6e\u7269\u67b6\u7acb\u67f12-3-1.png","path":"\/www\/wwwroot\/www.delirollforming.com\/wp-content\/uploads\/2023\/10\/\u7f6e\u7269\u67b6\u7acb\u67f12-3-1.png","url":"https:\/\/www.delirollforming.com\/wp-content\/uploads\/2023\/10\/\u7f6e\u7269\u67b6\u7acb\u67f12-3-1-150x150.png","full_url":"https:\/\/www.delirollforming.com\/wp-content\/uploads\/2023\/10\/\u7f6e\u7269\u67b6\u7acb\u67f12-3-1.png","title":"\u7f6e\u7269\u67b6\u7acb\u67f12 (3)","caption":"","description":"","alt":"","srcset":false}],"parameters":[{"propertyName":"Material","propertyValue":"CR acero"},{"propertyName":"Profile Size","propertyValue":"38*38mm (Personalizable)"},{"propertyName":"Material Thickness","propertyValue":"0.8-1.0mm"},{"propertyName":"Profile Accuracy","propertyValue":"\u00b10.3mm"},{"propertyName":"Forming Rollers","propertyValue":"20"},{"propertyName":"Width Adjustable","propertyValue":"No"},{"propertyName":"Running Speed","propertyValue":"6-8m\/min"},{"propertyName":"Height Adjustable","propertyValue":"No"}],"background":{"width":150,"height":150,"file":"2023\/04\/6978355.png","filesize":1643212,"sizes":{"medium":{"file":"6978355-300x156.png","width":300,"height":156,"mime-type":"image\/png","filesize":112561,"url":"https:\/\/www.delirollforming.com\/wp-content\/uploads\/2023\/04\/6978355-300x156.png"},"large":{"file":"6978355-1024x533.png","width":1024,"height":533,"mime-type":"image\/png","filesize":1259588,"url":"https:\/\/www.delirollforming.com\/wp-content\/uploads\/2023\/04\/6978355-1024x533.png"},"thumbnail":{"file":"6978355-150x150.png","width":150,"height":150,"mime-type":"image\/png","filesize":55589,"url":"https:\/\/www.delirollforming.com\/wp-content\/uploads\/2023\/04\/6978355-150x150.png"},"medium_large":{"file":"6978355-768x400.png","width":768,"height":400,"mime-type":"image\/png","filesize":723593,"url":"https:\/\/www.delirollforming.com\/wp-content\/uploads\/2023\/04\/6978355-768x400.png"},"1536x1536":{"file":"6978355-1536x800.png","width":1536,"height":800,"mime-type":"image\/png","filesize":2601526,"url":"https:\/\/www.delirollforming.com\/wp-content\/uploads\/2023\/04\/6978355-1536x800.png"},"book-image":{"file":"6978355-480x640.png","width":480,"height":640,"mime-type":"image\/png","filesize":725056,"url":"https:\/\/www.delirollforming.com\/wp-content\/uploads\/2023\/04\/6978355-480x640.png"}},"image_meta":{"aperture":"0","credit":"","camera":"","caption":"","created_timestamp":"0","copyright":"","focal_length":"0","iso":"0","shutter_speed":"0","title":"","orientation":"0","keywords":[]},"ID":"2605","name":"6978355.png","path":"\/www\/wwwroot\/www.delirollforming.com\/wp-content\/uploads\/2023\/04\/6978355.png","url":"https:\/\/www.delirollforming.com\/wp-content\/uploads\/2023\/04\/6978355-150x150.png","full_url":"https:\/\/www.delirollforming.com\/wp-content\/uploads\/2023\/04\/6978355.png","title":"6978355","caption":"","description":"","alt":"","srcset":false},"showInHome":"0"},"_links":{"self":[{"href":"https:\/\/www.delirollforming.com\/es\/wp-json\/wp\/v2\/product\/5650","targetHints":{"allow":["GET"]}}],"collection":[{"href":"https:\/\/www.delirollforming.com\/es\/wp-json\/wp\/v2\/product"}],"about":[{"href":"https:\/\/www.delirollforming.com\/es\/wp-json\/wp\/v2\/types\/product"}],"wp:featuredmedia":[{"embeddable":true,"href":"https:\/\/www.delirollforming.com\/es\/wp-json\/wp\/v2\/media\/5371"}],"wp:attachment":[{"href":"https:\/\/www.delirollforming.com\/es\/wp-json\/wp\/v2\/media?parent=5650"}],"wp:term":[{"taxonomy":"product-type","embeddable":true,"href":"https:\/\/www.delirollforming.com\/es\/wp-json\/wp\/v2\/product-type?post=5650"}],"curies":[{"name":"wp","href":"https:\/\/api.w.org\/{rel}","templated":true}]}}