{"id":5634,"date":"2023-10-10T18:32:04","date_gmt":"2023-10-10T10:32:04","guid":{"rendered":"https:\/\/www.delirollforming.com\/product\/linea-de-produccion-de-lamparas-empotradas-de-techo-led\/"},"modified":"2024-11-20T12:23:45","modified_gmt":"2024-11-20T04:23:45","slug":"ceiling-led-troffer-line","status":"publish","type":"product","link":"https:\/\/www.delirollforming.com\/es\/product\/ceiling-led-troffer-line\/","title":{"rendered":"L\u00ednea de producci\u00f3n de l\u00e1mparas empotradas de techo LED"},"content":{"rendered":"\n<figure class=\"wp-block-video\"><video height=\"720\" style=\"aspect-ratio: 1280 \/ 720;\" width=\"1280\" controls src=\"https:\/\/www.delirollforming.com\/wp-content\/uploads\/2024\/06\/\u706f\u7f69\u5e95\u58f3.mp4\"><\/video><\/figure>\n\n\n<h3 style=\"margin-top: 3rem; background-color: #eee; border: 1px #ddd solid; padding: 0.5rem 1rem;\"><strong><span style=\"font-family: arial, helvetica, sans-serif; font-size: 18pt;\">Caracter\u00edsticas<\/span><\/strong><\/h3>\n<p><span style=\"font-family: arial, helvetica, sans-serif; font-size: 14pt;\">1. Aplicable a PPGI de 0,4 mm.<\/span><\/p>\n<p><span style=\"font-family: arial, helvetica, sans-serif; font-size: 14pt;\">2. Con 40 estaciones de rodillos formadores, precisi\u00f3n del producto de hasta \u00b10,2 mm.<\/span><\/p>\n<p style=\"text-align: justify;\"><span style=\"font-family: arial, helvetica, sans-serif; font-size: 14pt;\">3. No hay ara\u00f1azos en la superficie ni grietas en el revestimiento del borde plegado despu\u00e9s del perfilado.<\/span><\/p>\n<p style=\"text-align: justify;\"><span style=\"font-family: arial, helvetica, sans-serif; font-size: 14pt;\"> 4. Ampliamente utilizado en sistemas de techos, materiales de construcci\u00f3n y otras industrias de procesamiento decorativo.<\/span><\/p>\n<h3 style=\"margin-top: 3rem; background-color: #eee; border: 1px #ddd solid; padding: 0.5rem 1rem;\"><strong><span style=\"font-size: 18pt;\"><span style=\"font-family: arial, helvetica, sans-serif;\">Proceso De Producci\u00f3n<\/span><\/span><\/strong><\/h3>\n<p><span style=\"color: #000000; font-family: arial, helvetica, sans-serif; font-size: 14pt;\">\u00a0 \u00a0Desenrollado \u2014 Nivelado \u2014 Prepunzonado \u2014 Formando \u2014 Corte \u2014 Descarga<\/span><\/p>\n<h3 style=\"margin-top: 3rem; background-color: #eee; border: 1px #ddd solid; padding: 0.5rem 1rem;\"><strong><span style=\"font-family: arial, helvetica, sans-serif; font-size: 18pt;\">Detalle Del Producto<\/span><\/strong><\/h3>\n\n\n<div class=\"wp-block-columns is-layout-flex wp-container-core-columns-is-layout-9d6595d7 wp-block-columns-is-layout-flex\">\n<div class=\"wp-block-column is-layout-flow wp-block-column-is-layout-flow\">\n<figure class=\"wp-block-image size-large\"><img loading=\"lazy\" decoding=\"async\" width=\"1024\" height=\"768\" src=\"https:\/\/www.delirollforming.com\/wp-content\/uploads\/2023\/10\/QQ\u622a\u56fe20231010181906-1024x768.png\" alt=\"\" class=\"wp-image-2809\" srcset=\"https:\/\/www.delirollforming.com\/wp-content\/uploads\/2023\/10\/QQ\u622a\u56fe20231010181906-1024x768.png 1024w, https:\/\/www.delirollforming.com\/wp-content\/uploads\/2023\/10\/QQ\u622a\u56fe20231010181906-300x225.png 300w, https:\/\/www.delirollforming.com\/wp-content\/uploads\/2023\/10\/QQ\u622a\u56fe20231010181906-768x576.png 768w, https:\/\/www.delirollforming.com\/wp-content\/uploads\/2023\/10\/QQ\u622a\u56fe20231010181906.png 1200w\" sizes=\"auto, (max-width: 1024px) 100vw, 1024px\" \/><\/figure>\n<\/div>\n\n\n\n<div class=\"wp-block-column is-layout-flow wp-block-column-is-layout-flow\">\n<figure class=\"wp-block-image size-large\"><img loading=\"lazy\" decoding=\"async\" width=\"1024\" height=\"768\" src=\"https:\/\/www.delirollforming.com\/wp-content\/uploads\/2023\/10\/1-1-1024x768.jpg\" alt=\"\" class=\"wp-image-2817\" srcset=\"https:\/\/www.delirollforming.com\/wp-content\/uploads\/2023\/10\/1-1-1024x768.jpg 1024w, https:\/\/www.delirollforming.com\/wp-content\/uploads\/2023\/10\/1-1-300x225.jpg 300w, https:\/\/www.delirollforming.com\/wp-content\/uploads\/2023\/10\/1-1-768x576.jpg 768w, https:\/\/www.delirollforming.com\/wp-content\/uploads\/2023\/10\/1-1.jpg 1200w\" sizes=\"auto, (max-width: 1024px) 100vw, 1024px\" \/><\/figure>\n<\/div>\n<\/div>\n","protected":false},"excerpt":{"rendered":"<p>Caracter\u00edsticas 1. Aplicable a PPGI de 0,4 mm. 2. Con 40 estaciones de rodillos formadores, precisi\u00f3n del producto de hasta \u00b10,2 mm. 3. No hay ara\u00f1azos en la superficie ni grietas en el revestimiento del borde plegado despu\u00e9s del perfilado. 4. Ampliamente utilizado en sistemas de techos, materiales de construcci\u00f3n y otras industrias de procesamiento [&hellip;]<\/p>\n","protected":false},"featured_media":10212,"template":"","product-type":[127],"class_list":["post-5634","product","type-product","status-publish","has-post-thumbnail","hentry","product-type-construccion"],"uagb_featured_image_src":{"full":["https:\/\/www.delirollforming.com\/wp-content\/uploads\/2023\/10\/lf1-0.jpg",800,450,false],"thumbnail":["https:\/\/www.delirollforming.com\/wp-content\/uploads\/2023\/10\/lf1-0-150x150.jpg",150,150,true],"medium":["https:\/\/www.delirollforming.com\/wp-content\/uploads\/2023\/10\/lf1-0-300x169.jpg",300,169,true],"medium_large":["https:\/\/www.delirollforming.com\/wp-content\/uploads\/2023\/10\/lf1-0-768x432.jpg",768,432,true],"large":["https:\/\/www.delirollforming.com\/wp-content\/uploads\/2023\/10\/lf1-0.jpg",800,450,false],"1536x1536":["https:\/\/www.delirollforming.com\/wp-content\/uploads\/2023\/10\/lf1-0.jpg",800,450,false],"2048x2048":["https:\/\/www.delirollforming.com\/wp-content\/uploads\/2023\/10\/lf1-0.jpg",800,450,false],"book-image":["https:\/\/www.delirollforming.com\/wp-content\/uploads\/2023\/10\/lf1-0-480x450.jpg",480,450,true]},"uagb_author_info":{"display_name":"deli","author_link":"https:\/\/www.delirollforming.com\/es\/author\/"},"uagb_comment_info":0,"uagb_excerpt":"Caracter\u00edsticas 1. Aplicable a PPGI de 0,4 mm. 2. Con 40 estaciones de rodillos formadores, precisi\u00f3n del producto de hasta \u00b10,2 mm. 3. No hay ara\u00f1azos en la superficie ni grietas en el revestimiento del borde plegado despu\u00e9s del perfilado. 4. Ampliamente utilizado en sistemas de techos, materiales de construcci\u00f3n y otras industrias de procesamiento&hellip;","meta_box":{"photos":[{"width":150,"height":150,"file":"2023\/10\/\u706f\u7f69\u5e95\u58f3-1-1.png","filesize":982624,"sizes":{"medium":{"file":"\u706f\u7f69\u5e95\u58f3-1-1-300x225.png","width":300,"height":225,"mime-type":"image\/png","filesize":79713,"url":"https:\/\/www.delirollforming.com\/wp-content\/uploads\/2023\/10\/\u706f\u7f69\u5e95\u58f3-1-1-300x225.png"},"large":{"file":"\u706f\u7f69\u5e95\u58f3-1-1-1024x768.png","width":1024,"height":768,"mime-type":"image\/png","filesize":696031,"url":"https:\/\/www.delirollforming.com\/wp-content\/uploads\/2023\/10\/\u706f\u7f69\u5e95\u58f3-1-1-1024x768.png"},"thumbnail":{"file":"\u706f\u7f69\u5e95\u58f3-1-1-150x150.png","width":150,"height":150,"mime-type":"image\/png","filesize":32135,"url":"https:\/\/www.delirollforming.com\/wp-content\/uploads\/2023\/10\/\u706f\u7f69\u5e95\u58f3-1-1-150x150.png"},"medium_large":{"file":"\u706f\u7f69\u5e95\u58f3-1-1-768x576.png","width":768,"height":576,"mime-type":"image\/png","filesize":418597,"url":"https:\/\/www.delirollforming.com\/wp-content\/uploads\/2023\/10\/\u706f\u7f69\u5e95\u58f3-1-1-768x576.png"},"book-image":{"file":"\u706f\u7f69\u5e95\u58f3-1-1-480x640.png","width":480,"height":640,"mime-type":"image\/png","filesize":307349,"url":"https:\/\/www.delirollforming.com\/wp-content\/uploads\/2023\/10\/\u706f\u7f69\u5e95\u58f3-1-1-480x640.png"}},"image_meta":{"aperture":"0","credit":"","camera":"","caption":"","created_timestamp":"0","copyright":"","focal_length":"0","iso":"0","shutter_speed":"0","title":"","orientation":"0","keywords":[]},"ID":"2801","name":"\u706f\u7f69\u5e95\u58f3-1-1.png","path":"\/www\/wwwroot\/www.delirollforming.com\/wp-content\/uploads\/2023\/10\/\u706f\u7f69\u5e95\u58f3-1-1.png","url":"https:\/\/www.delirollforming.com\/wp-content\/uploads\/2023\/10\/\u706f\u7f69\u5e95\u58f3-1-1-150x150.png","full_url":"https:\/\/www.delirollforming.com\/wp-content\/uploads\/2023\/10\/\u706f\u7f69\u5e95\u58f3-1-1.png","title":"\u706f\u7f69\u5e95\u58f3-1-1","caption":"","description":"","alt":"","srcset":false},{"width":150,"height":150,"file":"2023\/10\/\u706f\u7f69\u5e95\u58f3-6-2.jpg","filesize":318421,"sizes":{"medium":{"file":"\u706f\u7f69\u5e95\u58f3-6-2-300x225.jpg","width":300,"height":225,"mime-type":"image\/jpeg","filesize":15663,"url":"https:\/\/www.delirollforming.com\/wp-content\/uploads\/2023\/10\/\u706f\u7f69\u5e95\u58f3-6-2-300x225.jpg"},"large":{"file":"\u706f\u7f69\u5e95\u58f3-6-2-1024x768.jpg","width":1024,"height":768,"mime-type":"image\/jpeg","filesize":88499,"url":"https:\/\/www.delirollforming.com\/wp-content\/uploads\/2023\/10\/\u706f\u7f69\u5e95\u58f3-6-2-1024x768.jpg"},"thumbnail":{"file":"\u706f\u7f69\u5e95\u58f3-6-2-150x150.jpg","width":150,"height":150,"mime-type":"image\/jpeg","filesize":6957,"url":"https:\/\/www.delirollforming.com\/wp-content\/uploads\/2023\/10\/\u706f\u7f69\u5e95\u58f3-6-2-150x150.jpg"},"medium_large":{"file":"\u706f\u7f69\u5e95\u58f3-6-2-768x576.jpg","width":768,"height":576,"mime-type":"image\/jpeg","filesize":58692,"url":"https:\/\/www.delirollforming.com\/wp-content\/uploads\/2023\/10\/\u706f\u7f69\u5e95\u58f3-6-2-768x576.jpg"},"book-image":{"file":"\u706f\u7f69\u5e95\u58f3-6-2-480x640.jpg","width":480,"height":640,"mime-type":"image\/jpeg","filesize":39671,"url":"https:\/\/www.delirollforming.com\/wp-content\/uploads\/2023\/10\/\u706f\u7f69\u5e95\u58f3-6-2-480x640.jpg"}},"image_meta":{"aperture":"0","credit":"","camera":"","caption":"","created_timestamp":"0","copyright":"","focal_length":"0","iso":"0","shutter_speed":"0","title":"","orientation":"0","keywords":[]},"ID":"2793","name":"\u706f\u7f69\u5e95\u58f3-6-2.jpg","path":"\/www\/wwwroot\/www.delirollforming.com\/wp-content\/uploads\/2023\/10\/\u706f\u7f69\u5e95\u58f3-6-2.jpg","url":"https:\/\/www.delirollforming.com\/wp-content\/uploads\/2023\/10\/\u706f\u7f69\u5e95\u58f3-6-2-150x150.jpg","full_url":"https:\/\/www.delirollforming.com\/wp-content\/uploads\/2023\/10\/\u706f\u7f69\u5e95\u58f3-6-2.jpg","title":"\u706f\u7f69\u5e95\u58f3-6-2","caption":"","description":"","alt":"","srcset":false},{"width":150,"height":150,"file":"2023\/10\/\u706f\u7f69\u5e95\u58f3-3-2.jpg","filesize":341382,"sizes":{"medium":{"file":"\u706f\u7f69\u5e95\u58f3-3-2-300x225.jpg","width":300,"height":225,"mime-type":"image\/jpeg","filesize":15329,"url":"https:\/\/www.delirollforming.com\/wp-content\/uploads\/2023\/10\/\u706f\u7f69\u5e95\u58f3-3-2-300x225.jpg"},"large":{"file":"\u706f\u7f69\u5e95\u58f3-3-2-1024x768.jpg","width":1024,"height":768,"mime-type":"image\/jpeg","filesize":93117,"url":"https:\/\/www.delirollforming.com\/wp-content\/uploads\/2023\/10\/\u706f\u7f69\u5e95\u58f3-3-2-1024x768.jpg"},"thumbnail":{"file":"\u706f\u7f69\u5e95\u58f3-3-2-150x150.jpg","width":150,"height":150,"mime-type":"image\/jpeg","filesize":6471,"url":"https:\/\/www.delirollforming.com\/wp-content\/uploads\/2023\/10\/\u706f\u7f69\u5e95\u58f3-3-2-150x150.jpg"},"medium_large":{"file":"\u706f\u7f69\u5e95\u58f3-3-2-768x576.jpg","width":768,"height":576,"mime-type":"image\/jpeg","filesize":60011,"url":"https:\/\/www.delirollforming.com\/wp-content\/uploads\/2023\/10\/\u706f\u7f69\u5e95\u58f3-3-2-768x576.jpg"},"book-image":{"file":"\u706f\u7f69\u5e95\u58f3-3-2-480x640.jpg","width":480,"height":640,"mime-type":"image\/jpeg","filesize":37066,"url":"https:\/\/www.delirollforming.com\/wp-content\/uploads\/2023\/10\/\u706f\u7f69\u5e95\u58f3-3-2-480x640.jpg"}},"image_meta":{"aperture":"0","credit":"","camera":"","caption":"","created_timestamp":"0","copyright":"","focal_length":"0","iso":"0","shutter_speed":"0","title":"","orientation":"0","keywords":[]},"ID":"2785","name":"\u706f\u7f69\u5e95\u58f3-3-2.jpg","path":"\/www\/wwwroot\/www.delirollforming.com\/wp-content\/uploads\/2023\/10\/\u706f\u7f69\u5e95\u58f3-3-2.jpg","url":"https:\/\/www.delirollforming.com\/wp-content\/uploads\/2023\/10\/\u706f\u7f69\u5e95\u58f3-3-2-150x150.jpg","full_url":"https:\/\/www.delirollforming.com\/wp-content\/uploads\/2023\/10\/\u706f\u7f69\u5e95\u58f3-3-2.jpg","title":"\u706f\u7f69\u5e95\u58f3-3-2","caption":"","description":"","alt":"","srcset":false},{"width":150,"height":150,"file":"2023\/10\/\u706f\u7f69\u5e95\u58f3-2-2.jpg","filesize":404919,"sizes":{"medium":{"file":"\u706f\u7f69\u5e95\u58f3-2-2-300x225.jpg","width":300,"height":225,"mime-type":"image\/jpeg","filesize":19070,"url":"https:\/\/www.delirollforming.com\/wp-content\/uploads\/2023\/10\/\u706f\u7f69\u5e95\u58f3-2-2-300x225.jpg"},"large":{"file":"\u706f\u7f69\u5e95\u58f3-2-2-1024x768.jpg","width":1024,"height":768,"mime-type":"image\/jpeg","filesize":118162,"url":"https:\/\/www.delirollforming.com\/wp-content\/uploads\/2023\/10\/\u706f\u7f69\u5e95\u58f3-2-2-1024x768.jpg"},"thumbnail":{"file":"\u706f\u7f69\u5e95\u58f3-2-2-150x150.jpg","width":150,"height":150,"mime-type":"image\/jpeg","filesize":8515,"url":"https:\/\/www.delirollforming.com\/wp-content\/uploads\/2023\/10\/\u706f\u7f69\u5e95\u58f3-2-2-150x150.jpg"},"medium_large":{"file":"\u706f\u7f69\u5e95\u58f3-2-2-768x576.jpg","width":768,"height":576,"mime-type":"image\/jpeg","filesize":76926,"url":"https:\/\/www.delirollforming.com\/wp-content\/uploads\/2023\/10\/\u706f\u7f69\u5e95\u58f3-2-2-768x576.jpg"},"book-image":{"file":"\u706f\u7f69\u5e95\u58f3-2-2-480x640.jpg","width":480,"height":640,"mime-type":"image\/jpeg","filesize":60556,"url":"https:\/\/www.delirollforming.com\/wp-content\/uploads\/2023\/10\/\u706f\u7f69\u5e95\u58f3-2-2-480x640.jpg"}},"image_meta":{"aperture":"0","credit":"","camera":"","caption":"","created_timestamp":"0","copyright":"","focal_length":"0","iso":"0","shutter_speed":"0","title":"","orientation":"0","keywords":[]},"ID":"2781","name":"\u706f\u7f69\u5e95\u58f3-2-2.jpg","path":"\/www\/wwwroot\/www.delirollforming.com\/wp-content\/uploads\/2023\/10\/\u706f\u7f69\u5e95\u58f3-2-2.jpg","url":"https:\/\/www.delirollforming.com\/wp-content\/uploads\/2023\/10\/\u706f\u7f69\u5e95\u58f3-2-2-150x150.jpg","full_url":"https:\/\/www.delirollforming.com\/wp-content\/uploads\/2023\/10\/\u706f\u7f69\u5e95\u58f3-2-2.jpg","title":"\u706f\u7f69\u5e95\u58f3-2-2","caption":"","description":"","alt":"","srcset":false},{"width":150,"height":150,"file":"2023\/10\/\u706f\u7f69\u5e95\u58f3-4-2.jpg","filesize":487760,"sizes":{"medium":{"file":"\u706f\u7f69\u5e95\u58f3-4-2-300x225.jpg","width":300,"height":225,"mime-type":"image\/jpeg","filesize":20405,"url":"https:\/\/www.delirollforming.com\/wp-content\/uploads\/2023\/10\/\u706f\u7f69\u5e95\u58f3-4-2-300x225.jpg"},"large":{"file":"\u706f\u7f69\u5e95\u58f3-4-2-1024x768.jpg","width":1024,"height":768,"mime-type":"image\/jpeg","filesize":136268,"url":"https:\/\/www.delirollforming.com\/wp-content\/uploads\/2023\/10\/\u706f\u7f69\u5e95\u58f3-4-2-1024x768.jpg"},"thumbnail":{"file":"\u706f\u7f69\u5e95\u58f3-4-2-150x150.jpg","width":150,"height":150,"mime-type":"image\/jpeg","filesize":8716,"url":"https:\/\/www.delirollforming.com\/wp-content\/uploads\/2023\/10\/\u706f\u7f69\u5e95\u58f3-4-2-150x150.jpg"},"medium_large":{"file":"\u706f\u7f69\u5e95\u58f3-4-2-768x576.jpg","width":768,"height":576,"mime-type":"image\/jpeg","filesize":86694,"url":"https:\/\/www.delirollforming.com\/wp-content\/uploads\/2023\/10\/\u706f\u7f69\u5e95\u58f3-4-2-768x576.jpg"},"book-image":{"file":"\u706f\u7f69\u5e95\u58f3-4-2-480x640.jpg","width":480,"height":640,"mime-type":"image\/jpeg","filesize":60686,"url":"https:\/\/www.delirollforming.com\/wp-content\/uploads\/2023\/10\/\u706f\u7f69\u5e95\u58f3-4-2-480x640.jpg"}},"image_meta":{"aperture":"0","credit":"","camera":"","caption":"","created_timestamp":"0","copyright":"","focal_length":"0","iso":"0","shutter_speed":"0","title":"","orientation":"0","keywords":[]},"ID":"2789","name":"\u706f\u7f69\u5e95\u58f3-4-2.jpg","path":"\/www\/wwwroot\/www.delirollforming.com\/wp-content\/uploads\/2023\/10\/\u706f\u7f69\u5e95\u58f3-4-2.jpg","url":"https:\/\/www.delirollforming.com\/wp-content\/uploads\/2023\/10\/\u706f\u7f69\u5e95\u58f3-4-2-150x150.jpg","full_url":"https:\/\/www.delirollforming.com\/wp-content\/uploads\/2023\/10\/\u706f\u7f69\u5e95\u58f3-4-2.jpg","title":"\u706f\u7f69\u5e95\u58f3-4-2","caption":"","description":"","alt":"","srcset":false},{"width":150,"height":150,"file":"2023\/10\/\u706f\u7f69\u5e95\u58f3-5-2.jpg","filesize":255670,"sizes":{"medium":{"file":"\u706f\u7f69\u5e95\u58f3-5-2-300x225.jpg","width":300,"height":225,"mime-type":"image\/jpeg","filesize":13405,"url":"https:\/\/www.delirollforming.com\/wp-content\/uploads\/2023\/10\/\u706f\u7f69\u5e95\u58f3-5-2-300x225.jpg"},"large":{"file":"\u706f\u7f69\u5e95\u58f3-5-2-1024x768.jpg","width":1024,"height":768,"mime-type":"image\/jpeg","filesize":68496,"url":"https:\/\/www.delirollforming.com\/wp-content\/uploads\/2023\/10\/\u706f\u7f69\u5e95\u58f3-5-2-1024x768.jpg"},"thumbnail":{"file":"\u706f\u7f69\u5e95\u58f3-5-2-150x150.jpg","width":150,"height":150,"mime-type":"image\/jpeg","filesize":5985,"url":"https:\/\/www.delirollforming.com\/wp-content\/uploads\/2023\/10\/\u706f\u7f69\u5e95\u58f3-5-2-150x150.jpg"},"medium_large":{"file":"\u706f\u7f69\u5e95\u58f3-5-2-768x576.jpg","width":768,"height":576,"mime-type":"image\/jpeg","filesize":46275,"url":"https:\/\/www.delirollforming.com\/wp-content\/uploads\/2023\/10\/\u706f\u7f69\u5e95\u58f3-5-2-768x576.jpg"},"book-image":{"file":"\u706f\u7f69\u5e95\u58f3-5-2-480x640.jpg","width":480,"height":640,"mime-type":"image\/jpeg","filesize":28191,"url":"https:\/\/www.delirollforming.com\/wp-content\/uploads\/2023\/10\/\u706f\u7f69\u5e95\u58f3-5-2-480x640.jpg"}},"image_meta":{"aperture":"0","credit":"","camera":"","caption":"","created_timestamp":"0","copyright":"","focal_length":"0","iso":"0","shutter_speed":"0","title":"","orientation":"0","keywords":[]},"ID":"2797","name":"\u706f\u7f69\u5e95\u58f3-5-2.jpg","path":"\/www\/wwwroot\/www.delirollforming.com\/wp-content\/uploads\/2023\/10\/\u706f\u7f69\u5e95\u58f3-5-2.jpg","url":"https:\/\/www.delirollforming.com\/wp-content\/uploads\/2023\/10\/\u706f\u7f69\u5e95\u58f3-5-2-150x150.jpg","full_url":"https:\/\/www.delirollforming.com\/wp-content\/uploads\/2023\/10\/\u706f\u7f69\u5e95\u58f3-5-2.jpg","title":"\u706f\u7f69\u5e95\u58f3-5-2","caption":"","description":"","alt":"","srcset":false},{"width":150,"height":150,"file":"2023\/10\/\u706f\u7f69\u5e95\u58f3-1-2.jpg","filesize":428289,"sizes":{"medium":{"file":"\u706f\u7f69\u5e95\u58f3-1-2-300x225.jpg","width":300,"height":225,"mime-type":"image\/jpeg","filesize":22998,"url":"https:\/\/www.delirollforming.com\/wp-content\/uploads\/2023\/10\/\u706f\u7f69\u5e95\u58f3-1-2-300x225.jpg"},"large":{"file":"\u706f\u7f69\u5e95\u58f3-1-2-1024x768.jpg","width":1024,"height":768,"mime-type":"image\/jpeg","filesize":128588,"url":"https:\/\/www.delirollforming.com\/wp-content\/uploads\/2023\/10\/\u706f\u7f69\u5e95\u58f3-1-2-1024x768.jpg"},"thumbnail":{"file":"\u706f\u7f69\u5e95\u58f3-1-2-150x150.jpg","width":150,"height":150,"mime-type":"image\/jpeg","filesize":9648,"url":"https:\/\/www.delirollforming.com\/wp-content\/uploads\/2023\/10\/\u706f\u7f69\u5e95\u58f3-1-2-150x150.jpg"},"medium_large":{"file":"\u706f\u7f69\u5e95\u58f3-1-2-768x576.jpg","width":768,"height":576,"mime-type":"image\/jpeg","filesize":86222,"url":"https:\/\/www.delirollforming.com\/wp-content\/uploads\/2023\/10\/\u706f\u7f69\u5e95\u58f3-1-2-768x576.jpg"},"book-image":{"file":"\u706f\u7f69\u5e95\u58f3-1-2-480x640.jpg","width":480,"height":640,"mime-type":"image\/jpeg","filesize":60001,"url":"https:\/\/www.delirollforming.com\/wp-content\/uploads\/2023\/10\/\u706f\u7f69\u5e95\u58f3-1-2-480x640.jpg"}},"image_meta":{"aperture":"0","credit":"","camera":"","caption":"","created_timestamp":"0","copyright":"","focal_length":"0","iso":"0","shutter_speed":"0","title":"","orientation":"0","keywords":[]},"ID":"2777","name":"\u706f\u7f69\u5e95\u58f3-1-2.jpg","path":"\/www\/wwwroot\/www.delirollforming.com\/wp-content\/uploads\/2023\/10\/\u706f\u7f69\u5e95\u58f3-1-2.jpg","url":"https:\/\/www.delirollforming.com\/wp-content\/uploads\/2023\/10\/\u706f\u7f69\u5e95\u58f3-1-2-150x150.jpg","full_url":"https:\/\/www.delirollforming.com\/wp-content\/uploads\/2023\/10\/\u706f\u7f69\u5e95\u58f3-1-2.jpg","title":"\u706f\u7f69\u5e95\u58f3-1-2","caption":"","description":"","alt":"","srcset":false},{"width":150,"height":150,"file":"2023\/10\/\u706f\u7f69\u5e95\u58f3-2.png","filesize":340492,"sizes":{"medium":{"file":"\u706f\u7f69\u5e95\u58f3-2-300x225.png","width":300,"height":225,"mime-type":"image\/png","filesize":24650,"url":"https:\/\/www.delirollforming.com\/wp-content\/uploads\/2023\/10\/\u706f\u7f69\u5e95\u58f3-2-300x225.png"},"large":{"file":"\u706f\u7f69\u5e95\u58f3-2-1024x768.png","width":1024,"height":768,"mime-type":"image\/png","filesize":236924,"url":"https:\/\/www.delirollforming.com\/wp-content\/uploads\/2023\/10\/\u706f\u7f69\u5e95\u58f3-2-1024x768.png"},"thumbnail":{"file":"\u706f\u7f69\u5e95\u58f3-2-150x150.png","width":150,"height":150,"mime-type":"image\/png","filesize":8878,"url":"https:\/\/www.delirollforming.com\/wp-content\/uploads\/2023\/10\/\u706f\u7f69\u5e95\u58f3-2-150x150.png"},"medium_large":{"file":"\u706f\u7f69\u5e95\u58f3-2-768x576.png","width":768,"height":576,"mime-type":"image\/png","filesize":141649,"url":"https:\/\/www.delirollforming.com\/wp-content\/uploads\/2023\/10\/\u706f\u7f69\u5e95\u58f3-2-768x576.png"},"book-image":{"file":"\u706f\u7f69\u5e95\u58f3-2-480x640.png","width":480,"height":640,"mime-type":"image\/png","filesize":98217,"url":"https:\/\/www.delirollforming.com\/wp-content\/uploads\/2023\/10\/\u706f\u7f69\u5e95\u58f3-2-480x640.png"}},"image_meta":{"aperture":"0","credit":"","camera":"","caption":"","created_timestamp":"0","copyright":"","focal_length":"0","iso":"0","shutter_speed":"0","title":"","orientation":"0","keywords":[]},"ID":"2741","name":"\u706f\u7f69\u5e95\u58f3-2.png","path":"\/www\/wwwroot\/www.delirollforming.com\/wp-content\/uploads\/2023\/10\/\u706f\u7f69\u5e95\u58f3-2.png","url":"https:\/\/www.delirollforming.com\/wp-content\/uploads\/2023\/10\/\u706f\u7f69\u5e95\u58f3-2-150x150.png","full_url":"https:\/\/www.delirollforming.com\/wp-content\/uploads\/2023\/10\/\u706f\u7f69\u5e95\u58f3-2.png","title":"\u706f\u7f69\u5e95\u58f3-2","caption":"","description":"","alt":"","srcset":false},{"width":150,"height":150,"file":"2023\/10\/\u706f\u7f69\u5e95\u58f3-3.png","filesize":375282,"sizes":{"medium":{"file":"\u706f\u7f69\u5e95\u58f3-3-300x225.png","width":300,"height":225,"mime-type":"image\/png","filesize":28362,"url":"https:\/\/www.delirollforming.com\/wp-content\/uploads\/2023\/10\/\u706f\u7f69\u5e95\u58f3-3-300x225.png"},"large":{"file":"\u706f\u7f69\u5e95\u58f3-3-1024x768.png","width":1024,"height":768,"mime-type":"image\/png","filesize":260865,"url":"https:\/\/www.delirollforming.com\/wp-content\/uploads\/2023\/10\/\u706f\u7f69\u5e95\u58f3-3-1024x768.png"},"thumbnail":{"file":"\u706f\u7f69\u5e95\u58f3-3-150x150.png","width":150,"height":150,"mime-type":"image\/png","filesize":10068,"url":"https:\/\/www.delirollforming.com\/wp-content\/uploads\/2023\/10\/\u706f\u7f69\u5e95\u58f3-3-150x150.png"},"medium_large":{"file":"\u706f\u7f69\u5e95\u58f3-3-768x576.png","width":768,"height":576,"mime-type":"image\/png","filesize":156631,"url":"https:\/\/www.delirollforming.com\/wp-content\/uploads\/2023\/10\/\u706f\u7f69\u5e95\u58f3-3-768x576.png"},"book-image":{"file":"\u706f\u7f69\u5e95\u58f3-3-480x640.png","width":480,"height":640,"mime-type":"image\/png","filesize":106498,"url":"https:\/\/www.delirollforming.com\/wp-content\/uploads\/2023\/10\/\u706f\u7f69\u5e95\u58f3-3-480x640.png"}},"image_meta":{"aperture":"0","credit":"","camera":"","caption":"","created_timestamp":"0","copyright":"","focal_length":"0","iso":"0","shutter_speed":"0","title":"","orientation":"0","keywords":[]},"ID":"2749","name":"\u706f\u7f69\u5e95\u58f3-3.png","path":"\/www\/wwwroot\/www.delirollforming.com\/wp-content\/uploads\/2023\/10\/\u706f\u7f69\u5e95\u58f3-3.png","url":"https:\/\/www.delirollforming.com\/wp-content\/uploads\/2023\/10\/\u706f\u7f69\u5e95\u58f3-3-150x150.png","full_url":"https:\/\/www.delirollforming.com\/wp-content\/uploads\/2023\/10\/\u706f\u7f69\u5e95\u58f3-3.png","title":"\u706f\u7f69\u5e95\u58f3-3","caption":"","description":"","alt":"","srcset":false}],"parameters":[{"propertyName":"Material","propertyValue":"Acero PPGI"},{"propertyName":"Profile Size","propertyValue":"230*29mm (Personalizable)"},{"propertyName":"Material Thickness","propertyValue":"0.4mm"},{"propertyName":"Profile Accuracy","propertyValue":"\u00b10.2mm"},{"propertyName":"Forming Rollers","propertyValue":"40"},{"propertyName":"Width Adjustable","propertyValue":"No"},{"propertyName":"Running Speed","propertyValue":"4-6m\/min"},{"propertyName":"Height Adjustable","propertyValue":"No"}],"background":{"width":150,"height":150,"file":"2023\/04\/6978355.png","filesize":1643212,"sizes":{"medium":{"file":"6978355-300x156.png","width":300,"height":156,"mime-type":"image\/png","filesize":112561,"url":"https:\/\/www.delirollforming.com\/wp-content\/uploads\/2023\/04\/6978355-300x156.png"},"large":{"file":"6978355-1024x533.png","width":1024,"height":533,"mime-type":"image\/png","filesize":1259588,"url":"https:\/\/www.delirollforming.com\/wp-content\/uploads\/2023\/04\/6978355-1024x533.png"},"thumbnail":{"file":"6978355-150x150.png","width":150,"height":150,"mime-type":"image\/png","filesize":55589,"url":"https:\/\/www.delirollforming.com\/wp-content\/uploads\/2023\/04\/6978355-150x150.png"},"medium_large":{"file":"6978355-768x400.png","width":768,"height":400,"mime-type":"image\/png","filesize":723593,"url":"https:\/\/www.delirollforming.com\/wp-content\/uploads\/2023\/04\/6978355-768x400.png"},"1536x1536":{"file":"6978355-1536x800.png","width":1536,"height":800,"mime-type":"image\/png","filesize":2601526,"url":"https:\/\/www.delirollforming.com\/wp-content\/uploads\/2023\/04\/6978355-1536x800.png"},"book-image":{"file":"6978355-480x640.png","width":480,"height":640,"mime-type":"image\/png","filesize":725056,"url":"https:\/\/www.delirollforming.com\/wp-content\/uploads\/2023\/04\/6978355-480x640.png"}},"image_meta":{"aperture":"0","credit":"","camera":"","caption":"","created_timestamp":"0","copyright":"","focal_length":"0","iso":"0","shutter_speed":"0","title":"","orientation":"0","keywords":[]},"ID":"2605","name":"6978355.png","path":"\/www\/wwwroot\/www.delirollforming.com\/wp-content\/uploads\/2023\/04\/6978355.png","url":"https:\/\/www.delirollforming.com\/wp-content\/uploads\/2023\/04\/6978355-150x150.png","full_url":"https:\/\/www.delirollforming.com\/wp-content\/uploads\/2023\/04\/6978355.png","title":"6978355","caption":"","description":"","alt":"","srcset":false},"showInHome":"0"},"_links":{"self":[{"href":"https:\/\/www.delirollforming.com\/es\/wp-json\/wp\/v2\/product\/5634","targetHints":{"allow":["GET"]}}],"collection":[{"href":"https:\/\/www.delirollforming.com\/es\/wp-json\/wp\/v2\/product"}],"about":[{"href":"https:\/\/www.delirollforming.com\/es\/wp-json\/wp\/v2\/types\/product"}],"wp:featuredmedia":[{"embeddable":true,"href":"https:\/\/www.delirollforming.com\/es\/wp-json\/wp\/v2\/media\/10212"}],"wp:attachment":[{"href":"https:\/\/www.delirollforming.com\/es\/wp-json\/wp\/v2\/media?parent=5634"}],"wp:term":[{"taxonomy":"product-type","embeddable":true,"href":"https:\/\/www.delirollforming.com\/es\/wp-json\/wp\/v2\/product-type?post=5634"}],"curies":[{"name":"wp","href":"https:\/\/api.w.org\/{rel}","templated":true}]}}