{"id":5631,"date":"2023-10-10T15:03:13","date_gmt":"2023-10-10T07:03:13","guid":{"rendered":"https:\/\/www.delirollforming.com\/product\/mounting-profile-for-side-tile-production-line-2\/"},"modified":"2026-01-19T16:46:02","modified_gmt":"2026-01-19T08:46:02","slug":"revestimiento-de-ladrillo","status":"publish","type":"product","link":"https:\/\/www.delirollforming.com\/es\/product\/revestimiento-de-ladrillo\/","title":{"rendered":"M\u00e1quina formadora de canales para rieles de sistemas de fachada de ladrillo | L\u00ednea de producci\u00f3n de rieles de soporte para sistemas de revestimiento de ladrillo"},"content":{"rendered":"\n<figure class=\"wp-block-video\"><video height=\"720\" style=\"aspect-ratio: 1280 \/ 720;\" width=\"1280\" controls src=\"https:\/\/www.delirollforming.com\/wp-content\/uploads\/2023\/10\/\u5899\u9762\u74e6\u6302\u6761-\u4e2d\u82f1-720P.mp4\"><\/video><\/figure>\n\n\n<h3 style=\"margin-top: 3rem; background-color: #eee; border: 1px #ddd solid; padding: 0.5rem 1rem;\"><span style=\"font-size: 18pt; font-family: arial, helvetica, sans-serif;\">Caracter\u00edsticas<\/span><\/h3>\n<p>M\u00e1quina formadora de canales para rieles de sistemas de fachada de ladrillo<\/p>\n<p>L\u00ednea de producci\u00f3n de rieles de soporte para sistemas de revestimiento de ladrillo<\/p>\n<p>1. El riel est\u00e1 hecho de acero prepintado, por lo que no requiere recubrimiento despu\u00e9s del conformado.<\/p>\n<p>2. Operaci\u00f3n c\u00f3moda y sencilla.<\/p>\n<p>2. Alta precisi\u00f3n en los productos terminados, sin rayones ni grietas.<\/p>\n<p>3. Alta eficiencia de producci\u00f3n: el punzonado, conformado y corte se pueden realizar simult\u00e1neamente.<\/p>\n<h3 style=\"margin-top: 3rem; background-color: #eee; border: 1px #ddd solid; padding: 0.5rem 1rem;\"><span style=\"font-family: arial, helvetica, sans-serif; font-size: 18pt;\">Proceso De Producci\u00f3n<\/span><\/h3>\n<p><span style=\"color: #000000; font-family: arial, helvetica, sans-serif; font-size: 14pt;\">\u00a0 Desenrollado \u2014 Nivelado \u2014 Prepunzonado \u2014 Formando \u2014 Corte \u2014 Descarga<\/span><\/p>\n<h3 style=\"margin-top: 3rem; background-color: #eee; border: 1px #ddd solid; padding: 0.5rem 1rem;\"><span style=\"font-family: arial, helvetica, sans-serif; font-size: 18pt;\">Aplicaci\u00f3n Del Producto<\/span><\/h3>\n\n\n<div class=\"wp-block-columns is-layout-flex wp-container-core-columns-is-layout-9d6595d7 wp-block-columns-is-layout-flex\">\n<div class=\"wp-block-column is-layout-flow wp-block-column-is-layout-flow\">\n<figure class=\"wp-block-image size-large\"><img loading=\"lazy\" decoding=\"async\" width=\"1024\" height=\"768\" src=\"https:\/\/www.delirollforming.com\/wp-content\/uploads\/2023\/10\/QQ\u622a\u56fe20231010141326-1024x768.png\" alt=\"\" class=\"wp-image-2674\" srcset=\"https:\/\/www.delirollforming.com\/wp-content\/uploads\/2023\/10\/QQ\u622a\u56fe20231010141326-1024x768.png 1024w, https:\/\/www.delirollforming.com\/wp-content\/uploads\/2023\/10\/QQ\u622a\u56fe20231010141326-300x225.png 300w, https:\/\/www.delirollforming.com\/wp-content\/uploads\/2023\/10\/QQ\u622a\u56fe20231010141326-768x576.png 768w, https:\/\/www.delirollforming.com\/wp-content\/uploads\/2023\/10\/QQ\u622a\u56fe20231010141326.png 1200w\" sizes=\"auto, (max-width: 1024px) 100vw, 1024px\" \/><\/figure>\n<\/div>\n\n\n\n<div class=\"wp-block-column is-layout-flow wp-block-column-is-layout-flow\">\n<figure class=\"wp-block-image size-large\"><img loading=\"lazy\" decoding=\"async\" width=\"1024\" height=\"768\" src=\"https:\/\/www.delirollforming.com\/wp-content\/uploads\/2023\/10\/QQ\u622a\u56fe20231010141401-1024x768.png\" alt=\"\" class=\"wp-image-2670\" srcset=\"https:\/\/www.delirollforming.com\/wp-content\/uploads\/2023\/10\/QQ\u622a\u56fe20231010141401-1024x768.png 1024w, https:\/\/www.delirollforming.com\/wp-content\/uploads\/2023\/10\/QQ\u622a\u56fe20231010141401-300x225.png 300w, https:\/\/www.delirollforming.com\/wp-content\/uploads\/2023\/10\/QQ\u622a\u56fe20231010141401-768x576.png 768w, https:\/\/www.delirollforming.com\/wp-content\/uploads\/2023\/10\/QQ\u622a\u56fe20231010141401.png 1200w\" sizes=\"auto, (max-width: 1024px) 100vw, 1024px\" \/><\/figure>\n<\/div>\n<\/div>\n","protected":false},"excerpt":{"rendered":"<p>Caracter\u00edsticas M\u00e1quina formadora de canales para rieles de sistemas de fachada de ladrillo L\u00ednea de producci\u00f3n de rieles de soporte para sistemas de revestimiento de ladrillo 1. El riel est\u00e1 hecho de acero prepintado, por lo que no requiere recubrimiento despu\u00e9s del conformado. 2. Operaci\u00f3n c\u00f3moda y sencilla. 2. Alta precisi\u00f3n en los productos terminados, [&hellip;]<\/p>\n","protected":false},"featured_media":10447,"template":"","product-type":[127],"class_list":["post-5631","product","type-product","status-publish","has-post-thumbnail","hentry","product-type-construccion"],"uagb_featured_image_src":{"full":["https:\/\/www.delirollforming.com\/wp-content\/uploads\/2023\/10\/bs1.jpg",1000,562,false],"thumbnail":["https:\/\/www.delirollforming.com\/wp-content\/uploads\/2023\/10\/bs1-150x150.jpg",150,150,true],"medium":["https:\/\/www.delirollforming.com\/wp-content\/uploads\/2023\/10\/bs1-300x169.jpg",300,169,true],"medium_large":["https:\/\/www.delirollforming.com\/wp-content\/uploads\/2023\/10\/bs1-768x432.jpg",768,432,true],"large":["https:\/\/www.delirollforming.com\/wp-content\/uploads\/2023\/10\/bs1.jpg",1000,562,false],"1536x1536":["https:\/\/www.delirollforming.com\/wp-content\/uploads\/2023\/10\/bs1.jpg",1000,562,false],"2048x2048":["https:\/\/www.delirollforming.com\/wp-content\/uploads\/2023\/10\/bs1.jpg",1000,562,false],"book-image":["https:\/\/www.delirollforming.com\/wp-content\/uploads\/2023\/10\/bs1-480x562.jpg",480,562,true]},"uagb_author_info":{"display_name":"deli","author_link":"https:\/\/www.delirollforming.com\/es\/author\/"},"uagb_comment_info":0,"uagb_excerpt":"Caracter\u00edsticas M\u00e1quina formadora de canales para rieles de sistemas de fachada de ladrillo L\u00ednea de producci\u00f3n de rieles de soporte para sistemas de revestimiento de ladrillo 1. El riel est\u00e1 hecho de acero prepintado, por lo que no requiere recubrimiento despu\u00e9s del conformado. 2. Operaci\u00f3n c\u00f3moda y sencilla. 2. Alta precisi\u00f3n en los productos terminados,&hellip;","meta_box":{"photos":[{"width":150,"height":150,"file":"2023\/10\/\u5c01\u9762.png","filesize":939190,"sizes":{"medium":{"file":"\u5c01\u9762-300x225.png","width":300,"height":225,"mime-type":"image\/png","filesize":67006,"url":"https:\/\/www.delirollforming.com\/wp-content\/uploads\/2023\/10\/\u5c01\u9762-300x225.png"},"large":{"file":"\u5c01\u9762-1024x768.png","width":1024,"height":768,"mime-type":"image\/png","filesize":638070,"url":"https:\/\/www.delirollforming.com\/wp-content\/uploads\/2023\/10\/\u5c01\u9762-1024x768.png"},"thumbnail":{"file":"\u5c01\u9762-150x150.png","width":150,"height":150,"mime-type":"image\/png","filesize":23927,"url":"https:\/\/www.delirollforming.com\/wp-content\/uploads\/2023\/10\/\u5c01\u9762-150x150.png"},"medium_large":{"file":"\u5c01\u9762-768x576.png","width":768,"height":576,"mime-type":"image\/png","filesize":377362,"url":"https:\/\/www.delirollforming.com\/wp-content\/uploads\/2023\/10\/\u5c01\u9762-768x576.png"},"book-image":{"file":"\u5c01\u9762-480x640.png","width":480,"height":640,"mime-type":"image\/png","filesize":256235,"url":"https:\/\/www.delirollforming.com\/wp-content\/uploads\/2023\/10\/\u5c01\u9762-480x640.png"}},"image_meta":{"aperture":"0","credit":"","camera":"","caption":"","created_timestamp":"0","copyright":"","focal_length":"0","iso":"0","shutter_speed":"0","title":"","orientation":"0","keywords":[]},"ID":"2707","name":"\u5c01\u9762.png","path":"\/www\/wwwroot\/www.delirollforming.com\/wp-content\/uploads\/2023\/10\/\u5c01\u9762.png","url":"https:\/\/www.delirollforming.com\/wp-content\/uploads\/2023\/10\/\u5c01\u9762-150x150.png","full_url":"https:\/\/www.delirollforming.com\/wp-content\/uploads\/2023\/10\/\u5c01\u9762.png","title":"\u5c01\u9762","caption":"","description":"","alt":"","srcset":false},{"width":150,"height":150,"file":"2023\/10\/DSC07016.jpg","filesize":378432,"sizes":{"medium":{"file":"DSC07016-300x225.jpg","width":300,"height":225,"mime-type":"image\/jpeg","filesize":17241,"url":"https:\/\/www.delirollforming.com\/wp-content\/uploads\/2023\/10\/DSC07016-300x225.jpg"},"large":{"file":"DSC07016-1024x768.jpg","width":1024,"height":768,"mime-type":"image\/jpeg","filesize":111121,"url":"https:\/\/www.delirollforming.com\/wp-content\/uploads\/2023\/10\/DSC07016-1024x768.jpg"},"thumbnail":{"file":"DSC07016-150x150.jpg","width":150,"height":150,"mime-type":"image\/jpeg","filesize":7491,"url":"https:\/\/www.delirollforming.com\/wp-content\/uploads\/2023\/10\/DSC07016-150x150.jpg"},"medium_large":{"file":"DSC07016-768x576.jpg","width":768,"height":576,"mime-type":"image\/jpeg","filesize":71452,"url":"https:\/\/www.delirollforming.com\/wp-content\/uploads\/2023\/10\/DSC07016-768x576.jpg"},"book-image":{"file":"DSC07016-480x640.jpg","width":480,"height":640,"mime-type":"image\/jpeg","filesize":50720,"url":"https:\/\/www.delirollforming.com\/wp-content\/uploads\/2023\/10\/DSC07016-480x640.jpg"}},"image_meta":{"aperture":"0","credit":"","camera":"","caption":"","created_timestamp":"0","copyright":"","focal_length":"0","iso":"0","shutter_speed":"0","title":"","orientation":"0","keywords":[]},"ID":"2695","name":"DSC07016.jpg","path":"\/www\/wwwroot\/www.delirollforming.com\/wp-content\/uploads\/2023\/10\/DSC07016.jpg","url":"https:\/\/www.delirollforming.com\/wp-content\/uploads\/2023\/10\/DSC07016-150x150.jpg","full_url":"https:\/\/www.delirollforming.com\/wp-content\/uploads\/2023\/10\/DSC07016.jpg","title":"DSC07016","caption":"","description":"","alt":"","srcset":false},{"width":150,"height":150,"file":"2023\/10\/20230223_k0808T01.jpg","filesize":420867,"sizes":{"medium":{"file":"20230223_k0808T01-300x225.jpg","width":300,"height":225,"mime-type":"image\/jpeg","filesize":23275,"url":"https:\/\/www.delirollforming.com\/wp-content\/uploads\/2023\/10\/20230223_k0808T01-300x225.jpg"},"large":{"file":"20230223_k0808T01-1024x768.jpg","width":1024,"height":768,"mime-type":"image\/jpeg","filesize":137186,"url":"https:\/\/www.delirollforming.com\/wp-content\/uploads\/2023\/10\/20230223_k0808T01-1024x768.jpg"},"thumbnail":{"file":"20230223_k0808T01-150x150.jpg","width":150,"height":150,"mime-type":"image\/jpeg","filesize":10068,"url":"https:\/\/www.delirollforming.com\/wp-content\/uploads\/2023\/10\/20230223_k0808T01-150x150.jpg"},"medium_large":{"file":"20230223_k0808T01-768x576.jpg","width":768,"height":576,"mime-type":"image\/jpeg","filesize":91489,"url":"https:\/\/www.delirollforming.com\/wp-content\/uploads\/2023\/10\/20230223_k0808T01-768x576.jpg"},"book-image":{"file":"20230223_k0808T01-480x640.jpg","width":480,"height":640,"mime-type":"image\/jpeg","filesize":66205,"url":"https:\/\/www.delirollforming.com\/wp-content\/uploads\/2023\/10\/20230223_k0808T01-480x640.jpg"}},"image_meta":{"aperture":"0","credit":"","camera":"","caption":"","created_timestamp":"0","copyright":"","focal_length":"0","iso":"0","shutter_speed":"0","title":"","orientation":"0","keywords":[]},"ID":"2703","name":"20230223_k0808T01.jpg","path":"\/www\/wwwroot\/www.delirollforming.com\/wp-content\/uploads\/2023\/10\/20230223_k0808T01.jpg","url":"https:\/\/www.delirollforming.com\/wp-content\/uploads\/2023\/10\/20230223_k0808T01-150x150.jpg","full_url":"https:\/\/www.delirollforming.com\/wp-content\/uploads\/2023\/10\/20230223_k0808T01.jpg","title":"20230223_k0808T01","caption":"","description":"","alt":"","srcset":false},{"width":150,"height":150,"file":"2023\/10\/DSC07007.jpg","filesize":356762,"sizes":{"medium":{"file":"DSC07007-300x225.jpg","width":300,"height":225,"mime-type":"image\/jpeg","filesize":17430,"url":"https:\/\/www.delirollforming.com\/wp-content\/uploads\/2023\/10\/DSC07007-300x225.jpg"},"large":{"file":"DSC07007-1024x768.jpg","width":1024,"height":768,"mime-type":"image\/jpeg","filesize":102966,"url":"https:\/\/www.delirollforming.com\/wp-content\/uploads\/2023\/10\/DSC07007-1024x768.jpg"},"thumbnail":{"file":"DSC07007-150x150.jpg","width":150,"height":150,"mime-type":"image\/jpeg","filesize":7695,"url":"https:\/\/www.delirollforming.com\/wp-content\/uploads\/2023\/10\/DSC07007-150x150.jpg"},"medium_large":{"file":"DSC07007-768x576.jpg","width":768,"height":576,"mime-type":"image\/jpeg","filesize":67369,"url":"https:\/\/www.delirollforming.com\/wp-content\/uploads\/2023\/10\/DSC07007-768x576.jpg"},"book-image":{"file":"DSC07007-480x640.jpg","width":480,"height":640,"mime-type":"image\/jpeg","filesize":46088,"url":"https:\/\/www.delirollforming.com\/wp-content\/uploads\/2023\/10\/DSC07007-480x640.jpg"}},"image_meta":{"aperture":"0","credit":"","camera":"","caption":"","created_timestamp":"0","copyright":"","focal_length":"0","iso":"0","shutter_speed":"0","title":"","orientation":"0","keywords":[]},"ID":"2699","name":"DSC07007.jpg","path":"\/www\/wwwroot\/www.delirollforming.com\/wp-content\/uploads\/2023\/10\/DSC07007.jpg","url":"https:\/\/www.delirollforming.com\/wp-content\/uploads\/2023\/10\/DSC07007-150x150.jpg","full_url":"https:\/\/www.delirollforming.com\/wp-content\/uploads\/2023\/10\/DSC07007.jpg","title":"DSC07007","caption":"","description":"","alt":"","srcset":false},{"width":150,"height":150,"file":"2023\/10\/\u4ea7\u54c105.jpg","filesize":223748,"sizes":{"medium":{"file":"\u4ea7\u54c105-300x225.jpg","width":300,"height":225,"mime-type":"image\/jpeg","filesize":7434,"url":"https:\/\/www.delirollforming.com\/wp-content\/uploads\/2023\/10\/\u4ea7\u54c105-300x225.jpg"},"large":{"file":"\u4ea7\u54c105-1024x768.jpg","width":1024,"height":768,"mime-type":"image\/jpeg","filesize":44690,"url":"https:\/\/www.delirollforming.com\/wp-content\/uploads\/2023\/10\/\u4ea7\u54c105-1024x768.jpg"},"thumbnail":{"file":"\u4ea7\u54c105-150x150.jpg","width":150,"height":150,"mime-type":"image\/jpeg","filesize":3757,"url":"https:\/\/www.delirollforming.com\/wp-content\/uploads\/2023\/10\/\u4ea7\u54c105-150x150.jpg"},"medium_large":{"file":"\u4ea7\u54c105-768x576.jpg","width":768,"height":576,"mime-type":"image\/jpeg","filesize":28278,"url":"https:\/\/www.delirollforming.com\/wp-content\/uploads\/2023\/10\/\u4ea7\u54c105-768x576.jpg"},"book-image":{"file":"\u4ea7\u54c105-480x640.jpg","width":480,"height":640,"mime-type":"image\/jpeg","filesize":21581,"url":"https:\/\/www.delirollforming.com\/wp-content\/uploads\/2023\/10\/\u4ea7\u54c105-480x640.jpg"}},"image_meta":{"aperture":"0","credit":"","camera":"","caption":"","created_timestamp":"0","copyright":"","focal_length":"0","iso":"0","shutter_speed":"0","title":"","orientation":"0","keywords":[]},"ID":"2679","name":"\u4ea7\u54c105.jpg","path":"\/www\/wwwroot\/www.delirollforming.com\/wp-content\/uploads\/2023\/10\/\u4ea7\u54c105.jpg","url":"https:\/\/www.delirollforming.com\/wp-content\/uploads\/2023\/10\/\u4ea7\u54c105-150x150.jpg","full_url":"https:\/\/www.delirollforming.com\/wp-content\/uploads\/2023\/10\/\u4ea7\u54c105.jpg","title":"\u4ea7\u54c105","caption":"","description":"","alt":"","srcset":false},{"width":150,"height":150,"file":"2023\/10\/\u4ea7\u54c104.jpg","filesize":299901,"sizes":{"medium":{"file":"\u4ea7\u54c104-300x225.jpg","width":300,"height":225,"mime-type":"image\/jpeg","filesize":14555,"url":"https:\/\/www.delirollforming.com\/wp-content\/uploads\/2023\/10\/\u4ea7\u54c104-300x225.jpg"},"large":{"file":"\u4ea7\u54c104-1024x768.jpg","width":1024,"height":768,"mime-type":"image\/jpeg","filesize":80925,"url":"https:\/\/www.delirollforming.com\/wp-content\/uploads\/2023\/10\/\u4ea7\u54c104-1024x768.jpg"},"thumbnail":{"file":"\u4ea7\u54c104-150x150.jpg","width":150,"height":150,"mime-type":"image\/jpeg","filesize":6379,"url":"https:\/\/www.delirollforming.com\/wp-content\/uploads\/2023\/10\/\u4ea7\u54c104-150x150.jpg"},"medium_large":{"file":"\u4ea7\u54c104-768x576.jpg","width":768,"height":576,"mime-type":"image\/jpeg","filesize":53588,"url":"https:\/\/www.delirollforming.com\/wp-content\/uploads\/2023\/10\/\u4ea7\u54c104-768x576.jpg"},"book-image":{"file":"\u4ea7\u54c104-480x640.jpg","width":480,"height":640,"mime-type":"image\/jpeg","filesize":35075,"url":"https:\/\/www.delirollforming.com\/wp-content\/uploads\/2023\/10\/\u4ea7\u54c104-480x640.jpg"}},"image_meta":{"aperture":"0","credit":"","camera":"","caption":"","created_timestamp":"0","copyright":"","focal_length":"0","iso":"0","shutter_speed":"0","title":"","orientation":"0","keywords":[]},"ID":"2683","name":"\u4ea7\u54c104.jpg","path":"\/www\/wwwroot\/www.delirollforming.com\/wp-content\/uploads\/2023\/10\/\u4ea7\u54c104.jpg","url":"https:\/\/www.delirollforming.com\/wp-content\/uploads\/2023\/10\/\u4ea7\u54c104-150x150.jpg","full_url":"https:\/\/www.delirollforming.com\/wp-content\/uploads\/2023\/10\/\u4ea7\u54c104.jpg","title":"\u4ea7\u54c104","caption":"","description":"","alt":"","srcset":false},{"width":150,"height":150,"file":"2023\/10\/\u4ea7\u54c102.jpg","filesize":179366,"sizes":{"medium":{"file":"\u4ea7\u54c102-300x225.jpg","width":300,"height":225,"mime-type":"image\/jpeg","filesize":7480,"url":"https:\/\/www.delirollforming.com\/wp-content\/uploads\/2023\/10\/\u4ea7\u54c102-300x225.jpg"},"large":{"file":"\u4ea7\u54c102-1024x768.jpg","width":1024,"height":768,"mime-type":"image\/jpeg","filesize":42091,"url":"https:\/\/www.delirollforming.com\/wp-content\/uploads\/2023\/10\/\u4ea7\u54c102-1024x768.jpg"},"thumbnail":{"file":"\u4ea7\u54c102-150x150.jpg","width":150,"height":150,"mime-type":"image\/jpeg","filesize":3786,"url":"https:\/\/www.delirollforming.com\/wp-content\/uploads\/2023\/10\/\u4ea7\u54c102-150x150.jpg"},"medium_large":{"file":"\u4ea7\u54c102-768x576.jpg","width":768,"height":576,"mime-type":"image\/jpeg","filesize":27101,"url":"https:\/\/www.delirollforming.com\/wp-content\/uploads\/2023\/10\/\u4ea7\u54c102-768x576.jpg"},"book-image":{"file":"\u4ea7\u54c102-480x640.jpg","width":480,"height":640,"mime-type":"image\/jpeg","filesize":21164,"url":"https:\/\/www.delirollforming.com\/wp-content\/uploads\/2023\/10\/\u4ea7\u54c102-480x640.jpg"}},"image_meta":{"aperture":"0","credit":"","camera":"","caption":"","created_timestamp":"0","copyright":"","focal_length":"0","iso":"0","shutter_speed":"0","title":"","orientation":"0","keywords":[]},"ID":"2687","name":"\u4ea7\u54c102.jpg","path":"\/www\/wwwroot\/www.delirollforming.com\/wp-content\/uploads\/2023\/10\/\u4ea7\u54c102.jpg","url":"https:\/\/www.delirollforming.com\/wp-content\/uploads\/2023\/10\/\u4ea7\u54c102-150x150.jpg","full_url":"https:\/\/www.delirollforming.com\/wp-content\/uploads\/2023\/10\/\u4ea7\u54c102.jpg","title":"\u4ea7\u54c102","caption":"","description":"","alt":"","srcset":false},{"width":150,"height":150,"file":"2023\/10\/\u4ea7\u54c101.jpg","filesize":191266,"sizes":{"medium":{"file":"\u4ea7\u54c101-300x225.jpg","width":300,"height":225,"mime-type":"image\/jpeg","filesize":7346,"url":"https:\/\/www.delirollforming.com\/wp-content\/uploads\/2023\/10\/\u4ea7\u54c101-300x225.jpg"},"large":{"file":"\u4ea7\u54c101-1024x768.jpg","width":1024,"height":768,"mime-type":"image\/jpeg","filesize":42392,"url":"https:\/\/www.delirollforming.com\/wp-content\/uploads\/2023\/10\/\u4ea7\u54c101-1024x768.jpg"},"thumbnail":{"file":"\u4ea7\u54c101-150x150.jpg","width":150,"height":150,"mime-type":"image\/jpeg","filesize":3692,"url":"https:\/\/www.delirollforming.com\/wp-content\/uploads\/2023\/10\/\u4ea7\u54c101-150x150.jpg"},"medium_large":{"file":"\u4ea7\u54c101-768x576.jpg","width":768,"height":576,"mime-type":"image\/jpeg","filesize":26960,"url":"https:\/\/www.delirollforming.com\/wp-content\/uploads\/2023\/10\/\u4ea7\u54c101-768x576.jpg"},"book-image":{"file":"\u4ea7\u54c101-480x640.jpg","width":480,"height":640,"mime-type":"image\/jpeg","filesize":20342,"url":"https:\/\/www.delirollforming.com\/wp-content\/uploads\/2023\/10\/\u4ea7\u54c101-480x640.jpg"}},"image_meta":{"aperture":"0","credit":"","camera":"","caption":"","created_timestamp":"0","copyright":"","focal_length":"0","iso":"0","shutter_speed":"0","title":"","orientation":"0","keywords":[]},"ID":"2691","name":"\u4ea7\u54c101.jpg","path":"\/www\/wwwroot\/www.delirollforming.com\/wp-content\/uploads\/2023\/10\/\u4ea7\u54c101.jpg","url":"https:\/\/www.delirollforming.com\/wp-content\/uploads\/2023\/10\/\u4ea7\u54c101-150x150.jpg","full_url":"https:\/\/www.delirollforming.com\/wp-content\/uploads\/2023\/10\/\u4ea7\u54c101.jpg","title":"\u4ea7\u54c101","caption":"","description":"","alt":"","srcset":false}],"parameters":[{"propertyName":"Material","propertyValue":"Acero PPGI"},{"propertyName":"Profile Size","propertyValue":"38.44*14.82mm (Personalizable)"},{"propertyName":"Material Thickness","propertyValue":"0.55-0.70 mm"},{"propertyName":"Profile Accuracy","propertyValue":"\u00b10.3mm"},{"propertyName":"Forming Rollers","propertyValue":"24"},{"propertyName":"Width Adjustable","propertyValue":"No"},{"propertyName":"Running Speed","propertyValue":"5-9m\/min"},{"propertyName":"Height Adjustable","propertyValue":"No"}],"background":{"width":150,"height":150,"file":"2023\/04\/6978355.png","filesize":1643212,"sizes":{"medium":{"file":"6978355-300x156.png","width":300,"height":156,"mime-type":"image\/png","filesize":112561,"url":"https:\/\/www.delirollforming.com\/wp-content\/uploads\/2023\/04\/6978355-300x156.png"},"large":{"file":"6978355-1024x533.png","width":1024,"height":533,"mime-type":"image\/png","filesize":1259588,"url":"https:\/\/www.delirollforming.com\/wp-content\/uploads\/2023\/04\/6978355-1024x533.png"},"thumbnail":{"file":"6978355-150x150.png","width":150,"height":150,"mime-type":"image\/png","filesize":55589,"url":"https:\/\/www.delirollforming.com\/wp-content\/uploads\/2023\/04\/6978355-150x150.png"},"medium_large":{"file":"6978355-768x400.png","width":768,"height":400,"mime-type":"image\/png","filesize":723593,"url":"https:\/\/www.delirollforming.com\/wp-content\/uploads\/2023\/04\/6978355-768x400.png"},"1536x1536":{"file":"6978355-1536x800.png","width":1536,"height":800,"mime-type":"image\/png","filesize":2601526,"url":"https:\/\/www.delirollforming.com\/wp-content\/uploads\/2023\/04\/6978355-1536x800.png"},"book-image":{"file":"6978355-480x640.png","width":480,"height":640,"mime-type":"image\/png","filesize":725056,"url":"https:\/\/www.delirollforming.com\/wp-content\/uploads\/2023\/04\/6978355-480x640.png"}},"image_meta":{"aperture":"0","credit":"","camera":"","caption":"","created_timestamp":"0","copyright":"","focal_length":"0","iso":"0","shutter_speed":"0","title":"","orientation":"0","keywords":[]},"ID":"2605","name":"6978355.png","path":"\/www\/wwwroot\/www.delirollforming.com\/wp-content\/uploads\/2023\/04\/6978355.png","url":"https:\/\/www.delirollforming.com\/wp-content\/uploads\/2023\/04\/6978355-150x150.png","full_url":"https:\/\/www.delirollforming.com\/wp-content\/uploads\/2023\/04\/6978355.png","title":"6978355","caption":"","description":"","alt":"","srcset":false},"showInHome":"0"},"_links":{"self":[{"href":"https:\/\/www.delirollforming.com\/es\/wp-json\/wp\/v2\/product\/5631","targetHints":{"allow":["GET"]}}],"collection":[{"href":"https:\/\/www.delirollforming.com\/es\/wp-json\/wp\/v2\/product"}],"about":[{"href":"https:\/\/www.delirollforming.com\/es\/wp-json\/wp\/v2\/types\/product"}],"wp:featuredmedia":[{"embeddable":true,"href":"https:\/\/www.delirollforming.com\/es\/wp-json\/wp\/v2\/media\/10447"}],"wp:attachment":[{"href":"https:\/\/www.delirollforming.com\/es\/wp-json\/wp\/v2\/media?parent=5631"}],"wp:term":[{"taxonomy":"product-type","embeddable":true,"href":"https:\/\/www.delirollforming.com\/es\/wp-json\/wp\/v2\/product-type?post=5631"}],"curies":[{"name":"wp","href":"https:\/\/api.w.org\/{rel}","templated":true}]}}