{"id":5629,"date":"2023-10-11T11:34:42","date_gmt":"2023-10-11T03:34:42","guid":{"rendered":"https:\/\/www.delirollforming.com\/product\/hook-on-ceiling-tile-production-line\/"},"modified":"2024-04-02T10:35:08","modified_gmt":"2024-04-02T02:35:08","slug":"hook-on-ceiling-tile-line","status":"publish","type":"product","link":"https:\/\/www.delirollforming.com\/es\/product\/hook-on-ceiling-tile-line\/","title":{"rendered":"L\u00ednea de producci\u00f3n de placas de techo autoportantes"},"content":{"rendered":"\n<figure class=\"wp-block-video\"><video height=\"720\" style=\"aspect-ratio: 1280 \/ 720;\" width=\"1280\" controls src=\"https:\/\/www.delirollforming.com\/wp-content\/uploads\/2023\/10\/\u52fe\u642d\u677f-\u4e2d\u82f1.mp4\"><\/video><\/figure>\n\n\n<h3 style=\"margin-top: 3rem; background-color: #eee; border: 1px #ddd solid; padding: 0.5rem 1rem;\"><span style=\"font-family: arial, helvetica, sans-serif; font-size: 18pt;\">Caracter\u00edsticas<\/span><\/h3>\n<p><span style=\"font-family: arial, helvetica, sans-serif; font-size: 14pt;\">1. Funcionamiento c\u00f3modo y sencillo.<\/span><\/p>\n<p><span style=\"font-family: arial, helvetica, sans-serif; font-size: 14pt;\">2. Alta precisi\u00f3n de los productos acabados, sin ara\u00f1azos ni grietas.<\/span><\/p>\n<p><span style=\"font-family: arial, helvetica, sans-serif; font-size: 14pt;\">3. Alta eficiencia de producci\u00f3n, punzonado, conformado y corte se pueden completar a la vez.<\/span><\/p>\n<h3 style=\"margin-top: 3rem; background-color: #eee; border: 1px #ddd solid; padding: 0.5rem 1rem;\"><span style=\"font-family: arial, helvetica, sans-serif; font-size: 18pt;\">Proceso De Producci\u00f3n<\/span><\/h3>\n<p><span style=\"color: #000000; font-family: arial, helvetica, sans-serif; font-size: 14pt;\">\u00a0 \u00a0Desenrollado \u2014 Nivelado \u2014 Prepunzonado \u2014 Formando \u2014 Corte \u2014 Doblado frontal y posterior<\/span><\/p>\n<h3 style=\"margin-top: 3rem; background-color: #eee; border: 1px #ddd solid; padding: 0.5rem 1rem;\"><span style=\"font-family: arial, helvetica, sans-serif; font-size: 18pt;\">Detalle Del Producto<\/span><\/h3>\n\n\n<div class=\"wp-block-columns is-layout-flex wp-container-core-columns-is-layout-9d6595d7 wp-block-columns-is-layout-flex\">\n<div class=\"wp-block-column is-layout-flow wp-block-column-is-layout-flow\">\n<figure class=\"wp-block-image size-large\"><img loading=\"lazy\" decoding=\"async\" width=\"1024\" height=\"768\" src=\"https:\/\/www.delirollforming.com\/wp-content\/uploads\/2023\/10\/\u52fe\u642d\u677f-3-1024x768.jpg\" alt=\"\" class=\"wp-image-2959\" srcset=\"https:\/\/www.delirollforming.com\/wp-content\/uploads\/2023\/10\/\u52fe\u642d\u677f-3-1024x768.jpg 1024w, https:\/\/www.delirollforming.com\/wp-content\/uploads\/2023\/10\/\u52fe\u642d\u677f-3-300x225.jpg 300w, https:\/\/www.delirollforming.com\/wp-content\/uploads\/2023\/10\/\u52fe\u642d\u677f-3-768x576.jpg 768w, https:\/\/www.delirollforming.com\/wp-content\/uploads\/2023\/10\/\u52fe\u642d\u677f-3.jpg 1200w\" sizes=\"auto, (max-width: 1024px) 100vw, 1024px\" \/><\/figure>\n<\/div>\n\n\n\n<div class=\"wp-block-column is-layout-flow wp-block-column-is-layout-flow\">\n<figure class=\"wp-block-image size-large\"><img loading=\"lazy\" decoding=\"async\" width=\"1024\" height=\"768\" src=\"https:\/\/www.delirollforming.com\/wp-content\/uploads\/2023\/10\/\u52fe\u642d\u677f-5-1024x768.jpg\" alt=\"\" class=\"wp-image-2963\" srcset=\"https:\/\/www.delirollforming.com\/wp-content\/uploads\/2023\/10\/\u52fe\u642d\u677f-5-1024x768.jpg 1024w, https:\/\/www.delirollforming.com\/wp-content\/uploads\/2023\/10\/\u52fe\u642d\u677f-5-300x225.jpg 300w, https:\/\/www.delirollforming.com\/wp-content\/uploads\/2023\/10\/\u52fe\u642d\u677f-5-768x576.jpg 768w, https:\/\/www.delirollforming.com\/wp-content\/uploads\/2023\/10\/\u52fe\u642d\u677f-5.jpg 1200w\" sizes=\"auto, (max-width: 1024px) 100vw, 1024px\" \/><\/figure>\n<\/div>\n<\/div>\n","protected":false},"excerpt":{"rendered":"<p>Caracter\u00edsticas 1. Funcionamiento c\u00f3modo y sencillo. 2. Alta precisi\u00f3n de los productos acabados, sin ara\u00f1azos ni grietas. 3. Alta eficiencia de producci\u00f3n, punzonado, conformado y corte se pueden completar a la vez. Proceso De Producci\u00f3n \u00a0 \u00a0Desenrollado \u2014 Nivelado \u2014 Prepunzonado \u2014 Formando \u2014 Corte \u2014 Doblado frontal y posterior Detalle Del Producto<\/p>\n","protected":false},"featured_media":5147,"template":"","product-type":[127],"class_list":["post-5629","product","type-product","status-publish","has-post-thumbnail","hentry","product-type-construccion"],"uagb_featured_image_src":{"full":["https:\/\/www.delirollforming.com\/wp-content\/uploads\/2023\/10\/\u52fe\u642d\u677fHook-on-Ceiling-Tile-1.jpg",2048,1152,false],"thumbnail":["https:\/\/www.delirollforming.com\/wp-content\/uploads\/2023\/10\/\u52fe\u642d\u677fHook-on-Ceiling-Tile-1-150x150.jpg",150,150,true],"medium":["https:\/\/www.delirollforming.com\/wp-content\/uploads\/2023\/10\/\u52fe\u642d\u677fHook-on-Ceiling-Tile-1-300x169.jpg",300,169,true],"medium_large":["https:\/\/www.delirollforming.com\/wp-content\/uploads\/2023\/10\/\u52fe\u642d\u677fHook-on-Ceiling-Tile-1-768x432.jpg",768,432,true],"large":["https:\/\/www.delirollforming.com\/wp-content\/uploads\/2023\/10\/\u52fe\u642d\u677fHook-on-Ceiling-Tile-1-1024x576.jpg",1024,576,true],"1536x1536":["https:\/\/www.delirollforming.com\/wp-content\/uploads\/2023\/10\/\u52fe\u642d\u677fHook-on-Ceiling-Tile-1-1536x864.jpg",1536,864,true],"2048x2048":["https:\/\/www.delirollforming.com\/wp-content\/uploads\/2023\/10\/\u52fe\u642d\u677fHook-on-Ceiling-Tile-1.jpg",2048,1152,false],"book-image":["https:\/\/www.delirollforming.com\/wp-content\/uploads\/2023\/10\/\u52fe\u642d\u677fHook-on-Ceiling-Tile-1-480x640.jpg",480,640,true]},"uagb_author_info":{"display_name":"deli","author_link":"https:\/\/www.delirollforming.com\/es\/author\/"},"uagb_comment_info":0,"uagb_excerpt":"Caracter\u00edsticas 1. Funcionamiento c\u00f3modo y sencillo. 2. Alta precisi\u00f3n de los productos acabados, sin ara\u00f1azos ni grietas. 3. Alta eficiencia de producci\u00f3n, punzonado, conformado y corte se pueden completar a la vez. Proceso De Producci\u00f3n \u00a0 \u00a0Desenrollado \u2014 Nivelado \u2014 Prepunzonado \u2014 Formando \u2014 Corte \u2014 Doblado frontal y posterior Detalle Del Producto","meta_box":{"photos":[{"width":150,"height":150,"file":"2023\/10\/5406a68077ca542b7ed1536be1fc4ab_\u526f\u672c.png","filesize":597574,"sizes":{"medium":{"file":"5406a68077ca542b7ed1536be1fc4ab_\u526f\u672c-300x225.png","width":300,"height":225,"mime-type":"image\/png","filesize":57568,"url":"https:\/\/www.delirollforming.com\/wp-content\/uploads\/2023\/10\/5406a68077ca542b7ed1536be1fc4ab_\u526f\u672c-300x225.png"},"large":{"file":"5406a68077ca542b7ed1536be1fc4ab_\u526f\u672c-1024x768.png","width":1024,"height":768,"mime-type":"image\/png","filesize":452513,"url":"https:\/\/www.delirollforming.com\/wp-content\/uploads\/2023\/10\/5406a68077ca542b7ed1536be1fc4ab_\u526f\u672c-1024x768.png"},"thumbnail":{"file":"5406a68077ca542b7ed1536be1fc4ab_\u526f\u672c-150x150.png","width":150,"height":150,"mime-type":"image\/png","filesize":23512,"url":"https:\/\/www.delirollforming.com\/wp-content\/uploads\/2023\/10\/5406a68077ca542b7ed1536be1fc4ab_\u526f\u672c-150x150.png"},"medium_large":{"file":"5406a68077ca542b7ed1536be1fc4ab_\u526f\u672c-768x576.png","width":768,"height":576,"mime-type":"image\/png","filesize":284287,"url":"https:\/\/www.delirollforming.com\/wp-content\/uploads\/2023\/10\/5406a68077ca542b7ed1536be1fc4ab_\u526f\u672c-768x576.png"},"book-image":{"file":"5406a68077ca542b7ed1536be1fc4ab_\u526f\u672c-480x640.png","width":480,"height":640,"mime-type":"image\/png","filesize":221322,"url":"https:\/\/www.delirollforming.com\/wp-content\/uploads\/2023\/10\/5406a68077ca542b7ed1536be1fc4ab_\u526f\u672c-480x640.png"}},"image_meta":{"aperture":"0","credit":"","camera":"","caption":"","created_timestamp":"0","copyright":"","focal_length":"0","iso":"0","shutter_speed":"0","title":"","orientation":"0","keywords":[]},"ID":"3040","name":"5406a68077ca542b7ed1536be1fc4ab_\u526f\u672c.png","path":"\/www\/wwwroot\/www.delirollforming.com\/wp-content\/uploads\/2023\/10\/5406a68077ca542b7ed1536be1fc4ab_\u526f\u672c.png","url":"https:\/\/www.delirollforming.com\/wp-content\/uploads\/2023\/10\/5406a68077ca542b7ed1536be1fc4ab_\u526f\u672c-150x150.png","full_url":"https:\/\/www.delirollforming.com\/wp-content\/uploads\/2023\/10\/5406a68077ca542b7ed1536be1fc4ab_\u526f\u672c.png","title":"5406a68077ca542b7ed1536be1fc4ab_\u526f\u672c","caption":"","description":"","alt":"","srcset":false},{"width":150,"height":150,"file":"2023\/10\/\u52fe\u642d\u677f-1.png","filesize":1282750,"sizes":{"medium":{"file":"\u52fe\u642d\u677f-1-300x225.png","width":300,"height":225,"mime-type":"image\/png","filesize":127908,"url":"https:\/\/www.delirollforming.com\/wp-content\/uploads\/2023\/10\/\u52fe\u642d\u677f-1-300x225.png"},"large":{"file":"\u52fe\u642d\u677f-1-1024x768.png","width":1024,"height":768,"mime-type":"image\/png","filesize":971542,"url":"https:\/\/www.delirollforming.com\/wp-content\/uploads\/2023\/10\/\u52fe\u642d\u677f-1-1024x768.png"},"thumbnail":{"file":"\u52fe\u642d\u677f-1-150x150.png","width":150,"height":150,"mime-type":"image\/png","filesize":47341,"url":"https:\/\/www.delirollforming.com\/wp-content\/uploads\/2023\/10\/\u52fe\u642d\u677f-1-150x150.png"},"medium_large":{"file":"\u52fe\u642d\u677f-1-768x576.png","width":768,"height":576,"mime-type":"image\/png","filesize":615780,"url":"https:\/\/www.delirollforming.com\/wp-content\/uploads\/2023\/10\/\u52fe\u642d\u677f-1-768x576.png"},"book-image":{"file":"\u52fe\u642d\u677f-1-480x640.png","width":480,"height":640,"mime-type":"image\/png","filesize":401610,"url":"https:\/\/www.delirollforming.com\/wp-content\/uploads\/2023\/10\/\u52fe\u642d\u677f-1-480x640.png"}},"image_meta":{"aperture":"0","credit":"","camera":"","caption":"","created_timestamp":"0","copyright":"","focal_length":"0","iso":"0","shutter_speed":"0","title":"","orientation":"0","keywords":[]},"ID":"2955","name":"\u52fe\u642d\u677f-1.png","path":"\/www\/wwwroot\/www.delirollforming.com\/wp-content\/uploads\/2023\/10\/\u52fe\u642d\u677f-1.png","url":"https:\/\/www.delirollforming.com\/wp-content\/uploads\/2023\/10\/\u52fe\u642d\u677f-1-150x150.png","full_url":"https:\/\/www.delirollforming.com\/wp-content\/uploads\/2023\/10\/\u52fe\u642d\u677f-1.png","title":"\u52fe\u642d\u677f (1)","caption":"","description":"","alt":"","srcset":false},{"width":150,"height":150,"file":"2023\/10\/\u52fe\u642d\u677f-2.png","filesize":1194683,"sizes":{"medium":{"file":"\u52fe\u642d\u677f-2-300x225.png","width":300,"height":225,"mime-type":"image\/png","filesize":124236,"url":"https:\/\/www.delirollforming.com\/wp-content\/uploads\/2023\/10\/\u52fe\u642d\u677f-2-300x225.png"},"large":{"file":"\u52fe\u642d\u677f-2-1024x768.png","width":1024,"height":768,"mime-type":"image\/png","filesize":913786,"url":"https:\/\/www.delirollforming.com\/wp-content\/uploads\/2023\/10\/\u52fe\u642d\u677f-2-1024x768.png"},"thumbnail":{"file":"\u52fe\u642d\u677f-2-150x150.png","width":150,"height":150,"mime-type":"image\/png","filesize":47470,"url":"https:\/\/www.delirollforming.com\/wp-content\/uploads\/2023\/10\/\u52fe\u642d\u677f-2-150x150.png"},"medium_large":{"file":"\u52fe\u642d\u677f-2-768x576.png","width":768,"height":576,"mime-type":"image\/png","filesize":582201,"url":"https:\/\/www.delirollforming.com\/wp-content\/uploads\/2023\/10\/\u52fe\u642d\u677f-2-768x576.png"},"book-image":{"file":"\u52fe\u642d\u677f-2-480x640.png","width":480,"height":640,"mime-type":"image\/png","filesize":390878,"url":"https:\/\/www.delirollforming.com\/wp-content\/uploads\/2023\/10\/\u52fe\u642d\u677f-2-480x640.png"}},"image_meta":{"aperture":"0","credit":"","camera":"","caption":"","created_timestamp":"0","copyright":"","focal_length":"0","iso":"0","shutter_speed":"0","title":"","orientation":"0","keywords":[]},"ID":"2951","name":"\u52fe\u642d\u677f-2.png","path":"\/www\/wwwroot\/www.delirollforming.com\/wp-content\/uploads\/2023\/10\/\u52fe\u642d\u677f-2.png","url":"https:\/\/www.delirollforming.com\/wp-content\/uploads\/2023\/10\/\u52fe\u642d\u677f-2-150x150.png","full_url":"https:\/\/www.delirollforming.com\/wp-content\/uploads\/2023\/10\/\u52fe\u642d\u677f-2.png","title":"\u52fe\u642d\u677f (2)","caption":"","description":"","alt":"","srcset":false},{"width":150,"height":150,"file":"2023\/10\/\u52fe\u642d\u677f-3.png","filesize":1485765,"sizes":{"medium":{"file":"\u52fe\u642d\u677f-3-300x225.png","width":300,"height":225,"mime-type":"image\/png","filesize":142550,"url":"https:\/\/www.delirollforming.com\/wp-content\/uploads\/2023\/10\/\u52fe\u642d\u677f-3-300x225.png"},"large":{"file":"\u52fe\u642d\u677f-3-1024x768.png","width":1024,"height":768,"mime-type":"image\/png","filesize":1123526,"url":"https:\/\/www.delirollforming.com\/wp-content\/uploads\/2023\/10\/\u52fe\u642d\u677f-3-1024x768.png"},"thumbnail":{"file":"\u52fe\u642d\u677f-3-150x150.png","width":150,"height":150,"mime-type":"image\/png","filesize":52391,"url":"https:\/\/www.delirollforming.com\/wp-content\/uploads\/2023\/10\/\u52fe\u642d\u677f-3-150x150.png"},"medium_large":{"file":"\u52fe\u642d\u677f-3-768x576.png","width":768,"height":576,"mime-type":"image\/png","filesize":706189,"url":"https:\/\/www.delirollforming.com\/wp-content\/uploads\/2023\/10\/\u52fe\u642d\u677f-3-768x576.png"},"book-image":{"file":"\u52fe\u642d\u677f-3-480x640.png","width":480,"height":640,"mime-type":"image\/png","filesize":477903,"url":"https:\/\/www.delirollforming.com\/wp-content\/uploads\/2023\/10\/\u52fe\u642d\u677f-3-480x640.png"}},"image_meta":{"aperture":"0","credit":"","camera":"","caption":"","created_timestamp":"0","copyright":"","focal_length":"0","iso":"0","shutter_speed":"0","title":"","orientation":"0","keywords":[]},"ID":"2947","name":"\u52fe\u642d\u677f-3.png","path":"\/www\/wwwroot\/www.delirollforming.com\/wp-content\/uploads\/2023\/10\/\u52fe\u642d\u677f-3.png","url":"https:\/\/www.delirollforming.com\/wp-content\/uploads\/2023\/10\/\u52fe\u642d\u677f-3-150x150.png","full_url":"https:\/\/www.delirollforming.com\/wp-content\/uploads\/2023\/10\/\u52fe\u642d\u677f-3.png","title":"\u52fe\u642d\u677f (3)","caption":"","description":"","alt":"","srcset":false},{"width":150,"height":150,"file":"2023\/10\/\u52fe\u642d\u677f-4.png","filesize":895616,"sizes":{"medium":{"file":"\u52fe\u642d\u677f-4-300x225.png","width":300,"height":225,"mime-type":"image\/png","filesize":97012,"url":"https:\/\/www.delirollforming.com\/wp-content\/uploads\/2023\/10\/\u52fe\u642d\u677f-4-300x225.png"},"large":{"file":"\u52fe\u642d\u677f-4-1024x768.png","width":1024,"height":768,"mime-type":"image\/png","filesize":689009,"url":"https:\/\/www.delirollforming.com\/wp-content\/uploads\/2023\/10\/\u52fe\u642d\u677f-4-1024x768.png"},"thumbnail":{"file":"\u52fe\u642d\u677f-4-150x150.png","width":150,"height":150,"mime-type":"image\/png","filesize":36599,"url":"https:\/\/www.delirollforming.com\/wp-content\/uploads\/2023\/10\/\u52fe\u642d\u677f-4-150x150.png"},"medium_large":{"file":"\u52fe\u642d\u677f-4-768x576.png","width":768,"height":576,"mime-type":"image\/png","filesize":443641,"url":"https:\/\/www.delirollforming.com\/wp-content\/uploads\/2023\/10\/\u52fe\u642d\u677f-4-768x576.png"},"book-image":{"file":"\u52fe\u642d\u677f-4-480x640.png","width":480,"height":640,"mime-type":"image\/png","filesize":292750,"url":"https:\/\/www.delirollforming.com\/wp-content\/uploads\/2023\/10\/\u52fe\u642d\u677f-4-480x640.png"}},"image_meta":{"aperture":"0","credit":"","camera":"","caption":"","created_timestamp":"0","copyright":"","focal_length":"0","iso":"0","shutter_speed":"0","title":"","orientation":"0","keywords":[]},"ID":"2943","name":"\u52fe\u642d\u677f-4.png","path":"\/www\/wwwroot\/www.delirollforming.com\/wp-content\/uploads\/2023\/10\/\u52fe\u642d\u677f-4.png","url":"https:\/\/www.delirollforming.com\/wp-content\/uploads\/2023\/10\/\u52fe\u642d\u677f-4-150x150.png","full_url":"https:\/\/www.delirollforming.com\/wp-content\/uploads\/2023\/10\/\u52fe\u642d\u677f-4.png","title":"\u52fe\u642d\u677f (4)","caption":"","description":"","alt":"","srcset":false},{"width":150,"height":150,"file":"2023\/10\/\u52fe\u642d\u677f-2.jpg","filesize":163702,"sizes":{"medium":{"file":"\u52fe\u642d\u677f-2-300x225.jpg","width":300,"height":225,"mime-type":"image\/jpeg","filesize":5378,"url":"https:\/\/www.delirollforming.com\/wp-content\/uploads\/2023\/10\/\u52fe\u642d\u677f-2-300x225.jpg"},"large":{"file":"\u52fe\u642d\u677f-2-1024x768.jpg","width":1024,"height":768,"mime-type":"image\/jpeg","filesize":48076,"url":"https:\/\/www.delirollforming.com\/wp-content\/uploads\/2023\/10\/\u52fe\u642d\u677f-2-1024x768.jpg"},"thumbnail":{"file":"\u52fe\u642d\u677f-2-150x150.jpg","width":150,"height":150,"mime-type":"image\/jpeg","filesize":2540,"url":"https:\/\/www.delirollforming.com\/wp-content\/uploads\/2023\/10\/\u52fe\u642d\u677f-2-150x150.jpg"},"medium_large":{"file":"\u52fe\u642d\u677f-2-768x576.jpg","width":768,"height":576,"mime-type":"image\/jpeg","filesize":27825,"url":"https:\/\/www.delirollforming.com\/wp-content\/uploads\/2023\/10\/\u52fe\u642d\u677f-2-768x576.jpg"},"book-image":{"file":"\u52fe\u642d\u677f-2-480x640.jpg","width":480,"height":640,"mime-type":"image\/jpeg","filesize":19399,"url":"https:\/\/www.delirollforming.com\/wp-content\/uploads\/2023\/10\/\u52fe\u642d\u677f-2-480x640.jpg"}},"image_meta":{"aperture":"0","credit":"","camera":"","caption":"","created_timestamp":"0","copyright":"","focal_length":"0","iso":"0","shutter_speed":"0","title":"","orientation":"0","keywords":[]},"ID":"2931","name":"\u52fe\u642d\u677f-2.jpg","path":"\/www\/wwwroot\/www.delirollforming.com\/wp-content\/uploads\/2023\/10\/\u52fe\u642d\u677f-2.jpg","url":"https:\/\/www.delirollforming.com\/wp-content\/uploads\/2023\/10\/\u52fe\u642d\u677f-2-150x150.jpg","full_url":"https:\/\/www.delirollforming.com\/wp-content\/uploads\/2023\/10\/\u52fe\u642d\u677f-2.jpg","title":"\u52fe\u642d\u677f (2)","caption":"","description":"","alt":"","srcset":false},{"width":150,"height":150,"file":"2023\/10\/\u52fe\u642d\u677f-4.jpg","filesize":187674,"sizes":{"medium":{"file":"\u52fe\u642d\u677f-4-300x225.jpg","width":300,"height":225,"mime-type":"image\/jpeg","filesize":5169,"url":"https:\/\/www.delirollforming.com\/wp-content\/uploads\/2023\/10\/\u52fe\u642d\u677f-4-300x225.jpg"},"large":{"file":"\u52fe\u642d\u677f-4-1024x768.jpg","width":1024,"height":768,"mime-type":"image\/jpeg","filesize":51669,"url":"https:\/\/www.delirollforming.com\/wp-content\/uploads\/2023\/10\/\u52fe\u642d\u677f-4-1024x768.jpg"},"thumbnail":{"file":"\u52fe\u642d\u677f-4-150x150.jpg","width":150,"height":150,"mime-type":"image\/jpeg","filesize":2581,"url":"https:\/\/www.delirollforming.com\/wp-content\/uploads\/2023\/10\/\u52fe\u642d\u677f-4-150x150.jpg"},"medium_large":{"file":"\u52fe\u642d\u677f-4-768x576.jpg","width":768,"height":576,"mime-type":"image\/jpeg","filesize":28615,"url":"https:\/\/www.delirollforming.com\/wp-content\/uploads\/2023\/10\/\u52fe\u642d\u677f-4-768x576.jpg"},"book-image":{"file":"\u52fe\u642d\u677f-4-480x640.jpg","width":480,"height":640,"mime-type":"image\/jpeg","filesize":23375,"url":"https:\/\/www.delirollforming.com\/wp-content\/uploads\/2023\/10\/\u52fe\u642d\u677f-4-480x640.jpg"}},"image_meta":{"aperture":"0","credit":"","camera":"","caption":"","created_timestamp":"0","copyright":"","focal_length":"0","iso":"0","shutter_speed":"0","title":"","orientation":"0","keywords":[]},"ID":"2939","name":"\u52fe\u642d\u677f-4.jpg","path":"\/www\/wwwroot\/www.delirollforming.com\/wp-content\/uploads\/2023\/10\/\u52fe\u642d\u677f-4.jpg","url":"https:\/\/www.delirollforming.com\/wp-content\/uploads\/2023\/10\/\u52fe\u642d\u677f-4-150x150.jpg","full_url":"https:\/\/www.delirollforming.com\/wp-content\/uploads\/2023\/10\/\u52fe\u642d\u677f-4.jpg","title":"\u52fe\u642d\u677f (4)","caption":"","description":"","alt":"","srcset":false},{"width":150,"height":150,"file":"2023\/10\/\u52fe\u642d\u677f-1.jpg","filesize":216996,"sizes":{"medium":{"file":"\u52fe\u642d\u677f-1-300x225.jpg","width":300,"height":225,"mime-type":"image\/jpeg","filesize":6878,"url":"https:\/\/www.delirollforming.com\/wp-content\/uploads\/2023\/10\/\u52fe\u642d\u677f-1-300x225.jpg"},"large":{"file":"\u52fe\u642d\u677f-1-1024x768.jpg","width":1024,"height":768,"mime-type":"image\/jpeg","filesize":61811,"url":"https:\/\/www.delirollforming.com\/wp-content\/uploads\/2023\/10\/\u52fe\u642d\u677f-1-1024x768.jpg"},"thumbnail":{"file":"\u52fe\u642d\u677f-1-150x150.jpg","width":150,"height":150,"mime-type":"image\/jpeg","filesize":3568,"url":"https:\/\/www.delirollforming.com\/wp-content\/uploads\/2023\/10\/\u52fe\u642d\u677f-1-150x150.jpg"},"medium_large":{"file":"\u52fe\u642d\u677f-1-768x576.jpg","width":768,"height":576,"mime-type":"image\/jpeg","filesize":36092,"url":"https:\/\/www.delirollforming.com\/wp-content\/uploads\/2023\/10\/\u52fe\u642d\u677f-1-768x576.jpg"},"book-image":{"file":"\u52fe\u642d\u677f-1-480x640.jpg","width":480,"height":640,"mime-type":"image\/jpeg","filesize":32919,"url":"https:\/\/www.delirollforming.com\/wp-content\/uploads\/2023\/10\/\u52fe\u642d\u677f-1-480x640.jpg"}},"image_meta":{"aperture":"0","credit":"","camera":"","caption":"","created_timestamp":"0","copyright":"","focal_length":"0","iso":"0","shutter_speed":"0","title":"","orientation":"0","keywords":[]},"ID":"2935","name":"\u52fe\u642d\u677f-1.jpg","path":"\/www\/wwwroot\/www.delirollforming.com\/wp-content\/uploads\/2023\/10\/\u52fe\u642d\u677f-1.jpg","url":"https:\/\/www.delirollforming.com\/wp-content\/uploads\/2023\/10\/\u52fe\u642d\u677f-1-150x150.jpg","full_url":"https:\/\/www.delirollforming.com\/wp-content\/uploads\/2023\/10\/\u52fe\u642d\u677f-1.jpg","title":"\u52fe\u642d\u677f (1)","caption":"","description":"","alt":"","srcset":false}],"parameters":[{"propertyName":"Material","propertyValue":"Aluminio"},{"propertyName":"Profile Size","propertyValue":"400\/600\/900\/1200*30mm (Personalizable)"},{"propertyName":"Material Thickness","propertyValue":"0.8-1.2mm"},{"propertyName":"Profile Accuracy","propertyValue":"\u00b10.2mm"},{"propertyName":"Forming Rollers","propertyValue":"20"},{"propertyName":"Width Adjustable","propertyValue":"S\u00ed"},{"propertyName":"Running Speed","propertyValue":"4-6m\/min"},{"propertyName":"Height Adjustable","propertyValue":"No"}],"background":{"width":150,"height":150,"file":"2023\/04\/6978355.png","filesize":1643212,"sizes":{"medium":{"file":"6978355-300x156.png","width":300,"height":156,"mime-type":"image\/png","filesize":112561,"url":"https:\/\/www.delirollforming.com\/wp-content\/uploads\/2023\/04\/6978355-300x156.png"},"large":{"file":"6978355-1024x533.png","width":1024,"height":533,"mime-type":"image\/png","filesize":1259588,"url":"https:\/\/www.delirollforming.com\/wp-content\/uploads\/2023\/04\/6978355-1024x533.png"},"thumbnail":{"file":"6978355-150x150.png","width":150,"height":150,"mime-type":"image\/png","filesize":55589,"url":"https:\/\/www.delirollforming.com\/wp-content\/uploads\/2023\/04\/6978355-150x150.png"},"medium_large":{"file":"6978355-768x400.png","width":768,"height":400,"mime-type":"image\/png","filesize":723593,"url":"https:\/\/www.delirollforming.com\/wp-content\/uploads\/2023\/04\/6978355-768x400.png"},"1536x1536":{"file":"6978355-1536x800.png","width":1536,"height":800,"mime-type":"image\/png","filesize":2601526,"url":"https:\/\/www.delirollforming.com\/wp-content\/uploads\/2023\/04\/6978355-1536x800.png"},"book-image":{"file":"6978355-480x640.png","width":480,"height":640,"mime-type":"image\/png","filesize":725056,"url":"https:\/\/www.delirollforming.com\/wp-content\/uploads\/2023\/04\/6978355-480x640.png"}},"image_meta":{"aperture":"0","credit":"","camera":"","caption":"","created_timestamp":"0","copyright":"","focal_length":"0","iso":"0","shutter_speed":"0","title":"","orientation":"0","keywords":[]},"ID":"2605","name":"6978355.png","path":"\/www\/wwwroot\/www.delirollforming.com\/wp-content\/uploads\/2023\/04\/6978355.png","url":"https:\/\/www.delirollforming.com\/wp-content\/uploads\/2023\/04\/6978355-150x150.png","full_url":"https:\/\/www.delirollforming.com\/wp-content\/uploads\/2023\/04\/6978355.png","title":"6978355","caption":"","description":"","alt":"","srcset":false},"showInHome":"0"},"_links":{"self":[{"href":"https:\/\/www.delirollforming.com\/es\/wp-json\/wp\/v2\/product\/5629","targetHints":{"allow":["GET"]}}],"collection":[{"href":"https:\/\/www.delirollforming.com\/es\/wp-json\/wp\/v2\/product"}],"about":[{"href":"https:\/\/www.delirollforming.com\/es\/wp-json\/wp\/v2\/types\/product"}],"wp:featuredmedia":[{"embeddable":true,"href":"https:\/\/www.delirollforming.com\/es\/wp-json\/wp\/v2\/media\/5147"}],"wp:attachment":[{"href":"https:\/\/www.delirollforming.com\/es\/wp-json\/wp\/v2\/media?parent=5629"}],"wp:term":[{"taxonomy":"product-type","embeddable":true,"href":"https:\/\/www.delirollforming.com\/es\/wp-json\/wp\/v2\/product-type?post=5629"}],"curies":[{"name":"wp","href":"https:\/\/api.w.org\/{rel}","templated":true}]}}