{"id":5621,"date":"2023-10-11T11:53:51","date_gmt":"2023-10-11T03:53:51","guid":{"rendered":"https:\/\/www.delirollforming.com\/product\/led-light-fixture-lamp-shell-production-line\/"},"modified":"2024-04-02T10:32:46","modified_gmt":"2024-04-02T02:32:46","slug":"led-light-fixture-line","status":"publish","type":"product","link":"https:\/\/www.delirollforming.com\/es\/product\/led-light-fixture-line\/","title":{"rendered":"L\u00ednea de producci\u00f3n de portal\u00e1mparas LED"},"content":{"rendered":"\n<figure class=\"wp-block-video\"><video height=\"720\" style=\"aspect-ratio: 1280 \/ 720;\" width=\"1280\" controls src=\"https:\/\/www.delirollforming.com\/wp-content\/uploads\/2023\/10\/\u65e5\u5149\u706f\u5916\u58f3-\u82f1-720P.mp4\"><\/video><\/figure>\n\n\n<h3 style=\"margin-top: 3rem; background-color: #eee; border: 1px #ddd solid; padding: 0.5rem 1rem;\"><span style=\"font-family: arial, helvetica, sans-serif; font-size: 18pt;\">Caracter\u00edsticas<\/span><\/h3>\n<p><span style=\"font-family: arial, helvetica, sans-serif; font-size: 14pt;\">1. Alta aruracty de los productos acabados, sin ara\u00f1azos ni grietas.<\/span><\/p>\n<p style=\"text-align: justify;\"><span style=\"font-family: arial, helvetica, sans-serif; font-size: 14pt;\">2. Alta eficiencia de producci\u00f3n, punzonado, conformado y corte se pueden completar a la vez.<\/span><\/p>\n<p style=\"text-align: justify;\"><span style=\"font-family: arial, helvetica, sans-serif; font-size: 14pt;\">3. Ampliamente utilizado en sistemas de techos, materiales de construcci\u00f3n y otras industrias de procesamiento decorativo.<\/span><\/p>\n<h3 style=\"margin-top: 3rem; background-color: #eee; border: 1px #ddd solid; padding: 0.5rem 1rem;\"><span style=\"font-family: arial, helvetica, sans-serif; font-size: 18pt;\">Proceso De Producci\u00f3n<\/span><\/h3>\n<p>\u00a0 \u00a0<span style=\"font-family: arial, helvetica, sans-serif; font-size: 14pt;\">Desenrollado \u2014 Nivelado \u2014 Prepunzonado \u2014 Formando \u2014 Corte \u2014 Descarga<\/span><\/p>\n<h3 style=\"margin-top: 3rem; background-color: #eee; border: 1px #ddd solid; padding: 0.5rem 1rem;\"><span style=\"font-family: arial, helvetica, sans-serif; font-size: 18pt;\">Detalle Del Producto<\/span><\/h3>\n\n\n<div class=\"wp-block-columns is-layout-flex wp-container-core-columns-is-layout-9d6595d7 wp-block-columns-is-layout-flex\">\n<div class=\"wp-block-column is-layout-flow wp-block-column-is-layout-flow\">\n<figure class=\"wp-block-image size-large\"><img loading=\"lazy\" decoding=\"async\" width=\"1024\" height=\"768\" src=\"https:\/\/www.delirollforming.com\/wp-content\/uploads\/2023\/10\/\u65e5\u5149\u706f\u5916\u58f3-5-1024x768.png\" alt=\"\" class=\"wp-image-2991\" srcset=\"https:\/\/www.delirollforming.com\/wp-content\/uploads\/2023\/10\/\u65e5\u5149\u706f\u5916\u58f3-5-1024x768.png 1024w, https:\/\/www.delirollforming.com\/wp-content\/uploads\/2023\/10\/\u65e5\u5149\u706f\u5916\u58f3-5-300x225.png 300w, https:\/\/www.delirollforming.com\/wp-content\/uploads\/2023\/10\/\u65e5\u5149\u706f\u5916\u58f3-5-768x576.png 768w, https:\/\/www.delirollforming.com\/wp-content\/uploads\/2023\/10\/\u65e5\u5149\u706f\u5916\u58f3-5.png 1200w\" sizes=\"auto, (max-width: 1024px) 100vw, 1024px\" \/><\/figure>\n<\/div>\n\n\n\n<div class=\"wp-block-column is-layout-flow wp-block-column-is-layout-flow\"><\/div>\n<\/div>\n","protected":false},"excerpt":{"rendered":"<p>Caracter\u00edsticas 1. Alta aruracty de los productos acabados, sin ara\u00f1azos ni grietas. 2. Alta eficiencia de producci\u00f3n, punzonado, conformado y corte se pueden completar a la vez. 3. Ampliamente utilizado en sistemas de techos, materiales de construcci\u00f3n y otras industrias de procesamiento decorativo. Proceso De Producci\u00f3n \u00a0 \u00a0Desenrollado \u2014 Nivelado \u2014 Prepunzonado \u2014 Formando \u2014 [&hellip;]<\/p>\n","protected":false},"featured_media":10674,"template":"","product-type":[127],"class_list":["post-5621","product","type-product","status-publish","has-post-thumbnail","hentry","product-type-construccion"],"uagb_featured_image_src":{"full":["https:\/\/www.delirollforming.com\/wp-content\/uploads\/2023\/10\/ledlt.jpg",800,450,false],"thumbnail":["https:\/\/www.delirollforming.com\/wp-content\/uploads\/2023\/10\/ledlt-150x150.jpg",150,150,true],"medium":["https:\/\/www.delirollforming.com\/wp-content\/uploads\/2023\/10\/ledlt-300x169.jpg",300,169,true],"medium_large":["https:\/\/www.delirollforming.com\/wp-content\/uploads\/2023\/10\/ledlt-768x432.jpg",768,432,true],"large":["https:\/\/www.delirollforming.com\/wp-content\/uploads\/2023\/10\/ledlt.jpg",800,450,false],"1536x1536":["https:\/\/www.delirollforming.com\/wp-content\/uploads\/2023\/10\/ledlt.jpg",800,450,false],"2048x2048":["https:\/\/www.delirollforming.com\/wp-content\/uploads\/2023\/10\/ledlt.jpg",800,450,false],"book-image":["https:\/\/www.delirollforming.com\/wp-content\/uploads\/2023\/10\/ledlt-480x450.jpg",480,450,true]},"uagb_author_info":{"display_name":"deli","author_link":"https:\/\/www.delirollforming.com\/es\/author\/"},"uagb_comment_info":0,"uagb_excerpt":"Caracter\u00edsticas 1. Alta aruracty de los productos acabados, sin ara\u00f1azos ni grietas. 2. Alta eficiencia de producci\u00f3n, punzonado, conformado y corte se pueden completar a la vez. 3. Ampliamente utilizado en sistemas de techos, materiales de construcci\u00f3n y otras industrias de procesamiento decorativo. Proceso De Producci\u00f3n \u00a0 \u00a0Desenrollado \u2014 Nivelado \u2014 Prepunzonado \u2014 Formando \u2014&hellip;","meta_box":{"photos":[{"width":150,"height":150,"file":"2023\/10\/1-1.png","filesize":688775,"sizes":{"medium":{"file":"1-1-300x225.png","width":300,"height":225,"mime-type":"image\/png","filesize":52464,"url":"https:\/\/www.delirollforming.com\/wp-content\/uploads\/2023\/10\/1-1-300x225.png"},"large":{"file":"1-1-1024x768.png","width":1024,"height":768,"mime-type":"image\/png","filesize":479277,"url":"https:\/\/www.delirollforming.com\/wp-content\/uploads\/2023\/10\/1-1-1024x768.png"},"thumbnail":{"file":"1-1-150x150.png","width":150,"height":150,"mime-type":"image\/png","filesize":19051,"url":"https:\/\/www.delirollforming.com\/wp-content\/uploads\/2023\/10\/1-1-150x150.png"},"medium_large":{"file":"1-1-768x576.png","width":768,"height":576,"mime-type":"image\/png","filesize":283979,"url":"https:\/\/www.delirollforming.com\/wp-content\/uploads\/2023\/10\/1-1-768x576.png"},"book-image":{"file":"1-1-480x640.png","width":480,"height":640,"mime-type":"image\/png","filesize":180848,"url":"https:\/\/www.delirollforming.com\/wp-content\/uploads\/2023\/10\/1-1-480x640.png"}},"image_meta":{"aperture":"0","credit":"","camera":"","caption":"","created_timestamp":"0","copyright":"","focal_length":"0","iso":"0","shutter_speed":"0","title":"","orientation":"0","keywords":[]},"ID":"2995","name":"1-1.png","path":"\/www\/wwwroot\/www.delirollforming.com\/wp-content\/uploads\/2023\/10\/1-1.png","url":"https:\/\/www.delirollforming.com\/wp-content\/uploads\/2023\/10\/1-1-150x150.png","full_url":"https:\/\/www.delirollforming.com\/wp-content\/uploads\/2023\/10\/1-1.png","title":"\u65e5\u5149\u706f\u5916\u58f3","caption":"","description":"","alt":"","srcset":false},{"width":150,"height":150,"file":"2023\/10\/\u65e5\u5149\u706f\u5916\u58f3-4.png","filesize":1043203,"sizes":{"medium":{"file":"\u65e5\u5149\u706f\u5916\u58f3-4-300x225.png","width":300,"height":225,"mime-type":"image\/png","filesize":101769,"url":"https:\/\/www.delirollforming.com\/wp-content\/uploads\/2023\/10\/\u65e5\u5149\u706f\u5916\u58f3-4-300x225.png"},"large":{"file":"\u65e5\u5149\u706f\u5916\u58f3-4-1024x768.png","width":1024,"height":768,"mime-type":"image\/png","filesize":780188,"url":"https:\/\/www.delirollforming.com\/wp-content\/uploads\/2023\/10\/\u65e5\u5149\u706f\u5916\u58f3-4-1024x768.png"},"thumbnail":{"file":"\u65e5\u5149\u706f\u5916\u58f3-4-150x150.png","width":150,"height":150,"mime-type":"image\/png","filesize":38548,"url":"https:\/\/www.delirollforming.com\/wp-content\/uploads\/2023\/10\/\u65e5\u5149\u706f\u5916\u58f3-4-150x150.png"},"medium_large":{"file":"\u65e5\u5149\u706f\u5916\u58f3-4-768x576.png","width":768,"height":576,"mime-type":"image\/png","filesize":491973,"url":"https:\/\/www.delirollforming.com\/wp-content\/uploads\/2023\/10\/\u65e5\u5149\u706f\u5916\u58f3-4-768x576.png"},"book-image":{"file":"\u65e5\u5149\u706f\u5916\u58f3-4-480x640.png","width":480,"height":640,"mime-type":"image\/png","filesize":342262,"url":"https:\/\/www.delirollforming.com\/wp-content\/uploads\/2023\/10\/\u65e5\u5149\u706f\u5916\u58f3-4-480x640.png"}},"image_meta":{"aperture":"0","credit":"","camera":"","caption":"","created_timestamp":"0","copyright":"","focal_length":"0","iso":"0","shutter_speed":"0","title":"","orientation":"0","keywords":[]},"ID":"2987","name":"\u65e5\u5149\u706f\u5916\u58f3-4.png","path":"\/www\/wwwroot\/www.delirollforming.com\/wp-content\/uploads\/2023\/10\/\u65e5\u5149\u706f\u5916\u58f3-4.png","url":"https:\/\/www.delirollforming.com\/wp-content\/uploads\/2023\/10\/\u65e5\u5149\u706f\u5916\u58f3-4-150x150.png","full_url":"https:\/\/www.delirollforming.com\/wp-content\/uploads\/2023\/10\/\u65e5\u5149\u706f\u5916\u58f3-4.png","title":"\u65e5\u5149\u706f\u5916\u58f3-4","caption":"","description":"","alt":"","srcset":false},{"width":150,"height":150,"file":"2023\/10\/\u65e5\u5149\u706f\u5916\u58f3-3.png","filesize":1168343,"sizes":{"medium":{"file":"\u65e5\u5149\u706f\u5916\u58f3-3-300x225.png","width":300,"height":225,"mime-type":"image\/png","filesize":118417,"url":"https:\/\/www.delirollforming.com\/wp-content\/uploads\/2023\/10\/\u65e5\u5149\u706f\u5916\u58f3-3-300x225.png"},"large":{"file":"\u65e5\u5149\u706f\u5916\u58f3-3-1024x768.png","width":1024,"height":768,"mime-type":"image\/png","filesize":867891,"url":"https:\/\/www.delirollforming.com\/wp-content\/uploads\/2023\/10\/\u65e5\u5149\u706f\u5916\u58f3-3-1024x768.png"},"thumbnail":{"file":"\u65e5\u5149\u706f\u5916\u58f3-3-150x150.png","width":150,"height":150,"mime-type":"image\/png","filesize":44352,"url":"https:\/\/www.delirollforming.com\/wp-content\/uploads\/2023\/10\/\u65e5\u5149\u706f\u5916\u58f3-3-150x150.png"},"medium_large":{"file":"\u65e5\u5149\u706f\u5916\u58f3-3-768x576.png","width":768,"height":576,"mime-type":"image\/png","filesize":548652,"url":"https:\/\/www.delirollforming.com\/wp-content\/uploads\/2023\/10\/\u65e5\u5149\u706f\u5916\u58f3-3-768x576.png"},"book-image":{"file":"\u65e5\u5149\u706f\u5916\u58f3-3-480x640.png","width":480,"height":640,"mime-type":"image\/png","filesize":347265,"url":"https:\/\/www.delirollforming.com\/wp-content\/uploads\/2023\/10\/\u65e5\u5149\u706f\u5916\u58f3-3-480x640.png"}},"image_meta":{"aperture":"0","credit":"","camera":"","caption":"","created_timestamp":"0","copyright":"","focal_length":"0","iso":"0","shutter_speed":"0","title":"","orientation":"0","keywords":[]},"ID":"2983","name":"\u65e5\u5149\u706f\u5916\u58f3-3.png","path":"\/www\/wwwroot\/www.delirollforming.com\/wp-content\/uploads\/2023\/10\/\u65e5\u5149\u706f\u5916\u58f3-3.png","url":"https:\/\/www.delirollforming.com\/wp-content\/uploads\/2023\/10\/\u65e5\u5149\u706f\u5916\u58f3-3-150x150.png","full_url":"https:\/\/www.delirollforming.com\/wp-content\/uploads\/2023\/10\/\u65e5\u5149\u706f\u5916\u58f3-3.png","title":"\u65e5\u5149\u706f\u5916\u58f3-3","caption":"","description":"","alt":"","srcset":false},{"width":150,"height":150,"file":"2023\/10\/\u65e5\u5149\u706f\u5916\u58f3-2.png","filesize":1295512,"sizes":{"medium":{"file":"\u65e5\u5149\u706f\u5916\u58f3-2-300x225.png","width":300,"height":225,"mime-type":"image\/png","filesize":126043,"url":"https:\/\/www.delirollforming.com\/wp-content\/uploads\/2023\/10\/\u65e5\u5149\u706f\u5916\u58f3-2-300x225.png"},"large":{"file":"\u65e5\u5149\u706f\u5916\u58f3-2-1024x768.png","width":1024,"height":768,"mime-type":"image\/png","filesize":956580,"url":"https:\/\/www.delirollforming.com\/wp-content\/uploads\/2023\/10\/\u65e5\u5149\u706f\u5916\u58f3-2-1024x768.png"},"thumbnail":{"file":"\u65e5\u5149\u706f\u5916\u58f3-2-150x150.png","width":150,"height":150,"mime-type":"image\/png","filesize":48677,"url":"https:\/\/www.delirollforming.com\/wp-content\/uploads\/2023\/10\/\u65e5\u5149\u706f\u5916\u58f3-2-150x150.png"},"medium_large":{"file":"\u65e5\u5149\u706f\u5916\u58f3-2-768x576.png","width":768,"height":576,"mime-type":"image\/png","filesize":600487,"url":"https:\/\/www.delirollforming.com\/wp-content\/uploads\/2023\/10\/\u65e5\u5149\u706f\u5916\u58f3-2-768x576.png"},"book-image":{"file":"\u65e5\u5149\u706f\u5916\u58f3-2-480x640.png","width":480,"height":640,"mime-type":"image\/png","filesize":422180,"url":"https:\/\/www.delirollforming.com\/wp-content\/uploads\/2023\/10\/\u65e5\u5149\u706f\u5916\u58f3-2-480x640.png"}},"image_meta":{"aperture":"0","credit":"","camera":"","caption":"","created_timestamp":"0","copyright":"","focal_length":"0","iso":"0","shutter_speed":"0","title":"","orientation":"0","keywords":[]},"ID":"2979","name":"\u65e5\u5149\u706f\u5916\u58f3-2.png","path":"\/www\/wwwroot\/www.delirollforming.com\/wp-content\/uploads\/2023\/10\/\u65e5\u5149\u706f\u5916\u58f3-2.png","url":"https:\/\/www.delirollforming.com\/wp-content\/uploads\/2023\/10\/\u65e5\u5149\u706f\u5916\u58f3-2-150x150.png","full_url":"https:\/\/www.delirollforming.com\/wp-content\/uploads\/2023\/10\/\u65e5\u5149\u706f\u5916\u58f3-2.png","title":"\u65e5\u5149\u706f\u5916\u58f3-2","caption":"","description":"","alt":"","srcset":false},{"width":150,"height":150,"file":"2023\/10\/\u65e5\u5149\u706f\u5916\u58f3-1.png","filesize":1024369,"sizes":{"medium":{"file":"\u65e5\u5149\u706f\u5916\u58f3-1-300x225.png","width":300,"height":225,"mime-type":"image\/png","filesize":102608,"url":"https:\/\/www.delirollforming.com\/wp-content\/uploads\/2023\/10\/\u65e5\u5149\u706f\u5916\u58f3-1-300x225.png"},"large":{"file":"\u65e5\u5149\u706f\u5916\u58f3-1-1024x768.png","width":1024,"height":768,"mime-type":"image\/png","filesize":767676,"url":"https:\/\/www.delirollforming.com\/wp-content\/uploads\/2023\/10\/\u65e5\u5149\u706f\u5916\u58f3-1-1024x768.png"},"thumbnail":{"file":"\u65e5\u5149\u706f\u5916\u58f3-1-150x150.png","width":150,"height":150,"mime-type":"image\/png","filesize":39334,"url":"https:\/\/www.delirollforming.com\/wp-content\/uploads\/2023\/10\/\u65e5\u5149\u706f\u5916\u58f3-1-150x150.png"},"medium_large":{"file":"\u65e5\u5149\u706f\u5916\u58f3-1-768x576.png","width":768,"height":576,"mime-type":"image\/png","filesize":485849,"url":"https:\/\/www.delirollforming.com\/wp-content\/uploads\/2023\/10\/\u65e5\u5149\u706f\u5916\u58f3-1-768x576.png"},"book-image":{"file":"\u65e5\u5149\u706f\u5916\u58f3-1-480x640.png","width":480,"height":640,"mime-type":"image\/png","filesize":343296,"url":"https:\/\/www.delirollforming.com\/wp-content\/uploads\/2023\/10\/\u65e5\u5149\u706f\u5916\u58f3-1-480x640.png"}},"image_meta":{"aperture":"0","credit":"","camera":"","caption":"","created_timestamp":"0","copyright":"","focal_length":"0","iso":"0","shutter_speed":"0","title":"","orientation":"0","keywords":[]},"ID":"2975","name":"\u65e5\u5149\u706f\u5916\u58f3-1.png","path":"\/www\/wwwroot\/www.delirollforming.com\/wp-content\/uploads\/2023\/10\/\u65e5\u5149\u706f\u5916\u58f3-1.png","url":"https:\/\/www.delirollforming.com\/wp-content\/uploads\/2023\/10\/\u65e5\u5149\u706f\u5916\u58f3-1-150x150.png","full_url":"https:\/\/www.delirollforming.com\/wp-content\/uploads\/2023\/10\/\u65e5\u5149\u706f\u5916\u58f3-1.png","title":"\u65e5\u5149\u706f\u5916\u58f3-1","caption":"","description":"","alt":"","srcset":false},{"width":150,"height":150,"file":"2023\/10\/\u65e5\u5149\u706f\u5916\u58f3-6.png","filesize":1209644,"sizes":{"medium":{"file":"\u65e5\u5149\u706f\u5916\u58f3-6-300x225.png","width":300,"height":225,"mime-type":"image\/png","filesize":118897,"url":"https:\/\/www.delirollforming.com\/wp-content\/uploads\/2023\/10\/\u65e5\u5149\u706f\u5916\u58f3-6-300x225.png"},"large":{"file":"\u65e5\u5149\u706f\u5916\u58f3-6-1024x768.png","width":1024,"height":768,"mime-type":"image\/png","filesize":905832,"url":"https:\/\/www.delirollforming.com\/wp-content\/uploads\/2023\/10\/\u65e5\u5149\u706f\u5916\u58f3-6-1024x768.png"},"thumbnail":{"file":"\u65e5\u5149\u706f\u5916\u58f3-6-150x150.png","width":150,"height":150,"mime-type":"image\/png","filesize":44622,"url":"https:\/\/www.delirollforming.com\/wp-content\/uploads\/2023\/10\/\u65e5\u5149\u706f\u5916\u58f3-6-150x150.png"},"medium_large":{"file":"\u65e5\u5149\u706f\u5916\u58f3-6-768x576.png","width":768,"height":576,"mime-type":"image\/png","filesize":573402,"url":"https:\/\/www.delirollforming.com\/wp-content\/uploads\/2023\/10\/\u65e5\u5149\u706f\u5916\u58f3-6-768x576.png"},"book-image":{"file":"\u65e5\u5149\u706f\u5916\u58f3-6-480x640.png","width":480,"height":640,"mime-type":"image\/png","filesize":386387,"url":"https:\/\/www.delirollforming.com\/wp-content\/uploads\/2023\/10\/\u65e5\u5149\u706f\u5916\u58f3-6-480x640.png"}},"image_meta":{"aperture":"0","credit":"","camera":"","caption":"","created_timestamp":"0","copyright":"","focal_length":"0","iso":"0","shutter_speed":"0","title":"","orientation":"0","keywords":[]},"ID":"2971","name":"\u65e5\u5149\u706f\u5916\u58f3-6.png","path":"\/www\/wwwroot\/www.delirollforming.com\/wp-content\/uploads\/2023\/10\/\u65e5\u5149\u706f\u5916\u58f3-6.png","url":"https:\/\/www.delirollforming.com\/wp-content\/uploads\/2023\/10\/\u65e5\u5149\u706f\u5916\u58f3-6-150x150.png","full_url":"https:\/\/www.delirollforming.com\/wp-content\/uploads\/2023\/10\/\u65e5\u5149\u706f\u5916\u58f3-6.png","title":"\u65e5\u5149\u706f\u5916\u58f3-6","caption":"","description":"","alt":"","srcset":false},{"width":150,"height":150,"file":"2023\/10\/\u65e5\u5149\u706f\u5916\u58f3-1.jpg","filesize":151577,"sizes":{"medium":{"file":"\u65e5\u5149\u706f\u5916\u58f3-1-300x225.jpg","width":300,"height":225,"mime-type":"image\/jpeg","filesize":8893,"url":"https:\/\/www.delirollforming.com\/wp-content\/uploads\/2023\/10\/\u65e5\u5149\u706f\u5916\u58f3-1-300x225.jpg"},"large":{"file":"\u65e5\u5149\u706f\u5916\u58f3-1-1024x768.jpg","width":1024,"height":768,"mime-type":"image\/jpeg","filesize":46527,"url":"https:\/\/www.delirollforming.com\/wp-content\/uploads\/2023\/10\/\u65e5\u5149\u706f\u5916\u58f3-1-1024x768.jpg"},"thumbnail":{"file":"\u65e5\u5149\u706f\u5916\u58f3-1-150x150.jpg","width":150,"height":150,"mime-type":"image\/jpeg","filesize":4316,"url":"https:\/\/www.delirollforming.com\/wp-content\/uploads\/2023\/10\/\u65e5\u5149\u706f\u5916\u58f3-1-150x150.jpg"},"medium_large":{"file":"\u65e5\u5149\u706f\u5916\u58f3-1-768x576.jpg","width":768,"height":576,"mime-type":"image\/jpeg","filesize":31036,"url":"https:\/\/www.delirollforming.com\/wp-content\/uploads\/2023\/10\/\u65e5\u5149\u706f\u5916\u58f3-1-768x576.jpg"},"book-image":{"file":"\u65e5\u5149\u706f\u5916\u58f3-1-480x640.jpg","width":480,"height":640,"mime-type":"image\/jpeg","filesize":21851,"url":"https:\/\/www.delirollforming.com\/wp-content\/uploads\/2023\/10\/\u65e5\u5149\u706f\u5916\u58f3-1-480x640.jpg"}},"image_meta":{"aperture":"0","credit":"","camera":"","caption":"","created_timestamp":"0","copyright":"","focal_length":"0","iso":"0","shutter_speed":"0","title":"","orientation":"0","keywords":[]},"ID":"2967","name":"\u65e5\u5149\u706f\u5916\u58f3-1.jpg","path":"\/www\/wwwroot\/www.delirollforming.com\/wp-content\/uploads\/2023\/10\/\u65e5\u5149\u706f\u5916\u58f3-1.jpg","url":"https:\/\/www.delirollforming.com\/wp-content\/uploads\/2023\/10\/\u65e5\u5149\u706f\u5916\u58f3-1-150x150.jpg","full_url":"https:\/\/www.delirollforming.com\/wp-content\/uploads\/2023\/10\/\u65e5\u5149\u706f\u5916\u58f3-1.jpg","title":"\u65e5\u5149\u706f\u5916\u58f3-1","caption":"","description":"","alt":"","srcset":false}],"parameters":[{"propertyName":"Material","propertyValue":"Acero PPGI"},{"propertyName":"Profile Size","propertyValue":"70*37.5mm (Personalizable)"},{"propertyName":"Material Thickness","propertyValue":"0.5-0.6mm"},{"propertyName":"Profile Accuracy","propertyValue":"\u00b10.2mm"},{"propertyName":"Forming Rollers","propertyValue":"20"},{"propertyName":"Width Adjustable","propertyValue":"No"},{"propertyName":"Running Speed","propertyValue":"4-6m\/min"},{"propertyName":"Height Adjustable","propertyValue":"No"}],"background":{"width":150,"height":150,"file":"2023\/04\/6978355.png","filesize":1643212,"sizes":{"medium":{"file":"6978355-300x156.png","width":300,"height":156,"mime-type":"image\/png","filesize":112561,"url":"https:\/\/www.delirollforming.com\/wp-content\/uploads\/2023\/04\/6978355-300x156.png"},"large":{"file":"6978355-1024x533.png","width":1024,"height":533,"mime-type":"image\/png","filesize":1259588,"url":"https:\/\/www.delirollforming.com\/wp-content\/uploads\/2023\/04\/6978355-1024x533.png"},"thumbnail":{"file":"6978355-150x150.png","width":150,"height":150,"mime-type":"image\/png","filesize":55589,"url":"https:\/\/www.delirollforming.com\/wp-content\/uploads\/2023\/04\/6978355-150x150.png"},"medium_large":{"file":"6978355-768x400.png","width":768,"height":400,"mime-type":"image\/png","filesize":723593,"url":"https:\/\/www.delirollforming.com\/wp-content\/uploads\/2023\/04\/6978355-768x400.png"},"1536x1536":{"file":"6978355-1536x800.png","width":1536,"height":800,"mime-type":"image\/png","filesize":2601526,"url":"https:\/\/www.delirollforming.com\/wp-content\/uploads\/2023\/04\/6978355-1536x800.png"},"book-image":{"file":"6978355-480x640.png","width":480,"height":640,"mime-type":"image\/png","filesize":725056,"url":"https:\/\/www.delirollforming.com\/wp-content\/uploads\/2023\/04\/6978355-480x640.png"}},"image_meta":{"aperture":"0","credit":"","camera":"","caption":"","created_timestamp":"0","copyright":"","focal_length":"0","iso":"0","shutter_speed":"0","title":"","orientation":"0","keywords":[]},"ID":"2605","name":"6978355.png","path":"\/www\/wwwroot\/www.delirollforming.com\/wp-content\/uploads\/2023\/04\/6978355.png","url":"https:\/\/www.delirollforming.com\/wp-content\/uploads\/2023\/04\/6978355-150x150.png","full_url":"https:\/\/www.delirollforming.com\/wp-content\/uploads\/2023\/04\/6978355.png","title":"6978355","caption":"","description":"","alt":"","srcset":false},"showInHome":"0"},"_links":{"self":[{"href":"https:\/\/www.delirollforming.com\/es\/wp-json\/wp\/v2\/product\/5621","targetHints":{"allow":["GET"]}}],"collection":[{"href":"https:\/\/www.delirollforming.com\/es\/wp-json\/wp\/v2\/product"}],"about":[{"href":"https:\/\/www.delirollforming.com\/es\/wp-json\/wp\/v2\/types\/product"}],"wp:featuredmedia":[{"embeddable":true,"href":"https:\/\/www.delirollforming.com\/es\/wp-json\/wp\/v2\/media\/10674"}],"wp:attachment":[{"href":"https:\/\/www.delirollforming.com\/es\/wp-json\/wp\/v2\/media?parent=5621"}],"wp:term":[{"taxonomy":"product-type","embeddable":true,"href":"https:\/\/www.delirollforming.com\/es\/wp-json\/wp\/v2\/product-type?post=5621"}],"curies":[{"name":"wp","href":"https:\/\/api.w.org\/{rel}","templated":true}]}}