{"id":5725,"date":"2024-01-01T06:12:25","date_gmt":"2024-01-01T13:12:25","guid":{"rendered":"https:\/\/www.delirollforming.com\/about\/culture\/"},"modified":"2024-03-12T01:51:25","modified_gmt":"2024-03-12T08:51:25","slug":"culture","status":"publish","type":"page","link":"https:\/\/www.delirollforming.com\/es\/about\/culture\/","title":{"rendered":"Cultura Corporativa"},"content":{"rendered":"\n<div class=\"wp-block-media-text alignwide is-stacked-on-mobile\"><figure class=\"wp-block-media-text__media\"><img loading=\"lazy\" decoding=\"async\" width=\"1024\" height=\"576\" src=\"https:\/\/www.delirollforming.com\/wp-content\/uploads\/2023\/09\/cul_1-1024x576.webp\" alt=\"\" class=\"wp-image-2097 size-full\" srcset=\"https:\/\/www.delirollforming.com\/wp-content\/uploads\/2023\/09\/cul_1-1024x576.webp 1024w, https:\/\/www.delirollforming.com\/wp-content\/uploads\/2023\/09\/cul_1-300x169.webp 300w, https:\/\/www.delirollforming.com\/wp-content\/uploads\/2023\/09\/cul_1-768x432.webp 768w, https:\/\/www.delirollforming.com\/wp-content\/uploads\/2023\/09\/cul_1.webp 1500w\" sizes=\"auto, (max-width: 1024px) 100vw, 1024px\" \/><\/figure><div class=\"wp-block-media-text__content\">\n<h2 class=\"wp-block-heading text24\" id=\"h-nuestro-concepto\">Nuestro concepto<\/h2>\n\n\n\n<p>Centrada en el cliente, orientada al servicio y basada en la calidad<\/p>\n<\/div><\/div>\n\n\n\n<div class=\"wp-block-media-text alignwide is-stacked-on-mobile odd\"><figure class=\"wp-block-media-text__media\"><img loading=\"lazy\" decoding=\"async\" width=\"1024\" height=\"576\" src=\"https:\/\/www.delirollforming.com\/wp-content\/uploads\/2023\/09\/cul_2-1024x576.webp\" alt=\"\" class=\"wp-image-2107 size-full\" srcset=\"https:\/\/www.delirollforming.com\/wp-content\/uploads\/2023\/09\/cul_2-1024x576.webp 1024w, https:\/\/www.delirollforming.com\/wp-content\/uploads\/2023\/09\/cul_2-300x169.webp 300w, https:\/\/www.delirollforming.com\/wp-content\/uploads\/2023\/09\/cul_2-768x432.webp 768w, https:\/\/www.delirollforming.com\/wp-content\/uploads\/2023\/09\/cul_2.webp 1500w\" sizes=\"auto, (max-width: 1024px) 100vw, 1024px\" \/><\/figure><div class=\"wp-block-media-text__content\">\n<h2 class=\"wp-block-heading text24\" id=\"h-nuestra-mision\">Nuestra misi\u00f3n<\/h2>\n\n\n\n<p>Fabrique maquinaria automatizada de alta calidad y cree mayor valor para sus clientes<\/p>\n<\/div><\/div>\n\n\n\n<div class=\"wp-block-media-text alignwide is-stacked-on-mobile\"><figure class=\"wp-block-media-text__media\"><img loading=\"lazy\" decoding=\"async\" width=\"1024\" height=\"576\" src=\"https:\/\/www.delirollforming.com\/wp-content\/uploads\/2023\/09\/cul_3-1024x576.webp\" alt=\"\" class=\"wp-image-2117 size-full\" srcset=\"https:\/\/www.delirollforming.com\/wp-content\/uploads\/2023\/09\/cul_3-1024x576.webp 1024w, https:\/\/www.delirollforming.com\/wp-content\/uploads\/2023\/09\/cul_3-300x169.webp 300w, https:\/\/www.delirollforming.com\/wp-content\/uploads\/2023\/09\/cul_3-768x432.webp 768w, https:\/\/www.delirollforming.com\/wp-content\/uploads\/2023\/09\/cul_3.webp 1500w\" sizes=\"auto, (max-width: 1024px) 100vw, 1024px\" \/><\/figure><div class=\"wp-block-media-text__content\">\n<h2 class=\"wp-block-heading text24\" id=\"h-nuestra-filosofia\">Nuestra filosof\u00eda<\/h2>\n\n\n\n<p>La calidad crea valor<\/p>\n<\/div><\/div>\n\n\n\n<div class=\"wp-block-media-text alignwide is-stacked-on-mobile odd\"><figure class=\"wp-block-media-text__media\"><img loading=\"lazy\" decoding=\"async\" width=\"1024\" height=\"576\" src=\"https:\/\/www.delirollforming.com\/wp-content\/uploads\/2023\/09\/cul_4-1024x576.webp\" alt=\"\" class=\"wp-image-2121 size-full\" srcset=\"https:\/\/www.delirollforming.com\/wp-content\/uploads\/2023\/09\/cul_4-1024x576.webp 1024w, https:\/\/www.delirollforming.com\/wp-content\/uploads\/2023\/09\/cul_4-300x169.webp 300w, https:\/\/www.delirollforming.com\/wp-content\/uploads\/2023\/09\/cul_4-768x432.webp 768w, https:\/\/www.delirollforming.com\/wp-content\/uploads\/2023\/09\/cul_4.webp 1500w\" sizes=\"auto, (max-width: 1024px) 100vw, 1024px\" \/><\/figure><div class=\"wp-block-media-text__content\">\n<h2 class=\"wp-block-heading text24\" id=\"h-nuestra-vision\">Nuestra visi\u00f3n<\/h2>\n\n\n\n<p>Crear una cadena industrial de \u00abventanilla \u00fanica\u00bb que integre investigaci\u00f3n y desarrollo, dise\u00f1o, fabricaci\u00f3n, montaje, puesta en marcha y mantenimiento<\/p>\n<\/div><\/div>\n","protected":false},"excerpt":{"rendered":"<p>Nuestro concepto Centrada en el cliente, orientada al servicio y basada en la calidad Nuestra misi\u00f3n Fabrique maquinaria automatizada de alta calidad y cree mayor valor para sus clientes Nuestra filosof\u00eda La calidad crea valor Nuestra visi\u00f3n Crear una cadena industrial de \u00abventanilla \u00fanica\u00bb que integre investigaci\u00f3n y desarrollo, dise\u00f1o, fabricaci\u00f3n, montaje, puesta en marcha [&hellip;]<\/p>\n","protected":false},"author":1,"featured_media":6300,"parent":5721,"menu_order":44,"comment_status":"closed","ping_status":"closed","template":"","meta":{"inline_featured_image":false,"_uag_custom_page_level_css":"","footnotes":""},"class_list":["post-5725","page","type-page","status-publish","has-post-thumbnail","hentry"],"uagb_featured_image_src":{"full":["https:\/\/www.delirollforming.com\/wp-content\/uploads\/2024\/01\/\u516c\u53f8-\u5c01\u9762-1.jpg",1915,453,false],"thumbnail":["https:\/\/www.delirollforming.com\/wp-content\/uploads\/2024\/01\/\u516c\u53f8-\u5c01\u9762-1-150x150.jpg",150,150,true],"medium":["https:\/\/www.delirollforming.com\/wp-content\/uploads\/2024\/01\/\u516c\u53f8-\u5c01\u9762-1-300x71.jpg",300,71,true],"medium_large":["https:\/\/www.delirollforming.com\/wp-content\/uploads\/2024\/01\/\u516c\u53f8-\u5c01\u9762-1-768x182.jpg",768,182,true],"large":["https:\/\/www.delirollforming.com\/wp-content\/uploads\/2024\/01\/\u516c\u53f8-\u5c01\u9762-1-1024x242.jpg",1024,242,true],"1536x1536":["https:\/\/www.delirollforming.com\/wp-content\/uploads\/2024\/01\/\u516c\u53f8-\u5c01\u9762-1-1536x363.jpg",1536,363,true],"2048x2048":["https:\/\/www.delirollforming.com\/wp-content\/uploads\/2024\/01\/\u516c\u53f8-\u5c01\u9762-1.jpg",1915,453,false],"book-image":["https:\/\/www.delirollforming.com\/wp-content\/uploads\/2024\/01\/\u516c\u53f8-\u5c01\u9762-1-480x453.jpg",480,453,true]},"uagb_author_info":{"display_name":"doubletong","author_link":"https:\/\/www.delirollforming.com\/es\/author\/doubletong\/"},"uagb_comment_info":0,"uagb_excerpt":"Nuestro concepto Centrada en el cliente, orientada al servicio y basada en la calidad Nuestra misi\u00f3n Fabrique maquinaria automatizada de alta calidad y cree mayor valor para sus clientes Nuestra filosof\u00eda La calidad crea valor Nuestra visi\u00f3n Crear una cadena industrial de \u00abventanilla \u00fanica\u00bb que integre investigaci\u00f3n y desarrollo, dise\u00f1o, fabricaci\u00f3n, montaje, puesta en marcha&hellip;","meta_box":{"photos":[],"h-certificates":[],"v-certificates":[],"company":"","address":"","phone":"","whatsapp":"","email":"","abscissas":"","ordinates":""},"_links":{"self":[{"href":"https:\/\/www.delirollforming.com\/es\/wp-json\/wp\/v2\/pages\/5725","targetHints":{"allow":["GET"]}}],"collection":[{"href":"https:\/\/www.delirollforming.com\/es\/wp-json\/wp\/v2\/pages"}],"about":[{"href":"https:\/\/www.delirollforming.com\/es\/wp-json\/wp\/v2\/types\/page"}],"author":[{"embeddable":true,"href":"https:\/\/www.delirollforming.com\/es\/wp-json\/wp\/v2\/users\/1"}],"replies":[{"embeddable":true,"href":"https:\/\/www.delirollforming.com\/es\/wp-json\/wp\/v2\/comments?post=5725"}],"version-history":[{"count":1,"href":"https:\/\/www.delirollforming.com\/es\/wp-json\/wp\/v2\/pages\/5725\/revisions"}],"predecessor-version":[{"id":5903,"href":"https:\/\/www.delirollforming.com\/es\/wp-json\/wp\/v2\/pages\/5725\/revisions\/5903"}],"up":[{"embeddable":true,"href":"https:\/\/www.delirollforming.com\/es\/wp-json\/wp\/v2\/pages\/5721"}],"wp:featuredmedia":[{"embeddable":true,"href":"https:\/\/www.delirollforming.com\/es\/wp-json\/wp\/v2\/media\/6300"}],"wp:attachment":[{"href":"https:\/\/www.delirollforming.com\/es\/wp-json\/wp\/v2\/media?parent=5725"}],"curies":[{"name":"wp","href":"https:\/\/api.w.org\/{rel}","templated":true}]}}