{"id":5721,"date":"2022-09-02T09:15:23","date_gmt":"2022-09-02T01:15:23","guid":{"rendered":"https:\/\/www.delirollforming.com\/about\/"},"modified":"2024-05-24T15:55:34","modified_gmt":"2024-05-24T07:55:34","slug":"about","status":"publish","type":"page","link":"https:\/\/www.delirollforming.com\/es\/about\/","title":{"rendered":"Perfil de la Compa\u00f1\u00eda"},"content":{"rendered":"\n<h2 class=\"wp-block-heading\">Proveedor de m\u00e1quinas perfiladoras<\/h2>\n\n\n<div class=\"intro\"><span style=\"font-family: arial, helvetica, sans-serif; font-size: 14pt;\">Foshan Deli Maquinaria Equipment Co., Ltd. Fundada en 2003, somos uno de los l\u00edderes en el campo de la fabricaci\u00f3n de m\u00e1quinas perfiladoras en fr\u00edo. Tenemos docenas de invenciones y patentes, y hemos sido certificados como Empresa Nacional de Alta Tecnolog\u00eda.<\/span><\/div>\n<p class=\"wow fadeInUp\" style=\"text-align: justify;\"><span style=\"font-family: arial, helvetica, sans-serif; font-size: 14pt;\">Nuestras m\u00e1quinas se aplican ampliamente para la producci\u00f3n de material de construcci\u00f3n, muebles de metal, sistema de estanter\u00edas de paletas y perfil de autom\u00f3viles. Por ejemplo, la l\u00ednea de producci\u00f3n de techos de nido de abeja patentada, la l\u00ednea de producci\u00f3n de vigas y montantes para armarios de servidores, etc., y la serie de l\u00edneas de producci\u00f3n de perfiles para estanter\u00edas compactas, archivadores, sistemas de estanter\u00edas, pueden satisfacer diferentes requisitos de personalizaci\u00f3n complejos.<\/span><\/p>\n<p class=\"wow fadeInUp\" style=\"text-align: justify;\"><span style=\"font-family: arial, helvetica, sans-serif; font-size: 14pt;\">Hasta ahora, tenemos muchos clientes nacionales y extranjeros, como <span style=\"color: #ed6e35;\">Jap\u00f3n HONDA<\/span> (perfil de coche), <span style=\"color: #ed6e35;\">Espa\u00f1a INDAUX<\/span> (corredera de caj\u00f3n), <span style=\"color: #ed6e35;\">America FANSN<\/span> (material de construcci\u00f3n), <span style=\"color: #ed6e35;\">Rusia DHXF<\/span> (panel de estanter\u00eda); y nacionales <span style=\"color: #ed6e35;\">HUAWEI<\/span> (perfil de armario de servidor), <span style=\"color: #ed6e35;\">HISENSE KELON<\/span> (para productos <span style=\"color: #ed6e35;\">IKEA<\/span>), <span style=\"color: #ed6e35;\">BARDISS, LANGTAI<\/span> (panel de techo de nido de abeja), <span style=\"color: #ed6e35;\">NANYANG ELECTRIC<\/span> (perfil de armario el\u00e9ctrico), <span style=\"color: #ed6e35;\">FOXCONN<\/span> (corredera de caj\u00f3n), <span style=\"color: #ed6e35;\">MIDEA<\/span> (perfil), <span style=\"color: #ed6e35;\">QINGLING MOTORS<\/span> (panel ondulado), etc.<\/span><\/p>","protected":false},"excerpt":{"rendered":"<p>Proveedor de m\u00e1quinas perfiladoras Foshan Deli Maquinaria Equipment Co., Ltd. Fundada en 2003, somos uno de los l\u00edderes en el campo de la fabricaci\u00f3n de m\u00e1quinas perfiladoras en fr\u00edo. Tenemos docenas de invenciones y patentes, y hemos sido certificados como Empresa Nacional de Alta Tecnolog\u00eda. Nuestras m\u00e1quinas se aplican ampliamente para la producci\u00f3n de material [&hellip;]<\/p>\n","protected":false},"author":1,"featured_media":6300,"parent":0,"menu_order":15,"comment_status":"closed","ping_status":"closed","template":"","meta":{"inline_featured_image":false,"_uag_custom_page_level_css":"","footnotes":""},"class_list":["post-5721","page","type-page","status-publish","has-post-thumbnail","hentry"],"uagb_featured_image_src":{"full":["https:\/\/www.delirollforming.com\/wp-content\/uploads\/2024\/01\/\u516c\u53f8-\u5c01\u9762-1.jpg",1915,453,false],"thumbnail":["https:\/\/www.delirollforming.com\/wp-content\/uploads\/2024\/01\/\u516c\u53f8-\u5c01\u9762-1-150x150.jpg",150,150,true],"medium":["https:\/\/www.delirollforming.com\/wp-content\/uploads\/2024\/01\/\u516c\u53f8-\u5c01\u9762-1-300x71.jpg",300,71,true],"medium_large":["https:\/\/www.delirollforming.com\/wp-content\/uploads\/2024\/01\/\u516c\u53f8-\u5c01\u9762-1-768x182.jpg",768,182,true],"large":["https:\/\/www.delirollforming.com\/wp-content\/uploads\/2024\/01\/\u516c\u53f8-\u5c01\u9762-1-1024x242.jpg",1024,242,true],"1536x1536":["https:\/\/www.delirollforming.com\/wp-content\/uploads\/2024\/01\/\u516c\u53f8-\u5c01\u9762-1-1536x363.jpg",1536,363,true],"2048x2048":["https:\/\/www.delirollforming.com\/wp-content\/uploads\/2024\/01\/\u516c\u53f8-\u5c01\u9762-1.jpg",1915,453,false],"book-image":["https:\/\/www.delirollforming.com\/wp-content\/uploads\/2024\/01\/\u516c\u53f8-\u5c01\u9762-1-480x453.jpg",480,453,true]},"uagb_author_info":{"display_name":"doubletong","author_link":"https:\/\/www.delirollforming.com\/es\/author\/doubletong\/"},"uagb_comment_info":0,"uagb_excerpt":"Proveedor de m\u00e1quinas perfiladoras Foshan Deli Maquinaria Equipment Co., Ltd. Fundada en 2003, somos uno de los l\u00edderes en el campo de la fabricaci\u00f3n de m\u00e1quinas perfiladoras en fr\u00edo. Tenemos docenas de invenciones y patentes, y hemos sido certificados como Empresa Nacional de Alta Tecnolog\u00eda. Nuestras m\u00e1quinas se aplican ampliamente para la producci\u00f3n de material&hellip;","meta_box":{"photos":[{"width":150,"height":150,"file":"2023\/09\/about_2.webp","filesize":215726,"sizes":{"medium":{"file":"about_2-300x200.webp","width":300,"height":200,"mime-type":"image\/webp","filesize":20914,"url":"https:\/\/www.delirollforming.com\/wp-content\/uploads\/2023\/09\/about_2-300x200.webp"},"thumbnail":{"file":"about_2-150x150.webp","width":150,"height":150,"mime-type":"image\/webp","filesize":8720,"url":"https:\/\/www.delirollforming.com\/wp-content\/uploads\/2023\/09\/about_2-150x150.webp"},"medium_large":{"file":"about_2-768x512.webp","width":768,"height":512,"mime-type":"image\/webp","filesize":95888,"url":"https:\/\/www.delirollforming.com\/wp-content\/uploads\/2023\/09\/about_2-768x512.webp"},"book-image":{"file":"about_2-480x640.webp","width":480,"height":640,"mime-type":"image\/webp","filesize":68116,"url":"https:\/\/www.delirollforming.com\/wp-content\/uploads\/2023\/09\/about_2-480x640.webp"}},"image_meta":{"aperture":"0","credit":"","camera":"","caption":"","created_timestamp":"0","copyright":"","focal_length":"0","iso":"0","shutter_speed":"0","title":"","orientation":"0","keywords":[]},"ID":"1999","name":"about_2.webp","path":"\/www\/wwwroot\/www.delirollforming.com\/wp-content\/uploads\/2023\/09\/about_2.webp","url":"https:\/\/www.delirollforming.com\/wp-content\/uploads\/2023\/09\/about_2-150x150.webp","full_url":"https:\/\/www.delirollforming.com\/wp-content\/uploads\/2023\/09\/about_2.webp","title":"about_2","caption":"","description":"","alt":"Roll Forming Machine Supplier - Deli Machinery Equipment","srcset":false},{"width":150,"height":150,"file":"2023\/09\/about_1.webp","filesize":240678,"sizes":{"medium":{"file":"about_1-300x200.webp","width":300,"height":200,"mime-type":"image\/webp","filesize":23832,"url":"https:\/\/www.delirollforming.com\/wp-content\/uploads\/2023\/09\/about_1-300x200.webp"},"thumbnail":{"file":"about_1-150x150.webp","width":150,"height":150,"mime-type":"image\/webp","filesize":10154,"url":"https:\/\/www.delirollforming.com\/wp-content\/uploads\/2023\/09\/about_1-150x150.webp"},"medium_large":{"file":"about_1-768x512.webp","width":768,"height":512,"mime-type":"image\/webp","filesize":111300,"url":"https:\/\/www.delirollforming.com\/wp-content\/uploads\/2023\/09\/about_1-768x512.webp"},"book-image":{"file":"about_1-480x640.webp","width":480,"height":640,"mime-type":"image\/webp","filesize":78650,"url":"https:\/\/www.delirollforming.com\/wp-content\/uploads\/2023\/09\/about_1-480x640.webp"}},"image_meta":{"aperture":"0","credit":"","camera":"","caption":"","created_timestamp":"0","copyright":"","focal_length":"0","iso":"0","shutter_speed":"0","title":"","orientation":"0","keywords":[]},"ID":"2003","name":"about_1.webp","path":"\/www\/wwwroot\/www.delirollforming.com\/wp-content\/uploads\/2023\/09\/about_1.webp","url":"https:\/\/www.delirollforming.com\/wp-content\/uploads\/2023\/09\/about_1-150x150.webp","full_url":"https:\/\/www.delirollforming.com\/wp-content\/uploads\/2023\/09\/about_1.webp","title":"about_1","caption":"","description":"","alt":"Roll Forming Machine Supplier - Deli Machinery Equipment","srcset":false},{"width":150,"height":150,"file":"2023\/09\/about_3.webp","filesize":134886,"sizes":{"medium":{"file":"about_3-300x200.webp","width":300,"height":200,"mime-type":"image\/webp","filesize":15434,"url":"https:\/\/www.delirollforming.com\/wp-content\/uploads\/2023\/09\/about_3-300x200.webp"},"thumbnail":{"file":"about_3-150x150.webp","width":150,"height":150,"mime-type":"image\/webp","filesize":7046,"url":"https:\/\/www.delirollforming.com\/wp-content\/uploads\/2023\/09\/about_3-150x150.webp"},"medium_large":{"file":"about_3-768x512.webp","width":768,"height":512,"mime-type":"image\/webp","filesize":63096,"url":"https:\/\/www.delirollforming.com\/wp-content\/uploads\/2023\/09\/about_3-768x512.webp"},"book-image":{"file":"about_3-480x640.webp","width":480,"height":640,"mime-type":"image\/webp","filesize":46506,"url":"https:\/\/www.delirollforming.com\/wp-content\/uploads\/2023\/09\/about_3-480x640.webp"}},"image_meta":{"aperture":"0","credit":"","camera":"","caption":"","created_timestamp":"0","copyright":"","focal_length":"0","iso":"0","shutter_speed":"0","title":"","orientation":"0","keywords":[]},"ID":"2007","name":"about_3.webp","path":"\/www\/wwwroot\/www.delirollforming.com\/wp-content\/uploads\/2023\/09\/about_3.webp","url":"https:\/\/www.delirollforming.com\/wp-content\/uploads\/2023\/09\/about_3-150x150.webp","full_url":"https:\/\/www.delirollforming.com\/wp-content\/uploads\/2023\/09\/about_3.webp","title":"about_3","caption":"","description":"","alt":"Roll Forming Machine Supplier - Deli Machinery Equipment","srcset":false}],"h-certificates":[{"width":150,"height":150,"file":"2024\/05\/2022\u5e74\u9ad8\u4f01\u8bc1\u4e66-2.jpg","filesize":292818,"sizes":{"medium":{"file":"2022\u5e74\u9ad8\u4f01\u8bc1\u4e66-2-300x200.jpg","width":300,"height":200,"mime-type":"image\/jpeg","filesize":11163,"url":"https:\/\/www.delirollforming.com\/wp-content\/uploads\/2024\/05\/2022\u5e74\u9ad8\u4f01\u8bc1\u4e66-2-300x200.jpg"},"large":{"file":"2022\u5e74\u9ad8\u4f01\u8bc1\u4e66-2-1024x683.jpg","width":1024,"height":683,"mime-type":"image\/jpeg","filesize":75197,"url":"https:\/\/www.delirollforming.com\/wp-content\/uploads\/2024\/05\/2022\u5e74\u9ad8\u4f01\u8bc1\u4e66-2-1024x683.jpg"},"thumbnail":{"file":"2022\u5e74\u9ad8\u4f01\u8bc1\u4e66-2-150x150.jpg","width":150,"height":150,"mime-type":"image\/jpeg","filesize":5110,"url":"https:\/\/www.delirollforming.com\/wp-content\/uploads\/2024\/05\/2022\u5e74\u9ad8\u4f01\u8bc1\u4e66-2-150x150.jpg"},"medium_large":{"file":"2022\u5e74\u9ad8\u4f01\u8bc1\u4e66-2-768x512.jpg","width":768,"height":512,"mime-type":"image\/jpeg","filesize":49803,"url":"https:\/\/www.delirollforming.com\/wp-content\/uploads\/2024\/05\/2022\u5e74\u9ad8\u4f01\u8bc1\u4e66-2-768x512.jpg"},"book-image":{"file":"2022\u5e74\u9ad8\u4f01\u8bc1\u4e66-2-480x640.jpg","width":480,"height":640,"mime-type":"image\/jpeg","filesize":38712,"url":"https:\/\/www.delirollforming.com\/wp-content\/uploads\/2024\/05\/2022\u5e74\u9ad8\u4f01\u8bc1\u4e66-2-480x640.jpg"}},"image_meta":{"aperture":"0","credit":"","camera":"","caption":"","created_timestamp":"0","copyright":"","focal_length":"0","iso":"0","shutter_speed":"0","title":"","orientation":"0","keywords":[]},"ID":"9044","name":"2022\u5e74\u9ad8\u4f01\u8bc1\u4e66-2.jpg","path":"\/www\/wwwroot\/www.delirollforming.com\/wp-content\/uploads\/2024\/05\/2022\u5e74\u9ad8\u4f01\u8bc1\u4e66-2.jpg","url":"https:\/\/www.delirollforming.com\/wp-content\/uploads\/2024\/05\/2022\u5e74\u9ad8\u4f01\u8bc1\u4e66-2-150x150.jpg","full_url":"https:\/\/www.delirollforming.com\/wp-content\/uploads\/2024\/05\/2022\u5e74\u9ad8\u4f01\u8bc1\u4e66-2.jpg","title":"Certificado de empresa de alta tecnolog\u00eda 2022-2025","caption":"","description":"","alt":"","srcset":false},{"width":150,"height":150,"file":"2024\/05\/\u9ad8\u65b0\u4f01\u4e1a\u8bc1\u4e66-2019-1.jpg","filesize":250111,"sizes":{"medium":{"file":"\u9ad8\u65b0\u4f01\u4e1a\u8bc1\u4e66-2019-1-300x200.jpg","width":300,"height":200,"mime-type":"image\/jpeg","filesize":9446,"url":"https:\/\/www.delirollforming.com\/wp-content\/uploads\/2024\/05\/\u9ad8\u65b0\u4f01\u4e1a\u8bc1\u4e66-2019-1-300x200.jpg"},"large":{"file":"\u9ad8\u65b0\u4f01\u4e1a\u8bc1\u4e66-2019-1-1024x683.jpg","width":1024,"height":683,"mime-type":"image\/jpeg","filesize":59746,"url":"https:\/\/www.delirollforming.com\/wp-content\/uploads\/2024\/05\/\u9ad8\u65b0\u4f01\u4e1a\u8bc1\u4e66-2019-1-1024x683.jpg"},"thumbnail":{"file":"\u9ad8\u65b0\u4f01\u4e1a\u8bc1\u4e66-2019-1-150x150.jpg","width":150,"height":150,"mime-type":"image\/jpeg","filesize":4662,"url":"https:\/\/www.delirollforming.com\/wp-content\/uploads\/2024\/05\/\u9ad8\u65b0\u4f01\u4e1a\u8bc1\u4e66-2019-1-150x150.jpg"},"medium_large":{"file":"\u9ad8\u65b0\u4f01\u4e1a\u8bc1\u4e66-2019-1-768x512.jpg","width":768,"height":512,"mime-type":"image\/jpeg","filesize":39257,"url":"https:\/\/www.delirollforming.com\/wp-content\/uploads\/2024\/05\/\u9ad8\u65b0\u4f01\u4e1a\u8bc1\u4e66-2019-1-768x512.jpg"},"book-image":{"file":"\u9ad8\u65b0\u4f01\u4e1a\u8bc1\u4e66-2019-1-480x640.jpg","width":480,"height":640,"mime-type":"image\/jpeg","filesize":31451,"url":"https:\/\/www.delirollforming.com\/wp-content\/uploads\/2024\/05\/\u9ad8\u65b0\u4f01\u4e1a\u8bc1\u4e66-2019-1-480x640.jpg"}},"image_meta":{"aperture":"0","credit":"","camera":"","caption":"","created_timestamp":"0","copyright":"","focal_length":"0","iso":"0","shutter_speed":"0","title":"","orientation":"0","keywords":[]},"ID":"9041","name":"\u9ad8\u65b0\u4f01\u4e1a\u8bc1\u4e66-2019-1.jpg","path":"\/www\/wwwroot\/www.delirollforming.com\/wp-content\/uploads\/2024\/05\/\u9ad8\u65b0\u4f01\u4e1a\u8bc1\u4e66-2019-1.jpg","url":"https:\/\/www.delirollforming.com\/wp-content\/uploads\/2024\/05\/\u9ad8\u65b0\u4f01\u4e1a\u8bc1\u4e66-2019-1-150x150.jpg","full_url":"https:\/\/www.delirollforming.com\/wp-content\/uploads\/2024\/05\/\u9ad8\u65b0\u4f01\u4e1a\u8bc1\u4e66-2019-1.jpg","title":"Certificado de empresa de alta tecnolog\u00eda 2019-2022","caption":"","description":"","alt":"","srcset":false}],"v-certificates":[{"width":150,"height":150,"file":"2024\/05\/MIC-\u4f9b\u5e94\u5546-1.jpg","filesize":573012,"sizes":{"medium":{"file":"MIC-\u4f9b\u5e94\u5546-1-200x300.jpg","width":200,"height":300,"mime-type":"image\/jpeg","filesize":12578,"url":"https:\/\/www.delirollforming.com\/wp-content\/uploads\/2024\/05\/MIC-\u4f9b\u5e94\u5546-1-200x300.jpg"},"large":{"file":"MIC-\u4f9b\u5e94\u5546-1-682x1024.jpg","width":682,"height":1024,"mime-type":"image\/jpeg","filesize":84511,"url":"https:\/\/www.delirollforming.com\/wp-content\/uploads\/2024\/05\/MIC-\u4f9b\u5e94\u5546-1-682x1024.jpg"},"thumbnail":{"file":"MIC-\u4f9b\u5e94\u5546-1-150x150.jpg","width":150,"height":150,"mime-type":"image\/jpeg","filesize":5396,"url":"https:\/\/www.delirollforming.com\/wp-content\/uploads\/2024\/05\/MIC-\u4f9b\u5e94\u5546-1-150x150.jpg"},"medium_large":{"file":"MIC-\u4f9b\u5e94\u5546-1-768x1153.jpg","width":768,"height":1153,"mime-type":"image\/jpeg","filesize":98755,"url":"https:\/\/www.delirollforming.com\/wp-content\/uploads\/2024\/05\/MIC-\u4f9b\u5e94\u5546-1-768x1153.jpg"},"1536x1536":{"file":"MIC-\u4f9b\u5e94\u5546-1-1023x1536.jpg","width":1023,"height":1536,"mime-type":"image\/jpeg","filesize":150929,"url":"https:\/\/www.delirollforming.com\/wp-content\/uploads\/2024\/05\/MIC-\u4f9b\u5e94\u5546-1-1023x1536.jpg"},"book-image":{"file":"MIC-\u4f9b\u5e94\u5546-1-480x640.jpg","width":480,"height":640,"mime-type":"image\/jpeg","filesize":43289,"url":"https:\/\/www.delirollforming.com\/wp-content\/uploads\/2024\/05\/MIC-\u4f9b\u5e94\u5546-1-480x640.jpg"}},"image_meta":{"aperture":"0","credit":"","camera":"","caption":"","created_timestamp":"0","copyright":"","focal_length":"0","iso":"0","shutter_speed":"0","title":"","orientation":"0","keywords":[]},"ID":"9047","name":"MIC-\u4f9b\u5e94\u5546-1.jpg","path":"\/www\/wwwroot\/www.delirollforming.com\/wp-content\/uploads\/2024\/05\/MIC-\u4f9b\u5e94\u5546-1.jpg","url":"https:\/\/www.delirollforming.com\/wp-content\/uploads\/2024\/05\/MIC-\u4f9b\u5e94\u5546-1-150x150.jpg","full_url":"https:\/\/www.delirollforming.com\/wp-content\/uploads\/2024\/05\/MIC-\u4f9b\u5e94\u5546-1.jpg","title":"Proveedor auditado de Made-in-China","caption":"","description":"","alt":"","srcset":false},{"width":150,"height":150,"file":"2024\/05\/3430168e55141ae65b24b93bbbe8a30_\u526f\u672c.jpg","filesize":357294,"sizes":{"medium":{"file":"3430168e55141ae65b24b93bbbe8a30_\u526f\u672c-200x300.jpg","width":200,"height":300,"mime-type":"image\/jpeg","filesize":9399,"url":"https:\/\/www.delirollforming.com\/wp-content\/uploads\/2024\/05\/3430168e55141ae65b24b93bbbe8a30_\u526f\u672c-200x300.jpg"},"large":{"file":"3430168e55141ae65b24b93bbbe8a30_\u526f\u672c-682x1024.jpg","width":682,"height":1024,"mime-type":"image\/jpeg","filesize":62204,"url":"https:\/\/www.delirollforming.com\/wp-content\/uploads\/2024\/05\/3430168e55141ae65b24b93bbbe8a30_\u526f\u672c-682x1024.jpg"},"thumbnail":{"file":"3430168e55141ae65b24b93bbbe8a30_\u526f\u672c-150x150.jpg","width":150,"height":150,"mime-type":"image\/jpeg","filesize":3559,"url":"https:\/\/www.delirollforming.com\/wp-content\/uploads\/2024\/05\/3430168e55141ae65b24b93bbbe8a30_\u526f\u672c-150x150.jpg"},"medium_large":{"file":"3430168e55141ae65b24b93bbbe8a30_\u526f\u672c-768x1153.jpg","width":768,"height":1153,"mime-type":"image\/jpeg","filesize":72603,"url":"https:\/\/www.delirollforming.com\/wp-content\/uploads\/2024\/05\/3430168e55141ae65b24b93bbbe8a30_\u526f\u672c-768x1153.jpg"},"1536x1536":{"file":"3430168e55141ae65b24b93bbbe8a30_\u526f\u672c-1023x1536.jpg","width":1023,"height":1536,"mime-type":"image\/jpeg","filesize":107638,"url":"https:\/\/www.delirollforming.com\/wp-content\/uploads\/2024\/05\/3430168e55141ae65b24b93bbbe8a30_\u526f\u672c-1023x1536.jpg"},"book-image":{"file":"3430168e55141ae65b24b93bbbe8a30_\u526f\u672c-480x640.jpg","width":480,"height":640,"mime-type":"image\/jpeg","filesize":33414,"url":"https:\/\/www.delirollforming.com\/wp-content\/uploads\/2024\/05\/3430168e55141ae65b24b93bbbe8a30_\u526f\u672c-480x640.jpg"}},"image_meta":{"aperture":"0","credit":"","camera":"","caption":"","created_timestamp":"0","copyright":"","focal_length":"0","iso":"0","shutter_speed":"0","title":"","orientation":"0","keywords":[]},"ID":"9017","name":"3430168e55141ae65b24b93bbbe8a30_\u526f\u672c.jpg","path":"\/www\/wwwroot\/www.delirollforming.com\/wp-content\/uploads\/2024\/05\/3430168e55141ae65b24b93bbbe8a30_\u526f\u672c.jpg","url":"https:\/\/www.delirollforming.com\/wp-content\/uploads\/2024\/05\/3430168e55141ae65b24b93bbbe8a30_\u526f\u672c-150x150.jpg","full_url":"https:\/\/www.delirollforming.com\/wp-content\/uploads\/2024\/05\/3430168e55141ae65b24b93bbbe8a30_\u526f\u672c.jpg","title":"Auditor\u00eda de f\u00e1brica BV","caption":"","description":"","alt":"","srcset":false}],"company":"","address":"","phone":"","whatsapp":"","email":"","abscissas":"","ordinates":""},"_links":{"self":[{"href":"https:\/\/www.delirollforming.com\/es\/wp-json\/wp\/v2\/pages\/5721","targetHints":{"allow":["GET"]}}],"collection":[{"href":"https:\/\/www.delirollforming.com\/es\/wp-json\/wp\/v2\/pages"}],"about":[{"href":"https:\/\/www.delirollforming.com\/es\/wp-json\/wp\/v2\/types\/page"}],"author":[{"embeddable":true,"href":"https:\/\/www.delirollforming.com\/es\/wp-json\/wp\/v2\/users\/1"}],"replies":[{"embeddable":true,"href":"https:\/\/www.delirollforming.com\/es\/wp-json\/wp\/v2\/comments?post=5721"}],"version-history":[{"count":7,"href":"https:\/\/www.delirollforming.com\/es\/wp-json\/wp\/v2\/pages\/5721\/revisions"}],"predecessor-version":[{"id":7932,"href":"https:\/\/www.delirollforming.com\/es\/wp-json\/wp\/v2\/pages\/5721\/revisions\/7932"}],"wp:featuredmedia":[{"embeddable":true,"href":"https:\/\/www.delirollforming.com\/es\/wp-json\/wp\/v2\/media\/6300"}],"wp:attachment":[{"href":"https:\/\/www.delirollforming.com\/es\/wp-json\/wp\/v2\/media?parent=5721"}],"curies":[{"name":"wp","href":"https:\/\/api.w.org\/{rel}","templated":true}]}}