{"id":5706,"date":"2022-09-01T16:30:52","date_gmt":"2022-09-01T08:30:52","guid":{"rendered":"https:\/\/www.delirollforming.com\/homepage\/"},"modified":"2024-12-20T12:30:14","modified_gmt":"2024-12-20T04:30:14","slug":"homepage","status":"publish","type":"page","link":"https:\/\/www.delirollforming.com\/es\/","title":{"rendered":"Inicio"},"content":{"rendered":"<section class=\"page page-home-s1\"><div class=\"swiper home-banners\"><div class=\"swiper-wrapper\"><div class=\"swiper-slide\"><video class=\"vid\" src=\"https:\/\/www.delirollforming.com\/wp-content\/uploads\/2024\/01\/\u52a0\u5de5.mp4\" poster=\"https:\/\/www.delirollforming.com\/wp-content\/uploads\/2023\/09\/stre_4.webp\" autoplay loop muted playsinline> <\/video><div class=\"txt-container tr\"><div class=\"container\"><h2 class=\"text36\"><span style=\"font-family: arial, helvetica, sans-serif; font-size: 24pt;\">Nos Asociamos Con<\/span><\/h2>\n<p class=\"text22\"><span style=\"font-family: arial, helvetica, sans-serif; font-size: 14pt;\">Construcci\u00f3n | Energ\u00eda | Interiorismo | Log\u00edstica y Almacenamiento<\/span><\/p>\n\n<!-- wp:paragraph -->\n\n<!-- \/wp:paragraph --><div class=\"read-more\"><a href=\"https:\/\/www.delirollforming.com\/es\/products\/\">Explorar<\/a><\/div><\/div><\/div><\/div><div class=\"swiper-slide\"><video class=\"vid\" src=\"https:\/\/www.delirollforming.com\/wp-content\/uploads\/2024\/05\/\u5b98\u7f51\u7247\u5934.mp4\" poster=\"https:\/\/www.delirollforming.com\/wp-content\/uploads\/2023\/10\/QQ\u622a\u56fe20231026114132.jpg\" autoplay loop muted playsinline> <\/video><div class=\"txt-container tr\"><div class=\"container\"><h2 class=\"text36\"><span style=\"font-family: arial, helvetica, sans-serif; font-size: 24pt;\">DELI Maquinaria<\/span><\/h2>\r\n<p class=\"text22\"><span style=\"font-family: arial, helvetica, sans-serif; font-size: 14pt;\">Fabricamos m\u00e1quinas. Aportamos soluciones.<\/span><\/p><div class=\"read-more\"><a href=\"https:\/\/www.delirollforming.com\/es\/about\/\">Explorar<\/a><\/div><\/div><\/div><\/div><div class=\"swiper-slide\"><video class=\"vid\" src=\"https:\/\/www.delirollforming.com\/wp-content\/uploads\/2024\/01\/Cnc\u4e2d\u5fc3.mp4\" poster=\"https:\/\/www.delirollforming.com\/wp-content\/uploads\/2023\/09\/about_3.webp\" autoplay loop muted playsinline> <\/video><div class=\"txt-container tr\"><div class=\"container\"><h2 class=\"text36\"><span style=\"font-family: arial, helvetica, sans-serif; font-size: 24pt;\">Centro de Mecanizado CNC<\/span><\/h2>\n<p class=\"text22\"><span style=\"font-family: arial, helvetica, sans-serif; font-size: 14pt;\">Precisi\u00f3n | Eficacia | Calidad | Profesionalidad<\/span><\/p><div class=\"read-more\"><a href=\"https:\/\/www.delirollforming.com\/es\/about\/strength\/\">Explorar<\/a><\/div><\/div><\/div><\/div><\/div><div class=\"swiper-next\"><i class=\"iconfont icon-right\"><\/i><\/div><div class=\"swiper-prev\"><i class=\"iconfont icon-left\"><\/i><\/div><\/div><div class=\"overly\"><svg class=\"waves\" xmlns=\"http:\/\/www.w3.org\/2000\/svg\" xmlns:xlink=\"http:\/\/www.w3.org\/1999\/xlink\" viewBox=\"0 24 150 28\" preserveAspectRatio=\"none\" shape-rendering=\"auto\"><defs><path id=\"gentle-wave\" d=\"M-160 44c30 0 58-18 88-18s 58 18 88 18 58-18 88-18 58 18 88 18 v44h-352z\"><\/path><\/defs><g class=\"parallax\"><use xlink:href=\"#gentle-wave\" x=\"48\" y=\"0\" fill=\"rgba(255,255,255,0.7\"><\/use><use xlink:href=\"#gentle-wave\" x=\"48\" y=\"3\" fill=\"rgba(255,255,255,0.5)\"><\/use><use xlink:href=\"#gentle-wave\" x=\"48\" y=\"5\" fill=\"rgba(255,255,255,0.3)\"><\/use><use xlink:href=\"#gentle-wave\" x=\"48\" y=\"7\" fill=\"#fff\"><\/use><\/g><\/svg><\/div><\/section>\n\n\n\n<div class=\"wp-block-columns page page-home-s3 container pt-media-5 is-layout-flex wp-container-core-columns-is-layout-9d6595d7 wp-block-columns-is-layout-flex\">\n<div class=\"wp-block-column is-layout-flow wp-block-column-is-layout-flow\">\n<div class=\"title-section wow fadeInUp\">\n<h1 class=\"text36\">Fabricante de m\u00e1quinas perfiladoras<\/h1>\n<p><span style=\"font-size: 18pt;\"><strong><span style=\"color: #ed6e35;\">\u2014\u2014\u2014<\/span><\/strong><\/span><\/p>\n<\/div>\n\n\n<h3 class=\"wp-block-heading subTitle text28 wow fadeInUp\" id=\"h-foshan-deli-machinery-equipment-co-ltd\">Foshan Deli Machinery Equipment Co., Ltd.<\/h3>\n\n\n\n<p><span style=\"font-family: arial, helvetica, sans-serif;\">Fundada en 2003, somos un fabricante profesional de m\u00e1quinas perfiladoras con m\u00e1s de 20 a\u00f1os de experiencia, tenemos docenas de inventos y patentes y hemos sido certificados como Empresa Nacional de Alta Tecnolog\u00eda.<\/span><\/p>\n<p><span style=\"font-family: arial, helvetica, sans-serif;\">Nuestras m\u00e1quinas se utilizan ampliamente para producir materiales de construcci\u00f3n, muebles met\u00e1licos, sistemas de estanter\u00edas para paletas y perfiles de autom\u00f3viles, y pueden cumplir con diferentes requisitos de personalizaci\u00f3n complejos.<\/span><\/p>\n\n\n\n<div class=\"more\"><a href=\"https:\/\/www.delirollforming.com\/es\/about\/\" target=\"_blank\" rel=\"noopener\">M\u00e1s<\/a>\u00a0<\/div>\n<\/div>\n\n\n\n<div class=\"wp-block-column contact is-layout-flow wp-block-column-is-layout-flow\">\n<figure id=\"videoPlayer\" class=\"wp-block-video video-js vjs-fluid\"><video height=\"576\" style=\"aspect-ratio: 720 \/ 576;\" width=\"720\" controls preload=\"auto\" src=\"https:\/\/www.delirollforming.com\/wp-content\/uploads\/2024\/08\/\u5ba3\u4f20\u7247-\u82f1-720P-\u538b\u7f29.mp4\" playsinline><\/video><\/figure>\n<\/div>\n<\/div>\n\n\n\n<div class=\"wp-block-columns page page-home-s3 container pt-media-5 is-layout-flex wp-container-core-columns-is-layout-9d6595d7 wp-block-columns-is-layout-flex\">\n<div class=\"wp-block-column is-layout-flow wp-block-column-is-layout-flow\">\n<figure class=\"wp-block-image size-large\"><img loading=\"lazy\" decoding=\"async\" width=\"1024\" height=\"576\" src=\"https:\/\/www.delirollforming.com\/wp-content\/uploads\/2024\/02\/Precision-Roll-Forming-1024x576.jpg\" alt=\"Precision Roll Forming - Deli Machinery Equipment\" class=\"wp-image-6748\" srcset=\"https:\/\/www.delirollforming.com\/wp-content\/uploads\/2024\/02\/Precision-Roll-Forming-1024x576.jpg 1024w, https:\/\/www.delirollforming.com\/wp-content\/uploads\/2024\/02\/Precision-Roll-Forming-300x169.jpg 300w, https:\/\/www.delirollforming.com\/wp-content\/uploads\/2024\/02\/Precision-Roll-Forming-768x432.jpg 768w, https:\/\/www.delirollforming.com\/wp-content\/uploads\/2024\/02\/Precision-Roll-Forming.jpg 1200w\" sizes=\"auto, (max-width: 1024px) 100vw, 1024px\" \/><\/figure>\n<\/div>\n\n\n\n<div class=\"wp-block-column is-layout-flow wp-block-column-is-layout-flow\">\n<div class=\"title-section wow fadeInUp\">\n<h2 class=\"text36\">Perfilado de precisi\u00f3n<\/h2>\n<\/div>\n\n\n\n<p><span style=\"font-family: arial, helvetica, sans-serif;\">Deli Macinery capaz de producir perfiles de alta precisi\u00f3n, o perfiles con complejo o secci\u00f3n de punzonado met\u00e1lico de acero.<\/span><\/p>\n<p><span style=\"font-family: arial, helvetica, sans-serif;\">Precisi\u00f3n de inspecci\u00f3n de troqueles de punzonado: \u00b1 0.01 mm<\/span><br \/><span style=\"font-family: arial, helvetica, sans-serif;\">Precisi\u00f3n de inspecci\u00f3n del rodillo formador: \u00b1 0.02 mm<\/span><br \/><span style=\"font-family: arial, helvetica, sans-serif;\">Precisi\u00f3n del conjunto del rodillo: \u00b1 0.03 mm<\/span><\/p>\n\n\n\n<div class=\"more\"><a href=\"https:\/\/www.delirollforming.com\/about\/strength\/\" target=\"_blank\" rel=\"noopener\" data-wplink-edit=\"true\">M\u00e1s<\/a><\/div>\n<\/div>\n<\/div>\n\n\n\n<div class=\"wp-block-columns page page-home-s3 container pt-media-5 is-layout-flex wp-container-core-columns-is-layout-9d6595d7 wp-block-columns-is-layout-flex\">\n<div class=\"wp-block-column is-layout-flow wp-block-column-is-layout-flow\"><\/div>\n\n\n\n<div class=\"wp-block-column is-layout-flow wp-block-column-is-layout-flow\"><\/div>\n<\/div>\n\n\n\n<section class=\"page page-home-s3 container pb-media-5\">\n<div class=\"right-col\">\n        <div class=\"row\"> \n          <div class=\"col-4 col-md\">\n            <div class=\"item wow fadeInUp\"> \n              <div class=\"icon\"> <i class=\"iconfont icon-company\"><\/i><\/div>\n              <div class=\"des\"> \n                <div class=\"num text40\"> <span class=\"counter\">21<\/span><small>+<\/small><\/div>\n                <p>A\u00f1os de experiencia<\/p>\n              <\/div>\n            <\/div>\n          <\/div>\n          <div class=\"col-4 col-md\">\n            <div class=\"item wow fadeInUp\"> \n              <div class=\"icon\"> <i class=\"iconfont icon-xintubiao-\"><\/i><\/div>\n              <div class=\"des\"> \n                <div class=\"num text40\"> <span class=\"counter\">17<\/span><small>+                                    <\/small><\/div>\n                <p>Patentes<\/p>\n              <\/div>\n            <\/div>\n          <\/div>\n          <div class=\"col-4 col-md\">\n            <div class=\"item wow fadeInUp\"> \n              <div class=\"icon\"> <i class=\"iconfont icon-cemianji\"><\/i><\/div>\n              <div class=\"des\"> \n                <div class=\"num text40\"> <span class=\"counter\">8000<\/span><small>+<\/small><\/div>\n                <p>\u00c1rea de la planta<\/p>\n              <\/div>\n            <\/div>\n          <\/div>\n          <div class=\"col\">\n            <div class=\"item wow fadeInUp\"> \n              <div class=\"icon\"> <i class=\"iconfont icon-kehu-copy\"><\/i><\/div>\n              <div class=\"des\"> \n                <div class=\"num text40\"> <span class=\"counter\">3000<\/span><small>+                                    <\/small><\/div>\n                <p>Clientes valiosos<\/p>\n              <\/div>\n            <\/div>\n          <\/div>\n          <div class=\"col\">\n            <div class=\"item wow fadeInUp\"> \n              <div class=\"icon\"> <i class=\"iconfont icon-machinery\"><\/i><\/div>\n              <div class=\"des\"> \n                <div class=\"num text40\"> <span class=\"counter\">10000<\/span><small>+                                    <\/small><\/div>\n                <p>Soluciones de maquinaria<\/p>\n              <\/div>\n            <\/div>\n          <\/div>\n        <\/div>\n      <\/div>\n<\/section>\n\n\n<section class=\"page page-home-s6 pt-media-6 pb-media-6\"><div class=\"container\"> <div class=\"title-section\"><h2 class=\"title text36 wow fadeInUp\">Recomendaci\u00f3n<\/h2><\/div><\/div><div class=\"swiper swiperProducts\"><div class=\"swiper-wrapper\"><div class=\"swiper-slide\"><div class=\"container item\"><div class=\"row align-items-center g-lg-5\"><div class=\"col-lg-5\"> <div class=\"intro\"> <header class=\"title2\"> <h2 class=\"text40 wow fadeInUp\"><a href=\"https:\/\/www.delirollforming.com\/es\/product\/cabinet-beam-upright-line\/\">L\u00ednea de producci\u00f3n de vigas y montantes para armarios rack para servidores<\/a><\/h2><p class=\"wow fadeInUp\">Caracter\u00edsticas 1. Alta eficiencia de producci\u00f3n-simplificar el proceso, todos los agujeros se pueden completar en l\u00ednea a la vez. 2. La operaci\u00f3n es conveniente y f\u00e1cil, y la precisi\u00f3n del producto terminado es bastante alta. 3. Ampliamente utilizado en el gabinete del estante del servidor, el estante de la red o la industria de acero [&hellip;]<\/p><\/header><div class=\"more\"> <a href=\"https:\/\/www.delirollforming.com\/es\/product\/cabinet-beam-upright-line\/\">M\u00e1s<i class=\"iconfont icon-arrow-right\"><\/i><\/a><\/div><\/div><\/div><div class=\"col-lg-7\"> <figure class=\"pic\"> <img decoding=\"async\" class=\"bg\" src=\"https:\/\/www.delirollforming.com\/wp-content\/uploads\/2023\/04\/6978355-150x150.png\" alt=\"background image\"\/><img decoding=\"async\" class=\"thumb\" src=\"https:\/\/www.delirollforming.com\/wp-content\/uploads\/2023\/10\/serverrack0.jpg\" alt=\"L\u00ednea de producci\u00f3n de vigas y montantes para armarios rack para servidores\"\/><\/figure><\/div><\/div><\/div><\/div><div class=\"swiper-slide\"><div class=\"container item\"><div class=\"row align-items-center g-lg-5\"><div class=\"col-lg-5\"> <div class=\"intro\"> <header class=\"title2\"> <h2 class=\"text40 wow fadeInUp\"><a href=\"https:\/\/www.delirollforming.com\/es\/product\/steel-file-cabinet-door-line\/\">L\u00ednea de producci\u00f3n de paneles para puertas de archivadores de acero<\/a><\/h2><p class=\"wow fadeInUp\">Caracter\u00edsticas 1. El manejo de la m\u00e1quina es f\u00e1cil y c\u00f3modo. 2. Alta eficiencia de producci\u00f3n &#8211; punzonado, perfilado y corte se pueden completar a la vez. 3. Ampliamente utilizado en el gabinete de metal o la industria de muebles de oficina de acero. Proceso De Producci\u00f3n \u00a0 \u00a0Desenrollado \u2014 Nivelado \u2014 Prepunzonado \u2014 Formando [&hellip;]<\/p><\/header><div class=\"more\"> <a href=\"https:\/\/www.delirollforming.com\/es\/product\/steel-file-cabinet-door-line\/\">M\u00e1s<i class=\"iconfont icon-arrow-right\"><\/i><\/a><\/div><\/div><\/div><div class=\"col-lg-7\"> <figure class=\"pic\"> <img decoding=\"async\" class=\"bg\" src=\"https:\/\/www.delirollforming.com\/wp-content\/uploads\/2023\/04\/6978355-150x150.png\" alt=\"background image\"\/><img decoding=\"async\" class=\"thumb\" src=\"https:\/\/www.delirollforming.com\/wp-content\/uploads\/2023\/10\/dpost01.jpg\" alt=\"L\u00ednea de producci\u00f3n de paneles para puertas de archivadores de acero\"\/><\/figure><\/div><\/div><\/div><\/div><div class=\"swiper-slide\"><div class=\"container item\"><div class=\"row align-items-center g-lg-5\"><div class=\"col-lg-5\"> <div class=\"intro\"> <header class=\"title2\"> <h2 class=\"text40 wow fadeInUp\"><a href=\"https:\/\/www.delirollforming.com\/es\/product\/slotted-shelf-rack-pallet-line\/\">L\u00ednea de producci\u00f3n de estanter\u00edas de paletizaci\u00f3n ranurada<\/a><\/h2><p class=\"wow fadeInUp\">Caracter\u00edsticas 1. Funcionamiento c\u00f3modo, f\u00e1cil y r\u00e1pido. 2. Alta eficiencia de producci\u00f3n &#8211; punzonado, perfilado y corte se pueden completar autom\u00e1ticamente en l\u00ednea. 3. Ampliamente utilizado en la industria de estanter\u00edas. Proceso De Producci\u00f3n \u00a0 \u00a0Desenrollado \u2014 Nivelado \u2014 Prepunzonado \u2014 Perfilado \u2014 Curvado por los dos lados \u2014 Corte \u2014 Curvado por los dos [&hellip;]<\/p><\/header><div class=\"more\"> <a href=\"https:\/\/www.delirollforming.com\/es\/product\/slotted-shelf-rack-pallet-line\/\">M\u00e1s<i class=\"iconfont icon-arrow-right\"><\/i><\/a><\/div><\/div><\/div><div class=\"col-lg-7\"> <figure class=\"pic\"> <img decoding=\"async\" class=\"bg\" src=\"https:\/\/www.delirollforming.com\/wp-content\/uploads\/2023\/04\/6978355-150x150.png\" alt=\"background image\"\/><img decoding=\"async\" class=\"thumb\" src=\"https:\/\/www.delirollforming.com\/wp-content\/uploads\/2023\/10\/R3-shelves.jpg\" alt=\"L\u00ednea de producci\u00f3n de estanter\u00edas de paletizaci\u00f3n ranurada\"\/><\/figure><\/div><\/div><\/div><\/div><div class=\"swiper-slide\"><div class=\"container item\"><div class=\"row align-items-center g-lg-5\"><div class=\"col-lg-5\"> <div class=\"intro\"> <header class=\"title2\"> <h2 class=\"text40 wow fadeInUp\"><a href=\"https:\/\/www.delirollforming.com\/es\/product\/bed-beam-upright-making-machine\/\">L\u00ednea de producci\u00f3n de m\u00e1quina de soldadura l\u00e1ser de tuber\u00eda de cama de apartamentos y montante<\/a><\/h2><p class=\"wow fadeInUp\">Caracter\u00edsticas 1. El manejo de la m\u00e1quina es f\u00e1cil y c\u00f3modo. 2. Alta eficiencia de producci\u00f3n &#8211; punzonado, perfilado y corte se pueden completar a la vez. 3. El equipo es ampliamente utilizado en la industria de camas de acero. Proceso De Producci\u00f3n \u00a0 \u00a0Desenrollado \u2014 Nivelado \u2014 Prepunzonado \u2014 Formando \u2014 Soldadura l\u00e1ser \u2014 [&hellip;]<\/p><\/header><div class=\"more\"> <a href=\"https:\/\/www.delirollforming.com\/es\/product\/bed-beam-upright-making-machine\/\">M\u00e1s<i class=\"iconfont icon-arrow-right\"><\/i><\/a><\/div><\/div><\/div><div class=\"col-lg-7\"> <figure class=\"pic\"> <img decoding=\"async\" class=\"bg\" src=\"https:\/\/www.delirollforming.com\/wp-content\/uploads\/2023\/04\/6978355-150x150.png\" alt=\"background image\"\/><img decoding=\"async\" class=\"thumb\" src=\"https:\/\/www.delirollforming.com\/wp-content\/uploads\/2024\/08\/\u5e8a\u67b6-\u5c01\u976201.jpg\" alt=\"L\u00ednea de producci\u00f3n de m\u00e1quina de soldadura l\u00e1ser de tuber\u00eda de cama de apartamentos y montante\"\/><\/figure><\/div><\/div><\/div><\/div><div class=\"swiper-slide\"><div class=\"container item\"><div class=\"row align-items-center g-lg-5\"><div class=\"col-lg-5\"> <div class=\"intro\"> <header class=\"title2\"> <h2 class=\"text40 wow fadeInUp\"><a href=\"https:\/\/www.delirollforming.com\/es\/product\/closed-upright-roll-forming-line\/\">L\u00ednea de perfilado de postes verticales cerrados para estanter\u00edas Soldadura l\u00e1ser en l\u00ednea<\/a><\/h2><p class=\"wow fadeInUp\">Caracter\u00edsticas 1. Alta eficiencia: La l\u00ednea de producci\u00f3n est\u00e1 equipada con tecnolog\u00eda avanzada, lo que garantiza una producci\u00f3n r\u00e1pida y eficiente del montante cerrado. 2. Alta precisi\u00f3n: La l\u00ednea de producci\u00f3n utiliza una t\u00e9cnica precisa de perfilado para garantizar la producci\u00f3n precisa y consistente de productos de alta precisi\u00f3n. 3. Bajo mantenimiento: La l\u00ednea de [&hellip;]<\/p><\/header><div class=\"more\"> <a href=\"https:\/\/www.delirollforming.com\/es\/product\/closed-upright-roll-forming-line\/\">M\u00e1s<i class=\"iconfont icon-arrow-right\"><\/i><\/a><\/div><\/div><\/div><div class=\"col-lg-7\"> <figure class=\"pic\"> <img decoding=\"async\" class=\"bg\" src=\"https:\/\/www.delirollforming.com\/wp-content\/uploads\/2023\/04\/6978355-150x150.png\" alt=\"background image\"\/><img decoding=\"async\" class=\"thumb\" src=\"https:\/\/www.delirollforming.com\/wp-content\/uploads\/2024\/11\/R3-upright.jpg\" alt=\"L\u00ednea de perfilado de postes verticales cerrados para estanter\u00edas Soldadura l\u00e1ser en l\u00ednea\"\/><\/figure><\/div><\/div><\/div><\/div><\/div><div class=\"container\"> <div class=\"row align-items-center\"> <div class=\"col\"><div class=\"swiper-pagination\"><\/div><\/div><div class=\"col-auto\"><div class=\"swiper-prev\"><i class=\"iconfont icon-left\"><\/i><\/div><div class=\"swiper-next\"><i class=\"iconfont icon-right\"><\/i><\/div><\/div><\/div><\/div><\/div><\/section>\n\n\n\n<div class=\"wp-block-columns page page-home-s7 pt-media-6 container is-layout-flex wp-container-core-columns-is-layout-9d6595d7 wp-block-columns-is-layout-flex\">\n<div class=\"wp-block-column is-layout-flow wp-block-column-is-layout-flow\">\n<div class=\"title-section wow fadeInUp\"><h2 class=\"text36\">\u00daltimos art\u00edculos<\/h2><\/div>\n<\/div>\n<\/div>\n\n\n\n<div class=\"wp-block-columns page page-home-s7 pb-media-6 container is-layout-flex wp-container-core-columns-is-layout-9d6595d7 wp-block-columns-is-layout-flex\">\n<div class=\"wp-block-column is-layout-flow wp-block-column-is-layout-flow\" style=\"flex-basis:25%\">\n<div class=\"left-col\">\n<h2 class=\"text60\"><span style=\"font-family: arial, helvetica, sans-serif;\">BLOG<\/span><\/h2>\n<div class=\"more\"><a href=\"https:\/\/www.delirollforming.com\/es\/blogs\/\">M\u00e1s <i class=\"iconfont icon-arrow-right\"><\/i><\/a><\/div>\n<\/div>\n<\/div>\n\n\n\n<div class=\"wp-block-column is-layout-flow wp-block-column-is-layout-flow\" style=\"flex-basis:75%\"><div class=\"swiper swiperNews\"><div class=\"swiper-wrapper\"><div class=\"swiper-slide\"><a class=\"item wow fadeInUp\" href=\"https:\/\/www.delirollforming.com\/es\/2024-ibs-las-vegas\/\"><div class=\"pic\"><img decoding=\"async\" src=\"https:\/\/www.delirollforming.com\/wp-content\/uploads\/2024\/01\/IBS-\u5c01\u9762.jpg\" alt=\"NAHB International Builders&#8217; Show (IBS) 2024 27-29 de febrero Las Vegas\"\/><\/div><div class=\"txt\"><div class=\"title\">NAHB International Builders&#8217; Show (IBS) 2024 27-29 de febrero Las Vegas<\/div><\/div><\/a><\/div><div class=\"swiper-slide\"><a class=\"item wow fadeInUp\" href=\"https:\/\/www.delirollforming.com\/es\/euroblech-sheet-metal-working-tech-exhibit\/\"><div class=\"pic\"><img decoding=\"async\" src=\"https:\/\/www.delirollforming.com\/wp-content\/uploads\/2024\/08\/\u6c49\u8bfa\u5a01\u5c55.jpg\" alt=\"2024 EuroBLECH 27\u00aa Exposici\u00f3n Internacional de Tecnolog\u00eda de Transformaci\u00f3n de Chapa Met\u00e1lica\"\/><\/div><div class=\"txt\"><div class=\"title\">2024 EuroBLECH 27\u00aa Exposici\u00f3n Internacional de Tecnolog\u00eda de Transformaci\u00f3n de Chapa Met\u00e1lica<\/div><\/div><\/a><\/div><\/div><div class=\"swiper-pagination\"><\/div><\/div>\n<\/div>\n<\/div>\n","protected":false},"excerpt":{"rendered":"<p>Fabricante de m\u00e1quinas perfiladoras \u2014\u2014\u2014 Foshan Deli Machinery Equipment Co., Ltd. Fundada en 2003, somos un fabricante profesional de m\u00e1quinas perfiladoras con m\u00e1s de 20 a\u00f1os de experiencia, tenemos docenas de inventos y patentes y hemos sido certificados como Empresa Nacional de Alta Tecnolog\u00eda. Nuestras m\u00e1quinas se utilizan ampliamente para producir materiales de construcci\u00f3n, muebles [&hellip;]<\/p>\n","protected":false},"author":1,"featured_media":4861,"parent":0,"menu_order":7,"comment_status":"closed","ping_status":"closed","template":"homepage.php","meta":{"inline_featured_image":false,"_uag_custom_page_level_css":"","footnotes":""},"class_list":["post-5706","page","type-page","status-publish","has-post-thumbnail","hentry"],"uagb_featured_image_src":{"full":["https:\/\/www.delirollforming.com\/wp-content\/uploads\/2023\/10\/QQ\u622a\u56fe20231026114132.jpg",1280,720,false],"thumbnail":["https:\/\/www.delirollforming.com\/wp-content\/uploads\/2023\/10\/QQ\u622a\u56fe20231026114132-150x150.jpg",150,150,true],"medium":["https:\/\/www.delirollforming.com\/wp-content\/uploads\/2023\/10\/QQ\u622a\u56fe20231026114132-300x169.jpg",300,169,true],"medium_large":["https:\/\/www.delirollforming.com\/wp-content\/uploads\/2023\/10\/QQ\u622a\u56fe20231026114132-768x432.jpg",768,432,true],"large":["https:\/\/www.delirollforming.com\/wp-content\/uploads\/2023\/10\/QQ\u622a\u56fe20231026114132-1024x576.jpg",1024,576,true],"1536x1536":["https:\/\/www.delirollforming.com\/wp-content\/uploads\/2023\/10\/QQ\u622a\u56fe20231026114132.jpg",1280,720,false],"2048x2048":["https:\/\/www.delirollforming.com\/wp-content\/uploads\/2023\/10\/QQ\u622a\u56fe20231026114132.jpg",1280,720,false],"book-image":["https:\/\/www.delirollforming.com\/wp-content\/uploads\/2023\/10\/QQ\u622a\u56fe20231026114132-480x640.jpg",480,640,true]},"uagb_author_info":{"display_name":"doubletong","author_link":"https:\/\/www.delirollforming.com\/es\/author\/doubletong\/"},"uagb_comment_info":0,"uagb_excerpt":"Fabricante de m\u00e1quinas perfiladoras \u2014\u2014\u2014 Foshan Deli Machinery Equipment Co., Ltd. Fundada en 2003, somos un fabricante profesional de m\u00e1quinas perfiladoras con m\u00e1s de 20 a\u00f1os de experiencia, tenemos docenas de inventos y patentes y hemos sido certificados como Empresa Nacional de Alta Tecnolog\u00eda. Nuestras m\u00e1quinas se utilizan ampliamente para producir materiales de construcci\u00f3n, muebles&hellip;","meta_box":{"photos":[],"h-certificates":[],"v-certificates":[],"company":"","address":"","phone":"","whatsapp":"","email":"","abscissas":"","ordinates":""},"_links":{"self":[{"href":"https:\/\/www.delirollforming.com\/es\/wp-json\/wp\/v2\/pages\/5706","targetHints":{"allow":["GET"]}}],"collection":[{"href":"https:\/\/www.delirollforming.com\/es\/wp-json\/wp\/v2\/pages"}],"about":[{"href":"https:\/\/www.delirollforming.com\/es\/wp-json\/wp\/v2\/types\/page"}],"author":[{"embeddable":true,"href":"https:\/\/www.delirollforming.com\/es\/wp-json\/wp\/v2\/users\/1"}],"replies":[{"embeddable":true,"href":"https:\/\/www.delirollforming.com\/es\/wp-json\/wp\/v2\/comments?post=5706"}],"version-history":[{"count":17,"href":"https:\/\/www.delirollforming.com\/es\/wp-json\/wp\/v2\/pages\/5706\/revisions"}],"predecessor-version":[{"id":9648,"href":"https:\/\/www.delirollforming.com\/es\/wp-json\/wp\/v2\/pages\/5706\/revisions\/9648"}],"wp:featuredmedia":[{"embeddable":true,"href":"https:\/\/www.delirollforming.com\/es\/wp-json\/wp\/v2\/media\/4861"}],"wp:attachment":[{"href":"https:\/\/www.delirollforming.com\/es\/wp-json\/wp\/v2\/media?parent=5706"}],"curies":[{"name":"wp","href":"https:\/\/api.w.org\/{rel}","templated":true}]}}